{"id":143,"date":"2017-04-13T21:33:16","date_gmt":"2017-04-13T21:33:16","guid":{"rendered":"http:\/\/merris-international.com\/?page_id=143"},"modified":"2017-08-04T19:51:37","modified_gmt":"2017-08-04T19:51:37","slug":"12-pump-25ltr","status":"publish","type":"page","link":"https:\/\/merris-international.com\/de\/products\/12-pump-25ltr\/","title":{"rendered":"12 Pump 25ltr"},"content":{"rendered":"<section class=\"wpb-content-wrapper\"><p>[vc_row css_animation=&#8220;&#8220; row_type=&#8220;row&#8220; use_row_as_full_screen_section=&#8220;no&#8220; type=&#8220;grid&#8220; anchor=&#8220;content&#8220; angled_section=&#8220;no&#8220; text_align=&#8220;center&#8220; background_image_as_pattern=&#8220;without_pattern&#8220; padding_top=&#8220;60&#8243; padding_bottom=&#8220;40&#8243;][vc_column][vc_column_text]<\/p>\n<h1>12 Pumpen 25 l<\/h1>\n<p>[\/vc_column_text][vc_separator type=&#8220;small&#8220; position=&#8220;center&#8220; color=&#8220;#0c4da2&#8243; thickness=&#8220;1&#8243; width=&#8220;100&#8243; up=&#8220;1&#8243; down=&#8220;40&#8243;][\/vc_column][\/vc_row][vc_row css_animation=&#8220;&#8220; row_type=&#8220;row&#8220; use_row_as_full_screen_section=&#8220;no&#8220; type=&#8220;grid&#8220; angled_section=&#8220;no&#8220; text_align=&#8220;left&#8220; background_image_as_pattern=&#8220;without_pattern&#8220; padding_bottom=&#8220;50&#8243;][vc_column width=&#8220;1\/3&#8243; css=&#8220;.vc_custom_1490050149886{padding-right: 10% !important;}&#8220;][vc_column_text]<\/p>\n<h3>Abmessungen<\/h3>\n<p>[\/vc_column_text][vc_column_text]Breite = 60 cm \/ Tiefe = 77 cm \/ H\u00f6he = 161 cm[\/vc_column_text][vc_separator type=&#8220;small&#8220; position=&#8220;left&#8220; color=&#8220;#e0e0e0&#8243; thickness=&#8220;1&#8243; width=&#8220;100&#8243; width_in_percentages=&#8220;yes&#8220; up=&#8220;50&#8243; down=&#8220;50&#8243;][vc_column_text]<\/p>\n<h3>Informationen<\/h3>\n<p>[\/vc_column_text][vc_column_text]Optionales Grundger\u00e4t f\u00fcr 5 l Minimix R\u00fcttler erh\u00e4ltlich.[\/vc_column_text][vc_separator type=&#8220;small&#8220; position=&#8220;left&#8220; color=&#8220;#e0e0e0&#8243; thickness=&#8220;1&#8243; width=&#8220;100&#8243; width_in_percentages=&#8220;yes&#8220; up=&#8220;50&#8243; down=&#8220;50&#8243;][vc_column_text]<\/p>\n<h3>Datenblatt<\/h3>\n<p>[\/vc_column_text]<a  itemprop=\"url\" href=\"http:\/\/merris-international.com\/wp-content\/uploads\/2017\/04\/12-Pump-25-Litre.pdf\" target=\"_self\"  class=\"qbutton  default\" style=\"margin: 8px 8px 8px 0px; \">12 Pump 25ltr Datenblatt<\/a>[vc_separator type=&#8220;small&#8220; position=&#8220;left&#8220; color=&#8220;#e0e0e0&#8243; thickness=&#8220;1&#8243; width=&#8220;100&#8243; width_in_percentages=&#8220;yes&#8220; up=&#8220;50&#8243; down=&#8220;50&#8243;][\/vc_column][vc_column width=&#8220;1\/3&#8243; css=&#8220;.vc_custom_1490050840689{padding-right: 10% !important;}&#8220;][vc_column_text]<\/p>\n<h3>Technische Daten<\/h3>\n<p>[\/vc_column_text]<div class=\"q_icon_list\"><i class=\"qode_icon_font_awesome fa fa-check qode-ili-icon-holder transparent\" style=\"font-size: 16px;color: #0c4da2;\" ><\/i><p style=\"color:#333333;\">12 Pumpenkarussell beim 25 Liter Grundger\u00e4t<\/p><\/div><div class=\"q_icon_list\"><i class=\"qode_icon_font_awesome fa fa-check qode-ili-icon-holder transparent\" style=\"font-size: 16px;color: #0c4da2;\" ><\/i><p style=\"color:#333333;\">Freilauf-Drehteller mit Verriegelung<\/p><\/div><div class=\"q_icon_list\"><i class=\"qode_icon_font_awesome fa fa-check qode-ili-icon-holder transparent\" style=\"font-size: 16px;color: #0c4da2;\" ><\/i><p style=\"color:#333333;\">R\u00fchrwerk durch abnehmbare Abdeckung gekapselt<\/p><\/div><div class=\"q_icon_list\"><i class=\"qode_icon_font_awesome fa fa-check qode-ili-icon-holder transparent\" style=\"font-size: 16px;color: #0c4da2;\" ><\/i><p style=\"color:#333333;\">Herunterklappbarer 0,5 und 1 Liter Dosenhalter<\/p><\/div><div class=\"q_icon_list\"><i class=\"qode_icon_font_awesome fa fa-check qode-ili-icon-holder transparent\" style=\"font-size: 16px;color: #0c4da2;\" ><\/i><p style=\"color:#333333;\">Herausziehbare 5 Liter Ablage aus Edelstahl<\/p><\/div><div class=\"q_icon_list\"><i class=\"qode_icon_font_awesome fa fa-check qode-ili-icon-holder transparent\" style=\"font-size: 16px;color: #0c4da2;\" ><\/i><p style=\"color:#333333;\">25 Liter Grundger\u00e4t mit Edelstahlablage<\/p><\/div><div class=\"q_icon_list\"><i class=\"qode_icon_font_awesome fa fa-check qode-ili-icon-holder transparent\" style=\"font-size: 16px;color: #0c4da2;\" ><\/i><p style=\"color:#333333;\">Automatisches elektrisches R\u00fchren mit 3 Minuten Zykluszeitgeber<\/p><\/div><div class=\"q_icon_list\"><i class=\"qode_icon_font_awesome fa fa-check qode-ili-icon-holder transparent\" style=\"font-size: 16px;color: #0c4da2;\" ><\/i><p style=\"color:#333333;\">Hergestellt aus schwerem Stahlblech, pulverbeschichtet<\/p><\/div><div class=\"q_icon_list\"><i class=\"qode_icon_font_awesome fa fa-check qode-ili-icon-holder transparent\" style=\"font-size: 16px;color: #0c4da2;\" ><\/i><p style=\"color:#333333;\">Kanister, Pumpen und Ventile aus Edelstahl f\u00fcr eine lange Lebensdauer<\/p><\/div><div class=\"q_icon_list\"><i class=\"qode_icon_font_awesome fa fa-check qode-ili-icon-holder transparent\" style=\"font-size: 16px;color: #0c4da2;\" ><\/i><p style=\"color:#333333;\">Schwerlastmotor 0,18 kW und -getriebe f\u00fcr eine lange Lebensdauer<\/p><\/div><div class=\"q_icon_list\"><i class=\"qode_icon_font_awesome fa fa-check qode-ili-icon-holder transparent\" style=\"font-size: 16px;color: #0c4da2;\" ><\/i><p style=\"color:#333333;\">Optionale Skalen: US Unze, US metrische Unze, ML und Schussgr\u00f6\u00dfen von 1\/2, 1\/4 und 1\/8<\/p><\/div><div class=\"q_icon_list\"><i class=\"qode_icon_font_awesome fa fa-check qode-ili-icon-holder transparent\" style=\"font-size: 16px;color: #0c4da2;\" ><\/i><p style=\"color:#333333;\">Stromversorgung: 230 V<\/p><\/div>[vc_separator type=&#8220;small&#8220; position=&#8220;left&#8220; color=&#8220;#e0e0e0&#8243; thickness=&#8220;1&#8243; width=&#8220;100&#8243; width_in_percentages=&#8220;yes&#8220; up=&#8220;50&#8243; down=&#8220;50&#8243;][\/vc_column][vc_column width=&#8220;1\/3&#8243; el_class=&#8220;grey-side&#8220;][vc_gallery type=&#8220;image_grid&#8220; images=&#8220;150&#8243; img_size=&#8220;full&#8220; column_number=&#8220;0&#8243; grayscale=&#8220;no&#8220; images_space=&#8220;gallery_with_space&#8220;][vc_empty_space height=&#8220;25px&#8220;][vc_gallery type=&#8220;image_grid&#8220; images=&#8220;152,153,151&#8243; img_size=&#8220;300&#215;300&#8243; column_number=&#8220;2&#8243; grayscale=&#8220;no&#8220; images_space=&#8220;gallery_with_space&#8220;][\/vc_column][\/vc_row]<\/p>\n<\/section>","protected":false},"excerpt":{"rendered":"<p>[vc_row css_animation=&#8220;&#8220; row_type=&#8220;row&#8220; use_row_as_full_screen_section=&#8220;no&#8220; type=&#8220;grid&#8220; anchor=&#8220;content&#8220; angled_section=&#8220;no&#8220; text_align=&#8220;center&#8220; background_image_as_pattern=&#8220;without_pattern&#8220; padding_top=&#8220;60&#8243; padding_bottom=&#8220;40&#8243;][vc_column][vc_column_text] 12 Pumpen 25 l [\/vc_column_text][vc_separator type=&#8220;small&#8220; position=&#8220;center&#8220; color=&#8220;#0c4da2&#8243; thickness=&#8220;1&#8243; width=&#8220;100&#8243; up=&#8220;1&#8243; down=&#8220;40&#8243;][\/vc_column][\/vc_row][vc_row css_animation=&#8220;&#8220; row_type=&#8220;row&#8220; use_row_as_full_screen_section=&#8220;no&#8220; type=&#8220;grid&#8220; angled_section=&#8220;no&#8220; text_align=&#8220;left&#8220; background_image_as_pattern=&#8220;without_pattern&#8220; padding_bottom=&#8220;50&#8243;][vc_column width=&#8220;1\/3&#8243; css=&#8220;.vc_custom_1490050149886{padding-right: 10% !important;}&#8220;][vc_column_text] Abmessungen [\/vc_column_text][vc_column_text]Breite = 60 cm \/ Tiefe = 77 cm&#8230;<\/p>\n","protected":false},"author":1,"featured_media":0,"parent":8,"menu_order":0,"comment_status":"closed","ping_status":"closed","template":"full_width.php","meta":{"footnotes":""},"class_list":["post-143","page","type-page","status-publish","hentry"],"yoast_head":"<!-- This site is optimized with the Yoast SEO plugin v24.7 - https:\/\/yoast.com\/wordpress\/plugins\/seo\/ -->\n<title>12 Pump 25ltr - Merris<\/title>\n<meta name=\"robots\" content=\"index, follow, max-snippet:-1, max-image-preview:large, max-video-preview:-1\" \/>\n<link rel=\"canonical\" href=\"https:\/\/merris-international.com\/fr\/products\/12-pump-25ltr\/\" \/>\n<meta property=\"og:locale\" content=\"de_DE\" \/>\n<meta property=\"og:type\" content=\"article\" \/>\n<meta property=\"og:title\" content=\"12 Pump 25ltr - Merris\" \/>\n<meta property=\"og:description\" content=\"[vc_row css_animation=&#8220;&#8220; row_type=&#8220;row&#8220; use_row_as_full_screen_section=&#8220;no&#8220; type=&#8220;grid&#8220; anchor=&#8220;content&#8220; angled_section=&#8220;no&#8220; text_align=&#8220;center&#8220; background_image_as_pattern=&#8220;without_pattern&#8220; padding_top=&#8220;60&#8243; padding_bottom=&#8220;40&#8243;][vc_column][vc_column_text] 12 Pumpen 25 l [\/vc_column_text][vc_separator type=&#8220;small&#8220; position=&#8220;center&#8220; color=&#8220;#0c4da2&#8243; thickness=&#8220;1&#8243; width=&#8220;100&#8243; up=&#8220;1&#8243; down=&#8220;40&#8243;][\/vc_column][\/vc_row][vc_row css_animation=&#8220;&#8220; row_type=&#8220;row&#8220; use_row_as_full_screen_section=&#8220;no&#8220; type=&#8220;grid&#8220; angled_section=&#8220;no&#8220; text_align=&#8220;left&#8220; background_image_as_pattern=&#8220;without_pattern&#8220; padding_bottom=&#8220;50&#8243;][vc_column width=&#8220;1\/3&#8243; css=&#8220;.vc_custom_1490050149886{padding-right: 10% !important;}&#8220;][vc_column_text] Abmessungen [\/vc_column_text][vc_column_text]Breite = 60 cm \/ Tiefe = 77 cm...\" \/>\n<meta property=\"og:url\" content=\"https:\/\/merris-international.com\/fr\/products\/12-pump-25ltr\/\" \/>\n<meta property=\"og:site_name\" content=\"Merris\" \/>\n<meta property=\"article:modified_time\" content=\"2017-08-04T19:51:37+00:00\" \/>\n<meta name=\"twitter:card\" content=\"summary_large_image\" \/>\n<meta name=\"twitter:label1\" content=\"Gesch\u00e4tzte Lesezeit\" \/>\n\t<meta name=\"twitter:data1\" content=\"3\u00a0Minuten\" \/>\n<script type=\"application\/ld+json\" class=\"yoast-schema-graph\">{\"@context\":\"https:\/\/schema.org\",\"@graph\":[{\"@type\":\"WebPage\",\"@id\":\"https:\/\/merris-international.com\/fr\/products\/12-pump-25ltr\/\",\"url\":\"https:\/\/merris-international.com\/fr\/products\/12-pump-25ltr\/\",\"name\":\"12 Pump 25ltr - Merris\",\"isPartOf\":{\"@id\":\"https:\/\/merris-international.com\/fr\/#website\"},\"datePublished\":\"2017-04-13T21:33:16+00:00\",\"dateModified\":\"2017-08-04T19:51:37+00:00\",\"breadcrumb\":{\"@id\":\"https:\/\/merris-international.com\/fr\/products\/12-pump-25ltr\/#breadcrumb\"},\"inLanguage\":\"de\",\"potentialAction\":[{\"@type\":\"ReadAction\",\"target\":[\"https:\/\/merris-international.com\/fr\/products\/12-pump-25ltr\/\"]}]},{\"@type\":\"BreadcrumbList\",\"@id\":\"https:\/\/merris-international.com\/fr\/products\/12-pump-25ltr\/#breadcrumb\",\"itemListElement\":[{\"@type\":\"ListItem\",\"position\":1,\"name\":\"Home\",\"item\":\"https:\/\/merris-international.com\/\"},{\"@type\":\"ListItem\",\"position\":2,\"name\":\"Products\",\"item\":\"https:\/\/merris-international.com\/fr\/products\/\"},{\"@type\":\"ListItem\",\"position\":3,\"name\":\"12 Pump 25ltr\"}]},{\"@type\":\"WebSite\",\"@id\":\"https:\/\/merris-international.com\/fr\/#website\",\"url\":\"https:\/\/merris-international.com\/fr\/\",\"name\":\"Merris\",\"description\":\"Industrial Paint and Laboratory Mixing Equipment Manufacturer\",\"publisher\":{\"@id\":\"https:\/\/merris-international.com\/fr\/#organization\"},\"potentialAction\":[{\"@type\":\"SearchAction\",\"target\":{\"@type\":\"EntryPoint\",\"urlTemplate\":\"https:\/\/merris-international.com\/fr\/?s={search_term_string}\"},\"query-input\":{\"@type\":\"PropertyValueSpecification\",\"valueRequired\":true,\"valueName\":\"search_term_string\"}}],\"inLanguage\":\"de\"},{\"@type\":\"Organization\",\"@id\":\"https:\/\/merris-international.com\/fr\/#organization\",\"name\":\"Merris\",\"url\":\"https:\/\/merris-international.com\/fr\/\",\"logo\":{\"@type\":\"ImageObject\",\"inLanguage\":\"de\",\"@id\":\"https:\/\/merris-international.com\/fr\/#\/schema\/logo\/image\/\",\"url\":\"https:\/\/merris-international.com\/wp-content\/uploads\/2017\/03\/cog.png\",\"contentUrl\":\"https:\/\/merris-international.com\/wp-content\/uploads\/2017\/03\/cog.png\",\"width\":111,\"height\":111,\"caption\":\"Merris\"},\"image\":{\"@id\":\"https:\/\/merris-international.com\/fr\/#\/schema\/logo\/image\/\"}}]}<\/script>\n<!-- \/ Yoast SEO plugin. -->","yoast_head_json":{"title":"12 Pump 25ltr - Merris","robots":{"index":"index","follow":"follow","max-snippet":"max-snippet:-1","max-image-preview":"max-image-preview:large","max-video-preview":"max-video-preview:-1"},"canonical":"https:\/\/merris-international.com\/fr\/products\/12-pump-25ltr\/","og_locale":"de_DE","og_type":"article","og_title":"12 Pump 25ltr - Merris","og_description":"[vc_row css_animation=&#8220;&#8220; row_type=&#8220;row&#8220; use_row_as_full_screen_section=&#8220;no&#8220; type=&#8220;grid&#8220; anchor=&#8220;content&#8220; angled_section=&#8220;no&#8220; text_align=&#8220;center&#8220; background_image_as_pattern=&#8220;without_pattern&#8220; padding_top=&#8220;60&#8243; padding_bottom=&#8220;40&#8243;][vc_column][vc_column_text] 12 Pumpen 25 l [\/vc_column_text][vc_separator type=&#8220;small&#8220; position=&#8220;center&#8220; color=&#8220;#0c4da2&#8243; thickness=&#8220;1&#8243; width=&#8220;100&#8243; up=&#8220;1&#8243; down=&#8220;40&#8243;][\/vc_column][\/vc_row][vc_row css_animation=&#8220;&#8220; row_type=&#8220;row&#8220; use_row_as_full_screen_section=&#8220;no&#8220; type=&#8220;grid&#8220; angled_section=&#8220;no&#8220; text_align=&#8220;left&#8220; background_image_as_pattern=&#8220;without_pattern&#8220; padding_bottom=&#8220;50&#8243;][vc_column width=&#8220;1\/3&#8243; css=&#8220;.vc_custom_1490050149886{padding-right: 10% !important;}&#8220;][vc_column_text] Abmessungen [\/vc_column_text][vc_column_text]Breite = 60 cm \/ Tiefe = 77 cm...","og_url":"https:\/\/merris-international.com\/fr\/products\/12-pump-25ltr\/","og_site_name":"Merris","article_modified_time":"2017-08-04T19:51:37+00:00","twitter_card":"summary_large_image","twitter_misc":{"Gesch\u00e4tzte Lesezeit":"3\u00a0Minuten"},"schema":{"@context":"https:\/\/schema.org","@graph":[{"@type":"WebPage","@id":"https:\/\/merris-international.com\/fr\/products\/12-pump-25ltr\/","url":"https:\/\/merris-international.com\/fr\/products\/12-pump-25ltr\/","name":"12 Pump 25ltr - Merris","isPartOf":{"@id":"https:\/\/merris-international.com\/fr\/#website"},"datePublished":"2017-04-13T21:33:16+00:00","dateModified":"2017-08-04T19:51:37+00:00","breadcrumb":{"@id":"https:\/\/merris-international.com\/fr\/products\/12-pump-25ltr\/#breadcrumb"},"inLanguage":"de","potentialAction":[{"@type":"ReadAction","target":["https:\/\/merris-international.com\/fr\/products\/12-pump-25ltr\/"]}]},{"@type":"BreadcrumbList","@id":"https:\/\/merris-international.com\/fr\/products\/12-pump-25ltr\/#breadcrumb","itemListElement":[{"@type":"ListItem","position":1,"name":"Home","item":"https:\/\/merris-international.com\/"},{"@type":"ListItem","position":2,"name":"Products","item":"https:\/\/merris-international.com\/fr\/products\/"},{"@type":"ListItem","position":3,"name":"12 Pump 25ltr"}]},{"@type":"WebSite","@id":"https:\/\/merris-international.com\/fr\/#website","url":"https:\/\/merris-international.com\/fr\/","name":"Merris","description":"Industrial Paint and Laboratory Mixing Equipment Manufacturer","publisher":{"@id":"https:\/\/merris-international.com\/fr\/#organization"},"potentialAction":[{"@type":"SearchAction","target":{"@type":"EntryPoint","urlTemplate":"https:\/\/merris-international.com\/fr\/?s={search_term_string}"},"query-input":{"@type":"PropertyValueSpecification","valueRequired":true,"valueName":"search_term_string"}}],"inLanguage":"de"},{"@type":"Organization","@id":"https:\/\/merris-international.com\/fr\/#organization","name":"Merris","url":"https:\/\/merris-international.com\/fr\/","logo":{"@type":"ImageObject","inLanguage":"de","@id":"https:\/\/merris-international.com\/fr\/#\/schema\/logo\/image\/","url":"https:\/\/merris-international.com\/wp-content\/uploads\/2017\/03\/cog.png","contentUrl":"https:\/\/merris-international.com\/wp-content\/uploads\/2017\/03\/cog.png","width":111,"height":111,"caption":"Merris"},"image":{"@id":"https:\/\/merris-international.com\/fr\/#\/schema\/logo\/image\/"}}]}},"_links":{"self":[{"href":"https:\/\/merris-international.com\/de\/wp-json\/wp\/v2\/pages\/143","targetHints":{"allow":["GET"]}}],"collection":[{"href":"https:\/\/merris-international.com\/de\/wp-json\/wp\/v2\/pages"}],"about":[{"href":"https:\/\/merris-international.com\/de\/wp-json\/wp\/v2\/types\/page"}],"author":[{"embeddable":true,"href":"https:\/\/merris-international.com\/de\/wp-json\/wp\/v2\/users\/1"}],"replies":[{"embeddable":true,"href":"https:\/\/merris-international.com\/de\/wp-json\/wp\/v2\/comments?post=143"}],"version-history":[{"count":12,"href":"https:\/\/merris-international.com\/de\/wp-json\/wp\/v2\/pages\/143\/revisions"}],"predecessor-version":[{"id":527,"href":"https:\/\/merris-international.com\/de\/wp-json\/wp\/v2\/pages\/143\/revisions\/527"}],"up":[{"embeddable":true,"href":"https:\/\/merris-international.com\/de\/wp-json\/wp\/v2\/pages\/8"}],"wp:attachment":[{"href":"https:\/\/merris-international.com\/de\/wp-json\/wp\/v2\/media?parent=143"}],"curies":[{"name":"wp","href":"https:\/\/api.w.org\/{rel}","templated":true}]}}