{"id":250,"date":"2017-04-19T12:20:20","date_gmt":"2017-04-19T12:20:20","guid":{"rendered":"http:\/\/merris-international.com\/?page_id=250"},"modified":"2018-01-28T08:51:58","modified_gmt":"2018-01-28T08:51:58","slug":"flameproof-maximix","status":"publish","type":"page","link":"https:\/\/merris-international.com\/de\/products\/flameproof-maximix\/","title":{"rendered":"Flameproof Maximix"},"content":{"rendered":"<section class=\"wpb-content-wrapper\"><p>[vc_row css_animation=&#8220;&#8220; row_type=&#8220;row&#8220; use_row_as_full_screen_section=&#8220;no&#8220; type=&#8220;grid&#8220; anchor=&#8220;content&#8220; angled_section=&#8220;no&#8220; text_align=&#8220;center&#8220; background_image_as_pattern=&#8220;without_pattern&#8220; padding_top=&#8220;60&#8243; padding_bottom=&#8220;40&#8243;][vc_column][vc_column_text]<\/p>\n<h1>Explosionsdruckfester Maximix<\/h1>\n<p>[\/vc_column_text][vc_separator type=&#8220;small&#8220; position=&#8220;center&#8220; color=&#8220;#0c4da2&#8243; thickness=&#8220;1&#8243; width=&#8220;100&#8243; up=&#8220;1&#8243; down=&#8220;40&#8243;][\/vc_column][\/vc_row][vc_row css_animation=&#8220;&#8220; row_type=&#8220;row&#8220; use_row_as_full_screen_section=&#8220;no&#8220; type=&#8220;grid&#8220; angled_section=&#8220;no&#8220; text_align=&#8220;left&#8220; background_image_as_pattern=&#8220;without_pattern&#8220; padding_bottom=&#8220;50&#8243;][vc_column width=&#8220;1\/3&#8243; css=&#8220;.vc_custom_1490050149886{padding-right: 10% !important;}&#8220;][vc_column_text]<\/p>\n<h3>Abmessungen<\/h3>\n<p>[\/vc_column_text][vc_column_text]Breite = 64 cm \/ Tiefe = 63 cm<br \/>\nH\u00f6he = 122 cm \/ Standardger\u00e4t Ladeh\u00f6he = 50 cm[\/vc_column_text][vc_separator type=&#8220;small&#8220; position=&#8220;left&#8220; color=&#8220;#e0e0e0&#8243; thickness=&#8220;1&#8243; width=&#8220;100&#8243; width_in_percentages=&#8220;yes&#8220; up=&#8220;50&#8243; down=&#8220;50&#8243;][vc_column_text]<\/p>\n<h3>Informationen<\/h3>\n<p>[\/vc_column_text][vc_column_text]Einfache Bedienung: Kanister auf die Plattform stellen, Spannplatte l\u00f6sen und auf Kanister absenken. Verriegelungshebel in die Verriegelungsposition bewegen und T\u00fcr schlie\u00dfen. Zeit w\u00e4hlen und Starttaste dr\u00fccken. T\u00fcr wird automatisch verriegelt und das R\u00fctteln beginnt. Wenn der Zyklus beendet ist und die Maschine zur Ruhe gekommen ist, wird die T\u00fcrverriegelung freigegeben und Sie k\u00f6nnen dann den Verriegelungshebel nach oben schieben und entriegeln und den Kanister entfernen.<\/p>\n<p>Der Maximix Flameproof R\u00fcttler verf\u00fcgt \u00fcber einen Einschalter am Bedienfeld und eine Lampe leuchtet, um anzuzeigen, dass die Maschine einsatzbereit ist.[\/vc_column_text][vc_separator type=&#8220;small&#8220; position=&#8220;left&#8220; color=&#8220;#e0e0e0&#8243; thickness=&#8220;1&#8243; width=&#8220;100&#8243; width_in_percentages=&#8220;yes&#8220; up=&#8220;50&#8243; down=&#8220;50&#8243;][vc_column_text]<\/p>\n<h3>Datenblatt<\/h3>\n<p>[\/vc_column_text]<a  itemprop=\"url\" href=\"http:\/\/merris-international.com\/wp-content\/uploads\/2017\/04\/flameproof-maximix.pdf\" target=\"_self\"  class=\"qbutton  default\" style=\"margin: 8px 8px 8px 0px; \">Flameproof Maximix Datenblatt<\/a><a  itemprop=\"url\" href=\"http:\/\/merris-international.com\/wp-content\/uploads\/2017\/04\/Sira-14ATEX6322X-Iss-0.pdf\" target=\"_self\"  class=\"qbutton  default\" style=\"margin: 8px 8px 8px 0px; \">Zertifikat anzeigen<\/a>[vc_separator type=&#8220;small&#8220; position=&#8220;left&#8220; color=&#8220;#e0e0e0&#8243; thickness=&#8220;1&#8243; width=&#8220;100&#8243; width_in_percentages=&#8220;yes&#8220; up=&#8220;50&#8243; down=&#8220;50&#8243;][\/vc_column][vc_column width=&#8220;1\/3&#8243; css=&#8220;.vc_custom_1490050840689{padding-right: 10% !important;}&#8220;][vc_column_text]<\/p>\n<h3>Technische Daten<\/h3>\n<p>[\/vc_column_text]<div class=\"q_icon_list\"><i class=\"qode_icon_font_awesome fa fa-check qode-ili-icon-holder transparent\" style=\"font-size: 16px;color: #0c4da2;\" ><\/i><p style=\"color:#333333;\">Ausgezeichneter 25 Liter explosionsdruckfester R\u00fcttler. Effizient, leise und sicher<\/p><\/div><div class=\"q_icon_list\"><i class=\"qode_icon_font_awesome fa fa-check qode-ili-icon-holder transparent\" style=\"font-size: 16px;color: #0c4da2;\" ><\/i><p style=\"color:#333333;\">F\u00fcr Bereiche nach ATEX Zone 1 zugelassen<\/p><\/div><div class=\"q_icon_list\"><i class=\"qode_icon_font_awesome fa fa-check qode-ili-icon-holder transparent\" style=\"font-size: 16px;color: #0c4da2;\" ><\/i><p style=\"color:#333333;\">Maximales Produktgewicht: 35 kg<\/p><\/div><div class=\"q_icon_list\"><i class=\"qode_icon_font_awesome fa fa-check qode-ili-icon-holder transparent\" style=\"font-size: 16px;color: #0c4da2;\" ><\/i><p style=\"color:#333333;\">Maximale Kanisterh\u00f6he 46 cm, Durchm. 33 cm. Min. H\u00f6he 6 cm<\/p><\/div><div class=\"q_icon_list\"><i class=\"qode_icon_font_awesome fa fa-check qode-ili-icon-holder transparent\" style=\"font-size: 16px;color: #0c4da2;\" ><\/i><p style=\"color:#333333;\">Manuelle patentierte Kanisterspannvorrichtung<\/p><\/div><div class=\"q_icon_list\"><i class=\"qode_icon_font_awesome fa fa-check qode-ili-icon-holder transparent\" style=\"font-size: 16px;color: #0c4da2;\" ><\/i><p style=\"color:#333333;\">Timerauswahl \u00fcber Potentiometer<\/p><\/div><div class=\"q_icon_list\"><i class=\"qode_icon_font_awesome fa fa-check qode-ili-icon-holder transparent\" style=\"font-size: 16px;color: #0c4da2;\" ><\/i><p style=\"color:#333333;\">1 PS 3-Phasen-Motor EEx 11 T1 \u2013 T4 Z\u00fcndschutz<\/p><\/div><div class=\"q_icon_list\"><i class=\"qode_icon_font_awesome fa fa-check qode-ili-icon-holder transparent\" style=\"font-size: 16px;color: #0c4da2;\" ><\/i><p style=\"color:#333333;\">EX-Sicherheitsschalter f\u00fcr alle Funktionen<\/p><\/div><div class=\"q_icon_list\"><i class=\"qode_icon_font_awesome fa fa-check qode-ili-icon-holder transparent\" style=\"font-size: 16px;color: #0c4da2;\" ><\/i><p style=\"color:#333333;\">220 V Eingang \u00fcber EX Stecker<\/p><\/div><div class=\"q_icon_list\"><i class=\"qode_icon_font_awesome fa fa-check qode-ili-icon-holder transparent\" style=\"font-size: 16px;color: #0c4da2;\" ><\/i><p style=\"color:#333333;\">T\u00fcr bleibt verriegelt, bis alle Bewegungen beendet sind<\/p><\/div><div class=\"q_icon_list\"><i class=\"qode_icon_font_awesome fa fa-check qode-ili-icon-holder transparent\" style=\"font-size: 16px;color: #0c4da2;\" ><\/i><p style=\"color:#333333;\">R\u00fcttelzyklus stoppt, wenn sich der Kanister l\u00f6st<\/p><\/div><div class=\"q_icon_list\"><i class=\"qode_icon_font_awesome fa fa-check qode-ili-icon-holder transparent\" style=\"font-size: 16px;color: #0c4da2;\" ><\/i><p style=\"color:#333333;\">Maschine funktioniert nicht, wenn kein Kanister vorhanden oder nicht richtig eingespannt ist<\/p><\/div><div class=\"q_icon_list\"><i class=\"qode_icon_font_awesome fa fa-check qode-ili-icon-holder transparent\" style=\"font-size: 16px;color: #0c4da2;\" ><\/i><p style=\"color:#333333;\">Pr\u00e4zisionsgefertigter Massivrahmen und pulverbeschichtetes geschlossenes Geh\u00e4use<\/p><\/div>[vc_separator type=&#8220;small&#8220; position=&#8220;left&#8220; color=&#8220;#e0e0e0&#8243; thickness=&#8220;1&#8243; width=&#8220;100&#8243; width_in_percentages=&#8220;yes&#8220; up=&#8220;50&#8243; down=&#8220;50&#8243;][\/vc_column][vc_column width=&#8220;1\/3&#8243; el_class=&#8220;grey-side&#8220;][vc_gallery type=&#8220;image_grid&#8220; images=&#8220;257&#8243; img_size=&#8220;full&#8220; column_number=&#8220;0&#8243; grayscale=&#8220;no&#8220; images_space=&#8220;gallery_with_space&#8220;][vc_empty_space height=&#8220;20px&#8220;][vc_gallery type=&#8220;image_grid&#8220; images=&#8220;258&#8243; img_size=&#8220;500&#215;500&#8243; column_number=&#8220;0&#8243; grayscale=&#8220;no&#8220; images_space=&#8220;gallery_with_space&#8220;][\/vc_column][\/vc_row]<\/p>\n<\/section>","protected":false},"excerpt":{"rendered":"<p>[vc_row css_animation=&#8220;&#8220; row_type=&#8220;row&#8220; use_row_as_full_screen_section=&#8220;no&#8220; type=&#8220;grid&#8220; anchor=&#8220;content&#8220; angled_section=&#8220;no&#8220; text_align=&#8220;center&#8220; background_image_as_pattern=&#8220;without_pattern&#8220; padding_top=&#8220;60&#8243; padding_bottom=&#8220;40&#8243;][vc_column][vc_column_text] Explosionsdruckfester Maximix [\/vc_column_text][vc_separator type=&#8220;small&#8220; position=&#8220;center&#8220; color=&#8220;#0c4da2&#8243; thickness=&#8220;1&#8243; width=&#8220;100&#8243; up=&#8220;1&#8243; down=&#8220;40&#8243;][\/vc_column][\/vc_row][vc_row css_animation=&#8220;&#8220; row_type=&#8220;row&#8220; use_row_as_full_screen_section=&#8220;no&#8220; type=&#8220;grid&#8220; angled_section=&#8220;no&#8220; text_align=&#8220;left&#8220; background_image_as_pattern=&#8220;without_pattern&#8220; padding_bottom=&#8220;50&#8243;][vc_column width=&#8220;1\/3&#8243; css=&#8220;.vc_custom_1490050149886{padding-right: 10% !important;}&#8220;][vc_column_text] Abmessungen [\/vc_column_text][vc_column_text]Breite = 64 cm \/ Tiefe = 63 cm H\u00f6he =&#8230;<\/p>\n","protected":false},"author":1,"featured_media":0,"parent":8,"menu_order":0,"comment_status":"closed","ping_status":"closed","template":"full_width.php","meta":{"footnotes":""},"class_list":["post-250","page","type-page","status-publish","hentry"],"yoast_head":"<!-- This site is optimized with the Yoast SEO plugin v24.7 - https:\/\/yoast.com\/wordpress\/plugins\/seo\/ -->\n<title>(English) vibrational shaker, gyroscopic mixer, shear mixer, laboratory mixer<\/title>\n<meta name=\"description\" content=\"(English) Flameproof Maximix is a vibrational shaker, gyroscopic mixer, shear mixer and is suitable as can paint shaker and even used as a laboratory mixer.\" \/>\n<meta name=\"robots\" content=\"index, follow, max-snippet:-1, max-image-preview:large, max-video-preview:-1\" \/>\n<link rel=\"canonical\" href=\"https:\/\/merris-international.com\/fr\/products\/flameproof-maximix\/\" \/>\n<meta property=\"og:locale\" content=\"de_DE\" \/>\n<meta property=\"og:type\" content=\"article\" \/>\n<meta property=\"og:title\" content=\"(English) vibrational shaker, gyroscopic mixer, shear mixer, laboratory mixer\" \/>\n<meta property=\"og:description\" content=\"(English) Flameproof Maximix is a vibrational shaker, gyroscopic mixer, shear mixer and is suitable as can paint shaker and even used as a laboratory mixer.\" \/>\n<meta property=\"og:url\" content=\"https:\/\/merris-international.com\/fr\/products\/flameproof-maximix\/\" \/>\n<meta property=\"og:site_name\" content=\"Merris\" \/>\n<meta property=\"article:modified_time\" content=\"2018-01-28T08:51:58+00:00\" \/>\n<meta name=\"twitter:card\" content=\"summary_large_image\" \/>\n<meta name=\"twitter:label1\" content=\"Gesch\u00e4tzte Lesezeit\" \/>\n\t<meta name=\"twitter:data1\" content=\"4\u00a0Minuten\" \/>\n<script type=\"application\/ld+json\" class=\"yoast-schema-graph\">{\"@context\":\"https:\/\/schema.org\",\"@graph\":[{\"@type\":\"WebPage\",\"@id\":\"https:\/\/merris-international.com\/fr\/products\/flameproof-maximix\/\",\"url\":\"https:\/\/merris-international.com\/fr\/products\/flameproof-maximix\/\",\"name\":\"(English) vibrational shaker, gyroscopic mixer, shear mixer, laboratory mixer\",\"isPartOf\":{\"@id\":\"https:\/\/merris-international.com\/fr\/#website\"},\"datePublished\":\"2017-04-19T12:20:20+00:00\",\"dateModified\":\"2018-01-28T08:51:58+00:00\",\"description\":\"(English) Flameproof Maximix is a vibrational shaker, gyroscopic mixer, shear mixer and is suitable as can paint shaker and even used as a laboratory mixer.\",\"breadcrumb\":{\"@id\":\"https:\/\/merris-international.com\/fr\/products\/flameproof-maximix\/#breadcrumb\"},\"inLanguage\":\"de\",\"potentialAction\":[{\"@type\":\"ReadAction\",\"target\":[\"https:\/\/merris-international.com\/fr\/products\/flameproof-maximix\/\"]}]},{\"@type\":\"BreadcrumbList\",\"@id\":\"https:\/\/merris-international.com\/fr\/products\/flameproof-maximix\/#breadcrumb\",\"itemListElement\":[{\"@type\":\"ListItem\",\"position\":1,\"name\":\"Home\",\"item\":\"https:\/\/merris-international.com\/\"},{\"@type\":\"ListItem\",\"position\":2,\"name\":\"Products\",\"item\":\"https:\/\/merris-international.com\/fr\/products\/\"},{\"@type\":\"ListItem\",\"position\":3,\"name\":\"Flameproof Maximix\"}]},{\"@type\":\"WebSite\",\"@id\":\"https:\/\/merris-international.com\/fr\/#website\",\"url\":\"https:\/\/merris-international.com\/fr\/\",\"name\":\"Merris\",\"description\":\"Industrial Paint and Laboratory Mixing Equipment Manufacturer\",\"publisher\":{\"@id\":\"https:\/\/merris-international.com\/fr\/#organization\"},\"potentialAction\":[{\"@type\":\"SearchAction\",\"target\":{\"@type\":\"EntryPoint\",\"urlTemplate\":\"https:\/\/merris-international.com\/fr\/?s={search_term_string}\"},\"query-input\":{\"@type\":\"PropertyValueSpecification\",\"valueRequired\":true,\"valueName\":\"search_term_string\"}}],\"inLanguage\":\"de\"},{\"@type\":\"Organization\",\"@id\":\"https:\/\/merris-international.com\/fr\/#organization\",\"name\":\"Merris\",\"url\":\"https:\/\/merris-international.com\/fr\/\",\"logo\":{\"@type\":\"ImageObject\",\"inLanguage\":\"de\",\"@id\":\"https:\/\/merris-international.com\/fr\/#\/schema\/logo\/image\/\",\"url\":\"https:\/\/merris-international.com\/wp-content\/uploads\/2017\/03\/cog.png\",\"contentUrl\":\"https:\/\/merris-international.com\/wp-content\/uploads\/2017\/03\/cog.png\",\"width\":111,\"height\":111,\"caption\":\"Merris\"},\"image\":{\"@id\":\"https:\/\/merris-international.com\/fr\/#\/schema\/logo\/image\/\"}}]}<\/script>\n<!-- \/ Yoast SEO plugin. -->","yoast_head_json":{"title":"(English) vibrational shaker, gyroscopic mixer, shear mixer, laboratory mixer","description":"(English) Flameproof Maximix is a vibrational shaker, gyroscopic mixer, shear mixer and is suitable as can paint shaker and even used as a laboratory mixer.","robots":{"index":"index","follow":"follow","max-snippet":"max-snippet:-1","max-image-preview":"max-image-preview:large","max-video-preview":"max-video-preview:-1"},"canonical":"https:\/\/merris-international.com\/fr\/products\/flameproof-maximix\/","og_locale":"de_DE","og_type":"article","og_title":"(English) vibrational shaker, gyroscopic mixer, shear mixer, laboratory mixer","og_description":"(English) Flameproof Maximix is a vibrational shaker, gyroscopic mixer, shear mixer and is suitable as can paint shaker and even used as a laboratory mixer.","og_url":"https:\/\/merris-international.com\/fr\/products\/flameproof-maximix\/","og_site_name":"Merris","article_modified_time":"2018-01-28T08:51:58+00:00","twitter_card":"summary_large_image","twitter_misc":{"Gesch\u00e4tzte Lesezeit":"4\u00a0Minuten"},"schema":{"@context":"https:\/\/schema.org","@graph":[{"@type":"WebPage","@id":"https:\/\/merris-international.com\/fr\/products\/flameproof-maximix\/","url":"https:\/\/merris-international.com\/fr\/products\/flameproof-maximix\/","name":"(English) vibrational shaker, gyroscopic mixer, shear mixer, laboratory mixer","isPartOf":{"@id":"https:\/\/merris-international.com\/fr\/#website"},"datePublished":"2017-04-19T12:20:20+00:00","dateModified":"2018-01-28T08:51:58+00:00","description":"(English) Flameproof Maximix is a vibrational shaker, gyroscopic mixer, shear mixer and is suitable as can paint shaker and even used as a laboratory mixer.","breadcrumb":{"@id":"https:\/\/merris-international.com\/fr\/products\/flameproof-maximix\/#breadcrumb"},"inLanguage":"de","potentialAction":[{"@type":"ReadAction","target":["https:\/\/merris-international.com\/fr\/products\/flameproof-maximix\/"]}]},{"@type":"BreadcrumbList","@id":"https:\/\/merris-international.com\/fr\/products\/flameproof-maximix\/#breadcrumb","itemListElement":[{"@type":"ListItem","position":1,"name":"Home","item":"https:\/\/merris-international.com\/"},{"@type":"ListItem","position":2,"name":"Products","item":"https:\/\/merris-international.com\/fr\/products\/"},{"@type":"ListItem","position":3,"name":"Flameproof Maximix"}]},{"@type":"WebSite","@id":"https:\/\/merris-international.com\/fr\/#website","url":"https:\/\/merris-international.com\/fr\/","name":"Merris","description":"Industrial Paint and Laboratory Mixing Equipment Manufacturer","publisher":{"@id":"https:\/\/merris-international.com\/fr\/#organization"},"potentialAction":[{"@type":"SearchAction","target":{"@type":"EntryPoint","urlTemplate":"https:\/\/merris-international.com\/fr\/?s={search_term_string}"},"query-input":{"@type":"PropertyValueSpecification","valueRequired":true,"valueName":"search_term_string"}}],"inLanguage":"de"},{"@type":"Organization","@id":"https:\/\/merris-international.com\/fr\/#organization","name":"Merris","url":"https:\/\/merris-international.com\/fr\/","logo":{"@type":"ImageObject","inLanguage":"de","@id":"https:\/\/merris-international.com\/fr\/#\/schema\/logo\/image\/","url":"https:\/\/merris-international.com\/wp-content\/uploads\/2017\/03\/cog.png","contentUrl":"https:\/\/merris-international.com\/wp-content\/uploads\/2017\/03\/cog.png","width":111,"height":111,"caption":"Merris"},"image":{"@id":"https:\/\/merris-international.com\/fr\/#\/schema\/logo\/image\/"}}]}},"_links":{"self":[{"href":"https:\/\/merris-international.com\/de\/wp-json\/wp\/v2\/pages\/250","targetHints":{"allow":["GET"]}}],"collection":[{"href":"https:\/\/merris-international.com\/de\/wp-json\/wp\/v2\/pages"}],"about":[{"href":"https:\/\/merris-international.com\/de\/wp-json\/wp\/v2\/types\/page"}],"author":[{"embeddable":true,"href":"https:\/\/merris-international.com\/de\/wp-json\/wp\/v2\/users\/1"}],"replies":[{"embeddable":true,"href":"https:\/\/merris-international.com\/de\/wp-json\/wp\/v2\/comments?post=250"}],"version-history":[{"count":10,"href":"https:\/\/merris-international.com\/de\/wp-json\/wp\/v2\/pages\/250\/revisions"}],"predecessor-version":[{"id":656,"href":"https:\/\/merris-international.com\/de\/wp-json\/wp\/v2\/pages\/250\/revisions\/656"}],"up":[{"embeddable":true,"href":"https:\/\/merris-international.com\/de\/wp-json\/wp\/v2\/pages\/8"}],"wp:attachment":[{"href":"https:\/\/merris-international.com\/de\/wp-json\/wp\/v2\/media?parent=250"}],"curies":[{"name":"wp","href":"https:\/\/api.w.org\/{rel}","templated":true}]}}