{"id":435,"date":"2017-05-23T10:15:53","date_gmt":"2017-05-23T10:15:53","guid":{"rendered":"http:\/\/merris-international.com\/?page_id=435"},"modified":"2017-08-06T17:48:44","modified_gmt":"2017-08-06T17:48:44","slug":"about","status":"publish","type":"page","link":"https:\/\/merris-international.com\/de\/about\/","title":{"rendered":"About"},"content":{"rendered":"<section class=\"wpb-content-wrapper\"><p>[vc_row css_animation=&#8220;&#8220; row_type=&#8220;row&#8220; use_row_as_full_screen_section=&#8220;no&#8220; type=&#8220;grid&#8220; anchor=&#8220;content&#8220; angled_section=&#8220;no&#8220; text_align=&#8220;center&#8220; background_image_as_pattern=&#8220;without_pattern&#8220; padding_top=&#8220;60&#8243; padding_bottom=&#8220;50&#8243;][vc_column][vc_column_text]<\/p>\n<h1>Die Firmengeschichte von Merris<\/h1>\n<p>[\/vc_column_text][vc_row_inner row_type=&#8220;row&#8220; type=&#8220;grid&#8220; text_align=&#8220;left&#8220; padding_top=&#8220;50&#8243; padding_bottom=&#8220;20&#8243; css_animation=&#8220;&#8220;][vc_column_inner width=&#8220;2\/3&#8243; css=&#8220;.vc_custom_1495534878734{padding-right: 8% !important;}&#8220;][vc_column_text]<\/p>\n<h4>Merris Engineering hat fast 5 Jahrzehnte Erfahrung in der Herstellung von Produkten, die alles von Farbe in Kanistern bis zu Proben in Reagenzgl\u00e4sern, Luftfahrt bis Krankenh\u00e4user und alles dazwischen mischen und r\u00fctteln.<\/h4>\n<p>[\/vc_column_text][vc_column_text]Wir sind stolz darauf, solide zuverl\u00e4ssige und langlebige Produkte zu bauen, die f\u00fcr lange Haltbarkeit ausgelegt sind. Wir bauen und entwickeln Maschinen passend f\u00fcr Ihre Anwendungen und bieten somit ein einzigartiges Sortiment an Produkten, die in Laboratorien, Einzelhandelsgesch\u00e4ften, Industrielagern, Lackierereien und vielen weiteren Situationen weltweit arbeiten.<\/p>\n<p>Unser Sortiment hat sich im Laufe der Jahre weiterentwickelt, da neue Herausforderungen an uns herangetragen wurden, f\u00fcr die es eine L\u00f6sung zu finden galt. Wir bem\u00fchen uns, einen Weg zu finden, Neu- und Stammkunden zu helfen, die beste L\u00f6sung f\u00fcr die jeweilige Aufgabe zu finden. Wenn Sie also ein Standardprodukt oder etwas Einzigartiges ben\u00f6tigen, bin ich zuversichtlich, dass wir mit derzeit mindestens einem Dutzend zur Auswahl stehender Variationen oder einer Neuentwicklung helfen k\u00f6nnen.<\/p>\n<p>Wir investieren weiter in Betriebsanlagen, so wie wir 2015 neue Geb\u00e4ude erworben haben, die uns \u00fcber 3.900 Quadratmeter Platz zur Bew\u00e4ltigung des steigenden globalen Umsatzwachstums verschaffen.<\/p>\n<p>Unsere Produkte sind UL-zertifiziert f\u00fcr den Verkauf in den USA und dar\u00fcber hinaus verf\u00fcgen wir \u00fcber ATEX-Zertifizierung f\u00fcr Bereiche nach ATEX Zone 1.[\/vc_column_text][vc_separator type=&#8220;small&#8220; position=&#8220;left&#8220; color=&#8220;#e0e0e0&#8243; thickness=&#8220;1&#8243; width=&#8220;80&#8243; width_in_percentages=&#8220;yes&#8220; up=&#8220;45&#8243; down=&#8220;45&#8243;][vc_column_text]<\/p>\n<h4>Rufen Sie uns f\u00fcr Angebote, Produktideen oder Bed\u00fcrfnisse an.<\/h4>\n<p>[\/vc_column_text]<a  itemprop=\"url\" href=\"\/contact\/\" target=\"_self\"  class=\"qbutton  default\" style=\"margin: 8px 8px 8px 0px; \">Kontaktieren Sie uns<\/a>[vc_empty_space height=&#8220;30px&#8220;][\/vc_column_inner][vc_column_inner el_class=&#8220;grey-side&#8220; width=&#8220;1\/3&#8243;][vc_single_image image=&#8220;439&#8243; img_size=&#8220;full&#8220; qode_css_animation=&#8220;element_from_fade&#8220; transition_delay=&#8220;0.3&#8243; qode_hover_animation=&#8220;zoom_in&#8220;][vc_empty_space height=&#8220;16px&#8220;][vc_single_image image=&#8220;453&#8243; img_size=&#8220;full&#8220; qode_css_animation=&#8220;element_from_fade&#8220; transition_delay=&#8220;0.6&#8243; qode_hover_animation=&#8220;zoom_in&#8220;][\/vc_column_inner][\/vc_row_inner][\/vc_column][\/vc_row]<\/p>\n<\/section>","protected":false},"excerpt":{"rendered":"<p>[vc_row css_animation=&#8220;&#8220; row_type=&#8220;row&#8220; use_row_as_full_screen_section=&#8220;no&#8220; type=&#8220;grid&#8220; anchor=&#8220;content&#8220; angled_section=&#8220;no&#8220; text_align=&#8220;center&#8220; background_image_as_pattern=&#8220;without_pattern&#8220; padding_top=&#8220;60&#8243; padding_bottom=&#8220;50&#8243;][vc_column][vc_column_text] Die Firmengeschichte von Merris [\/vc_column_text][vc_row_inner row_type=&#8220;row&#8220; type=&#8220;grid&#8220; text_align=&#8220;left&#8220; padding_top=&#8220;50&#8243; padding_bottom=&#8220;20&#8243; css_animation=&#8220;&#8220;][vc_column_inner width=&#8220;2\/3&#8243; css=&#8220;.vc_custom_1495534878734{padding-right: 8% !important;}&#8220;][vc_column_text] Merris Engineering hat fast 5 Jahrzehnte Erfahrung in der Herstellung von Produkten, die alles von Farbe in Kanistern bis&#8230;<\/p>\n","protected":false},"author":1,"featured_media":0,"parent":0,"menu_order":0,"comment_status":"closed","ping_status":"closed","template":"","meta":{"footnotes":""},"class_list":["post-435","page","type-page","status-publish","hentry"],"yoast_head":"<!-- This site is optimized with the Yoast SEO plugin v24.7 - https:\/\/yoast.com\/wordpress\/plugins\/seo\/ -->\n<title>About - Merris<\/title>\n<meta name=\"robots\" content=\"index, follow, max-snippet:-1, max-image-preview:large, max-video-preview:-1\" \/>\n<link rel=\"canonical\" href=\"https:\/\/merris-international.com\/about\/\" \/>\n<meta property=\"og:locale\" content=\"de_DE\" \/>\n<meta property=\"og:type\" content=\"article\" \/>\n<meta property=\"og:title\" content=\"About - Merris\" \/>\n<meta property=\"og:description\" content=\"[vc_row css_animation=&#8220;&#8220; row_type=&#8220;row&#8220; use_row_as_full_screen_section=&#8220;no&#8220; type=&#8220;grid&#8220; anchor=&#8220;content&#8220; angled_section=&#8220;no&#8220; text_align=&#8220;center&#8220; background_image_as_pattern=&#8220;without_pattern&#8220; padding_top=&#8220;60&#8243; padding_bottom=&#8220;50&#8243;][vc_column][vc_column_text] Die Firmengeschichte von Merris [\/vc_column_text][vc_row_inner row_type=&#8220;row&#8220; type=&#8220;grid&#8220; text_align=&#8220;left&#8220; padding_top=&#8220;50&#8243; padding_bottom=&#8220;20&#8243; css_animation=&#8220;&#8220;][vc_column_inner width=&#8220;2\/3&#8243; css=&#8220;.vc_custom_1495534878734{padding-right: 8% !important;}&#8220;][vc_column_text] Merris Engineering hat fast 5 Jahrzehnte Erfahrung in der Herstellung von Produkten, die alles von Farbe in Kanistern bis...\" \/>\n<meta property=\"og:url\" content=\"https:\/\/merris-international.com\/about\/\" \/>\n<meta property=\"og:site_name\" content=\"Merris\" \/>\n<meta property=\"article:modified_time\" content=\"2017-08-06T17:48:44+00:00\" \/>\n<meta name=\"twitter:card\" content=\"summary_large_image\" \/>\n<meta name=\"twitter:label1\" content=\"Gesch\u00e4tzte Lesezeit\" \/>\n\t<meta name=\"twitter:data1\" content=\"2\u00a0Minuten\" \/>\n<script type=\"application\/ld+json\" class=\"yoast-schema-graph\">{\"@context\":\"https:\/\/schema.org\",\"@graph\":[{\"@type\":\"WebPage\",\"@id\":\"https:\/\/merris-international.com\/about\/\",\"url\":\"https:\/\/merris-international.com\/about\/\",\"name\":\"About - Merris\",\"isPartOf\":{\"@id\":\"https:\/\/merris-international.com\/fr\/#website\"},\"datePublished\":\"2017-05-23T10:15:53+00:00\",\"dateModified\":\"2017-08-06T17:48:44+00:00\",\"breadcrumb\":{\"@id\":\"https:\/\/merris-international.com\/about\/#breadcrumb\"},\"inLanguage\":\"de\",\"potentialAction\":[{\"@type\":\"ReadAction\",\"target\":[\"https:\/\/merris-international.com\/about\/\"]}]},{\"@type\":\"BreadcrumbList\",\"@id\":\"https:\/\/merris-international.com\/about\/#breadcrumb\",\"itemListElement\":[{\"@type\":\"ListItem\",\"position\":1,\"name\":\"Home\",\"item\":\"https:\/\/merris-international.com\/\"},{\"@type\":\"ListItem\",\"position\":2,\"name\":\"About\"}]},{\"@type\":\"WebSite\",\"@id\":\"https:\/\/merris-international.com\/fr\/#website\",\"url\":\"https:\/\/merris-international.com\/fr\/\",\"name\":\"Merris\",\"description\":\"Industrial Paint and Laboratory Mixing Equipment Manufacturer\",\"publisher\":{\"@id\":\"https:\/\/merris-international.com\/fr\/#organization\"},\"potentialAction\":[{\"@type\":\"SearchAction\",\"target\":{\"@type\":\"EntryPoint\",\"urlTemplate\":\"https:\/\/merris-international.com\/fr\/?s={search_term_string}\"},\"query-input\":{\"@type\":\"PropertyValueSpecification\",\"valueRequired\":true,\"valueName\":\"search_term_string\"}}],\"inLanguage\":\"de\"},{\"@type\":\"Organization\",\"@id\":\"https:\/\/merris-international.com\/fr\/#organization\",\"name\":\"Merris\",\"url\":\"https:\/\/merris-international.com\/fr\/\",\"logo\":{\"@type\":\"ImageObject\",\"inLanguage\":\"de\",\"@id\":\"https:\/\/merris-international.com\/fr\/#\/schema\/logo\/image\/\",\"url\":\"https:\/\/merris-international.com\/wp-content\/uploads\/2017\/03\/cog.png\",\"contentUrl\":\"https:\/\/merris-international.com\/wp-content\/uploads\/2017\/03\/cog.png\",\"width\":111,\"height\":111,\"caption\":\"Merris\"},\"image\":{\"@id\":\"https:\/\/merris-international.com\/fr\/#\/schema\/logo\/image\/\"}}]}<\/script>\n<!-- \/ Yoast SEO plugin. -->","yoast_head_json":{"title":"About - Merris","robots":{"index":"index","follow":"follow","max-snippet":"max-snippet:-1","max-image-preview":"max-image-preview:large","max-video-preview":"max-video-preview:-1"},"canonical":"https:\/\/merris-international.com\/about\/","og_locale":"de_DE","og_type":"article","og_title":"About - Merris","og_description":"[vc_row css_animation=&#8220;&#8220; row_type=&#8220;row&#8220; use_row_as_full_screen_section=&#8220;no&#8220; type=&#8220;grid&#8220; anchor=&#8220;content&#8220; angled_section=&#8220;no&#8220; text_align=&#8220;center&#8220; background_image_as_pattern=&#8220;without_pattern&#8220; padding_top=&#8220;60&#8243; padding_bottom=&#8220;50&#8243;][vc_column][vc_column_text] Die Firmengeschichte von Merris [\/vc_column_text][vc_row_inner row_type=&#8220;row&#8220; type=&#8220;grid&#8220; text_align=&#8220;left&#8220; padding_top=&#8220;50&#8243; padding_bottom=&#8220;20&#8243; css_animation=&#8220;&#8220;][vc_column_inner width=&#8220;2\/3&#8243; css=&#8220;.vc_custom_1495534878734{padding-right: 8% !important;}&#8220;][vc_column_text] Merris Engineering hat fast 5 Jahrzehnte Erfahrung in der Herstellung von Produkten, die alles von Farbe in Kanistern bis...","og_url":"https:\/\/merris-international.com\/about\/","og_site_name":"Merris","article_modified_time":"2017-08-06T17:48:44+00:00","twitter_card":"summary_large_image","twitter_misc":{"Gesch\u00e4tzte Lesezeit":"2\u00a0Minuten"},"schema":{"@context":"https:\/\/schema.org","@graph":[{"@type":"WebPage","@id":"https:\/\/merris-international.com\/about\/","url":"https:\/\/merris-international.com\/about\/","name":"About - Merris","isPartOf":{"@id":"https:\/\/merris-international.com\/fr\/#website"},"datePublished":"2017-05-23T10:15:53+00:00","dateModified":"2017-08-06T17:48:44+00:00","breadcrumb":{"@id":"https:\/\/merris-international.com\/about\/#breadcrumb"},"inLanguage":"de","potentialAction":[{"@type":"ReadAction","target":["https:\/\/merris-international.com\/about\/"]}]},{"@type":"BreadcrumbList","@id":"https:\/\/merris-international.com\/about\/#breadcrumb","itemListElement":[{"@type":"ListItem","position":1,"name":"Home","item":"https:\/\/merris-international.com\/"},{"@type":"ListItem","position":2,"name":"About"}]},{"@type":"WebSite","@id":"https:\/\/merris-international.com\/fr\/#website","url":"https:\/\/merris-international.com\/fr\/","name":"Merris","description":"Industrial Paint and Laboratory Mixing Equipment Manufacturer","publisher":{"@id":"https:\/\/merris-international.com\/fr\/#organization"},"potentialAction":[{"@type":"SearchAction","target":{"@type":"EntryPoint","urlTemplate":"https:\/\/merris-international.com\/fr\/?s={search_term_string}"},"query-input":{"@type":"PropertyValueSpecification","valueRequired":true,"valueName":"search_term_string"}}],"inLanguage":"de"},{"@type":"Organization","@id":"https:\/\/merris-international.com\/fr\/#organization","name":"Merris","url":"https:\/\/merris-international.com\/fr\/","logo":{"@type":"ImageObject","inLanguage":"de","@id":"https:\/\/merris-international.com\/fr\/#\/schema\/logo\/image\/","url":"https:\/\/merris-international.com\/wp-content\/uploads\/2017\/03\/cog.png","contentUrl":"https:\/\/merris-international.com\/wp-content\/uploads\/2017\/03\/cog.png","width":111,"height":111,"caption":"Merris"},"image":{"@id":"https:\/\/merris-international.com\/fr\/#\/schema\/logo\/image\/"}}]}},"_links":{"self":[{"href":"https:\/\/merris-international.com\/de\/wp-json\/wp\/v2\/pages\/435","targetHints":{"allow":["GET"]}}],"collection":[{"href":"https:\/\/merris-international.com\/de\/wp-json\/wp\/v2\/pages"}],"about":[{"href":"https:\/\/merris-international.com\/de\/wp-json\/wp\/v2\/types\/page"}],"author":[{"embeddable":true,"href":"https:\/\/merris-international.com\/de\/wp-json\/wp\/v2\/users\/1"}],"replies":[{"embeddable":true,"href":"https:\/\/merris-international.com\/de\/wp-json\/wp\/v2\/comments?post=435"}],"version-history":[{"count":13,"href":"https:\/\/merris-international.com\/de\/wp-json\/wp\/v2\/pages\/435\/revisions"}],"predecessor-version":[{"id":556,"href":"https:\/\/merris-international.com\/de\/wp-json\/wp\/v2\/pages\/435\/revisions\/556"}],"wp:attachment":[{"href":"https:\/\/merris-international.com\/de\/wp-json\/wp\/v2\/media?parent=435"}],"curies":[{"name":"wp","href":"https:\/\/api.w.org\/{rel}","templated":true}]}}