{"id":497,"date":"2017-07-28T10:08:25","date_gmt":"2017-07-28T10:08:25","guid":{"rendered":"http:\/\/merris-international.com\/?page_id=497"},"modified":"2017-11-24T22:37:32","modified_gmt":"2017-11-24T22:37:32","slug":"spinmix-900","status":"publish","type":"page","link":"https:\/\/merris-international.com\/de\/products\/spinmix-900\/","title":{"rendered":"Spinmix 900"},"content":{"rendered":"<section class=\"wpb-content-wrapper\"><p>[vc_row css_animation=&#8220;&#8220; row_type=&#8220;row&#8220; use_row_as_full_screen_section=&#8220;no&#8220; type=&#8220;grid&#8220; anchor=&#8220;content&#8220; angled_section=&#8220;no&#8220; text_align=&#8220;center&#8220; background_image_as_pattern=&#8220;without_pattern&#8220; padding_top=&#8220;60&#8243; padding_bottom=&#8220;40&#8243;][vc_column][vc_column_text]<\/p>\n<h1>Spinmix 900<\/h1>\n<p>[\/vc_column_text][vc_separator type=&#8220;small&#8220; position=&#8220;center&#8220; color=&#8220;#0c4da2&#8243; thickness=&#8220;1&#8243; width=&#8220;100&#8243; up=&#8220;1&#8243; down=&#8220;40&#8243;][\/vc_column][\/vc_row][vc_row css_animation=&#8220;&#8220; row_type=&#8220;row&#8220; use_row_as_full_screen_section=&#8220;no&#8220; type=&#8220;grid&#8220; angled_section=&#8220;no&#8220; text_align=&#8220;left&#8220; background_image_as_pattern=&#8220;without_pattern&#8220; padding_bottom=&#8220;50&#8243;][vc_column width=&#8220;1\/3&#8243; css=&#8220;.vc_custom_1490050149886{padding-right: 10% !important;}&#8220;][vc_column_text]<\/p>\n<h3>Abmessungen<\/h3>\n<p>[\/vc_column_text][vc_column_text]Breite = 116cm \/ Tiefe = 110cm \/ H\u00f6he = 145cm[\/vc_column_text][vc_separator type=&#8220;small&#8220; position=&#8220;left&#8220; color=&#8220;#e0e0e0&#8243; thickness=&#8220;1&#8243; width=&#8220;100&#8243; width_in_percentages=&#8220;yes&#8220; up=&#8220;50&#8243; down=&#8220;50&#8243;][vc_column_text]<\/p>\n<h3>Informationen<\/h3>\n<p>[\/vc_column_text][vc_column_text]Der neue Spinmix 900 wurde f\u00fcr OZONKONVERTER entwickelt, die in D\u00fcsenflugzeugen weltweit eingesetzt werden, und die die Luft, die in die Kabinen gelangt, filtern. Das Projekt bestand darin, den sehr gro\u00dfen Ozonkonverter in den Mischer einzupassen und ihn mit einer L\u00f6sung darin sanft zu mischen, damit die Ger\u00e4te f\u00fcr die Wiederverwendung komplett gereinigt werden k\u00f6nnen.<\/p>\n<p>Mit dieser einzigartigen Entwicklung k\u00f6nnen Fluglinien die Ozonger\u00e4te effektiv wiederaufarbeiten und Best Practice-Systeme f\u00fcr hochwertige und konsistente Zyklen einrichten, die immer die gleichen hervorragenden Ergebnisse sicherstellen.<\/p>\n<p><strong>\u2028Standardisierung bei allen Produkten <\/strong><br \/>\nWir verwenden die gleichen elektrischen Steuerungssysteme bei allen Produkten, sodass wir volle Austauschbarkeit bieten. Beste Zuverl\u00e4ssigkeit am Markt. Ultimative Flexibilit\u00e4t bei der Programmierung. Bester L\u00f6sungsanbieter auf dem Markt.[\/vc_column_text][vc_separator type=&#8220;small&#8220; position=&#8220;left&#8220; color=&#8220;#e0e0e0&#8243; thickness=&#8220;1&#8243; width=&#8220;100&#8243; width_in_percentages=&#8220;yes&#8220; up=&#8220;50&#8243; down=&#8220;50&#8243;][\/vc_column][vc_column width=&#8220;1\/3&#8243; css=&#8220;.vc_custom_1490050840689{padding-right: 10% !important;}&#8220;][vc_column_text]<\/p>\n<h3>Technische Daten<\/h3>\n<p>[\/vc_column_text]<div class=\"q_icon_list\"><i class=\"qode_icon_font_awesome fa fa-check qode-ili-icon-holder transparent\" style=\"font-size: 16px;color: #0c4da2;\" ><\/i><p style=\"color:#333333;\">750 mm breite \u00d6ffnung - max. Kanisterh\u00f6he ``BESTE AUF DEM MARKT``<\/p><\/div><div class=\"q_icon_list\"><i class=\"qode_icon_font_awesome fa fa-check qode-ili-icon-holder transparent\" style=\"font-size: 16px;color: #0c4da2;\" ><\/i><p style=\"color:#333333;\">Neues Handbuch \/ Automatische Softwaresteuerungen<\/p><\/div><div class=\"q_icon_list\"><i class=\"qode_icon_font_awesome fa fa-check qode-ili-icon-holder transparent\" style=\"font-size: 16px;color: #0c4da2;\" ><\/i><p style=\"color:#333333;\">Voll programmierbare Zeiten - Geschwindigkeiten - Dr\u00fccke<\/p><\/div><div class=\"q_icon_list\"><i class=\"qode_icon_font_awesome fa fa-check qode-ili-icon-holder transparent\" style=\"font-size: 16px;color: #0c4da2;\" ><\/i><p style=\"color:#333333;\">Standard Kanisterbreite 34 cm - optional bis zu 39 cm<\/p><\/div><div class=\"q_icon_list\"><i class=\"qode_icon_font_awesome fa fa-check qode-ili-icon-holder transparent\" style=\"font-size: 16px;color: #0c4da2;\" ><\/i><p style=\"color:#333333;\">Max. Produktgewicht 50 kg \u2013 ``BESTES AUF DEM MARKT``<\/p><\/div><div class=\"q_icon_list\"><i class=\"qode_icon_font_awesome fa fa-check qode-ili-icon-holder transparent\" style=\"font-size: 16px;color: #0c4da2;\" ><\/i><p style=\"color:#333333;\">Stromversorgung 230 V 50 Hz oder 110 V 60 Hz<\/p><\/div><div class=\"q_icon_list\"><i class=\"qode_icon_font_awesome fa fa-check qode-ili-icon-holder transparent\" style=\"font-size: 16px;color: #0c4da2;\" ><\/i><p style=\"color:#333333;\">Komponenten aus Stahlguss f\u00fcr lange Lebensdauer und solide Zuverl\u00e4ssigkeit<\/p><\/div><div class=\"q_icon_list\"><i class=\"qode_icon_font_awesome fa fa-check qode-ili-icon-holder transparent\" style=\"font-size: 16px;color: #0c4da2;\" ><\/i><p style=\"color:#333333;\">Umdrehungen von 10 U\/min bis 380 U\/min - EINZIGARTIGES PROGRAMM<\/p><\/div><div class=\"q_icon_list\"><i class=\"qode_icon_font_awesome fa fa-check qode-ili-icon-holder transparent\" style=\"font-size: 16px;color: #0c4da2;\" ><\/i><p style=\"color:#333333;\">Edelstahlgeh\u00e4use<\/p><\/div>[vc_separator type=&#8220;small&#8220; position=&#8220;left&#8220; color=&#8220;#e0e0e0&#8243; thickness=&#8220;1&#8243; width=&#8220;100&#8243; width_in_percentages=&#8220;yes&#8220; up=&#8220;50&#8243; down=&#8220;50&#8243;][\/vc_column][vc_column width=&#8220;1\/3&#8243; el_class=&#8220;grey-side&#8220;][vc_single_image image=&#8220;51&#8243; img_size=&#8220;full&#8220; alignment=&#8220;center&#8220; onclick=&#8220;link_image&#8220; qode_css_animation=&#8220;&#8220; qode_hover_animation=&#8220;darken&#8220;][vc_empty_space height=&#8220;25px&#8220;]<div class=\"qode_video_box\">\n\t<a itemprop=\"image\" class=\"qode_video_image\" href=\"https:\/\/youtu.be\/IXN-BUm-UWY?rel=0\" data-rel=\"prettyPhoto\">\n\t\t\t\n\t\t\t<img decoding=\"async\" src=\"https:\/\/merris-international.com\/wp-content\/uploads\/2017\/03\/spinmixvideo.jpg\" \/>\n\t\t\t<span class=\"qode_video_box_button_holder\">\n\t\t\t\t<span class=\"qode_video_box_button\">\n\t\t\t\t\t<span class=\"qode_video_box_button_arrow\">\n\t\t\t\t\t<\/span>\n\t\t\t\t<\/span>\n\t\t\t<\/span>\n\t\t\t<\/a>\n<\/div>[vc_empty_space height=&#8220;25px&#8220;][vc_gallery type=&#8220;image_grid&#8220; images=&#8220;95,96,97,51&#8243; img_size=&#8220;300&#215;300&#8243; column_number=&#8220;2&#8243; grayscale=&#8220;no&#8220; images_space=&#8220;gallery_with_space&#8220;][\/vc_column][\/vc_row]<\/p>\n<\/section>","protected":false},"excerpt":{"rendered":"<p>[vc_row css_animation=&#8220;&#8220; row_type=&#8220;row&#8220; use_row_as_full_screen_section=&#8220;no&#8220; type=&#8220;grid&#8220; anchor=&#8220;content&#8220; angled_section=&#8220;no&#8220; text_align=&#8220;center&#8220; background_image_as_pattern=&#8220;without_pattern&#8220; padding_top=&#8220;60&#8243; padding_bottom=&#8220;40&#8243;][vc_column][vc_column_text] Spinmix 900 [\/vc_column_text][vc_separator type=&#8220;small&#8220; position=&#8220;center&#8220; color=&#8220;#0c4da2&#8243; thickness=&#8220;1&#8243; width=&#8220;100&#8243; up=&#8220;1&#8243; down=&#8220;40&#8243;][\/vc_column][\/vc_row][vc_row css_animation=&#8220;&#8220; row_type=&#8220;row&#8220; use_row_as_full_screen_section=&#8220;no&#8220; type=&#8220;grid&#8220; angled_section=&#8220;no&#8220; text_align=&#8220;left&#8220; background_image_as_pattern=&#8220;without_pattern&#8220; padding_bottom=&#8220;50&#8243;][vc_column width=&#8220;1\/3&#8243; css=&#8220;.vc_custom_1490050149886{padding-right: 10% !important;}&#8220;][vc_column_text] Abmessungen [\/vc_column_text][vc_column_text]Breite = 116cm \/ Tiefe = 110cm \/ H\u00f6he = 145cm[\/vc_column_text][vc_separator&#8230;<\/p>\n","protected":false},"author":1,"featured_media":0,"parent":8,"menu_order":0,"comment_status":"closed","ping_status":"closed","template":"full_width.php","meta":{"footnotes":""},"class_list":["post-497","page","type-page","status-publish","hentry"],"yoast_head":"<!-- This site is optimized with the Yoast SEO plugin v24.7 - https:\/\/yoast.com\/wordpress\/plugins\/seo\/ -->\n<title>Spinmix 900 - Merris<\/title>\n<meta name=\"robots\" content=\"index, follow, max-snippet:-1, max-image-preview:large, max-video-preview:-1\" \/>\n<link rel=\"canonical\" href=\"https:\/\/merris-international.com\/fr\/products\/spinmix-900\/\" \/>\n<meta property=\"og:locale\" content=\"de_DE\" \/>\n<meta property=\"og:type\" content=\"article\" \/>\n<meta property=\"og:title\" content=\"Spinmix 900 - Merris\" \/>\n<meta property=\"og:description\" content=\"[vc_row css_animation=&#8220;&#8220; row_type=&#8220;row&#8220; use_row_as_full_screen_section=&#8220;no&#8220; type=&#8220;grid&#8220; anchor=&#8220;content&#8220; angled_section=&#8220;no&#8220; text_align=&#8220;center&#8220; background_image_as_pattern=&#8220;without_pattern&#8220; padding_top=&#8220;60&#8243; padding_bottom=&#8220;40&#8243;][vc_column][vc_column_text] Spinmix 900 [\/vc_column_text][vc_separator type=&#8220;small&#8220; position=&#8220;center&#8220; color=&#8220;#0c4da2&#8243; thickness=&#8220;1&#8243; width=&#8220;100&#8243; up=&#8220;1&#8243; down=&#8220;40&#8243;][\/vc_column][\/vc_row][vc_row css_animation=&#8220;&#8220; row_type=&#8220;row&#8220; use_row_as_full_screen_section=&#8220;no&#8220; type=&#8220;grid&#8220; angled_section=&#8220;no&#8220; text_align=&#8220;left&#8220; background_image_as_pattern=&#8220;without_pattern&#8220; padding_bottom=&#8220;50&#8243;][vc_column width=&#8220;1\/3&#8243; css=&#8220;.vc_custom_1490050149886{padding-right: 10% !important;}&#8220;][vc_column_text] Abmessungen [\/vc_column_text][vc_column_text]Breite = 116cm \/ Tiefe = 110cm \/ H\u00f6he = 145cm[\/vc_column_text][vc_separator...\" \/>\n<meta property=\"og:url\" content=\"https:\/\/merris-international.com\/fr\/products\/spinmix-900\/\" \/>\n<meta property=\"og:site_name\" content=\"Merris\" \/>\n<meta property=\"article:modified_time\" content=\"2017-11-24T22:37:32+00:00\" \/>\n<meta name=\"twitter:card\" content=\"summary_large_image\" \/>\n<meta name=\"twitter:label1\" content=\"Gesch\u00e4tzte Lesezeit\" \/>\n\t<meta name=\"twitter:data1\" content=\"3\u00a0Minuten\" \/>\n<script type=\"application\/ld+json\" class=\"yoast-schema-graph\">{\"@context\":\"https:\/\/schema.org\",\"@graph\":[{\"@type\":\"WebPage\",\"@id\":\"https:\/\/merris-international.com\/fr\/products\/spinmix-900\/\",\"url\":\"https:\/\/merris-international.com\/fr\/products\/spinmix-900\/\",\"name\":\"Spinmix 900 - Merris\",\"isPartOf\":{\"@id\":\"https:\/\/merris-international.com\/fr\/#website\"},\"datePublished\":\"2017-07-28T10:08:25+00:00\",\"dateModified\":\"2017-11-24T22:37:32+00:00\",\"breadcrumb\":{\"@id\":\"https:\/\/merris-international.com\/fr\/products\/spinmix-900\/#breadcrumb\"},\"inLanguage\":\"de\",\"potentialAction\":[{\"@type\":\"ReadAction\",\"target\":[\"https:\/\/merris-international.com\/fr\/products\/spinmix-900\/\"]}]},{\"@type\":\"BreadcrumbList\",\"@id\":\"https:\/\/merris-international.com\/fr\/products\/spinmix-900\/#breadcrumb\",\"itemListElement\":[{\"@type\":\"ListItem\",\"position\":1,\"name\":\"Home\",\"item\":\"https:\/\/merris-international.com\/\"},{\"@type\":\"ListItem\",\"position\":2,\"name\":\"Products\",\"item\":\"https:\/\/merris-international.com\/fr\/products\/\"},{\"@type\":\"ListItem\",\"position\":3,\"name\":\"Spinmix 900\"}]},{\"@type\":\"WebSite\",\"@id\":\"https:\/\/merris-international.com\/fr\/#website\",\"url\":\"https:\/\/merris-international.com\/fr\/\",\"name\":\"Merris\",\"description\":\"Industrial Paint and Laboratory Mixing Equipment Manufacturer\",\"publisher\":{\"@id\":\"https:\/\/merris-international.com\/fr\/#organization\"},\"potentialAction\":[{\"@type\":\"SearchAction\",\"target\":{\"@type\":\"EntryPoint\",\"urlTemplate\":\"https:\/\/merris-international.com\/fr\/?s={search_term_string}\"},\"query-input\":{\"@type\":\"PropertyValueSpecification\",\"valueRequired\":true,\"valueName\":\"search_term_string\"}}],\"inLanguage\":\"de\"},{\"@type\":\"Organization\",\"@id\":\"https:\/\/merris-international.com\/fr\/#organization\",\"name\":\"Merris\",\"url\":\"https:\/\/merris-international.com\/fr\/\",\"logo\":{\"@type\":\"ImageObject\",\"inLanguage\":\"de\",\"@id\":\"https:\/\/merris-international.com\/fr\/#\/schema\/logo\/image\/\",\"url\":\"https:\/\/merris-international.com\/wp-content\/uploads\/2017\/03\/cog.png\",\"contentUrl\":\"https:\/\/merris-international.com\/wp-content\/uploads\/2017\/03\/cog.png\",\"width\":111,\"height\":111,\"caption\":\"Merris\"},\"image\":{\"@id\":\"https:\/\/merris-international.com\/fr\/#\/schema\/logo\/image\/\"}}]}<\/script>\n<!-- \/ Yoast SEO plugin. -->","yoast_head_json":{"title":"Spinmix 900 - Merris","robots":{"index":"index","follow":"follow","max-snippet":"max-snippet:-1","max-image-preview":"max-image-preview:large","max-video-preview":"max-video-preview:-1"},"canonical":"https:\/\/merris-international.com\/fr\/products\/spinmix-900\/","og_locale":"de_DE","og_type":"article","og_title":"Spinmix 900 - Merris","og_description":"[vc_row css_animation=&#8220;&#8220; row_type=&#8220;row&#8220; use_row_as_full_screen_section=&#8220;no&#8220; type=&#8220;grid&#8220; anchor=&#8220;content&#8220; angled_section=&#8220;no&#8220; text_align=&#8220;center&#8220; background_image_as_pattern=&#8220;without_pattern&#8220; padding_top=&#8220;60&#8243; padding_bottom=&#8220;40&#8243;][vc_column][vc_column_text] Spinmix 900 [\/vc_column_text][vc_separator type=&#8220;small&#8220; position=&#8220;center&#8220; color=&#8220;#0c4da2&#8243; thickness=&#8220;1&#8243; width=&#8220;100&#8243; up=&#8220;1&#8243; down=&#8220;40&#8243;][\/vc_column][\/vc_row][vc_row css_animation=&#8220;&#8220; row_type=&#8220;row&#8220; use_row_as_full_screen_section=&#8220;no&#8220; type=&#8220;grid&#8220; angled_section=&#8220;no&#8220; text_align=&#8220;left&#8220; background_image_as_pattern=&#8220;without_pattern&#8220; padding_bottom=&#8220;50&#8243;][vc_column width=&#8220;1\/3&#8243; css=&#8220;.vc_custom_1490050149886{padding-right: 10% !important;}&#8220;][vc_column_text] Abmessungen [\/vc_column_text][vc_column_text]Breite = 116cm \/ Tiefe = 110cm \/ H\u00f6he = 145cm[\/vc_column_text][vc_separator...","og_url":"https:\/\/merris-international.com\/fr\/products\/spinmix-900\/","og_site_name":"Merris","article_modified_time":"2017-11-24T22:37:32+00:00","twitter_card":"summary_large_image","twitter_misc":{"Gesch\u00e4tzte Lesezeit":"3\u00a0Minuten"},"schema":{"@context":"https:\/\/schema.org","@graph":[{"@type":"WebPage","@id":"https:\/\/merris-international.com\/fr\/products\/spinmix-900\/","url":"https:\/\/merris-international.com\/fr\/products\/spinmix-900\/","name":"Spinmix 900 - Merris","isPartOf":{"@id":"https:\/\/merris-international.com\/fr\/#website"},"datePublished":"2017-07-28T10:08:25+00:00","dateModified":"2017-11-24T22:37:32+00:00","breadcrumb":{"@id":"https:\/\/merris-international.com\/fr\/products\/spinmix-900\/#breadcrumb"},"inLanguage":"de","potentialAction":[{"@type":"ReadAction","target":["https:\/\/merris-international.com\/fr\/products\/spinmix-900\/"]}]},{"@type":"BreadcrumbList","@id":"https:\/\/merris-international.com\/fr\/products\/spinmix-900\/#breadcrumb","itemListElement":[{"@type":"ListItem","position":1,"name":"Home","item":"https:\/\/merris-international.com\/"},{"@type":"ListItem","position":2,"name":"Products","item":"https:\/\/merris-international.com\/fr\/products\/"},{"@type":"ListItem","position":3,"name":"Spinmix 900"}]},{"@type":"WebSite","@id":"https:\/\/merris-international.com\/fr\/#website","url":"https:\/\/merris-international.com\/fr\/","name":"Merris","description":"Industrial Paint and Laboratory Mixing Equipment Manufacturer","publisher":{"@id":"https:\/\/merris-international.com\/fr\/#organization"},"potentialAction":[{"@type":"SearchAction","target":{"@type":"EntryPoint","urlTemplate":"https:\/\/merris-international.com\/fr\/?s={search_term_string}"},"query-input":{"@type":"PropertyValueSpecification","valueRequired":true,"valueName":"search_term_string"}}],"inLanguage":"de"},{"@type":"Organization","@id":"https:\/\/merris-international.com\/fr\/#organization","name":"Merris","url":"https:\/\/merris-international.com\/fr\/","logo":{"@type":"ImageObject","inLanguage":"de","@id":"https:\/\/merris-international.com\/fr\/#\/schema\/logo\/image\/","url":"https:\/\/merris-international.com\/wp-content\/uploads\/2017\/03\/cog.png","contentUrl":"https:\/\/merris-international.com\/wp-content\/uploads\/2017\/03\/cog.png","width":111,"height":111,"caption":"Merris"},"image":{"@id":"https:\/\/merris-international.com\/fr\/#\/schema\/logo\/image\/"}}]}},"_links":{"self":[{"href":"https:\/\/merris-international.com\/de\/wp-json\/wp\/v2\/pages\/497","targetHints":{"allow":["GET"]}}],"collection":[{"href":"https:\/\/merris-international.com\/de\/wp-json\/wp\/v2\/pages"}],"about":[{"href":"https:\/\/merris-international.com\/de\/wp-json\/wp\/v2\/types\/page"}],"author":[{"embeddable":true,"href":"https:\/\/merris-international.com\/de\/wp-json\/wp\/v2\/users\/1"}],"replies":[{"embeddable":true,"href":"https:\/\/merris-international.com\/de\/wp-json\/wp\/v2\/comments?post=497"}],"version-history":[{"count":10,"href":"https:\/\/merris-international.com\/de\/wp-json\/wp\/v2\/pages\/497\/revisions"}],"predecessor-version":[{"id":628,"href":"https:\/\/merris-international.com\/de\/wp-json\/wp\/v2\/pages\/497\/revisions\/628"}],"up":[{"embeddable":true,"href":"https:\/\/merris-international.com\/de\/wp-json\/wp\/v2\/pages\/8"}],"wp:attachment":[{"href":"https:\/\/merris-international.com\/de\/wp-json\/wp\/v2\/media?parent=497"}],"curies":[{"name":"wp","href":"https:\/\/api.w.org\/{rel}","templated":true}]}}