{"id":6,"date":"2017-03-20T20:57:25","date_gmt":"2017-03-20T20:57:25","guid":{"rendered":"http:\/\/merris-international.com\/?page_id=6"},"modified":"2022-08-16T10:27:19","modified_gmt":"2022-08-16T10:27:19","slug":"home-page","status":"publish","type":"page","link":"https:\/\/merris-international.com\/de\/","title":{"rendered":"Home page"},"content":{"rendered":"<section class=\"wpb-content-wrapper\"><p>[vc_row css_animation=&#8220;&#8220; row_type=&#8220;row&#8220; use_row_as_full_screen_section=&#8220;no&#8220; type=&#8220;grid&#8220; angled_section=&#8220;no&#8220; text_align=&#8220;center&#8220; background_image_as_pattern=&#8220;without_pattern&#8220; anchor=&#8220;content&#8220; padding_top=&#8220;60&#8243; padding_bottom=&#8220;50&#8243;][vc_column][vc_row_inner row_type=&#8220;row&#8220; type=&#8220;grid&#8220; text_align=&#8220;center&#8220; css_animation=&#8220;&#8220;][vc_column_inner width=&#8220;1\/6&#8243;][\/vc_column_inner][vc_column_inner width=&#8220;2\/3&#8243;][vc_column_text]<\/p>\n<h1>Merris, Heimat des Vibrationsr\u00fcttlers, gyroskopischen Mischers und Dispensers<\/h1>\n<p>[\/vc_column_text][vc_empty_space height=&#8220;20px&#8220;][vc_column_text css=&#8220;.vc_custom_1501105577016{padding-right: 4% !important;padding-left: 4% !important;}&#8220;]Merris stellt seit 1969 Ger\u00e4te f\u00fcr die Farbindustrie her. Im Laufe der 4 Jahrzehnte hat sich weltweit viel ver\u00e4ndert. Unser Missionsschwerpunkt und -angebot hat sich mittlerweile weiterentwickelt und umfasst \u00fcber 15 Produkte f\u00fcr \u00fcber 15 Branchen, die clevere und einzigartige L\u00f6sungen f\u00fcr das Mischen suchen.<\/p>\n<p>Merris hat das gleiche Ethos f\u00fcr exzellente Verarbeitung und l\u00f6sungsorientierte Entwicklungen beibehalten, die Unternehmen bei der Handhabung aller Arten von Medien von Lacken, Farben, Klebstoffen, Lebenssmitteln und zahlreichen Laboranwendungen unterst\u00fctzen und helfen.[\/vc_column_text][vc_separator type=&#8220;small&#8220; position=&#8220;center&#8220; width_in_percentages=&#8220;yes&#8220; color=&#8220;#e0e0e0&#8243; thickness=&#8220;1&#8243; width=&#8220;80&#8243; up=&#8220;30&#8243; down=&#8220;30&#8243;]<a  itemprop=\"url\" href=\"http:\/\/merris-international.com\/products\/\" target=\"_self\"  class=\"qbutton  default\" style=\"margin: 8px 8px 8px 8px; \">Unsere Produktpalette<\/a><a  itemprop=\"url\" href=\"http:\/\/merris-international.com\/about\/\" target=\"_self\"  class=\"qbutton  white default\" style=\"margin: 8px 8px 8px 8px; \">\u00dcber Merris<\/a>[\/vc_column_inner][vc_column_inner width=&#8220;1\/6&#8243;][\/vc_column_inner][\/vc_row_inner][\/vc_column][\/vc_row][vc_row css_animation=&#8220;&#8220; row_type=&#8220;row&#8220; use_row_as_full_screen_section=&#8220;no&#8220; type=&#8220;grid&#8220; angled_section=&#8220;no&#8220; text_align=&#8220;center&#8220; background_image_as_pattern=&#8220;without_pattern&#8220; background_color=&#8220;#f7f7f7&#8243; padding_top=&#8220;60&#8243; padding_bottom=&#8220;60&#8243;][vc_column][vc_column_text]<\/p>\n<h1>Neueste Produkte<\/h1>\n<p>[\/vc_column_text][vc_empty_space height=&#8220;20px&#8220;]<div class='projects_holder_outer v5 portfolio_with_space portfolio_standard'>\n        <div class='projects_holder portfolio_main_holder clearfix v5 standard portfolio_full_image portfolio_one_by_one'>\n        \n        <article class='mix portfolio_category_4 portfolio_category_10 default' style=''>\n    \n    \n    \n    \n            <div class=\"item_holder thin_plus_only\">\n\n                    <div class=\"text_holder\">\n        <div class=\"text_holder_outer\">\n            <div class=\"text_holder_inner\">\n                            <span class=\"thin_plus_only_icon\">+<\/span>\n                        <\/div>\n        <\/div>\n    <\/div>\n\n                                    <a itemprop=\"url\" class=\"portfolio_link_class\" title=\"Aerocolor P Series\" href=\"https:\/\/merris-international.com\/products\/aerocolour-p-series\/\"><\/a>\n                \n                <div style=\"background-color: rgba(12,77,162,0.75)\" class=\"portfolio_shader\"><\/div>\n                <div class=\"image_holder\">\n                    \n<span class='image'><img loading=\"lazy\" decoding=\"async\" width=\"600\" height=\"600\" src=\"https:\/\/merris-international.com\/wp-content\/uploads\/2021\/04\/aero-p-portfolio-new.jpg\" class=\"attachment-full size-full wp-post-image\" alt=\"Aerocolor P Series\" srcset=\"https:\/\/merris-international.com\/wp-content\/uploads\/2021\/04\/aero-p-portfolio-new.jpg 600w, https:\/\/merris-international.com\/wp-content\/uploads\/2021\/04\/aero-p-portfolio-new-300x300.jpg 300w, https:\/\/merris-international.com\/wp-content\/uploads\/2021\/04\/aero-p-portfolio-new-150x150.jpg 150w, https:\/\/merris-international.com\/wp-content\/uploads\/2021\/04\/aero-p-portfolio-new-570x570.jpg 570w, https:\/\/merris-international.com\/wp-content\/uploads\/2021\/04\/aero-p-portfolio-new-500x500.jpg 500w\" sizes=\"auto, (max-width: 600px) 100vw, 600px\" \/><\/span>                <\/div>\n            <\/div>\n\n                <div class='portfolio_description ' style=background-color:#ffffff;'>\n\n        \n    <h5 itemprop=\"name\" class=\"portfolio_title entry_title\"><a itemprop=\"url\" href=\"https:\/\/merris-international.com\/products\/aerocolour-p-series\/\"  target=\"_self\"> Aerocolor P Series<\/a><\/h5>\n\n\n        \n        \n    <\/div>\n\n        \n<\/article>\n<article class='mix portfolio_category_4 portfolio_category_13 default' style=''>\n    \n    \n    \n    \n            <div class=\"item_holder thin_plus_only\">\n\n                    <div class=\"text_holder\">\n        <div class=\"text_holder_outer\">\n            <div class=\"text_holder_inner\">\n                            <span class=\"thin_plus_only_icon\">+<\/span>\n                        <\/div>\n        <\/div>\n    <\/div>\n\n                                    <a itemprop=\"url\" class=\"portfolio_link_class\" title=\"Minimix Laboratory\" href=\"http:\/\/merris-international.com\/lab-mixer\/\"><\/a>\n                \n                <div style=\"background-color: rgba(12,77,162,0.75)\" class=\"portfolio_shader\"><\/div>\n                <div class=\"image_holder\">\n                    \n<span class='image'><img loading=\"lazy\" decoding=\"async\" width=\"600\" height=\"600\" src=\"https:\/\/merris-international.com\/wp-content\/uploads\/2018\/05\/lab-mixer-portfolio.jpg\" class=\"attachment-full size-full wp-post-image\" alt=\"Laboratory Shaker Homogenizer\" srcset=\"https:\/\/merris-international.com\/wp-content\/uploads\/2018\/05\/lab-mixer-portfolio.jpg 600w, https:\/\/merris-international.com\/wp-content\/uploads\/2018\/05\/lab-mixer-portfolio-150x150.jpg 150w, https:\/\/merris-international.com\/wp-content\/uploads\/2018\/05\/lab-mixer-portfolio-300x300.jpg 300w, https:\/\/merris-international.com\/wp-content\/uploads\/2018\/05\/lab-mixer-portfolio-570x570.jpg 570w, https:\/\/merris-international.com\/wp-content\/uploads\/2018\/05\/lab-mixer-portfolio-500x500.jpg 500w\" sizes=\"auto, (max-width: 600px) 100vw, 600px\" \/><\/span>                <\/div>\n            <\/div>\n\n                <div class='portfolio_description ' style=background-color:#ffffff;'>\n\n        \n    <h5 itemprop=\"name\" class=\"portfolio_title entry_title\"><a itemprop=\"url\" href=\"http:\/\/merris-international.com\/lab-mixer\/\"  target=\"_self\"> Minimix Laboratory<\/a><\/h5>\n\n\n        \n        \n    <\/div>\n\n        \n<\/article>\n<article class='mix portfolio_category_4 portfolio_category_6 default' style=''>\n    \n    \n    \n    \n            <div class=\"item_holder thin_plus_only\">\n\n                    <div class=\"text_holder\">\n        <div class=\"text_holder_outer\">\n            <div class=\"text_holder_inner\">\n                            <span class=\"thin_plus_only_icon\">+<\/span>\n                        <\/div>\n        <\/div>\n    <\/div>\n\n                                    <a itemprop=\"url\" class=\"portfolio_link_class\" title=\"Spinmix 500x ATEX\" href=\"http:\/\/merris-international.com\/products\/spinmix-500x-atex\/\"><\/a>\n                \n                <div style=\"background-color: rgba(12,77,162,0.75)\" class=\"portfolio_shader\"><\/div>\n                <div class=\"image_holder\">\n                    \n<span class='image'><img loading=\"lazy\" decoding=\"async\" width=\"600\" height=\"600\" src=\"https:\/\/merris-international.com\/wp-content\/uploads\/2017\/03\/500x-atex.jpg\" class=\"attachment-full size-full wp-post-image\" alt=\"Spinmix 500x ATEX, Gyroscopic Paint Mixer\" srcset=\"https:\/\/merris-international.com\/wp-content\/uploads\/2017\/03\/500x-atex.jpg 600w, https:\/\/merris-international.com\/wp-content\/uploads\/2017\/03\/500x-atex-300x300.jpg 300w, https:\/\/merris-international.com\/wp-content\/uploads\/2017\/03\/500x-atex-150x150.jpg 150w, https:\/\/merris-international.com\/wp-content\/uploads\/2017\/03\/500x-atex-570x570.jpg 570w, https:\/\/merris-international.com\/wp-content\/uploads\/2017\/03\/500x-atex-500x500.jpg 500w\" sizes=\"auto, (max-width: 600px) 100vw, 600px\" \/><\/span>                <\/div>\n            <\/div>\n\n                <div class='portfolio_description ' style=background-color:#ffffff;'>\n\n        \n    <h5 itemprop=\"name\" class=\"portfolio_title entry_title\"><a itemprop=\"url\" href=\"http:\/\/merris-international.com\/products\/spinmix-500x-atex\/\"  target=\"_self\"> Spinmix 500x ATEX<\/a><\/h5>\n\n\n        \n        \n    <\/div>\n\n        \n<\/article>\n<article class='mix portfolio_category_4 portfolio_category_11 portfolio_category_6 default' style=''>\n    \n    \n    \n    \n            <div class=\"item_holder thin_plus_only\">\n\n                    <div class=\"text_holder\">\n        <div class=\"text_holder_outer\">\n            <div class=\"text_holder_inner\">\n                            <span class=\"thin_plus_only_icon\">+<\/span>\n                        <\/div>\n        <\/div>\n    <\/div>\n\n                                    <a itemprop=\"url\" class=\"portfolio_link_class\" title=\"(English) Spinmix 500x\" href=\"https:\/\/merris-international.com\/products\/spinmix-500x\/\"><\/a>\n                \n                <div style=\"background-color: rgba(12,77,162,0.75)\" class=\"portfolio_shader\"><\/div>\n                <div class=\"image_holder\">\n                    \n<span class='image'><img loading=\"lazy\" decoding=\"async\" width=\"600\" height=\"600\" src=\"https:\/\/merris-international.com\/wp-content\/uploads\/2017\/03\/spinmix500x-new.jpg\" class=\"attachment-full size-full wp-post-image\" alt=\"Spinmix 500x, Gyroscopic Mixer\" srcset=\"https:\/\/merris-international.com\/wp-content\/uploads\/2017\/03\/spinmix500x-new.jpg 600w, https:\/\/merris-international.com\/wp-content\/uploads\/2017\/03\/spinmix500x-new-300x300.jpg 300w, https:\/\/merris-international.com\/wp-content\/uploads\/2017\/03\/spinmix500x-new-150x150.jpg 150w, https:\/\/merris-international.com\/wp-content\/uploads\/2017\/03\/spinmix500x-new-570x570.jpg 570w, https:\/\/merris-international.com\/wp-content\/uploads\/2017\/03\/spinmix500x-new-500x500.jpg 500w\" sizes=\"auto, (max-width: 600px) 100vw, 600px\" \/><\/span>                <\/div>\n            <\/div>\n\n                <div class='portfolio_description ' style=background-color:#ffffff;'>\n\n        \n    <h5 itemprop=\"name\" class=\"portfolio_title entry_title\"><a itemprop=\"url\" href=\"https:\/\/merris-international.com\/products\/spinmix-500x\/\"  target=\"_self\"> (English) Spinmix 500x<\/a><\/h5>\n\n\n        \n        \n    <\/div>\n\n        \n<\/article>\n        <div class='filler'><\/div>\n            <div class='filler'><\/div>\n            <div class='filler'><\/div>\n            <div class='filler'><\/div>\n            <div class='filler'><\/div>\n        <\/div>\n\n    \n    <\/div>[\/vc_column][\/vc_row][vc_row css_animation=&#8220;&#8220; row_type=&#8220;row&#8220; use_row_as_full_screen_section=&#8220;no&#8220; type=&#8220;grid&#8220; angled_section=&#8220;no&#8220; text_align=&#8220;center&#8220; background_image_as_pattern=&#8220;without_pattern&#8220; padding_top=&#8220;50&#8243; padding_bottom=&#8220;50&#8243;][vc_column width=&#8220;1\/6&#8243;][\/vc_column][vc_column width=&#8220;2\/3&#8243;]<div class='testimonials_holder clearfix light'><div class=\"testimonials testimonials_carousel\" data-show-navigation=\"yes\" data-animation-type=\"fade\" data-animation-speed=\"2000\" data-auto-rotate-slides=\"5\" data-number-per-slide=\"1\"><ul class=\"slides\"><li id=\"testimonials106\" class=\"testimonial_content\"><div class=\"testimonial_content_inner\"><div class=\"testimonial_text_holder\"><div class=\"testimonial_text_inner\" style=\"\"><p>\"We have been using Merris Automix shakers now for 10 years and are very happy with the rugged build, long life span and low operating cost over their life cycles.\"<\/p><p class=\"testimonial_author\" style=\"\">Roman Pilipenko, Akzo Nobel Aerospace Coatings, Moscow<\/p><\/div><\/div><\/div><\/li><li id=\"testimonials105\" class=\"testimonial_content\"><div class=\"testimonial_content_inner\"><div class=\"testimonial_text_holder\"><div class=\"testimonial_text_inner\" style=\"\"><p>\"Our Minimix Auto shaker has had 2 years of continuous service being used seven days a week on a continuous shift roster basis and several times on each shift, which is pretty impressive.\"<\/p><p class=\"testimonial_author\" style=\"\">Ian Daniels, BHP Billiton Worsley Alumina Pty Ltd, Australia<\/p><\/div><\/div><\/div><\/li><\/ul><\/div><\/div>[\/vc_column][vc_column width=&#8220;1\/6&#8243;][\/vc_column][\/vc_row]<\/p>\n<\/section>","protected":false},"excerpt":{"rendered":"<p>[vc_row css_animation=&#8220;&#8220; row_type=&#8220;row&#8220; use_row_as_full_screen_section=&#8220;no&#8220; type=&#8220;grid&#8220; angled_section=&#8220;no&#8220; text_align=&#8220;center&#8220; background_image_as_pattern=&#8220;without_pattern&#8220; anchor=&#8220;content&#8220; padding_top=&#8220;60&#8243; padding_bottom=&#8220;50&#8243;][vc_column][vc_row_inner row_type=&#8220;row&#8220; type=&#8220;grid&#8220; text_align=&#8220;center&#8220; css_animation=&#8220;&#8220;][vc_column_inner width=&#8220;1\/6&#8243;][\/vc_column_inner][vc_column_inner width=&#8220;2\/3&#8243;][vc_column_text] Merris, Heimat des Vibrationsr\u00fcttlers, gyroskopischen Mischers und Dispensers [\/vc_column_text][vc_empty_space height=&#8220;20px&#8220;][vc_column_text css=&#8220;.vc_custom_1501105577016{padding-right: 4% !important;padding-left: 4% !important;}&#8220;]Merris stellt seit 1969 Ger\u00e4te f\u00fcr die Farbindustrie her. Im Laufe der 4 Jahrzehnte&#8230;<\/p>\n","protected":false},"author":1,"featured_media":0,"parent":0,"menu_order":0,"comment_status":"closed","ping_status":"closed","template":"full_width.php","meta":{"footnotes":""},"class_list":["post-6","page","type-page","status-publish","hentry"],"yoast_head":"<!-- This site is optimized with the Yoast SEO plugin v24.7 - https:\/\/yoast.com\/wordpress\/plugins\/seo\/ -->\n<title>Merris, Heimat des Vibrationsr\u00fcttlers, gyroskopischen Mischers und Dispensers<\/title>\n<meta name=\"description\" content=\"Merris have been manufactures of the vibrational shaker, gyroscopic mixer, shear mixer and dispenser for nearly 45 years world. Applications include paint mixing and laboratory mixer.\" \/>\n<meta name=\"robots\" content=\"index, follow, max-snippet:-1, max-image-preview:large, max-video-preview:-1\" \/>\n<link rel=\"canonical\" href=\"https:\/\/merris-international.com\/\" \/>\n<meta property=\"og:locale\" content=\"de_DE\" \/>\n<meta property=\"og:type\" content=\"article\" \/>\n<meta property=\"og:title\" content=\"[:en]Merris - Mixing solutions for laboratory and industry[:de]Merris, Heimat des Vibrationsr\u00fcttlers, gyroskopischen Mischers und Dispensers[:]\" \/>\n<meta property=\"og:description\" content=\"{:en}Merris have been manufactures of the laboratory shaker, gyroscopic mixer, and dispenser for nearly 50 years world. Applications from paint to laboratory.{:de}Merris have been manufactures of the vibrational shaker, gyroscopic mixer, shear mixer and dispenser for nearly 45 years world. Applications include paint mixing and laboratory mixer.{:}\" \/>\n<meta property=\"og:url\" content=\"https:\/\/merris-international.com\/\" \/>\n<meta property=\"og:site_name\" content=\"Merris\" \/>\n<meta property=\"article:modified_time\" content=\"2022-08-16T10:27:19+00:00\" \/>\n<meta name=\"twitter:card\" content=\"summary_large_image\" \/>\n<meta name=\"twitter:label1\" content=\"Gesch\u00e4tzte Lesezeit\" \/>\n\t<meta name=\"twitter:data1\" content=\"1\u00a0Minute\" \/>\n<script type=\"application\/ld+json\" class=\"yoast-schema-graph\">{\"@context\":\"https:\/\/schema.org\",\"@graph\":[{\"@type\":\"WebPage\",\"@id\":\"https:\/\/merris-international.com\/\",\"url\":\"https:\/\/merris-international.com\/\",\"name\":\"[:en]Merris - Mixing solutions for laboratory and industry[:de]Merris, Heimat des Vibrationsr\u00fcttlers, gyroskopischen Mischers und Dispensers[:]\",\"isPartOf\":{\"@id\":\"https:\/\/merris-international.com\/fr\/#website\"},\"datePublished\":\"2017-03-20T20:57:25+00:00\",\"dateModified\":\"2022-08-16T10:27:19+00:00\",\"description\":\"{:en}Merris have been manufactures of the laboratory shaker, gyroscopic mixer, and dispenser for nearly 50 years world. Applications from paint to laboratory.{:de}Merris have been manufactures of the vibrational shaker, gyroscopic mixer, shear mixer and dispenser for nearly 45 years world. Applications include paint mixing and laboratory mixer.{:}\",\"breadcrumb\":{\"@id\":\"https:\/\/merris-international.com\/#breadcrumb\"},\"inLanguage\":\"de\",\"potentialAction\":[{\"@type\":\"ReadAction\",\"target\":[\"https:\/\/merris-international.com\/\"]}]},{\"@type\":\"BreadcrumbList\",\"@id\":\"https:\/\/merris-international.com\/#breadcrumb\",\"itemListElement\":[{\"@type\":\"ListItem\",\"position\":1,\"name\":\"Home\",\"item\":\"https:\/\/merris-international.com\/\"},{\"@type\":\"ListItem\",\"position\":2,\"name\":\"Home page\"}]},{\"@type\":\"WebSite\",\"@id\":\"https:\/\/merris-international.com\/fr\/#website\",\"url\":\"https:\/\/merris-international.com\/fr\/\",\"name\":\"Merris\",\"description\":\"Industrial Paint and Laboratory Mixing Equipment Manufacturer\",\"publisher\":{\"@id\":\"https:\/\/merris-international.com\/fr\/#organization\"},\"potentialAction\":[{\"@type\":\"SearchAction\",\"target\":{\"@type\":\"EntryPoint\",\"urlTemplate\":\"https:\/\/merris-international.com\/fr\/?s={search_term_string}\"},\"query-input\":{\"@type\":\"PropertyValueSpecification\",\"valueRequired\":true,\"valueName\":\"search_term_string\"}}],\"inLanguage\":\"de\"},{\"@type\":\"Organization\",\"@id\":\"https:\/\/merris-international.com\/fr\/#organization\",\"name\":\"Merris\",\"url\":\"https:\/\/merris-international.com\/fr\/\",\"logo\":{\"@type\":\"ImageObject\",\"inLanguage\":\"de\",\"@id\":\"https:\/\/merris-international.com\/fr\/#\/schema\/logo\/image\/\",\"url\":\"https:\/\/merris-international.com\/wp-content\/uploads\/2017\/03\/cog.png\",\"contentUrl\":\"https:\/\/merris-international.com\/wp-content\/uploads\/2017\/03\/cog.png\",\"width\":111,\"height\":111,\"caption\":\"Merris\"},\"image\":{\"@id\":\"https:\/\/merris-international.com\/fr\/#\/schema\/logo\/image\/\"}}]}<\/script>\n<!-- \/ Yoast SEO plugin. -->","yoast_head_json":{"title":"Merris, Heimat des Vibrationsr\u00fcttlers, gyroskopischen Mischers und Dispensers","description":"Merris have been manufactures of the vibrational shaker, gyroscopic mixer, shear mixer and dispenser for nearly 45 years world. Applications include paint mixing and laboratory mixer.","robots":{"index":"index","follow":"follow","max-snippet":"max-snippet:-1","max-image-preview":"max-image-preview:large","max-video-preview":"max-video-preview:-1"},"canonical":"https:\/\/merris-international.com\/","og_locale":"de_DE","og_type":"article","og_title":"[:en]Merris - Mixing solutions for laboratory and industry[:de]Merris, Heimat des Vibrationsr\u00fcttlers, gyroskopischen Mischers und Dispensers[:]","og_description":"{:en}Merris have been manufactures of the laboratory shaker, gyroscopic mixer, and dispenser for nearly 50 years world. Applications from paint to laboratory.{:de}Merris have been manufactures of the vibrational shaker, gyroscopic mixer, shear mixer and dispenser for nearly 45 years world. Applications include paint mixing and laboratory mixer.{:}","og_url":"https:\/\/merris-international.com\/","og_site_name":"Merris","article_modified_time":"2022-08-16T10:27:19+00:00","twitter_card":"summary_large_image","twitter_misc":{"Gesch\u00e4tzte Lesezeit":"1\u00a0Minute"},"schema":{"@context":"https:\/\/schema.org","@graph":[{"@type":"WebPage","@id":"https:\/\/merris-international.com\/","url":"https:\/\/merris-international.com\/","name":"[:en]Merris - Mixing solutions for laboratory and industry[:de]Merris, Heimat des Vibrationsr\u00fcttlers, gyroskopischen Mischers und Dispensers[:]","isPartOf":{"@id":"https:\/\/merris-international.com\/fr\/#website"},"datePublished":"2017-03-20T20:57:25+00:00","dateModified":"2022-08-16T10:27:19+00:00","description":"{:en}Merris have been manufactures of the laboratory shaker, gyroscopic mixer, and dispenser for nearly 50 years world. Applications from paint to laboratory.{:de}Merris have been manufactures of the vibrational shaker, gyroscopic mixer, shear mixer and dispenser for nearly 45 years world. Applications include paint mixing and laboratory mixer.{:}","breadcrumb":{"@id":"https:\/\/merris-international.com\/#breadcrumb"},"inLanguage":"de","potentialAction":[{"@type":"ReadAction","target":["https:\/\/merris-international.com\/"]}]},{"@type":"BreadcrumbList","@id":"https:\/\/merris-international.com\/#breadcrumb","itemListElement":[{"@type":"ListItem","position":1,"name":"Home","item":"https:\/\/merris-international.com\/"},{"@type":"ListItem","position":2,"name":"Home page"}]},{"@type":"WebSite","@id":"https:\/\/merris-international.com\/fr\/#website","url":"https:\/\/merris-international.com\/fr\/","name":"Merris","description":"Industrial Paint and Laboratory Mixing Equipment Manufacturer","publisher":{"@id":"https:\/\/merris-international.com\/fr\/#organization"},"potentialAction":[{"@type":"SearchAction","target":{"@type":"EntryPoint","urlTemplate":"https:\/\/merris-international.com\/fr\/?s={search_term_string}"},"query-input":{"@type":"PropertyValueSpecification","valueRequired":true,"valueName":"search_term_string"}}],"inLanguage":"de"},{"@type":"Organization","@id":"https:\/\/merris-international.com\/fr\/#organization","name":"Merris","url":"https:\/\/merris-international.com\/fr\/","logo":{"@type":"ImageObject","inLanguage":"de","@id":"https:\/\/merris-international.com\/fr\/#\/schema\/logo\/image\/","url":"https:\/\/merris-international.com\/wp-content\/uploads\/2017\/03\/cog.png","contentUrl":"https:\/\/merris-international.com\/wp-content\/uploads\/2017\/03\/cog.png","width":111,"height":111,"caption":"Merris"},"image":{"@id":"https:\/\/merris-international.com\/fr\/#\/schema\/logo\/image\/"}}]}},"_links":{"self":[{"href":"https:\/\/merris-international.com\/de\/wp-json\/wp\/v2\/pages\/6","targetHints":{"allow":["GET"]}}],"collection":[{"href":"https:\/\/merris-international.com\/de\/wp-json\/wp\/v2\/pages"}],"about":[{"href":"https:\/\/merris-international.com\/de\/wp-json\/wp\/v2\/types\/page"}],"author":[{"embeddable":true,"href":"https:\/\/merris-international.com\/de\/wp-json\/wp\/v2\/users\/1"}],"replies":[{"embeddable":true,"href":"https:\/\/merris-international.com\/de\/wp-json\/wp\/v2\/comments?post=6"}],"version-history":[{"count":41,"href":"https:\/\/merris-international.com\/de\/wp-json\/wp\/v2\/pages\/6\/revisions"}],"predecessor-version":[{"id":856,"href":"https:\/\/merris-international.com\/de\/wp-json\/wp\/v2\/pages\/6\/revisions\/856"}],"wp:attachment":[{"href":"https:\/\/merris-international.com\/de\/wp-json\/wp\/v2\/media?parent=6"}],"curies":[{"name":"wp","href":"https:\/\/api.w.org\/{rel}","templated":true}]}}