{"id":10,"date":"2017-03-20T20:58:08","date_gmt":"2017-03-20T20:58:08","guid":{"rendered":"http:\/\/merris-international.com\/?page_id=10"},"modified":"2017-08-06T19:01:22","modified_gmt":"2017-08-06T19:01:22","slug":"accessories","status":"publish","type":"page","link":"https:\/\/merris-international.com\/es\/accessories\/","title":{"rendered":"Accessories"},"content":{"rendered":"<section class=\"wpb-content-wrapper\"><p>[vc_row css_animation=\u00bb\u00bb row_type=\u00bbrow\u00bb use_row_as_full_screen_section=\u00bbno\u00bb type=\u00bbgrid\u00bb anchor=\u00bbcontent\u00bb angled_section=\u00bbno\u00bb text_align=\u00bbcenter\u00bb background_image_as_pattern=\u00bbwithout_pattern\u00bb padding_top=\u00bb60&#8243; padding_bottom=\u00bb50&#8243;][vc_column][vc_column_text]<\/p>\n<h1>Nuestra Gama de Accesorios<\/h1>\n<p>[\/vc_column_text][vc_row_inner row_type=\u00bbrow\u00bb type=\u00bbgrid\u00bb text_align=\u00bbcenter\u00bb css_animation=\u00bb\u00bb][vc_column_inner width=\u00bb1\/6&#8243;][\/vc_column_inner][vc_column_inner width=\u00bb2\/3&#8243;][vc_empty_space height=\u00bb20px\u00bb][vc_column_text css=\u00bb.vc_custom_1502046073512{padding-right: 5% !important;padding-left: 5% !important;}\u00bb]Actualmente nuestra gama ofrece la tapadora y soportes para botellas. Estamos buscando nuevos productos que a\u00f1adir a nuestra gama, as\u00ed que si tiene alguna idea buena o necesita m\u00e1s puntos de venta para sus productos, hable con nosotros. Tenemos una f\u00e1brica moderna y un espacio de producci\u00f3n con capacidad para manejar importantes vol\u00famenes y una distribuci\u00f3n creciente con m\u00e1s industrias globalmente.[\/vc_column_text][\/vc_column_inner][vc_column_inner width=\u00bb1\/6&#8243;][\/vc_column_inner][\/vc_row_inner][\/vc_column][\/vc_row][vc_row css_animation=\u00bb\u00bb row_type=\u00bbrow\u00bb use_row_as_full_screen_section=\u00bbno\u00bb type=\u00bbgrid\u00bb angled_section=\u00bbno\u00bb text_align=\u00bbcenter\u00bb background_image_as_pattern=\u00bbwithout_pattern\u00bb background_color=\u00bb#f7f7f7&#8243; padding_top=\u00bb75&#8243; padding_bottom=\u00bb60&#8243;][vc_column width=\u00bb1\/6&#8243;][\/vc_column][vc_column width=\u00bb2\/3&#8243;]<div class='projects_holder_outer v3 portfolio_with_space portfolio_standard'>\n        <div class='projects_holder portfolio_main_holder clearfix v3 standard portfolio_full_image portfolio_one_by_one'>\n        \n        <article class='mix portfolio_category_12 default' style=''>\n    \n    \n    \n    \n            <div class=\"item_holder thin_plus_only\">\n\n                    <div class=\"text_holder\">\n        <div class=\"text_holder_outer\">\n            <div class=\"text_holder_inner\">\n                            <span class=\"thin_plus_only_icon\">+<\/span>\n                        <\/div>\n        <\/div>\n    <\/div>\n\n                                    <a itemprop=\"url\" class=\"portfolio_link_class\" title=\"COLOURANT BOTTLE HOLDER\" href=\"http:\/\/merris-international.com\/accessories\/colourant-bottle-holder\/\"><\/a>\n                \n                <div style=\"background-color: rgba(12,77,162,0.75)\" class=\"portfolio_shader\"><\/div>\n                <div class=\"image_holder\">\n                    \n<span class='image'><img loading=\"lazy\" decoding=\"async\" width=\"600\" height=\"600\" src=\"https:\/\/merris-international.com\/wp-content\/uploads\/2017\/04\/bottle-holder.jpg\" class=\"attachment-full size-full wp-post-image\" alt=\"\" srcset=\"https:\/\/merris-international.com\/wp-content\/uploads\/2017\/04\/bottle-holder.jpg 600w, https:\/\/merris-international.com\/wp-content\/uploads\/2017\/04\/bottle-holder-150x150.jpg 150w, https:\/\/merris-international.com\/wp-content\/uploads\/2017\/04\/bottle-holder-300x300.jpg 300w, https:\/\/merris-international.com\/wp-content\/uploads\/2017\/04\/bottle-holder-570x570.jpg 570w, https:\/\/merris-international.com\/wp-content\/uploads\/2017\/04\/bottle-holder-500x500.jpg 500w\" sizes=\"auto, (max-width: 600px) 100vw, 600px\" \/><\/span>                <\/div>\n            <\/div>\n\n                <div class='portfolio_description text_align_center' >\n\n        \n    <h5 itemprop=\"name\" class=\"portfolio_title entry_title\"><a itemprop=\"url\" href=\"http:\/\/merris-international.com\/accessories\/colourant-bottle-holder\/\"  target=\"_self\"> COLOURANT BOTTLE HOLDER<\/a><\/h5>\n\n\n        \n        \n    <\/div>\n\n        \n<\/article>\n<article class='mix portfolio_category_12 default' style=''>\n    \n    \n    \n    \n            <div class=\"item_holder thin_plus_only\">\n\n                    <div class=\"text_holder\">\n        <div class=\"text_holder_outer\">\n            <div class=\"text_holder_inner\">\n                            <span class=\"thin_plus_only_icon\">+<\/span>\n                        <\/div>\n        <\/div>\n    <\/div>\n\n                                    <a itemprop=\"url\" class=\"portfolio_link_class\" title=\"Lid Press\" href=\"http:\/\/merris-international.com\/accessories\/lid-press\/\"><\/a>\n                \n                <div style=\"background-color: rgba(12,77,162,0.75)\" class=\"portfolio_shader\"><\/div>\n                <div class=\"image_holder\">\n                    \n<span class='image'><img loading=\"lazy\" decoding=\"async\" width=\"600\" height=\"600\" src=\"https:\/\/merris-international.com\/wp-content\/uploads\/2017\/04\/lidpress17.jpg\" class=\"attachment-full size-full wp-post-image\" alt=\"\" srcset=\"https:\/\/merris-international.com\/wp-content\/uploads\/2017\/04\/lidpress17.jpg 600w, https:\/\/merris-international.com\/wp-content\/uploads\/2017\/04\/lidpress17-150x150.jpg 150w, https:\/\/merris-international.com\/wp-content\/uploads\/2017\/04\/lidpress17-300x300.jpg 300w, https:\/\/merris-international.com\/wp-content\/uploads\/2017\/04\/lidpress17-570x570.jpg 570w, https:\/\/merris-international.com\/wp-content\/uploads\/2017\/04\/lidpress17-500x500.jpg 500w\" sizes=\"auto, (max-width: 600px) 100vw, 600px\" \/><\/span>                <\/div>\n            <\/div>\n\n                <div class='portfolio_description text_align_center' >\n\n        \n    <h5 itemprop=\"name\" class=\"portfolio_title entry_title\"><a itemprop=\"url\" href=\"http:\/\/merris-international.com\/accessories\/lid-press\/\"  target=\"_self\"> Lid Press<\/a><\/h5>\n\n\n        \n        \n    <\/div>\n\n        \n<\/article>\n<article class='mix portfolio_category_12 default' style=''>\n    \n    \n    \n    \n            <div class=\"item_holder thin_plus_only\">\n\n                    <div class=\"text_holder\">\n        <div class=\"text_holder_outer\">\n            <div class=\"text_holder_inner\">\n                            <span class=\"thin_plus_only_icon\">+<\/span>\n                        <\/div>\n        <\/div>\n    <\/div>\n\n                                    <a itemprop=\"url\" class=\"portfolio_link_class\" title=\"Pumps\" href=\"http:\/\/merris-international.com\/accessories\/pumps\/\"><\/a>\n                \n                <div style=\"background-color: rgba(12,77,162,0.75)\" class=\"portfolio_shader\"><\/div>\n                <div class=\"image_holder\">\n                    \n<span class='image'><img loading=\"lazy\" decoding=\"async\" width=\"600\" height=\"600\" src=\"https:\/\/merris-international.com\/wp-content\/uploads\/2017\/04\/pumps.jpg\" class=\"attachment-full size-full wp-post-image\" alt=\"\" srcset=\"https:\/\/merris-international.com\/wp-content\/uploads\/2017\/04\/pumps.jpg 600w, https:\/\/merris-international.com\/wp-content\/uploads\/2017\/04\/pumps-150x150.jpg 150w, https:\/\/merris-international.com\/wp-content\/uploads\/2017\/04\/pumps-300x300.jpg 300w, https:\/\/merris-international.com\/wp-content\/uploads\/2017\/04\/pumps-570x570.jpg 570w, https:\/\/merris-international.com\/wp-content\/uploads\/2017\/04\/pumps-500x500.jpg 500w\" sizes=\"auto, (max-width: 600px) 100vw, 600px\" \/><\/span>                <\/div>\n            <\/div>\n\n                <div class='portfolio_description text_align_center' >\n\n        \n    <h5 itemprop=\"name\" class=\"portfolio_title entry_title\"><a itemprop=\"url\" href=\"http:\/\/merris-international.com\/accessories\/pumps\/\"  target=\"_self\"> Pumps<\/a><\/h5>\n\n\n        \n        \n    <\/div>\n\n        \n<\/article>\n        <div class='filler'><\/div>\n            <div class='filler'><\/div>\n            <div class='filler'><\/div>\n        <\/div>\n\n    \n    <\/div>[\/vc_column][vc_column width=\u00bb1\/6&#8243;][\/vc_column][\/vc_row]<\/p>\n<\/section>","protected":false},"excerpt":{"rendered":"<p>[vc_row css_animation=\u00bb\u00bb row_type=\u00bbrow\u00bb use_row_as_full_screen_section=\u00bbno\u00bb type=\u00bbgrid\u00bb anchor=\u00bbcontent\u00bb angled_section=\u00bbno\u00bb text_align=\u00bbcenter\u00bb background_image_as_pattern=\u00bbwithout_pattern\u00bb padding_top=\u00bb60&#8243; padding_bottom=\u00bb50&#8243;][vc_column][vc_column_text] Nuestra Gama de Accesorios [\/vc_column_text][vc_row_inner row_type=\u00bbrow\u00bb type=\u00bbgrid\u00bb text_align=\u00bbcenter\u00bb css_animation=\u00bb\u00bb][vc_column_inner width=\u00bb1\/6&#8243;][\/vc_column_inner][vc_column_inner width=\u00bb2\/3&#8243;][vc_empty_space height=\u00bb20px\u00bb][vc_column_text css=\u00bb.vc_custom_1502046073512{padding-right: 5% !important;padding-left: 5% !important;}\u00bb]Actualmente nuestra gama ofrece la tapadora y soportes para botellas. Estamos buscando nuevos productos que a\u00f1adir a nuestra&#8230;<\/p>\n","protected":false},"author":1,"featured_media":0,"parent":0,"menu_order":0,"comment_status":"closed","ping_status":"closed","template":"full_width.php","meta":{"footnotes":""},"class_list":["post-10","page","type-page","status-publish","hentry"],"yoast_head":"<!-- This site is optimized with the Yoast SEO plugin v24.7 - https:\/\/yoast.com\/wordpress\/plugins\/seo\/ -->\n<title>Accessories - Merris<\/title>\n<meta name=\"robots\" content=\"index, follow, max-snippet:-1, max-image-preview:large, max-video-preview:-1\" \/>\n<link rel=\"canonical\" href=\"https:\/\/merris-international.com\/es\/accessories\/\" \/>\n<meta property=\"og:locale\" content=\"es_ES\" \/>\n<meta property=\"og:type\" content=\"article\" \/>\n<meta property=\"og:title\" content=\"Accessories - Merris\" \/>\n<meta property=\"og:description\" content=\"[vc_row css_animation=\u00bb\u00bb row_type=\u00bbrow\u00bb use_row_as_full_screen_section=\u00bbno\u00bb type=\u00bbgrid\u00bb anchor=\u00bbcontent\u00bb angled_section=\u00bbno\u00bb text_align=\u00bbcenter\u00bb background_image_as_pattern=\u00bbwithout_pattern\u00bb padding_top=\u00bb60&#8243; padding_bottom=\u00bb50&#8243;][vc_column][vc_column_text] Nuestra Gama de Accesorios [\/vc_column_text][vc_row_inner row_type=\u00bbrow\u00bb type=\u00bbgrid\u00bb text_align=\u00bbcenter\u00bb css_animation=\u00bb\u00bb][vc_column_inner width=\u00bb1\/6&#8243;][\/vc_column_inner][vc_column_inner width=\u00bb2\/3&#8243;][vc_empty_space height=\u00bb20px\u00bb][vc_column_text css=\u00bb.vc_custom_1502046073512{padding-right: 5% !important;padding-left: 5% !important;}\u00bb]Actualmente nuestra gama ofrece la tapadora y soportes para botellas. Estamos buscando nuevos productos que a\u00f1adir a nuestra...\" \/>\n<meta property=\"og:url\" content=\"https:\/\/merris-international.com\/es\/accessories\/\" \/>\n<meta property=\"og:site_name\" content=\"Merris\" \/>\n<meta property=\"article:modified_time\" content=\"2017-08-06T19:01:22+00:00\" \/>\n<meta name=\"twitter:card\" content=\"summary_large_image\" \/>\n<meta name=\"twitter:label1\" content=\"Tiempo de lectura\" \/>\n\t<meta name=\"twitter:data1\" content=\"1 minuto\" \/>\n<script type=\"application\/ld+json\" class=\"yoast-schema-graph\">{\"@context\":\"https:\/\/schema.org\",\"@graph\":[{\"@type\":\"WebPage\",\"@id\":\"https:\/\/merris-international.com\/es\/accessories\/\",\"url\":\"https:\/\/merris-international.com\/es\/accessories\/\",\"name\":\"Accessories - Merris\",\"isPartOf\":{\"@id\":\"https:\/\/merris-international.com\/fr\/#website\"},\"datePublished\":\"2017-03-20T20:58:08+00:00\",\"dateModified\":\"2017-08-06T19:01:22+00:00\",\"breadcrumb\":{\"@id\":\"https:\/\/merris-international.com\/es\/accessories\/#breadcrumb\"},\"inLanguage\":\"es\",\"potentialAction\":[{\"@type\":\"ReadAction\",\"target\":[\"https:\/\/merris-international.com\/es\/accessories\/\"]}]},{\"@type\":\"BreadcrumbList\",\"@id\":\"https:\/\/merris-international.com\/es\/accessories\/#breadcrumb\",\"itemListElement\":[{\"@type\":\"ListItem\",\"position\":1,\"name\":\"Home\",\"item\":\"https:\/\/merris-international.com\/\"},{\"@type\":\"ListItem\",\"position\":2,\"name\":\"Accessories\"}]},{\"@type\":\"WebSite\",\"@id\":\"https:\/\/merris-international.com\/fr\/#website\",\"url\":\"https:\/\/merris-international.com\/fr\/\",\"name\":\"Merris\",\"description\":\"Industrial Paint and Laboratory Mixing Equipment Manufacturer\",\"publisher\":{\"@id\":\"https:\/\/merris-international.com\/fr\/#organization\"},\"potentialAction\":[{\"@type\":\"SearchAction\",\"target\":{\"@type\":\"EntryPoint\",\"urlTemplate\":\"https:\/\/merris-international.com\/fr\/?s={search_term_string}\"},\"query-input\":{\"@type\":\"PropertyValueSpecification\",\"valueRequired\":true,\"valueName\":\"search_term_string\"}}],\"inLanguage\":\"es\"},{\"@type\":\"Organization\",\"@id\":\"https:\/\/merris-international.com\/fr\/#organization\",\"name\":\"Merris\",\"url\":\"https:\/\/merris-international.com\/fr\/\",\"logo\":{\"@type\":\"ImageObject\",\"inLanguage\":\"es\",\"@id\":\"https:\/\/merris-international.com\/fr\/#\/schema\/logo\/image\/\",\"url\":\"https:\/\/merris-international.com\/wp-content\/uploads\/2017\/03\/cog.png\",\"contentUrl\":\"https:\/\/merris-international.com\/wp-content\/uploads\/2017\/03\/cog.png\",\"width\":111,\"height\":111,\"caption\":\"Merris\"},\"image\":{\"@id\":\"https:\/\/merris-international.com\/fr\/#\/schema\/logo\/image\/\"}}]}<\/script>\n<!-- \/ Yoast SEO plugin. -->","yoast_head_json":{"title":"Accessories - Merris","robots":{"index":"index","follow":"follow","max-snippet":"max-snippet:-1","max-image-preview":"max-image-preview:large","max-video-preview":"max-video-preview:-1"},"canonical":"https:\/\/merris-international.com\/es\/accessories\/","og_locale":"es_ES","og_type":"article","og_title":"Accessories - Merris","og_description":"[vc_row css_animation=\u00bb\u00bb row_type=\u00bbrow\u00bb use_row_as_full_screen_section=\u00bbno\u00bb type=\u00bbgrid\u00bb anchor=\u00bbcontent\u00bb angled_section=\u00bbno\u00bb text_align=\u00bbcenter\u00bb background_image_as_pattern=\u00bbwithout_pattern\u00bb padding_top=\u00bb60&#8243; padding_bottom=\u00bb50&#8243;][vc_column][vc_column_text] Nuestra Gama de Accesorios [\/vc_column_text][vc_row_inner row_type=\u00bbrow\u00bb type=\u00bbgrid\u00bb text_align=\u00bbcenter\u00bb css_animation=\u00bb\u00bb][vc_column_inner width=\u00bb1\/6&#8243;][\/vc_column_inner][vc_column_inner width=\u00bb2\/3&#8243;][vc_empty_space height=\u00bb20px\u00bb][vc_column_text css=\u00bb.vc_custom_1502046073512{padding-right: 5% !important;padding-left: 5% !important;}\u00bb]Actualmente nuestra gama ofrece la tapadora y soportes para botellas. Estamos buscando nuevos productos que a\u00f1adir a nuestra...","og_url":"https:\/\/merris-international.com\/es\/accessories\/","og_site_name":"Merris","article_modified_time":"2017-08-06T19:01:22+00:00","twitter_card":"summary_large_image","twitter_misc":{"Tiempo de lectura":"1 minuto"},"schema":{"@context":"https:\/\/schema.org","@graph":[{"@type":"WebPage","@id":"https:\/\/merris-international.com\/es\/accessories\/","url":"https:\/\/merris-international.com\/es\/accessories\/","name":"Accessories - Merris","isPartOf":{"@id":"https:\/\/merris-international.com\/fr\/#website"},"datePublished":"2017-03-20T20:58:08+00:00","dateModified":"2017-08-06T19:01:22+00:00","breadcrumb":{"@id":"https:\/\/merris-international.com\/es\/accessories\/#breadcrumb"},"inLanguage":"es","potentialAction":[{"@type":"ReadAction","target":["https:\/\/merris-international.com\/es\/accessories\/"]}]},{"@type":"BreadcrumbList","@id":"https:\/\/merris-international.com\/es\/accessories\/#breadcrumb","itemListElement":[{"@type":"ListItem","position":1,"name":"Home","item":"https:\/\/merris-international.com\/"},{"@type":"ListItem","position":2,"name":"Accessories"}]},{"@type":"WebSite","@id":"https:\/\/merris-international.com\/fr\/#website","url":"https:\/\/merris-international.com\/fr\/","name":"Merris","description":"Industrial Paint and Laboratory Mixing Equipment Manufacturer","publisher":{"@id":"https:\/\/merris-international.com\/fr\/#organization"},"potentialAction":[{"@type":"SearchAction","target":{"@type":"EntryPoint","urlTemplate":"https:\/\/merris-international.com\/fr\/?s={search_term_string}"},"query-input":{"@type":"PropertyValueSpecification","valueRequired":true,"valueName":"search_term_string"}}],"inLanguage":"es"},{"@type":"Organization","@id":"https:\/\/merris-international.com\/fr\/#organization","name":"Merris","url":"https:\/\/merris-international.com\/fr\/","logo":{"@type":"ImageObject","inLanguage":"es","@id":"https:\/\/merris-international.com\/fr\/#\/schema\/logo\/image\/","url":"https:\/\/merris-international.com\/wp-content\/uploads\/2017\/03\/cog.png","contentUrl":"https:\/\/merris-international.com\/wp-content\/uploads\/2017\/03\/cog.png","width":111,"height":111,"caption":"Merris"},"image":{"@id":"https:\/\/merris-international.com\/fr\/#\/schema\/logo\/image\/"}}]}},"_links":{"self":[{"href":"https:\/\/merris-international.com\/es\/wp-json\/wp\/v2\/pages\/10","targetHints":{"allow":["GET"]}}],"collection":[{"href":"https:\/\/merris-international.com\/es\/wp-json\/wp\/v2\/pages"}],"about":[{"href":"https:\/\/merris-international.com\/es\/wp-json\/wp\/v2\/types\/page"}],"author":[{"embeddable":true,"href":"https:\/\/merris-international.com\/es\/wp-json\/wp\/v2\/users\/1"}],"replies":[{"embeddable":true,"href":"https:\/\/merris-international.com\/es\/wp-json\/wp\/v2\/comments?post=10"}],"version-history":[{"count":14,"href":"https:\/\/merris-international.com\/es\/wp-json\/wp\/v2\/pages\/10\/revisions"}],"predecessor-version":[{"id":560,"href":"https:\/\/merris-international.com\/es\/wp-json\/wp\/v2\/pages\/10\/revisions\/560"}],"wp:attachment":[{"href":"https:\/\/merris-international.com\/es\/wp-json\/wp\/v2\/media?parent=10"}],"curies":[{"name":"wp","href":"https:\/\/api.w.org\/{rel}","templated":true}]}}