{"id":160,"date":"2017-04-13T21:49:56","date_gmt":"2017-04-13T21:49:56","guid":{"rendered":"http:\/\/merris-international.com\/?page_id=160"},"modified":"2017-08-05T12:17:33","modified_gmt":"2017-08-05T12:17:33","slug":"16-pump-25ltr","status":"publish","type":"page","link":"https:\/\/merris-international.com\/es\/products\/16-pump-25ltr\/","title":{"rendered":"16 Pump 25ltr"},"content":{"rendered":"<section class=\"wpb-content-wrapper\"><p>[vc_row css_animation=\u00bb\u00bb row_type=\u00bbrow\u00bb use_row_as_full_screen_section=\u00bbno\u00bb type=\u00bbgrid\u00bb anchor=\u00bbcontent\u00bb angled_section=\u00bbno\u00bb text_align=\u00bbcenter\u00bb background_image_as_pattern=\u00bbwithout_pattern\u00bb padding_top=\u00bb60&#8243; padding_bottom=\u00bb40&#8243;][vc_column][vc_column_text]<\/p>\n<h1>16 Bombas 25 litros<\/h1>\n<p>[\/vc_column_text][vc_separator type=\u00bbsmall\u00bb position=\u00bbcenter\u00bb color=\u00bb#0c4da2&#8243; thickness=\u00bb1&#8243; width=\u00bb100&#8243; up=\u00bb1&#8243; down=\u00bb40&#8243;][\/vc_column][\/vc_row][vc_row css_animation=\u00bb\u00bb row_type=\u00bbrow\u00bb use_row_as_full_screen_section=\u00bbno\u00bb type=\u00bbgrid\u00bb angled_section=\u00bbno\u00bb text_align=\u00bbleft\u00bb background_image_as_pattern=\u00bbwithout_pattern\u00bb padding_bottom=\u00bb50&#8243;][vc_column width=\u00bb1\/3&#8243; css=\u00bb.vc_custom_1490050149886{padding-right: 10% !important;}\u00bb][vc_column_text]<\/p>\n<h3>Dimensiones<\/h3>\n<p>[\/vc_column_text][vc_column_text]Anchura = 75 cm \/ Profundidad = 90 cm \/ Altura = 160 cm[\/vc_column_text][vc_separator type=\u00bbsmall\u00bb position=\u00bbleft\u00bb color=\u00bb#e0e0e0&#8243; thickness=\u00bb1&#8243; width=\u00bb100&#8243; width_in_percentages=\u00bbyes\u00bb up=\u00bb50&#8243; down=\u00bb50&#8243;][vc_column_text]<\/p>\n<h3>Informaci\u00f3n<\/h3>\n<p>[\/vc_column_text][vc_column_text]Unidad base opcional disponible para adaptarse al Sacudidor Minimix de 5 litros.[\/vc_column_text][vc_separator type=\u00bbsmall\u00bb position=\u00bbleft\u00bb color=\u00bb#e0e0e0&#8243; thickness=\u00bb1&#8243; width=\u00bb100&#8243; width_in_percentages=\u00bbyes\u00bb up=\u00bb50&#8243; down=\u00bb50&#8243;][vc_column_text]<\/p>\n<h3>Ficha T\u00e9cnica<\/h3>\n<p>[\/vc_column_text]<a  itemprop=\"url\" href=\"http:\/\/merris-international.com\/wp-content\/uploads\/2017\/04\/16-Pump-25-Litre.pdf\" target=\"_self\"  class=\"qbutton  default\" style=\"margin: 8px 8px 8px 0px; \">16 Pump 25ltr Ficha T\u00e9cnica<\/a>[vc_separator type=\u00bbsmall\u00bb position=\u00bbleft\u00bb color=\u00bb#e0e0e0&#8243; thickness=\u00bb1&#8243; width=\u00bb100&#8243; width_in_percentages=\u00bbyes\u00bb up=\u00bb50&#8243; down=\u00bb50&#8243;][\/vc_column][vc_column width=\u00bb1\/3&#8243; css=\u00bb.vc_custom_1490050840689{padding-right: 10% !important;}\u00bb][vc_column_text]<\/p>\n<h3>Datos T\u00e9cnicos<\/h3>\n<p>[\/vc_column_text]<div class=\"q_icon_list\"><i class=\"qode_icon_font_awesome fa fa-check qode-ili-icon-holder transparent\" style=\"font-size: 16px;color: #0c4da2;\" ><\/i><p style=\"color:#333333;\">Carrusel de 16 bombas en la unidad base de 25 litros<\/p><\/div><div class=\"q_icon_list\"><i class=\"qode_icon_font_awesome fa fa-check qode-ili-icon-holder transparent\" style=\"font-size: 16px;color: #0c4da2;\" ><\/i><p style=\"color:#333333;\">Anillo de rodamiento grande central<\/p><\/div><div class=\"q_icon_list\"><i class=\"qode_icon_font_awesome fa fa-check qode-ili-icon-holder transparent\" style=\"font-size: 16px;color: #0c4da2;\" ><\/i><p style=\"color:#333333;\">Plataforma giratoria de funcionamiento libre con cierre seguro<\/p><\/div><div class=\"q_icon_list\"><i class=\"qode_icon_font_awesome fa fa-check qode-ili-icon-holder transparent\" style=\"font-size: 16px;color: #0c4da2;\" ><\/i><p style=\"color:#333333;\">Rodadura de apoyo para prevenir el movimiento de la plataforma giratoria<\/p><\/div><div class=\"q_icon_list\"><i class=\"qode_icon_font_awesome fa fa-check qode-ili-icon-holder transparent\" style=\"font-size: 16px;color: #0c4da2;\" ><\/i><p style=\"color:#333333;\">Agitaci\u00f3n el\u00e9ctrica autom\u00e1tica con temporizador de ciclo de 3 minutos<\/p><\/div><div class=\"q_icon_list\"><i class=\"qode_icon_font_awesome fa fa-check qode-ili-icon-holder transparent\" style=\"font-size: 16px;color: #0c4da2;\" ><\/i><p style=\"color:#333333;\">Estante extra\u00edble para latas de hasta 5 litros (opcional)<\/p><\/div><div class=\"q_icon_list\"><i class=\"qode_icon_font_awesome fa fa-check qode-ili-icon-holder transparent\" style=\"font-size: 16px;color: #0c4da2;\" ><\/i><p style=\"color:#333333;\">Anclaje abatible de latas de 0,5 y 1 litro<\/p><\/div><div class=\"q_icon_list\"><i class=\"qode_icon_font_awesome fa fa-check qode-ili-icon-holder transparent\" style=\"font-size: 16px;color: #0c4da2;\" ><\/i><p style=\"color:#333333;\">Unidad base de 25 litros con estante de acero inoxidable<\/p><\/div><div class=\"q_icon_list\"><i class=\"qode_icon_font_awesome fa fa-check qode-ili-icon-holder transparent\" style=\"font-size: 16px;color: #0c4da2;\" ><\/i><p style=\"color:#333333;\">Canisters, bombas y v\u00e1lvulas de acero inoxidable para una gran durabilidad<\/p><\/div><div class=\"q_icon_list\"><i class=\"qode_icon_font_awesome fa fa-check qode-ili-icon-holder transparent\" style=\"font-size: 16px;color: #0c4da2;\" ><\/i><p style=\"color:#333333;\">Unidad base con amplia capacidad de almacenamiento<\/p><\/div><div class=\"q_icon_list\"><i class=\"qode_icon_font_awesome fa fa-check qode-ili-icon-holder transparent\" style=\"font-size: 16px;color: #0c4da2;\" ><\/i><p style=\"color:#333333;\">Motor de 0,18 Kw y caja de engranaje de alta resistencia para una gran durabilidad<\/p><\/div><div class=\"q_icon_list\"><i class=\"qode_icon_font_awesome fa fa-check qode-ili-icon-holder transparent\" style=\"font-size: 16px;color: #0c4da2;\" ><\/i><p style=\"color:#333333;\">B\u00e1sculas opcionales: Onza estadounidense, onza m\u00e9trica estadounidense, ML y tama\u00f1os de carga de 1\/2, 1\/4 y 1\/8<\/p><\/div><div class=\"q_icon_list\"><i class=\"qode_icon_font_awesome fa fa-check qode-ili-icon-holder transparent\" style=\"font-size: 16px;color: #0c4da2;\" ><\/i><p style=\"color:#333333;\">Fuente de alimentaci\u00f3n: 230v \u2013 50\/60hz (110v \u2013 60Hz tambi\u00e9n disponible)<\/p><\/div>[vc_separator type=\u00bbsmall\u00bb position=\u00bbleft\u00bb color=\u00bb#e0e0e0&#8243; thickness=\u00bb1&#8243; width=\u00bb100&#8243; width_in_percentages=\u00bbyes\u00bb up=\u00bb50&#8243; down=\u00bb50&#8243;][\/vc_column][vc_column width=\u00bb1\/3&#8243; el_class=\u00bbgrey-side\u00bb][vc_gallery type=\u00bbimage_grid\u00bb images=\u00bb165&#8243; img_size=\u00bbfull\u00bb column_number=\u00bb0&#8243; grayscale=\u00bbno\u00bb images_space=\u00bbgallery_with_space\u00bb][vc_empty_space height=\u00bb20px\u00bb][vc_gallery type=\u00bbimage_grid\u00bb images=\u00bb166&#8243; img_size=\u00bbfull\u00bb column_number=\u00bb0&#8243; grayscale=\u00bbno\u00bb images_space=\u00bbgallery_with_space\u00bb][\/vc_column][\/vc_row]<\/p>\n<\/section>","protected":false},"excerpt":{"rendered":"<p>[vc_row css_animation=\u00bb\u00bb row_type=\u00bbrow\u00bb use_row_as_full_screen_section=\u00bbno\u00bb type=\u00bbgrid\u00bb anchor=\u00bbcontent\u00bb angled_section=\u00bbno\u00bb text_align=\u00bbcenter\u00bb background_image_as_pattern=\u00bbwithout_pattern\u00bb padding_top=\u00bb60&#8243; padding_bottom=\u00bb40&#8243;][vc_column][vc_column_text] 16 Bombas 25 litros [\/vc_column_text][vc_separator type=\u00bbsmall\u00bb position=\u00bbcenter\u00bb color=\u00bb#0c4da2&#8243; thickness=\u00bb1&#8243; width=\u00bb100&#8243; up=\u00bb1&#8243; down=\u00bb40&#8243;][\/vc_column][\/vc_row][vc_row css_animation=\u00bb\u00bb row_type=\u00bbrow\u00bb use_row_as_full_screen_section=\u00bbno\u00bb type=\u00bbgrid\u00bb angled_section=\u00bbno\u00bb text_align=\u00bbleft\u00bb background_image_as_pattern=\u00bbwithout_pattern\u00bb padding_bottom=\u00bb50&#8243;][vc_column width=\u00bb1\/3&#8243; css=\u00bb.vc_custom_1490050149886{padding-right: 10% !important;}\u00bb][vc_column_text] Dimensiones [\/vc_column_text][vc_column_text]Anchura = 75 cm \/ Profundidad = 90 cm&#8230;<\/p>\n","protected":false},"author":1,"featured_media":0,"parent":8,"menu_order":0,"comment_status":"closed","ping_status":"closed","template":"full_width.php","meta":{"footnotes":""},"class_list":["post-160","page","type-page","status-publish","hentry"],"yoast_head":"<!-- This site is optimized with the Yoast SEO plugin v24.7 - https:\/\/yoast.com\/wordpress\/plugins\/seo\/ -->\n<title>16 Pump 25ltr - Merris<\/title>\n<meta name=\"robots\" content=\"index, follow, max-snippet:-1, max-image-preview:large, max-video-preview:-1\" \/>\n<link rel=\"canonical\" href=\"https:\/\/merris-international.com\/fr\/products\/16-pump-25ltr\/\" \/>\n<meta property=\"og:locale\" content=\"es_ES\" \/>\n<meta property=\"og:type\" content=\"article\" \/>\n<meta property=\"og:title\" content=\"16 Pump 25ltr - Merris\" \/>\n<meta property=\"og:description\" content=\"[vc_row css_animation=\u00bb\u00bb row_type=\u00bbrow\u00bb use_row_as_full_screen_section=\u00bbno\u00bb type=\u00bbgrid\u00bb anchor=\u00bbcontent\u00bb angled_section=\u00bbno\u00bb text_align=\u00bbcenter\u00bb background_image_as_pattern=\u00bbwithout_pattern\u00bb padding_top=\u00bb60&#8243; padding_bottom=\u00bb40&#8243;][vc_column][vc_column_text] 16 Bombas 25 litros [\/vc_column_text][vc_separator type=\u00bbsmall\u00bb position=\u00bbcenter\u00bb color=\u00bb#0c4da2&#8243; thickness=\u00bb1&#8243; width=\u00bb100&#8243; up=\u00bb1&#8243; down=\u00bb40&#8243;][\/vc_column][\/vc_row][vc_row css_animation=\u00bb\u00bb row_type=\u00bbrow\u00bb use_row_as_full_screen_section=\u00bbno\u00bb type=\u00bbgrid\u00bb angled_section=\u00bbno\u00bb text_align=\u00bbleft\u00bb background_image_as_pattern=\u00bbwithout_pattern\u00bb padding_bottom=\u00bb50&#8243;][vc_column width=\u00bb1\/3&#8243; css=\u00bb.vc_custom_1490050149886{padding-right: 10% !important;}\u00bb][vc_column_text] Dimensiones [\/vc_column_text][vc_column_text]Anchura = 75 cm \/ Profundidad = 90 cm...\" \/>\n<meta property=\"og:url\" content=\"https:\/\/merris-international.com\/fr\/products\/16-pump-25ltr\/\" \/>\n<meta property=\"og:site_name\" content=\"Merris\" \/>\n<meta property=\"article:modified_time\" content=\"2017-08-05T12:17:33+00:00\" \/>\n<meta name=\"twitter:card\" content=\"summary_large_image\" \/>\n<meta name=\"twitter:label1\" content=\"Tiempo de lectura\" \/>\n\t<meta name=\"twitter:data1\" content=\"3 minutos\" \/>\n<script type=\"application\/ld+json\" class=\"yoast-schema-graph\">{\"@context\":\"https:\/\/schema.org\",\"@graph\":[{\"@type\":\"WebPage\",\"@id\":\"https:\/\/merris-international.com\/fr\/products\/16-pump-25ltr\/\",\"url\":\"https:\/\/merris-international.com\/fr\/products\/16-pump-25ltr\/\",\"name\":\"16 Pump 25ltr - Merris\",\"isPartOf\":{\"@id\":\"https:\/\/merris-international.com\/fr\/#website\"},\"datePublished\":\"2017-04-13T21:49:56+00:00\",\"dateModified\":\"2017-08-05T12:17:33+00:00\",\"breadcrumb\":{\"@id\":\"https:\/\/merris-international.com\/fr\/products\/16-pump-25ltr\/#breadcrumb\"},\"inLanguage\":\"es\",\"potentialAction\":[{\"@type\":\"ReadAction\",\"target\":[\"https:\/\/merris-international.com\/fr\/products\/16-pump-25ltr\/\"]}]},{\"@type\":\"BreadcrumbList\",\"@id\":\"https:\/\/merris-international.com\/fr\/products\/16-pump-25ltr\/#breadcrumb\",\"itemListElement\":[{\"@type\":\"ListItem\",\"position\":1,\"name\":\"Home\",\"item\":\"https:\/\/merris-international.com\/\"},{\"@type\":\"ListItem\",\"position\":2,\"name\":\"Products\",\"item\":\"https:\/\/merris-international.com\/fr\/products\/\"},{\"@type\":\"ListItem\",\"position\":3,\"name\":\"16 Pump 25ltr\"}]},{\"@type\":\"WebSite\",\"@id\":\"https:\/\/merris-international.com\/fr\/#website\",\"url\":\"https:\/\/merris-international.com\/fr\/\",\"name\":\"Merris\",\"description\":\"Industrial Paint and Laboratory Mixing Equipment Manufacturer\",\"publisher\":{\"@id\":\"https:\/\/merris-international.com\/fr\/#organization\"},\"potentialAction\":[{\"@type\":\"SearchAction\",\"target\":{\"@type\":\"EntryPoint\",\"urlTemplate\":\"https:\/\/merris-international.com\/fr\/?s={search_term_string}\"},\"query-input\":{\"@type\":\"PropertyValueSpecification\",\"valueRequired\":true,\"valueName\":\"search_term_string\"}}],\"inLanguage\":\"es\"},{\"@type\":\"Organization\",\"@id\":\"https:\/\/merris-international.com\/fr\/#organization\",\"name\":\"Merris\",\"url\":\"https:\/\/merris-international.com\/fr\/\",\"logo\":{\"@type\":\"ImageObject\",\"inLanguage\":\"es\",\"@id\":\"https:\/\/merris-international.com\/fr\/#\/schema\/logo\/image\/\",\"url\":\"https:\/\/merris-international.com\/wp-content\/uploads\/2017\/03\/cog.png\",\"contentUrl\":\"https:\/\/merris-international.com\/wp-content\/uploads\/2017\/03\/cog.png\",\"width\":111,\"height\":111,\"caption\":\"Merris\"},\"image\":{\"@id\":\"https:\/\/merris-international.com\/fr\/#\/schema\/logo\/image\/\"}}]}<\/script>\n<!-- \/ Yoast SEO plugin. -->","yoast_head_json":{"title":"16 Pump 25ltr - Merris","robots":{"index":"index","follow":"follow","max-snippet":"max-snippet:-1","max-image-preview":"max-image-preview:large","max-video-preview":"max-video-preview:-1"},"canonical":"https:\/\/merris-international.com\/fr\/products\/16-pump-25ltr\/","og_locale":"es_ES","og_type":"article","og_title":"16 Pump 25ltr - Merris","og_description":"[vc_row css_animation=\u00bb\u00bb row_type=\u00bbrow\u00bb use_row_as_full_screen_section=\u00bbno\u00bb type=\u00bbgrid\u00bb anchor=\u00bbcontent\u00bb angled_section=\u00bbno\u00bb text_align=\u00bbcenter\u00bb background_image_as_pattern=\u00bbwithout_pattern\u00bb padding_top=\u00bb60&#8243; padding_bottom=\u00bb40&#8243;][vc_column][vc_column_text] 16 Bombas 25 litros [\/vc_column_text][vc_separator type=\u00bbsmall\u00bb position=\u00bbcenter\u00bb color=\u00bb#0c4da2&#8243; thickness=\u00bb1&#8243; width=\u00bb100&#8243; up=\u00bb1&#8243; down=\u00bb40&#8243;][\/vc_column][\/vc_row][vc_row css_animation=\u00bb\u00bb row_type=\u00bbrow\u00bb use_row_as_full_screen_section=\u00bbno\u00bb type=\u00bbgrid\u00bb angled_section=\u00bbno\u00bb text_align=\u00bbleft\u00bb background_image_as_pattern=\u00bbwithout_pattern\u00bb padding_bottom=\u00bb50&#8243;][vc_column width=\u00bb1\/3&#8243; css=\u00bb.vc_custom_1490050149886{padding-right: 10% !important;}\u00bb][vc_column_text] Dimensiones [\/vc_column_text][vc_column_text]Anchura = 75 cm \/ Profundidad = 90 cm...","og_url":"https:\/\/merris-international.com\/fr\/products\/16-pump-25ltr\/","og_site_name":"Merris","article_modified_time":"2017-08-05T12:17:33+00:00","twitter_card":"summary_large_image","twitter_misc":{"Tiempo de lectura":"3 minutos"},"schema":{"@context":"https:\/\/schema.org","@graph":[{"@type":"WebPage","@id":"https:\/\/merris-international.com\/fr\/products\/16-pump-25ltr\/","url":"https:\/\/merris-international.com\/fr\/products\/16-pump-25ltr\/","name":"16 Pump 25ltr - Merris","isPartOf":{"@id":"https:\/\/merris-international.com\/fr\/#website"},"datePublished":"2017-04-13T21:49:56+00:00","dateModified":"2017-08-05T12:17:33+00:00","breadcrumb":{"@id":"https:\/\/merris-international.com\/fr\/products\/16-pump-25ltr\/#breadcrumb"},"inLanguage":"es","potentialAction":[{"@type":"ReadAction","target":["https:\/\/merris-international.com\/fr\/products\/16-pump-25ltr\/"]}]},{"@type":"BreadcrumbList","@id":"https:\/\/merris-international.com\/fr\/products\/16-pump-25ltr\/#breadcrumb","itemListElement":[{"@type":"ListItem","position":1,"name":"Home","item":"https:\/\/merris-international.com\/"},{"@type":"ListItem","position":2,"name":"Products","item":"https:\/\/merris-international.com\/fr\/products\/"},{"@type":"ListItem","position":3,"name":"16 Pump 25ltr"}]},{"@type":"WebSite","@id":"https:\/\/merris-international.com\/fr\/#website","url":"https:\/\/merris-international.com\/fr\/","name":"Merris","description":"Industrial Paint and Laboratory Mixing Equipment Manufacturer","publisher":{"@id":"https:\/\/merris-international.com\/fr\/#organization"},"potentialAction":[{"@type":"SearchAction","target":{"@type":"EntryPoint","urlTemplate":"https:\/\/merris-international.com\/fr\/?s={search_term_string}"},"query-input":{"@type":"PropertyValueSpecification","valueRequired":true,"valueName":"search_term_string"}}],"inLanguage":"es"},{"@type":"Organization","@id":"https:\/\/merris-international.com\/fr\/#organization","name":"Merris","url":"https:\/\/merris-international.com\/fr\/","logo":{"@type":"ImageObject","inLanguage":"es","@id":"https:\/\/merris-international.com\/fr\/#\/schema\/logo\/image\/","url":"https:\/\/merris-international.com\/wp-content\/uploads\/2017\/03\/cog.png","contentUrl":"https:\/\/merris-international.com\/wp-content\/uploads\/2017\/03\/cog.png","width":111,"height":111,"caption":"Merris"},"image":{"@id":"https:\/\/merris-international.com\/fr\/#\/schema\/logo\/image\/"}}]}},"_links":{"self":[{"href":"https:\/\/merris-international.com\/es\/wp-json\/wp\/v2\/pages\/160","targetHints":{"allow":["GET"]}}],"collection":[{"href":"https:\/\/merris-international.com\/es\/wp-json\/wp\/v2\/pages"}],"about":[{"href":"https:\/\/merris-international.com\/es\/wp-json\/wp\/v2\/types\/page"}],"author":[{"embeddable":true,"href":"https:\/\/merris-international.com\/es\/wp-json\/wp\/v2\/users\/1"}],"replies":[{"embeddable":true,"href":"https:\/\/merris-international.com\/es\/wp-json\/wp\/v2\/comments?post=160"}],"version-history":[{"count":9,"href":"https:\/\/merris-international.com\/es\/wp-json\/wp\/v2\/pages\/160\/revisions"}],"predecessor-version":[{"id":531,"href":"https:\/\/merris-international.com\/es\/wp-json\/wp\/v2\/pages\/160\/revisions\/531"}],"up":[{"embeddable":true,"href":"https:\/\/merris-international.com\/es\/wp-json\/wp\/v2\/pages\/8"}],"wp:attachment":[{"href":"https:\/\/merris-international.com\/es\/wp-json\/wp\/v2\/media?parent=160"}],"curies":[{"name":"wp","href":"https:\/\/api.w.org\/{rel}","templated":true}]}}