{"id":179,"date":"2017-04-19T07:37:06","date_gmt":"2017-04-19T07:37:06","guid":{"rendered":"http:\/\/merris-international.com\/?page_id=179"},"modified":"2022-11-09T15:47:13","modified_gmt":"2022-11-09T15:47:13","slug":"minimix","status":"publish","type":"page","link":"https:\/\/merris-international.com\/es\/products\/minimix\/","title":{"rendered":"Minimix Auto"},"content":{"rendered":"<section class=\"wpb-content-wrapper\"><p>[vc_row css_animation=\u00bb\u00bb row_type=\u00bbrow\u00bb use_row_as_full_screen_section=\u00bbno\u00bb type=\u00bbgrid\u00bb anchor=\u00bbcontent\u00bb angled_section=\u00bbno\u00bb text_align=\u00bbcenter\u00bb background_image_as_pattern=\u00bbwithout_pattern\u00bb padding_top=\u00bb60&#8243; padding_bottom=\u00bb40&#8243;][vc_column][vc_column_text]<\/p>\n<h1>Minimix Auto<\/h1>\n<p>[\/vc_column_text][vc_separator type=\u00bbsmall\u00bb position=\u00bbcenter\u00bb color=\u00bb#0c4da2&#8243; thickness=\u00bb1&#8243; width=\u00bb100&#8243; up=\u00bb1&#8243; down=\u00bb40&#8243;][\/vc_column][\/vc_row][vc_row css_animation=\u00bb\u00bb row_type=\u00bbrow\u00bb use_row_as_full_screen_section=\u00bbno\u00bb type=\u00bbgrid\u00bb angled_section=\u00bbno\u00bb text_align=\u00bbleft\u00bb background_image_as_pattern=\u00bbwithout_pattern\u00bb padding_bottom=\u00bb50&#8243;][vc_column width=\u00bb2\/3&#8243; css=\u00bb.vc_custom_1490050149886{padding-right: 10% !important;}\u00bb][vc_column_text]<\/p>\n<h3>Dimensiones<\/h3>\n<p>[\/vc_column_text][vc_column_text]Anchura = 53 cm \/ Profundidad = 58 cm<br \/>\nAltura = 77 cm (altura est\u00e1ndar) \/ Altura = 110 cm (altura elevada)<br \/>\nAltura de carga = 26 cm (altura est\u00e1ndar) \/ Altura de carga = 62 cm (altura elevada)<br \/>\n[\/vc_column_text][vc_separator type=\u00bbsmall\u00bb position=\u00bbleft\u00bb color=\u00bb#e0e0e0&#8243; thickness=\u00bb1&#8243; width=\u00bb100&#8243; width_in_percentages=\u00bbyes\u00bb up=\u00bb50&#8243; down=\u00bb50&#8243;][vc_column_text]<\/p>\n<h3>Datos T\u00e9cnicos<\/h3>\n<p>[\/vc_column_text][vc_row_inner row_type=\u00bbrow\u00bb type=\u00bbfull_width\u00bb text_align=\u00bbleft\u00bb css_animation=\u00bb\u00bb][vc_column_inner width=\u00bb1\/2&#8243;]<div class=\"q_icon_list\"><i class=\"qode_icon_font_awesome fa fa-check qode-ili-icon-holder transparent\" style=\"font-size: 16px;color: #0c4da2;\" ><\/i><p style=\"color:#333333;\">Peso m\u00e1ximo del producto: 12 kg<\/p><\/div><div class=\"q_icon_list\"><i class=\"qode_icon_font_awesome fa fa-check qode-ili-icon-holder transparent\" style=\"font-size: 16px;color: #0c4da2;\" ><\/i><p style=\"color:#333333;\">Tama\u00f1o m\u00e1ximo del producto: 24 cm (profundidad) x 26 cm (altura)<\/p><\/div><div class=\"q_icon_list\"><i class=\"qode_icon_font_awesome fa fa-check qode-ili-icon-holder transparent\" style=\"font-size: 16px;color: #0c4da2;\" ><\/i><p style=\"color:#333333;\">Altura m\u00ednima del producto: 6 cm<\/p><\/div><div class=\"q_icon_list\"><i class=\"qode_icon_font_awesome fa fa-check qode-ili-icon-holder transparent\" style=\"font-size: 16px;color: #0c4da2;\" ><\/i><p style=\"color:#333333;\">Fijaci\u00f3n y desenganche: autom\u00e1ticos<\/p><\/div><div class=\"q_icon_list\"><i class=\"qode_icon_font_awesome fa fa-check qode-ili-icon-holder transparent\" style=\"font-size: 16px;color: #0c4da2;\" ><\/i><p style=\"color:#333333;\">Presi\u00f3n de fijaci\u00f3n: programable<\/p><\/div>[\/vc_column_inner][vc_column_inner width=\u00bb1\/2&#8243;]<div class=\"q_icon_list\"><i class=\"qode_icon_font_awesome fa fa-check qode-ili-icon-holder transparent\" style=\"font-size: 16px;color: #0c4da2;\" ><\/i><p style=\"color:#333333;\">Configuraci\u00f3n del temporizador: 3 tiempos programables por el usuario<\/p><\/div><div class=\"q_icon_list\"><i class=\"qode_icon_font_awesome fa fa-check qode-ili-icon-holder transparent\" style=\"font-size: 16px;color: #0c4da2;\" ><\/i><p style=\"color:#333333;\">Peso de la m\u00e1quina: 86 kg<\/p><\/div><div class=\"q_icon_list\"><i class=\"qode_icon_font_awesome fa fa-check qode-ili-icon-holder transparent\" style=\"font-size: 16px;color: #0c4da2;\" ><\/i><p style=\"color:#333333;\">Potencia del motor del sacudidor: 0,37 kw \u2013 1\/2 HP<\/p><\/div><div class=\"q_icon_list\"><i class=\"qode_icon_font_awesome fa fa-check qode-ili-icon-holder transparent\" style=\"font-size: 16px;color: #0c4da2;\" ><\/i><p style=\"color:#333333;\">Fuente de alimentaci\u00f3n: 230v \u2013 50\/60hz (110v \u2013 60Hz tambi\u00e9n disponible)<\/p><\/div>[\/vc_column_inner][\/vc_row_inner][vc_separator type=\u00bbsmall\u00bb position=\u00bbleft\u00bb color=\u00bb#e0e0e0&#8243; thickness=\u00bb1&#8243; width=\u00bb100&#8243; width_in_percentages=\u00bbyes\u00bb up=\u00bb50&#8243; down=\u00bb50&#8243;][vc_column_text]<\/p>\n<h3>Informaci\u00f3n<\/h3>\n<p>[\/vc_column_text][vc_column_text]El Minimix Auto es un sacudidor superior de 5 litros, eficaz, silencioso y seguro. Disponible en dos modelos: con Altura Elevada y con Altura Est\u00e1ndar. Estas unidades totalmente autom\u00e1ticas incluyen distintos tiempos de agitaci\u00f3n y distintas presiones de fijaci\u00f3n. La funci\u00f3n totalmente automatizada tiene por objetivo minimizar el tiempo de operaci\u00f3n.<\/p>\n<p>Simplemente coloque la lata sobre la plataforma, cierre y bloquee la puerta y seleccione el tiempo de agitaci\u00f3n necesario usando el panel de control. La placa de sujeci\u00f3n se mueve hacia abajo y fija la lata, parando al obtener la presi\u00f3n de fijaci\u00f3n deseada. La agitaci\u00f3n comienza autom\u00e1ticamente y, al final del ciclo, la placa de sujeci\u00f3n libera la lata autom\u00e1ticamente.<\/p>\n<p>Para obtener la m\u00e1xima seguridad, la puerta no puede abrirse antes de que el ciclo de operaci\u00f3n haya finalizado, pero existe un bot\u00f3n de parada de emergencia que puede usarse para cesar todas las operaciones en cualquier momento durante el ciclo. El bloqueo de la puerta mantiene la puerta bloqueada hasta que todo el movimiento haya cesado. El Minimix Auto finaliza la operaci\u00f3n de agitaci\u00f3n inmediatamente si la lata se suelta.<\/p>\n<p>El sistema de control de la m\u00e1quina se basa en PLCs y rel\u00e9s muy fiables.<\/p>\n<p>La integridad estructural es la misma que la del Minimix est\u00e1ndar, en el mercado por m\u00e1s de 40 a\u00f1os.[\/vc_column_text][vc_separator type=\u00bbsmall\u00bb position=\u00bbleft\u00bb color=\u00bb#e0e0e0&#8243; thickness=\u00bb1&#8243; width=\u00bb100&#8243; width_in_percentages=\u00bbyes\u00bb up=\u00bb50&#8243; down=\u00bb50&#8243;][vc_column_text]<\/p>\n<h3>Ficha T\u00e9cnica<\/h3>\n<p>[\/vc_column_text]<a  itemprop=\"url\" href=\"http:\/\/merris-international.com\/wp-content\/uploads\/2020\/02\/Minimix-Shaker.pdf\" target=\"_self\"  class=\"qbutton  default\" style=\"margin: 8px 8px 8px 0px; \">Minimix Auto Ficha T\u00e9cnica<\/a>[vc_separator type=\u00bbsmall\u00bb position=\u00bbleft\u00bb color=\u00bb#e0e0e0&#8243; thickness=\u00bb1&#8243; width=\u00bb100&#8243; width_in_percentages=\u00bbyes\u00bb up=\u00bb50&#8243; down=\u00bb50&#8243;][\/vc_column][vc_column width=\u00bb1\/3&#8243; el_class=\u00bbgrey-side\u00bb][vc_gallery type=\u00bbimage_grid\u00bb images=\u00bb192&#8243; img_size=\u00bbfull\u00bb column_number=\u00bb0&#8243; grayscale=\u00bbno\u00bb images_space=\u00bbgallery_with_space\u00bb][vc_empty_space height=\u00bb10px\u00bb]<div class=\"qode_video_box\">\n\t<a itemprop=\"image\" class=\"qode_video_image\" href=\"https:\/\/youtu.be\/u7uB4RbgsDg?rel=0\" data-rel=\"prettyPhoto\">\n\t\t\t\n\t\t\t<img decoding=\"async\" src=\"https:\/\/merris-international.com\/wp-content\/uploads\/2017\/04\/snapshot.jpg\" \/>\n\t\t\t<span class=\"qode_video_box_button_holder\">\n\t\t\t\t<span class=\"qode_video_box_button\">\n\t\t\t\t\t<span class=\"qode_video_box_button_arrow\">\n\t\t\t\t\t<\/span>\n\t\t\t\t<\/span>\n\t\t\t<\/span>\n\t\t\t<\/a>\n<\/div>[vc_empty_space height=\u00bb10px\u00bb][vc_gallery type=\u00bbimage_grid\u00bb images=\u00bb186,187,188,189&#8243; img_size=\u00bb300&#215;300&#8243; column_number=\u00bb2&#8243; grayscale=\u00bbno\u00bb images_space=\u00bbgallery_with_space\u00bb][\/vc_column][\/vc_row]<\/p>\n<\/section>","protected":false},"excerpt":{"rendered":"<p>[vc_row css_animation=\u00bb\u00bb row_type=\u00bbrow\u00bb use_row_as_full_screen_section=\u00bbno\u00bb type=\u00bbgrid\u00bb anchor=\u00bbcontent\u00bb angled_section=\u00bbno\u00bb text_align=\u00bbcenter\u00bb background_image_as_pattern=\u00bbwithout_pattern\u00bb padding_top=\u00bb60&#8243; padding_bottom=\u00bb40&#8243;][vc_column][vc_column_text] Minimix Auto [\/vc_column_text][vc_separator type=\u00bbsmall\u00bb position=\u00bbcenter\u00bb color=\u00bb#0c4da2&#8243; thickness=\u00bb1&#8243; width=\u00bb100&#8243; up=\u00bb1&#8243; down=\u00bb40&#8243;][\/vc_column][\/vc_row][vc_row css_animation=\u00bb\u00bb row_type=\u00bbrow\u00bb use_row_as_full_screen_section=\u00bbno\u00bb type=\u00bbgrid\u00bb angled_section=\u00bbno\u00bb text_align=\u00bbleft\u00bb background_image_as_pattern=\u00bbwithout_pattern\u00bb padding_bottom=\u00bb50&#8243;][vc_column width=\u00bb2\/3&#8243; css=\u00bb.vc_custom_1490050149886{padding-right: 10% !important;}\u00bb][vc_column_text] Dimensiones [\/vc_column_text][vc_column_text]Anchura = 53 cm \/ Profundidad = 58 cm Altura =&#8230;<\/p>\n","protected":false},"author":1,"featured_media":0,"parent":8,"menu_order":0,"comment_status":"closed","ping_status":"closed","template":"full_width.php","meta":{"footnotes":""},"class_list":["post-179","page","type-page","status-publish","hentry"],"yoast_head":"<!-- This site is optimized with the Yoast SEO plugin v24.7 - https:\/\/yoast.com\/wordpress\/plugins\/seo\/ -->\n<title>(English) vibrational shaker, gyroscopic mixer, shear mixer, laboratory mixer<\/title>\n<meta name=\"description\" content=\"(English) Minimix Auto is a vibrational shaker, gyroscopic mixer, shear mixer is suitable as can paint shaker and even used as a laboratory mixer.\" \/>\n<meta name=\"robots\" content=\"index, follow, max-snippet:-1, max-image-preview:large, max-video-preview:-1\" \/>\n<link rel=\"canonical\" href=\"https:\/\/merris-international.com\/products\/minimix\/\" \/>\n<meta property=\"og:locale\" content=\"es_ES\" \/>\n<meta property=\"og:type\" content=\"article\" \/>\n<meta property=\"og:title\" content=\"[:en]vibrational shaker, gyroscopic mixer, shear mixer, laboratory mixer[:]\" \/>\n<meta property=\"og:description\" content=\"{:en}Minimix Auto is a vibrational shaker, gyroscopic mixer, shear mixer is suitable as can paint shaker and even used as a laboratory mixer.{:}\" \/>\n<meta property=\"og:url\" content=\"https:\/\/merris-international.com\/products\/minimix\/\" \/>\n<meta property=\"og:site_name\" content=\"Merris\" \/>\n<meta property=\"article:modified_time\" content=\"2022-11-09T15:47:13+00:00\" \/>\n<meta name=\"twitter:card\" content=\"summary_large_image\" \/>\n<meta name=\"twitter:label1\" content=\"Tiempo de lectura\" \/>\n\t<meta name=\"twitter:data1\" content=\"2 minutos\" \/>\n<script type=\"application\/ld+json\" class=\"yoast-schema-graph\">{\"@context\":\"https:\/\/schema.org\",\"@graph\":[{\"@type\":\"WebPage\",\"@id\":\"https:\/\/merris-international.com\/products\/minimix\/\",\"url\":\"https:\/\/merris-international.com\/products\/minimix\/\",\"name\":\"[:en]vibrational shaker, gyroscopic mixer, shear mixer, laboratory mixer[:]\",\"isPartOf\":{\"@id\":\"https:\/\/merris-international.com\/fr\/#website\"},\"datePublished\":\"2017-04-19T07:37:06+00:00\",\"dateModified\":\"2022-11-09T15:47:13+00:00\",\"description\":\"{:en}Minimix Auto is a vibrational shaker, gyroscopic mixer, shear mixer is suitable as can paint shaker and even used as a laboratory mixer.{:}\",\"breadcrumb\":{\"@id\":\"https:\/\/merris-international.com\/products\/minimix\/#breadcrumb\"},\"inLanguage\":\"es\",\"potentialAction\":[{\"@type\":\"ReadAction\",\"target\":[\"https:\/\/merris-international.com\/products\/minimix\/\"]}]},{\"@type\":\"BreadcrumbList\",\"@id\":\"https:\/\/merris-international.com\/products\/minimix\/#breadcrumb\",\"itemListElement\":[{\"@type\":\"ListItem\",\"position\":1,\"name\":\"Home\",\"item\":\"https:\/\/merris-international.com\/\"},{\"@type\":\"ListItem\",\"position\":2,\"name\":\"Products\",\"item\":\"https:\/\/merris-international.com\/fr\/products\/\"},{\"@type\":\"ListItem\",\"position\":3,\"name\":\"Minimix\"}]},{\"@type\":\"WebSite\",\"@id\":\"https:\/\/merris-international.com\/fr\/#website\",\"url\":\"https:\/\/merris-international.com\/fr\/\",\"name\":\"Merris\",\"description\":\"Industrial Paint and Laboratory Mixing Equipment Manufacturer\",\"publisher\":{\"@id\":\"https:\/\/merris-international.com\/fr\/#organization\"},\"potentialAction\":[{\"@type\":\"SearchAction\",\"target\":{\"@type\":\"EntryPoint\",\"urlTemplate\":\"https:\/\/merris-international.com\/fr\/?s={search_term_string}\"},\"query-input\":{\"@type\":\"PropertyValueSpecification\",\"valueRequired\":true,\"valueName\":\"search_term_string\"}}],\"inLanguage\":\"es\"},{\"@type\":\"Organization\",\"@id\":\"https:\/\/merris-international.com\/fr\/#organization\",\"name\":\"Merris\",\"url\":\"https:\/\/merris-international.com\/fr\/\",\"logo\":{\"@type\":\"ImageObject\",\"inLanguage\":\"es\",\"@id\":\"https:\/\/merris-international.com\/fr\/#\/schema\/logo\/image\/\",\"url\":\"https:\/\/merris-international.com\/wp-content\/uploads\/2017\/03\/cog.png\",\"contentUrl\":\"https:\/\/merris-international.com\/wp-content\/uploads\/2017\/03\/cog.png\",\"width\":111,\"height\":111,\"caption\":\"Merris\"},\"image\":{\"@id\":\"https:\/\/merris-international.com\/fr\/#\/schema\/logo\/image\/\"}}]}<\/script>\n<!-- \/ Yoast SEO plugin. -->","yoast_head_json":{"title":"(English) vibrational shaker, gyroscopic mixer, shear mixer, laboratory mixer","description":"(English) Minimix Auto is a vibrational shaker, gyroscopic mixer, shear mixer is suitable as can paint shaker and even used as a laboratory mixer.","robots":{"index":"index","follow":"follow","max-snippet":"max-snippet:-1","max-image-preview":"max-image-preview:large","max-video-preview":"max-video-preview:-1"},"canonical":"https:\/\/merris-international.com\/products\/minimix\/","og_locale":"es_ES","og_type":"article","og_title":"[:en]vibrational shaker, gyroscopic mixer, shear mixer, laboratory mixer[:]","og_description":"{:en}Minimix Auto is a vibrational shaker, gyroscopic mixer, shear mixer is suitable as can paint shaker and even used as a laboratory mixer.{:}","og_url":"https:\/\/merris-international.com\/products\/minimix\/","og_site_name":"Merris","article_modified_time":"2022-11-09T15:47:13+00:00","twitter_card":"summary_large_image","twitter_misc":{"Tiempo de lectura":"2 minutos"},"schema":{"@context":"https:\/\/schema.org","@graph":[{"@type":"WebPage","@id":"https:\/\/merris-international.com\/products\/minimix\/","url":"https:\/\/merris-international.com\/products\/minimix\/","name":"[:en]vibrational shaker, gyroscopic mixer, shear mixer, laboratory mixer[:]","isPartOf":{"@id":"https:\/\/merris-international.com\/fr\/#website"},"datePublished":"2017-04-19T07:37:06+00:00","dateModified":"2022-11-09T15:47:13+00:00","description":"{:en}Minimix Auto is a vibrational shaker, gyroscopic mixer, shear mixer is suitable as can paint shaker and even used as a laboratory mixer.{:}","breadcrumb":{"@id":"https:\/\/merris-international.com\/products\/minimix\/#breadcrumb"},"inLanguage":"es","potentialAction":[{"@type":"ReadAction","target":["https:\/\/merris-international.com\/products\/minimix\/"]}]},{"@type":"BreadcrumbList","@id":"https:\/\/merris-international.com\/products\/minimix\/#breadcrumb","itemListElement":[{"@type":"ListItem","position":1,"name":"Home","item":"https:\/\/merris-international.com\/"},{"@type":"ListItem","position":2,"name":"Products","item":"https:\/\/merris-international.com\/fr\/products\/"},{"@type":"ListItem","position":3,"name":"Minimix"}]},{"@type":"WebSite","@id":"https:\/\/merris-international.com\/fr\/#website","url":"https:\/\/merris-international.com\/fr\/","name":"Merris","description":"Industrial Paint and Laboratory Mixing Equipment Manufacturer","publisher":{"@id":"https:\/\/merris-international.com\/fr\/#organization"},"potentialAction":[{"@type":"SearchAction","target":{"@type":"EntryPoint","urlTemplate":"https:\/\/merris-international.com\/fr\/?s={search_term_string}"},"query-input":{"@type":"PropertyValueSpecification","valueRequired":true,"valueName":"search_term_string"}}],"inLanguage":"es"},{"@type":"Organization","@id":"https:\/\/merris-international.com\/fr\/#organization","name":"Merris","url":"https:\/\/merris-international.com\/fr\/","logo":{"@type":"ImageObject","inLanguage":"es","@id":"https:\/\/merris-international.com\/fr\/#\/schema\/logo\/image\/","url":"https:\/\/merris-international.com\/wp-content\/uploads\/2017\/03\/cog.png","contentUrl":"https:\/\/merris-international.com\/wp-content\/uploads\/2017\/03\/cog.png","width":111,"height":111,"caption":"Merris"},"image":{"@id":"https:\/\/merris-international.com\/fr\/#\/schema\/logo\/image\/"}}]}},"_links":{"self":[{"href":"https:\/\/merris-international.com\/es\/wp-json\/wp\/v2\/pages\/179","targetHints":{"allow":["GET"]}}],"collection":[{"href":"https:\/\/merris-international.com\/es\/wp-json\/wp\/v2\/pages"}],"about":[{"href":"https:\/\/merris-international.com\/es\/wp-json\/wp\/v2\/types\/page"}],"author":[{"embeddable":true,"href":"https:\/\/merris-international.com\/es\/wp-json\/wp\/v2\/users\/1"}],"replies":[{"embeddable":true,"href":"https:\/\/merris-international.com\/es\/wp-json\/wp\/v2\/comments?post=179"}],"version-history":[{"count":26,"href":"https:\/\/merris-international.com\/es\/wp-json\/wp\/v2\/pages\/179\/revisions"}],"predecessor-version":[{"id":859,"href":"https:\/\/merris-international.com\/es\/wp-json\/wp\/v2\/pages\/179\/revisions\/859"}],"up":[{"embeddable":true,"href":"https:\/\/merris-international.com\/es\/wp-json\/wp\/v2\/pages\/8"}],"wp:attachment":[{"href":"https:\/\/merris-international.com\/es\/wp-json\/wp\/v2\/media?parent=179"}],"curies":[{"name":"wp","href":"https:\/\/api.w.org\/{rel}","templated":true}]}}