{"id":230,"date":"2017-04-19T11:58:46","date_gmt":"2017-04-19T11:58:46","guid":{"rendered":"http:\/\/merris-international.com\/?page_id=230"},"modified":"2018-01-28T08:35:42","modified_gmt":"2018-01-28T08:35:42","slug":"automix-480","status":"publish","type":"page","link":"https:\/\/merris-international.com\/es\/products\/automix-480\/","title":{"rendered":"Automix 480"},"content":{"rendered":"<section class=\"wpb-content-wrapper\"><p>[vc_row css_animation=\u00bb\u00bb row_type=\u00bbrow\u00bb use_row_as_full_screen_section=\u00bbno\u00bb type=\u00bbgrid\u00bb anchor=\u00bbcontent\u00bb angled_section=\u00bbno\u00bb text_align=\u00bbcenter\u00bb background_image_as_pattern=\u00bbwithout_pattern\u00bb padding_top=\u00bb60&#8243; padding_bottom=\u00bb40&#8243;][vc_column][vc_column_text]<\/p>\n<h1>Automix 480<\/h1>\n<p>[\/vc_column_text][vc_separator type=\u00bbsmall\u00bb position=\u00bbcenter\u00bb color=\u00bb#0c4da2&#8243; thickness=\u00bb1&#8243; width=\u00bb100&#8243; up=\u00bb1&#8243; down=\u00bb40&#8243;][\/vc_column][\/vc_row][vc_row css_animation=\u00bb\u00bb row_type=\u00bbrow\u00bb use_row_as_full_screen_section=\u00bbno\u00bb type=\u00bbgrid\u00bb angled_section=\u00bbno\u00bb text_align=\u00bbleft\u00bb background_image_as_pattern=\u00bbwithout_pattern\u00bb padding_bottom=\u00bb50&#8243;][vc_column width=\u00bb1\/3&#8243; css=\u00bb.vc_custom_1492595011541{padding-right: 5% !important;}\u00bb][vc_column_text]<\/p>\n<h3>Dimensiones<\/h3>\n<p>[\/vc_column_text][vc_column_text]Anchura = 70 cm \/ Profundidad = 72 cm \/ Altura = 121,5 cm<br \/>\nAltura de la plataforma = 49 cm<br \/>\nCon una altura opcional de la plataforma que llega hasta los 68 cm<br \/>\n[\/vc_column_text][vc_separator type=\u00bbsmall\u00bb position=\u00bbleft\u00bb color=\u00bb#e0e0e0&#8243; thickness=\u00bb1&#8243; width=\u00bb100&#8243; width_in_percentages=\u00bbyes\u00bb up=\u00bb50&#8243; down=\u00bb50&#8243;][vc_column_text]<\/p>\n<h3>Informaci\u00f3n<\/h3>\n<p>[\/vc_column_text][vc_column_text]El Automix 480 es el \u00faltimo desarrollo de Merris y sigue una larga tradici\u00f3n de productos s\u00f3lidos y fiables. El nuevo Automix 480 incorpora varias funciones nuevas que proporcionan una operaci\u00f3n eficaz, silenciosa y segura. El Automix cuenta con una nueva puerta giratoria que funciona desde la base de la m\u00e1quina, para ocupar menos espacio en las tiendas y para no restringir el espacio de trabajo de los operadores. Tambi\u00e9n cuenta con husillos protegidos contra derrames, lo cual alarga la vida \u00fatil, garantizando el que est\u00e9n solo sumergidos en grasa en lugar de pintura.<\/p>\n<p>Las nuevas ruedas rodantes permiten colocar la m\u00e1quina en posici\u00f3n con facilidad y la nueva base permite el transporte en montacargas para distancias m\u00e1s largas. Pie de acceso solo en la parte delantera para que la unidad pueda colocarse\/sacarse f\u00e1cilmente y reposicionarse para su mantenimiento. Sencillo y f\u00e1cil acceso frontal de todos los sistemas el\u00e9ctricos y paquete de control est\u00e1ndar ahora incluido en todos los nuevos Sacudidores y Mezcladores Girosc\u00f3picos, reduciendo el inventario de las piezas si se utilizan ambos tipos de productos Merris. Simplificado para entender el mantenimiento, para que pueda aprender sobre un sistema (el mismo para todos).<br \/>\n[\/vc_column_text][vc_separator type=\u00bbsmall\u00bb position=\u00bbleft\u00bb color=\u00bb#e0e0e0&#8243; thickness=\u00bb1&#8243; width=\u00bb100&#8243; width_in_percentages=\u00bbyes\u00bb up=\u00bb50&#8243; down=\u00bb50&#8243;][vc_column_text]<\/p>\n<h3>Funcionamiento<\/h3>\n<p>[\/vc_column_text][vc_column_text]El Automix cuenta con unas caracter\u00edsticas sencillas y sin complicaciones. Simplemente abra la puerta, coloque la lata sobre la plataforma, cierre la puerta y seleccione el tiempo. La pantalla explica lo que va sucediendo seg\u00fan la m\u00e1quina fija y pasa a la modalidad de mezclado. Mostrar\u00e1 el tiempo y las funciones seg\u00fan avanza a lo largo del ciclo. Una vez que la puerta est\u00e9 cerrada y el tiempo haya sido seleccionado, la puerta se bloquear\u00e1 autom\u00e1ticamente y no volver\u00e1 a abrirse hasta que el ciclo haya terminado y la m\u00e1quina haya dejado de moverse. La m\u00e1quina incorpora un sistema de protecci\u00f3n contra fallos, por lo que si una lata se suelta, la m\u00e1quina parar\u00e1 de forma autom\u00e1tica.<br \/>\n[\/vc_column_text][vc_separator type=\u00bbsmall\u00bb position=\u00bbleft\u00bb color=\u00bb#e0e0e0&#8243; thickness=\u00bb1&#8243; width=\u00bb100&#8243; width_in_percentages=\u00bbyes\u00bb up=\u00bb50&#8243; down=\u00bb50&#8243;][\/vc_column][vc_column width=\u00bb1\/3&#8243; css=\u00bb.vc_custom_1490050840689{padding-right: 10% !important;}\u00bb][vc_column_text]<\/p>\n<h3>Datos T\u00e9cnicos<\/h3>\n<p>[\/vc_column_text]<div class=\"q_icon_list\"><i class=\"qode_icon_font_awesome fa fa-check qode-ili-icon-holder transparent\" style=\"font-size: 16px;color: #0c4da2;\" ><\/i><p style=\"color:#333333;\">La puerta giratoria encaja dentro de la m\u00e1quina al abrirse (operada mec\u00e1nicamente)<\/p><\/div><div class=\"q_icon_list\"><i class=\"qode_icon_font_awesome fa fa-check qode-ili-icon-holder transparent\" style=\"font-size: 16px;color: #0c4da2;\" ><\/i><p style=\"color:#333333;\">Fijaci\u00f3n y agitaci\u00f3n totalmente automatizadas<\/p><\/div><div class=\"q_icon_list\"><i class=\"qode_icon_font_awesome fa fa-check qode-ili-icon-holder transparent\" style=\"font-size: 16px;color: #0c4da2;\" ><\/i><p style=\"color:#333333;\">Interfaz de usuario con tiempos de agitaci\u00f3n programables<\/p><\/div><div class=\"q_icon_list\"><i class=\"qode_icon_font_awesome fa fa-check qode-ili-icon-holder transparent\" style=\"font-size: 16px;color: #0c4da2;\" ><\/i><p style=\"color:#333333;\">Sistema el\u00e9ctrico sencillo pero robusto y fiable \/ Siemens Technology<\/p><\/div><div class=\"q_icon_list\"><i class=\"qode_icon_font_awesome fa fa-check qode-ili-icon-holder transparent\" style=\"font-size: 16px;color: #0c4da2;\" ><\/i><p style=\"color:#333333;\">Base escalonada para permitir el acceso de un montacargas por debajo para mover la m\u00e1quina<\/p><\/div><div class=\"q_icon_list\"><i class=\"qode_icon_font_awesome fa fa-check qode-ili-icon-holder transparent\" style=\"font-size: 16px;color: #0c4da2;\" ><\/i><p style=\"color:#333333;\">Configuraci\u00f3n del temporizador: 3 tiempos programables por el usuario<\/p><\/div><div class=\"q_icon_list\"><i class=\"qode_icon_font_awesome fa fa-check qode-ili-icon-holder transparent\" style=\"font-size: 16px;color: #0c4da2;\" ><\/i><p style=\"color:#333333;\">Ruedas en la plataforma para moverla con facilidad y pie solo en la parte delantera para su estabilizaci\u00f3n<\/p><\/div><div class=\"q_icon_list\"><i class=\"qode_icon_font_awesome fa fa-check qode-ili-icon-holder transparent\" style=\"font-size: 16px;color: #0c4da2;\" ><\/i><p style=\"color:#333333;\">Larga vida \u00fatil y bajo mantenimiento<\/p><\/div><div class=\"q_icon_list\"><i class=\"qode_icon_font_awesome fa fa-check qode-ili-icon-holder transparent\" style=\"font-size: 16px;color: #0c4da2;\" ><\/i><p style=\"color:#333333;\">Husillos protegidos contra derrames de pintura incluidos (f\u00e1cil acceso para engrasar)<\/p><\/div><div class=\"q_icon_list\"><i class=\"qode_icon_font_awesome fa fa-check qode-ili-icon-holder transparent\" style=\"font-size: 16px;color: #0c4da2;\" ><\/i><p style=\"color:#333333;\">Tecnolog\u00eda de fijaci\u00f3n \u00fanica, diferentes presiones seg\u00fan las necesidades<\/p><\/div><div class=\"q_icon_list\"><i class=\"qode_icon_font_awesome fa fa-check qode-ili-icon-holder transparent\" style=\"font-size: 16px;color: #0c4da2;\" ><\/i><p style=\"color:#333333;\">F\u00e1cil acceso al sistema el\u00e9ctrico<\/p><\/div><div class=\"q_icon_list\"><i class=\"qode_icon_font_awesome fa fa-check qode-ili-icon-holder transparent\" style=\"font-size: 16px;color: #0c4da2;\" ><\/i><p style=\"color:#333333;\">Mecanismo de bloqueo de puerta de seguridad totalmente incluido<\/p><\/div><div class=\"q_icon_list\"><i class=\"qode_icon_font_awesome fa fa-check qode-ili-icon-holder transparent\" style=\"font-size: 16px;color: #0c4da2;\" ><\/i><p style=\"color:#333333;\">Altura m\u00e1xima del producto: 48 cm<\/p><\/div><div class=\"q_icon_list\"><i class=\"qode_icon_font_awesome fa fa-check qode-ili-icon-holder transparent\" style=\"font-size: 16px;color: #0c4da2;\" ><\/i><p style=\"color:#333333;\">Anchura m\u00e1xima del producto: 38 cm<\/p><\/div><div class=\"q_icon_list\"><i class=\"qode_icon_font_awesome fa fa-check qode-ili-icon-holder transparent\" style=\"font-size: 16px;color: #0c4da2;\" ><\/i><p style=\"color:#333333;\">Potencia del motor del sacudidor: 0,75 kw 1 hp<\/p><\/div><div class=\"q_icon_list\"><i class=\"qode_icon_font_awesome fa fa-check qode-ili-icon-holder transparent\" style=\"font-size: 16px;color: #0c4da2;\" ><\/i><p style=\"color:#333333;\">Altura m\u00ednima del producto: 6 cm<\/p><\/div><div class=\"q_icon_list\"><i class=\"qode_icon_font_awesome fa fa-check qode-ili-icon-holder transparent\" style=\"font-size: 16px;color: #0c4da2;\" ><\/i><p style=\"color:#333333;\">Configuraci\u00f3n del temporizador: 3 tiempos programables por el usuario<\/p><\/div>[vc_separator type=\u00bbsmall\u00bb position=\u00bbleft\u00bb color=\u00bb#e0e0e0&#8243; thickness=\u00bb1&#8243; width=\u00bb100&#8243; width_in_percentages=\u00bbyes\u00bb up=\u00bb50&#8243; down=\u00bb50&#8243;][vc_column_text]<\/p>\n<h3>Ficha T\u00e9cnica<\/h3>\n<p>[\/vc_column_text]<a  itemprop=\"url\" href=\"http:\/\/merris-international.com\/wp-content\/uploads\/2017\/04\/automix-480.pdf\" target=\"_self\"  class=\"qbutton  default\" style=\"margin: 8px 8px 8px 0px; \">Automix 480 Ficha T\u00e9cnica<\/a>[vc_separator type=\u00bbsmall\u00bb position=\u00bbleft\u00bb color=\u00bb#e0e0e0&#8243; thickness=\u00bb1&#8243; width=\u00bb100&#8243; width_in_percentages=\u00bbyes\u00bb up=\u00bb50&#8243; down=\u00bb50&#8243;][\/vc_column][vc_column width=\u00bb1\/3&#8243; el_class=\u00bbgrey-side\u00bb][vc_gallery type=\u00bbimage_grid\u00bb images=\u00bb236&#8243; img_size=\u00bbfull\u00bb column_number=\u00bb0&#8243; grayscale=\u00bbno\u00bb images_space=\u00bbgallery_with_space\u00bb][vc_empty_space height=\u00bb20px\u00bb][vc_gallery type=\u00bbimage_grid\u00bb images=\u00bb237&#8243; img_size=\u00bbfull\u00bb column_number=\u00bb0&#8243; grayscale=\u00bbno\u00bb images_space=\u00bbgallery_with_space\u00bb][\/vc_column][\/vc_row]<\/p>\n<\/section>","protected":false},"excerpt":{"rendered":"<p>[vc_row css_animation=\u00bb\u00bb row_type=\u00bbrow\u00bb use_row_as_full_screen_section=\u00bbno\u00bb type=\u00bbgrid\u00bb anchor=\u00bbcontent\u00bb angled_section=\u00bbno\u00bb text_align=\u00bbcenter\u00bb background_image_as_pattern=\u00bbwithout_pattern\u00bb padding_top=\u00bb60&#8243; padding_bottom=\u00bb40&#8243;][vc_column][vc_column_text] Automix 480 [\/vc_column_text][vc_separator type=\u00bbsmall\u00bb position=\u00bbcenter\u00bb color=\u00bb#0c4da2&#8243; thickness=\u00bb1&#8243; width=\u00bb100&#8243; up=\u00bb1&#8243; down=\u00bb40&#8243;][\/vc_column][\/vc_row][vc_row css_animation=\u00bb\u00bb row_type=\u00bbrow\u00bb use_row_as_full_screen_section=\u00bbno\u00bb type=\u00bbgrid\u00bb angled_section=\u00bbno\u00bb text_align=\u00bbleft\u00bb background_image_as_pattern=\u00bbwithout_pattern\u00bb padding_bottom=\u00bb50&#8243;][vc_column width=\u00bb1\/3&#8243; css=\u00bb.vc_custom_1492595011541{padding-right: 5% !important;}\u00bb][vc_column_text] Dimensiones [\/vc_column_text][vc_column_text]Anchura = 70 cm \/ Profundidad = 72 cm \/ Altura&#8230;<\/p>\n","protected":false},"author":1,"featured_media":0,"parent":8,"menu_order":0,"comment_status":"closed","ping_status":"closed","template":"full_width.php","meta":{"footnotes":""},"class_list":["post-230","page","type-page","status-publish","hentry"],"yoast_head":"<!-- This site is optimized with the Yoast SEO plugin v24.7 - https:\/\/yoast.com\/wordpress\/plugins\/seo\/ -->\n<title>(English) vibrational shaker, gyroscopic mixer, shear mixer, laboratory mixer<\/title>\n<meta name=\"description\" content=\"(English) Automix 480 is a vibrational shaker, gyroscopic mixer, shear mixer and is suitable as can paint shaker and even used as a laboratory mixer.\" \/>\n<meta name=\"robots\" content=\"index, follow, max-snippet:-1, max-image-preview:large, max-video-preview:-1\" \/>\n<link rel=\"canonical\" href=\"https:\/\/merris-international.com\/fr\/products\/automix-480\/\" \/>\n<meta property=\"og:locale\" content=\"es_ES\" \/>\n<meta property=\"og:type\" content=\"article\" \/>\n<meta property=\"og:title\" content=\"(English) vibrational shaker, gyroscopic mixer, shear mixer, laboratory mixer\" \/>\n<meta property=\"og:description\" content=\"(English) Automix 480 is a vibrational shaker, gyroscopic mixer, shear mixer and is suitable as can paint shaker and even used as a laboratory mixer.\" \/>\n<meta property=\"og:url\" content=\"https:\/\/merris-international.com\/fr\/products\/automix-480\/\" \/>\n<meta property=\"og:site_name\" content=\"Merris\" \/>\n<meta property=\"article:modified_time\" content=\"2018-01-28T08:35:42+00:00\" \/>\n<meta name=\"twitter:card\" content=\"summary_large_image\" \/>\n<meta name=\"twitter:label1\" content=\"Tiempo de lectura\" \/>\n\t<meta name=\"twitter:data1\" content=\"6 minutos\" \/>\n<script type=\"application\/ld+json\" class=\"yoast-schema-graph\">{\"@context\":\"https:\/\/schema.org\",\"@graph\":[{\"@type\":\"WebPage\",\"@id\":\"https:\/\/merris-international.com\/fr\/products\/automix-480\/\",\"url\":\"https:\/\/merris-international.com\/fr\/products\/automix-480\/\",\"name\":\"(English) vibrational shaker, gyroscopic mixer, shear mixer, laboratory mixer\",\"isPartOf\":{\"@id\":\"https:\/\/merris-international.com\/fr\/#website\"},\"datePublished\":\"2017-04-19T11:58:46+00:00\",\"dateModified\":\"2018-01-28T08:35:42+00:00\",\"description\":\"(English) Automix 480 is a vibrational shaker, gyroscopic mixer, shear mixer and is suitable as can paint shaker and even used as a laboratory mixer.\",\"breadcrumb\":{\"@id\":\"https:\/\/merris-international.com\/fr\/products\/automix-480\/#breadcrumb\"},\"inLanguage\":\"es\",\"potentialAction\":[{\"@type\":\"ReadAction\",\"target\":[\"https:\/\/merris-international.com\/fr\/products\/automix-480\/\"]}]},{\"@type\":\"BreadcrumbList\",\"@id\":\"https:\/\/merris-international.com\/fr\/products\/automix-480\/#breadcrumb\",\"itemListElement\":[{\"@type\":\"ListItem\",\"position\":1,\"name\":\"Home\",\"item\":\"https:\/\/merris-international.com\/\"},{\"@type\":\"ListItem\",\"position\":2,\"name\":\"Products\",\"item\":\"https:\/\/merris-international.com\/fr\/products\/\"},{\"@type\":\"ListItem\",\"position\":3,\"name\":\"Automix 480\"}]},{\"@type\":\"WebSite\",\"@id\":\"https:\/\/merris-international.com\/fr\/#website\",\"url\":\"https:\/\/merris-international.com\/fr\/\",\"name\":\"Merris\",\"description\":\"Industrial Paint and Laboratory Mixing Equipment Manufacturer\",\"publisher\":{\"@id\":\"https:\/\/merris-international.com\/fr\/#organization\"},\"potentialAction\":[{\"@type\":\"SearchAction\",\"target\":{\"@type\":\"EntryPoint\",\"urlTemplate\":\"https:\/\/merris-international.com\/fr\/?s={search_term_string}\"},\"query-input\":{\"@type\":\"PropertyValueSpecification\",\"valueRequired\":true,\"valueName\":\"search_term_string\"}}],\"inLanguage\":\"es\"},{\"@type\":\"Organization\",\"@id\":\"https:\/\/merris-international.com\/fr\/#organization\",\"name\":\"Merris\",\"url\":\"https:\/\/merris-international.com\/fr\/\",\"logo\":{\"@type\":\"ImageObject\",\"inLanguage\":\"es\",\"@id\":\"https:\/\/merris-international.com\/fr\/#\/schema\/logo\/image\/\",\"url\":\"https:\/\/merris-international.com\/wp-content\/uploads\/2017\/03\/cog.png\",\"contentUrl\":\"https:\/\/merris-international.com\/wp-content\/uploads\/2017\/03\/cog.png\",\"width\":111,\"height\":111,\"caption\":\"Merris\"},\"image\":{\"@id\":\"https:\/\/merris-international.com\/fr\/#\/schema\/logo\/image\/\"}}]}<\/script>\n<!-- \/ Yoast SEO plugin. -->","yoast_head_json":{"title":"(English) vibrational shaker, gyroscopic mixer, shear mixer, laboratory mixer","description":"(English) Automix 480 is a vibrational shaker, gyroscopic mixer, shear mixer and is suitable as can paint shaker and even used as a laboratory mixer.","robots":{"index":"index","follow":"follow","max-snippet":"max-snippet:-1","max-image-preview":"max-image-preview:large","max-video-preview":"max-video-preview:-1"},"canonical":"https:\/\/merris-international.com\/fr\/products\/automix-480\/","og_locale":"es_ES","og_type":"article","og_title":"(English) vibrational shaker, gyroscopic mixer, shear mixer, laboratory mixer","og_description":"(English) Automix 480 is a vibrational shaker, gyroscopic mixer, shear mixer and is suitable as can paint shaker and even used as a laboratory mixer.","og_url":"https:\/\/merris-international.com\/fr\/products\/automix-480\/","og_site_name":"Merris","article_modified_time":"2018-01-28T08:35:42+00:00","twitter_card":"summary_large_image","twitter_misc":{"Tiempo de lectura":"6 minutos"},"schema":{"@context":"https:\/\/schema.org","@graph":[{"@type":"WebPage","@id":"https:\/\/merris-international.com\/fr\/products\/automix-480\/","url":"https:\/\/merris-international.com\/fr\/products\/automix-480\/","name":"(English) vibrational shaker, gyroscopic mixer, shear mixer, laboratory mixer","isPartOf":{"@id":"https:\/\/merris-international.com\/fr\/#website"},"datePublished":"2017-04-19T11:58:46+00:00","dateModified":"2018-01-28T08:35:42+00:00","description":"(English) Automix 480 is a vibrational shaker, gyroscopic mixer, shear mixer and is suitable as can paint shaker and even used as a laboratory mixer.","breadcrumb":{"@id":"https:\/\/merris-international.com\/fr\/products\/automix-480\/#breadcrumb"},"inLanguage":"es","potentialAction":[{"@type":"ReadAction","target":["https:\/\/merris-international.com\/fr\/products\/automix-480\/"]}]},{"@type":"BreadcrumbList","@id":"https:\/\/merris-international.com\/fr\/products\/automix-480\/#breadcrumb","itemListElement":[{"@type":"ListItem","position":1,"name":"Home","item":"https:\/\/merris-international.com\/"},{"@type":"ListItem","position":2,"name":"Products","item":"https:\/\/merris-international.com\/fr\/products\/"},{"@type":"ListItem","position":3,"name":"Automix 480"}]},{"@type":"WebSite","@id":"https:\/\/merris-international.com\/fr\/#website","url":"https:\/\/merris-international.com\/fr\/","name":"Merris","description":"Industrial Paint and Laboratory Mixing Equipment Manufacturer","publisher":{"@id":"https:\/\/merris-international.com\/fr\/#organization"},"potentialAction":[{"@type":"SearchAction","target":{"@type":"EntryPoint","urlTemplate":"https:\/\/merris-international.com\/fr\/?s={search_term_string}"},"query-input":{"@type":"PropertyValueSpecification","valueRequired":true,"valueName":"search_term_string"}}],"inLanguage":"es"},{"@type":"Organization","@id":"https:\/\/merris-international.com\/fr\/#organization","name":"Merris","url":"https:\/\/merris-international.com\/fr\/","logo":{"@type":"ImageObject","inLanguage":"es","@id":"https:\/\/merris-international.com\/fr\/#\/schema\/logo\/image\/","url":"https:\/\/merris-international.com\/wp-content\/uploads\/2017\/03\/cog.png","contentUrl":"https:\/\/merris-international.com\/wp-content\/uploads\/2017\/03\/cog.png","width":111,"height":111,"caption":"Merris"},"image":{"@id":"https:\/\/merris-international.com\/fr\/#\/schema\/logo\/image\/"}}]}},"_links":{"self":[{"href":"https:\/\/merris-international.com\/es\/wp-json\/wp\/v2\/pages\/230","targetHints":{"allow":["GET"]}}],"collection":[{"href":"https:\/\/merris-international.com\/es\/wp-json\/wp\/v2\/pages"}],"about":[{"href":"https:\/\/merris-international.com\/es\/wp-json\/wp\/v2\/types\/page"}],"author":[{"embeddable":true,"href":"https:\/\/merris-international.com\/es\/wp-json\/wp\/v2\/users\/1"}],"replies":[{"embeddable":true,"href":"https:\/\/merris-international.com\/es\/wp-json\/wp\/v2\/comments?post=230"}],"version-history":[{"count":11,"href":"https:\/\/merris-international.com\/es\/wp-json\/wp\/v2\/pages\/230\/revisions"}],"predecessor-version":[{"id":651,"href":"https:\/\/merris-international.com\/es\/wp-json\/wp\/v2\/pages\/230\/revisions\/651"}],"up":[{"embeddable":true,"href":"https:\/\/merris-international.com\/es\/wp-json\/wp\/v2\/pages\/8"}],"wp:attachment":[{"href":"https:\/\/merris-international.com\/es\/wp-json\/wp\/v2\/media?parent=230"}],"curies":[{"name":"wp","href":"https:\/\/api.w.org\/{rel}","templated":true}]}}