{"id":250,"date":"2017-04-19T12:20:20","date_gmt":"2017-04-19T12:20:20","guid":{"rendered":"http:\/\/merris-international.com\/?page_id=250"},"modified":"2018-01-28T08:51:58","modified_gmt":"2018-01-28T08:51:58","slug":"flameproof-maximix","status":"publish","type":"page","link":"https:\/\/merris-international.com\/es\/products\/flameproof-maximix\/","title":{"rendered":"Flameproof Maximix"},"content":{"rendered":"<section class=\"wpb-content-wrapper\"><p>[vc_row css_animation=\u00bb\u00bb row_type=\u00bbrow\u00bb use_row_as_full_screen_section=\u00bbno\u00bb type=\u00bbgrid\u00bb anchor=\u00bbcontent\u00bb angled_section=\u00bbno\u00bb text_align=\u00bbcenter\u00bb background_image_as_pattern=\u00bbwithout_pattern\u00bb padding_top=\u00bb60&#8243; padding_bottom=\u00bb40&#8243;][vc_column][vc_column_text]<\/p>\n<h1>Maximix Ign\u00edfugo<\/h1>\n<p>[\/vc_column_text][vc_separator type=\u00bbsmall\u00bb position=\u00bbcenter\u00bb color=\u00bb#0c4da2&#8243; thickness=\u00bb1&#8243; width=\u00bb100&#8243; up=\u00bb1&#8243; down=\u00bb40&#8243;][\/vc_column][\/vc_row][vc_row css_animation=\u00bb\u00bb row_type=\u00bbrow\u00bb use_row_as_full_screen_section=\u00bbno\u00bb type=\u00bbgrid\u00bb angled_section=\u00bbno\u00bb text_align=\u00bbleft\u00bb background_image_as_pattern=\u00bbwithout_pattern\u00bb padding_bottom=\u00bb50&#8243;][vc_column width=\u00bb1\/3&#8243; css=\u00bb.vc_custom_1490050149886{padding-right: 10% !important;}\u00bb][vc_column_text]<\/p>\n<h3>Dimensiones<\/h3>\n<p>[\/vc_column_text][vc_column_text]Anchura = 64 cm \/ Profundidad = 63 cm<br \/>\nAltura = 122 cm \/ Altura est\u00e1ndar de la carga en la unidad = 50 cm[\/vc_column_text][vc_separator type=\u00bbsmall\u00bb position=\u00bbleft\u00bb color=\u00bb#e0e0e0&#8243; thickness=\u00bb1&#8243; width=\u00bb100&#8243; width_in_percentages=\u00bbyes\u00bb up=\u00bb50&#8243; down=\u00bb50&#8243;][vc_column_text]<\/p>\n<h3>Informaci\u00f3n<\/h3>\n<p>[\/vc_column_text][vc_column_text]La operaci\u00f3n es f\u00e1cil, coloque la lata sobre la plataforma, suelte y baje la placa de sujeci\u00f3n hasta la lata. Coloque la palanca de bloqueo en la posici\u00f3n de bloqueo y cierre la puerta. Seleccione el tiempo y pulse el bot\u00f3n de inicio. La puerta se bloquear\u00e1 autom\u00e1ticamente y empezar\u00e1 la agitaci\u00f3n. Cuando el ciclo haya terminado y la m\u00e1quina se haya reajustado, la puerta se desbloquear\u00e1 y podr\u00e1 mover la palanca de desbloqueo, desliz\u00e1ndola hacia arriba, y sacar la lata.<\/p>\n<p>El sacudidor Maximix Ign\u00edfugo tiene un bot\u00f3n de encendido en el panel y una luz se ilumina indicando que la m\u00e1quina est\u00e1 lista para su funcionamiento.[\/vc_column_text][vc_separator type=\u00bbsmall\u00bb position=\u00bbleft\u00bb color=\u00bb#e0e0e0&#8243; thickness=\u00bb1&#8243; width=\u00bb100&#8243; width_in_percentages=\u00bbyes\u00bb up=\u00bb50&#8243; down=\u00bb50&#8243;][vc_column_text]<\/p>\n<h3>Ficha T\u00e9cnica<\/h3>\n<p>[\/vc_column_text]<a  itemprop=\"url\" href=\"http:\/\/merris-international.com\/wp-content\/uploads\/2017\/04\/flameproof-maximix.pdf\" target=\"_self\"  class=\"qbutton  default\" style=\"margin: 8px 8px 8px 0px; \">Flameproof Maximix Ficha T\u00e9cnica<\/a><a  itemprop=\"url\" href=\"http:\/\/merris-international.com\/wp-content\/uploads\/2017\/04\/Sira-14ATEX6322X-Iss-0.pdf\" target=\"_self\"  class=\"qbutton  default\" style=\"margin: 8px 8px 8px 0px; \">Ver Certificado<\/a>[vc_separator type=\u00bbsmall\u00bb position=\u00bbleft\u00bb color=\u00bb#e0e0e0&#8243; thickness=\u00bb1&#8243; width=\u00bb100&#8243; width_in_percentages=\u00bbyes\u00bb up=\u00bb50&#8243; down=\u00bb50&#8243;][\/vc_column][vc_column width=\u00bb1\/3&#8243; css=\u00bb.vc_custom_1490050840689{padding-right: 10% !important;}\u00bb][vc_column_text]<\/p>\n<h3>Datos T\u00e9cnicos<\/h3>\n<p>[\/vc_column_text]<div class=\"q_icon_list\"><i class=\"qode_icon_font_awesome fa fa-check qode-ili-icon-holder transparent\" style=\"font-size: 16px;color: #0c4da2;\" ><\/i><p style=\"color:#333333;\">Sacudidor Ign\u00edfugo Superior de 25 Litros: eficaz, silencioso y seguro<\/p><\/div><div class=\"q_icon_list\"><i class=\"qode_icon_font_awesome fa fa-check qode-ili-icon-holder transparent\" style=\"font-size: 16px;color: #0c4da2;\" ><\/i><p style=\"color:#333333;\">Clasificado para \u00e1reas de la zona 1<\/p><\/div><div class=\"q_icon_list\"><i class=\"qode_icon_font_awesome fa fa-check qode-ili-icon-holder transparent\" style=\"font-size: 16px;color: #0c4da2;\" ><\/i><p style=\"color:#333333;\">Peso m\u00e1ximo del producto: 35 kg<\/p><\/div><div class=\"q_icon_list\"><i class=\"qode_icon_font_awesome fa fa-check qode-ili-icon-holder transparent\" style=\"font-size: 16px;color: #0c4da2;\" ><\/i><p style=\"color:#333333;\">Altura M\u00e1xima de la Lata: 46 cm, Di\u00e1metro: 33 cm. Altura M\u00ednima: 6 cm.<\/p><\/div><div class=\"q_icon_list\"><i class=\"qode_icon_font_awesome fa fa-check qode-ili-icon-holder transparent\" style=\"font-size: 16px;color: #0c4da2;\" ><\/i><p style=\"color:#333333;\">Dispositivo de fijaci\u00f3n manual de la lata patentado<\/p><\/div><div class=\"q_icon_list\"><i class=\"qode_icon_font_awesome fa fa-check qode-ili-icon-holder transparent\" style=\"font-size: 16px;color: #0c4da2;\" ><\/i><p style=\"color:#333333;\">Selecci\u00f3n del tiempo a trav\u00e9s del potenci\u00f3metro<\/p><\/div><div class=\"q_icon_list\"><i class=\"qode_icon_font_awesome fa fa-check qode-ili-icon-holder transparent\" style=\"font-size: 16px;color: #0c4da2;\" ><\/i><p style=\"color:#333333;\">1 HP Motor Trif\u00e1sico EEx 11 T1 \u2013 T4 protecci\u00f3n contra ignici\u00f3n<\/p><\/div><div class=\"q_icon_list\"><i class=\"qode_icon_font_awesome fa fa-check qode-ili-icon-holder transparent\" style=\"font-size: 16px;color: #0c4da2;\" ><\/i><p style=\"color:#333333;\">Interruptores de seguridad EX utilizados para todas las funciones<\/p><\/div><div class=\"q_icon_list\"><i class=\"qode_icon_font_awesome fa fa-check qode-ili-icon-holder transparent\" style=\"font-size: 16px;color: #0c4da2;\" ><\/i><p style=\"color:#333333;\">Entrada de 220v a trav\u00e9s de un enchufe EX<\/p><\/div><div class=\"q_icon_list\"><i class=\"qode_icon_font_awesome fa fa-check qode-ili-icon-holder transparent\" style=\"font-size: 16px;color: #0c4da2;\" ><\/i><p style=\"color:#333333;\">Puerta bloqueada hasta que todo el movimiento haya cesado<\/p><\/div><div class=\"q_icon_list\"><i class=\"qode_icon_font_awesome fa fa-check qode-ili-icon-holder transparent\" style=\"font-size: 16px;color: #0c4da2;\" ><\/i><p style=\"color:#333333;\">El ciclo de agitaci\u00f3n para si la lata se suelta<\/p><\/div><div class=\"q_icon_list\"><i class=\"qode_icon_font_awesome fa fa-check qode-ili-icon-holder transparent\" style=\"font-size: 16px;color: #0c4da2;\" ><\/i><p style=\"color:#333333;\">La m\u00e1quina no se activar\u00e1 si no hay una lata presente o si la lata no est\u00e1 adecuadamente fijada<\/p><\/div><div class=\"q_icon_list\"><i class=\"qode_icon_font_awesome fa fa-check qode-ili-icon-holder transparent\" style=\"font-size: 16px;color: #0c4da2;\" ><\/i><p style=\"color:#333333;\">S\u00f3lidos marcos dise\u00f1ados con precisi\u00f3n y c\u00e1mara incluida con recubrimiento en polvo<\/p><\/div>[vc_separator type=\u00bbsmall\u00bb position=\u00bbleft\u00bb color=\u00bb#e0e0e0&#8243; thickness=\u00bb1&#8243; width=\u00bb100&#8243; width_in_percentages=\u00bbyes\u00bb up=\u00bb50&#8243; down=\u00bb50&#8243;][\/vc_column][vc_column width=\u00bb1\/3&#8243; el_class=\u00bbgrey-side\u00bb][vc_gallery type=\u00bbimage_grid\u00bb images=\u00bb257&#8243; img_size=\u00bbfull\u00bb column_number=\u00bb0&#8243; grayscale=\u00bbno\u00bb images_space=\u00bbgallery_with_space\u00bb][vc_empty_space height=\u00bb20px\u00bb][vc_gallery type=\u00bbimage_grid\u00bb images=\u00bb258&#8243; img_size=\u00bb500&#215;500&#8243; column_number=\u00bb0&#8243; grayscale=\u00bbno\u00bb images_space=\u00bbgallery_with_space\u00bb][\/vc_column][\/vc_row]<\/p>\n<\/section>","protected":false},"excerpt":{"rendered":"<p>[vc_row css_animation=\u00bb\u00bb row_type=\u00bbrow\u00bb use_row_as_full_screen_section=\u00bbno\u00bb type=\u00bbgrid\u00bb anchor=\u00bbcontent\u00bb angled_section=\u00bbno\u00bb text_align=\u00bbcenter\u00bb background_image_as_pattern=\u00bbwithout_pattern\u00bb padding_top=\u00bb60&#8243; padding_bottom=\u00bb40&#8243;][vc_column][vc_column_text] Maximix Ign\u00edfugo [\/vc_column_text][vc_separator type=\u00bbsmall\u00bb position=\u00bbcenter\u00bb color=\u00bb#0c4da2&#8243; thickness=\u00bb1&#8243; width=\u00bb100&#8243; up=\u00bb1&#8243; down=\u00bb40&#8243;][\/vc_column][\/vc_row][vc_row css_animation=\u00bb\u00bb row_type=\u00bbrow\u00bb use_row_as_full_screen_section=\u00bbno\u00bb type=\u00bbgrid\u00bb angled_section=\u00bbno\u00bb text_align=\u00bbleft\u00bb background_image_as_pattern=\u00bbwithout_pattern\u00bb padding_bottom=\u00bb50&#8243;][vc_column width=\u00bb1\/3&#8243; css=\u00bb.vc_custom_1490050149886{padding-right: 10% !important;}\u00bb][vc_column_text] Dimensiones [\/vc_column_text][vc_column_text]Anchura = 64 cm \/ Profundidad = 63 cm Altura =&#8230;<\/p>\n","protected":false},"author":1,"featured_media":0,"parent":8,"menu_order":0,"comment_status":"closed","ping_status":"closed","template":"full_width.php","meta":{"footnotes":""},"class_list":["post-250","page","type-page","status-publish","hentry"],"yoast_head":"<!-- This site is optimized with the Yoast SEO plugin v24.7 - https:\/\/yoast.com\/wordpress\/plugins\/seo\/ -->\n<title>(English) vibrational shaker, gyroscopic mixer, shear mixer, laboratory mixer<\/title>\n<meta name=\"description\" content=\"(English) Flameproof Maximix is a vibrational shaker, gyroscopic mixer, shear mixer and is suitable as can paint shaker and even used as a laboratory mixer.\" \/>\n<meta name=\"robots\" content=\"index, follow, max-snippet:-1, max-image-preview:large, max-video-preview:-1\" \/>\n<link rel=\"canonical\" href=\"https:\/\/merris-international.com\/fr\/products\/flameproof-maximix\/\" \/>\n<meta property=\"og:locale\" content=\"es_ES\" \/>\n<meta property=\"og:type\" content=\"article\" \/>\n<meta property=\"og:title\" content=\"(English) vibrational shaker, gyroscopic mixer, shear mixer, laboratory mixer\" \/>\n<meta property=\"og:description\" content=\"(English) Flameproof Maximix is a vibrational shaker, gyroscopic mixer, shear mixer and is suitable as can paint shaker and even used as a laboratory mixer.\" \/>\n<meta property=\"og:url\" content=\"https:\/\/merris-international.com\/fr\/products\/flameproof-maximix\/\" \/>\n<meta property=\"og:site_name\" content=\"Merris\" \/>\n<meta property=\"article:modified_time\" content=\"2018-01-28T08:51:58+00:00\" \/>\n<meta name=\"twitter:card\" content=\"summary_large_image\" \/>\n<meta name=\"twitter:label1\" content=\"Tiempo de lectura\" \/>\n\t<meta name=\"twitter:data1\" content=\"4 minutos\" \/>\n<script type=\"application\/ld+json\" class=\"yoast-schema-graph\">{\"@context\":\"https:\/\/schema.org\",\"@graph\":[{\"@type\":\"WebPage\",\"@id\":\"https:\/\/merris-international.com\/fr\/products\/flameproof-maximix\/\",\"url\":\"https:\/\/merris-international.com\/fr\/products\/flameproof-maximix\/\",\"name\":\"(English) vibrational shaker, gyroscopic mixer, shear mixer, laboratory mixer\",\"isPartOf\":{\"@id\":\"https:\/\/merris-international.com\/fr\/#website\"},\"datePublished\":\"2017-04-19T12:20:20+00:00\",\"dateModified\":\"2018-01-28T08:51:58+00:00\",\"description\":\"(English) Flameproof Maximix is a vibrational shaker, gyroscopic mixer, shear mixer and is suitable as can paint shaker and even used as a laboratory mixer.\",\"breadcrumb\":{\"@id\":\"https:\/\/merris-international.com\/fr\/products\/flameproof-maximix\/#breadcrumb\"},\"inLanguage\":\"es\",\"potentialAction\":[{\"@type\":\"ReadAction\",\"target\":[\"https:\/\/merris-international.com\/fr\/products\/flameproof-maximix\/\"]}]},{\"@type\":\"BreadcrumbList\",\"@id\":\"https:\/\/merris-international.com\/fr\/products\/flameproof-maximix\/#breadcrumb\",\"itemListElement\":[{\"@type\":\"ListItem\",\"position\":1,\"name\":\"Home\",\"item\":\"https:\/\/merris-international.com\/\"},{\"@type\":\"ListItem\",\"position\":2,\"name\":\"Products\",\"item\":\"https:\/\/merris-international.com\/fr\/products\/\"},{\"@type\":\"ListItem\",\"position\":3,\"name\":\"Flameproof Maximix\"}]},{\"@type\":\"WebSite\",\"@id\":\"https:\/\/merris-international.com\/fr\/#website\",\"url\":\"https:\/\/merris-international.com\/fr\/\",\"name\":\"Merris\",\"description\":\"Industrial Paint and Laboratory Mixing Equipment Manufacturer\",\"publisher\":{\"@id\":\"https:\/\/merris-international.com\/fr\/#organization\"},\"potentialAction\":[{\"@type\":\"SearchAction\",\"target\":{\"@type\":\"EntryPoint\",\"urlTemplate\":\"https:\/\/merris-international.com\/fr\/?s={search_term_string}\"},\"query-input\":{\"@type\":\"PropertyValueSpecification\",\"valueRequired\":true,\"valueName\":\"search_term_string\"}}],\"inLanguage\":\"es\"},{\"@type\":\"Organization\",\"@id\":\"https:\/\/merris-international.com\/fr\/#organization\",\"name\":\"Merris\",\"url\":\"https:\/\/merris-international.com\/fr\/\",\"logo\":{\"@type\":\"ImageObject\",\"inLanguage\":\"es\",\"@id\":\"https:\/\/merris-international.com\/fr\/#\/schema\/logo\/image\/\",\"url\":\"https:\/\/merris-international.com\/wp-content\/uploads\/2017\/03\/cog.png\",\"contentUrl\":\"https:\/\/merris-international.com\/wp-content\/uploads\/2017\/03\/cog.png\",\"width\":111,\"height\":111,\"caption\":\"Merris\"},\"image\":{\"@id\":\"https:\/\/merris-international.com\/fr\/#\/schema\/logo\/image\/\"}}]}<\/script>\n<!-- \/ Yoast SEO plugin. -->","yoast_head_json":{"title":"(English) vibrational shaker, gyroscopic mixer, shear mixer, laboratory mixer","description":"(English) Flameproof Maximix is a vibrational shaker, gyroscopic mixer, shear mixer and is suitable as can paint shaker and even used as a laboratory mixer.","robots":{"index":"index","follow":"follow","max-snippet":"max-snippet:-1","max-image-preview":"max-image-preview:large","max-video-preview":"max-video-preview:-1"},"canonical":"https:\/\/merris-international.com\/fr\/products\/flameproof-maximix\/","og_locale":"es_ES","og_type":"article","og_title":"(English) vibrational shaker, gyroscopic mixer, shear mixer, laboratory mixer","og_description":"(English) Flameproof Maximix is a vibrational shaker, gyroscopic mixer, shear mixer and is suitable as can paint shaker and even used as a laboratory mixer.","og_url":"https:\/\/merris-international.com\/fr\/products\/flameproof-maximix\/","og_site_name":"Merris","article_modified_time":"2018-01-28T08:51:58+00:00","twitter_card":"summary_large_image","twitter_misc":{"Tiempo de lectura":"4 minutos"},"schema":{"@context":"https:\/\/schema.org","@graph":[{"@type":"WebPage","@id":"https:\/\/merris-international.com\/fr\/products\/flameproof-maximix\/","url":"https:\/\/merris-international.com\/fr\/products\/flameproof-maximix\/","name":"(English) vibrational shaker, gyroscopic mixer, shear mixer, laboratory mixer","isPartOf":{"@id":"https:\/\/merris-international.com\/fr\/#website"},"datePublished":"2017-04-19T12:20:20+00:00","dateModified":"2018-01-28T08:51:58+00:00","description":"(English) Flameproof Maximix is a vibrational shaker, gyroscopic mixer, shear mixer and is suitable as can paint shaker and even used as a laboratory mixer.","breadcrumb":{"@id":"https:\/\/merris-international.com\/fr\/products\/flameproof-maximix\/#breadcrumb"},"inLanguage":"es","potentialAction":[{"@type":"ReadAction","target":["https:\/\/merris-international.com\/fr\/products\/flameproof-maximix\/"]}]},{"@type":"BreadcrumbList","@id":"https:\/\/merris-international.com\/fr\/products\/flameproof-maximix\/#breadcrumb","itemListElement":[{"@type":"ListItem","position":1,"name":"Home","item":"https:\/\/merris-international.com\/"},{"@type":"ListItem","position":2,"name":"Products","item":"https:\/\/merris-international.com\/fr\/products\/"},{"@type":"ListItem","position":3,"name":"Flameproof Maximix"}]},{"@type":"WebSite","@id":"https:\/\/merris-international.com\/fr\/#website","url":"https:\/\/merris-international.com\/fr\/","name":"Merris","description":"Industrial Paint and Laboratory Mixing Equipment Manufacturer","publisher":{"@id":"https:\/\/merris-international.com\/fr\/#organization"},"potentialAction":[{"@type":"SearchAction","target":{"@type":"EntryPoint","urlTemplate":"https:\/\/merris-international.com\/fr\/?s={search_term_string}"},"query-input":{"@type":"PropertyValueSpecification","valueRequired":true,"valueName":"search_term_string"}}],"inLanguage":"es"},{"@type":"Organization","@id":"https:\/\/merris-international.com\/fr\/#organization","name":"Merris","url":"https:\/\/merris-international.com\/fr\/","logo":{"@type":"ImageObject","inLanguage":"es","@id":"https:\/\/merris-international.com\/fr\/#\/schema\/logo\/image\/","url":"https:\/\/merris-international.com\/wp-content\/uploads\/2017\/03\/cog.png","contentUrl":"https:\/\/merris-international.com\/wp-content\/uploads\/2017\/03\/cog.png","width":111,"height":111,"caption":"Merris"},"image":{"@id":"https:\/\/merris-international.com\/fr\/#\/schema\/logo\/image\/"}}]}},"_links":{"self":[{"href":"https:\/\/merris-international.com\/es\/wp-json\/wp\/v2\/pages\/250","targetHints":{"allow":["GET"]}}],"collection":[{"href":"https:\/\/merris-international.com\/es\/wp-json\/wp\/v2\/pages"}],"about":[{"href":"https:\/\/merris-international.com\/es\/wp-json\/wp\/v2\/types\/page"}],"author":[{"embeddable":true,"href":"https:\/\/merris-international.com\/es\/wp-json\/wp\/v2\/users\/1"}],"replies":[{"embeddable":true,"href":"https:\/\/merris-international.com\/es\/wp-json\/wp\/v2\/comments?post=250"}],"version-history":[{"count":10,"href":"https:\/\/merris-international.com\/es\/wp-json\/wp\/v2\/pages\/250\/revisions"}],"predecessor-version":[{"id":656,"href":"https:\/\/merris-international.com\/es\/wp-json\/wp\/v2\/pages\/250\/revisions\/656"}],"up":[{"embeddable":true,"href":"https:\/\/merris-international.com\/es\/wp-json\/wp\/v2\/pages\/8"}],"wp:attachment":[{"href":"https:\/\/merris-international.com\/es\/wp-json\/wp\/v2\/media?parent=250"}],"curies":[{"name":"wp","href":"https:\/\/api.w.org\/{rel}","templated":true}]}}