{"id":213,"date":"2017-04-19T09:17:22","date_gmt":"2017-04-19T09:17:22","guid":{"rendered":"http:\/\/merris-international.com\/?page_id=213"},"modified":"2018-01-27T08:07:37","modified_gmt":"2018-01-27T08:07:37","slug":"automix-400","status":"publish","type":"page","link":"https:\/\/merris-international.com\/fr\/products\/automix-400\/","title":{"rendered":"Automix 400"},"content":{"rendered":"<section class=\"wpb-content-wrapper\"><p>[vc_row css_animation=\u00a0\u00bb\u00a0\u00bb row_type=\u00a0\u00bbrow\u00a0\u00bb use_row_as_full_screen_section=\u00a0\u00bbno\u00a0\u00bb type=\u00a0\u00bbgrid\u00a0\u00bb anchor=\u00a0\u00bbcontent\u00a0\u00bb angled_section=\u00a0\u00bbno\u00a0\u00bb text_align=\u00a0\u00bbcenter\u00a0\u00bb background_image_as_pattern=\u00a0\u00bbwithout_pattern\u00a0\u00bb padding_top=\u00a0\u00bb60&Prime; padding_bottom=\u00a0\u00bb40&Prime;][vc_column][vc_column_text]<\/p>\n<h1>Automix 400<\/h1>\n<p>[\/vc_column_text][vc_separator type=\u00a0\u00bbsmall\u00a0\u00bb position=\u00a0\u00bbcenter\u00a0\u00bb color=\u00a0\u00bb#0c4da2&Prime; thickness=\u00a0\u00bb1&Prime; width=\u00a0\u00bb100&Prime; up=\u00a0\u00bb1&Prime; down=\u00a0\u00bb40&Prime;][\/vc_column][\/vc_row][vc_row css_animation=\u00a0\u00bb\u00a0\u00bb row_type=\u00a0\u00bbrow\u00a0\u00bb use_row_as_full_screen_section=\u00a0\u00bbno\u00a0\u00bb type=\u00a0\u00bbgrid\u00a0\u00bb angled_section=\u00a0\u00bbno\u00a0\u00bb text_align=\u00a0\u00bbleft\u00a0\u00bb background_image_as_pattern=\u00a0\u00bbwithout_pattern\u00a0\u00bb padding_bottom=\u00a0\u00bb50&Prime;][vc_column width=\u00a0\u00bb1\/3&Prime; css=\u00a0\u00bb.vc_custom_1492595011541{padding-right: 5% !important;}\u00a0\u00bb][vc_column_text]<\/p>\n<h3>Dimensions<\/h3>\n<p>[\/vc_column_text][vc_column_text]Largeur = 70cm \/ Profondeur = 72cm \/ Hauteur = 121,5cm[\/vc_column_text][vc_separator type=\u00a0\u00bbsmall\u00a0\u00bb position=\u00a0\u00bbleft\u00a0\u00bb color=\u00a0\u00bb#e0e0e0&Prime; thickness=\u00a0\u00bb1&Prime; width=\u00a0\u00bb100&Prime; width_in_percentages=\u00a0\u00bbyes\u00a0\u00bb up=\u00a0\u00bb50&Prime; down=\u00a0\u00bb50&Prime;][vc_column_text]<\/p>\n<h3>Informations<\/h3>\n<p>[\/vc_column_text][vc_column_text]Dans la pure tradition de haute qualit\u00e9 et de fiabilit\u00e9 de Merris, l\u2019Automix 400 est un tout nouveau shaker con\u00e7u pour r\u00e9pondre aux besoins du march\u00e9 interm\u00e9diaire. Le nouvel Automix 400 int\u00e8gre plusieurs fonctions novatrices qui permettent un fonctionnement efficace, silencieux et s\u00fbr pour de multiples applications de m\u00e9lange. D\u00e9sormais, tous les nouveaux shakers Automix sont pourvus de vis m\u00e8re \u00e0 carter afin de les prot\u00e9ger des \u00e9claboussures et de l\u2019encrassement et ainsi prolonger la vie utile de l\u2019appareil. La large porte peut s&rsquo;ouvrir au choix \u00e0 gauche ou \u00e0 droite afin de s\u2019adapter \u00e0 votre lieu de travail ou site de production. De nouvelles roues permettent un d\u00e9placement ais\u00e9 de l\u2019appareil pour les t\u00e2ches de maintenance. Son socle a \u00e9galement \u00e9t\u00e9 con\u00e7u pour permettre l\u2019insertion d&rsquo;un transpalette afin de d\u00e9placer la machine de l\u2019entrep\u00f4t vers le magasin ; l\u2019appareil peut m\u00eame \u00eatre d\u00e9plac\u00e9 sans palette. Rebord frontal pratique pour charger\/d\u00e9charger vos pots\/bidons.<\/p>\n<p>Le nouveau syst\u00e8me \u00e9lectrique \u00e9quipe d\u00e9sormais toute la gamme, fort de 10 ann\u00e9es de fiabilit\u00e9. Nous avons uniformis\u00e9 les pi\u00e8ces courantes afin de simplifier la vie de nos clients en r\u00e9duisant l\u2019inventaire et en facilitant la maintenance. Le m\u00eame syst\u00e8me s\u2019applique \u00e0 tous les appareils. Et nos produits sont \u00e0 ce point fiables que vous pouvez dire adieu aux cartes PCB co\u00fbteuses pour remplacer les cartes d\u00e9fectueuses &#8211; d\u2019ailleurs, elles ne figurent m\u00eame pas dans notre nouveau catalogue ![\/vc_column_text][vc_separator type=\u00a0\u00bbsmall\u00a0\u00bb position=\u00a0\u00bbleft\u00a0\u00bb color=\u00a0\u00bb#e0e0e0&Prime; thickness=\u00a0\u00bb1&Prime; width=\u00a0\u00bb100&Prime; width_in_percentages=\u00a0\u00bbyes\u00a0\u00bb up=\u00a0\u00bb50&Prime; down=\u00a0\u00bb50&Prime;][vc_column_text]<\/p>\n<h3>Fonctionnement<\/h3>\n<p>[\/vc_column_text][vc_column_text]Une nouvelle logique de commande simplifi\u00e9e &#8211; identique pour tous les produits Merris. Une qualit\u00e9 robuste et fiable. Des commandes conviviales et un \u00e9cran d\u2019affichage pour des informations d\u2019utilisation et des diagnostics clairs. Con\u00e7u pour les applications industrielles et de nombreuses ann\u00e9es de service. L\u2019int\u00e9gralit\u00e9 du syst\u00e8me \u00e9lectrique est accessible depuis la porte avant pour des t\u00e2ches de maintenance vraiment simplifi\u00e9es ! Fonctionnement fluide et silencieux.<br \/>\n[\/vc_column_text][vc_separator type=\u00a0\u00bbsmall\u00a0\u00bb position=\u00a0\u00bbleft\u00a0\u00bb color=\u00a0\u00bb#e0e0e0&Prime; thickness=\u00a0\u00bb1&Prime; width=\u00a0\u00bb100&Prime; width_in_percentages=\u00a0\u00bbyes\u00a0\u00bb up=\u00a0\u00bb50&Prime; down=\u00a0\u00bb50&Prime;][\/vc_column][vc_column width=\u00a0\u00bb1\/3&Prime; css=\u00a0\u00bb.vc_custom_1490050840689{padding-right: 10% !important;}\u00a0\u00bb][vc_column_text]<\/p>\n<h3>Donn\u00e9es techniques<\/h3>\n<p>[\/vc_column_text]<div class=\"q_icon_list\"><i class=\"qode_icon_font_awesome fa fa-check qode-ili-icon-holder transparent\" style=\"font-size: 16px;color: #0c4da2;\" ><\/i><p style=\"color:#333333;\">Shaker \u00e0 prix le plus avantageux du march\u00e9 sur une p\u00e9riode de 5 ou 10 ans.<\/p><\/div><div class=\"q_icon_list\"><i class=\"qode_icon_font_awesome fa fa-check qode-ili-icon-holder transparent\" style=\"font-size: 16px;color: #0c4da2;\" ><\/i><p style=\"color:#333333;\">Porte \u00e0 charni\u00e8re avec option d\u2019ouverture \u00e0 gauche ou \u00e0 droite en fonction de l\u2019environnement<\/p><\/div><div class=\"q_icon_list\"><i class=\"qode_icon_font_awesome fa fa-check qode-ili-icon-holder transparent\" style=\"font-size: 16px;color: #0c4da2;\" ><\/i><p style=\"color:#333333;\">Processus de serrage et de m\u00e9lange enti\u00e8rement automatis\u00e9<\/p><\/div><div class=\"q_icon_list\"><i class=\"qode_icon_font_awesome fa fa-check qode-ili-icon-holder transparent\" style=\"font-size: 16px;color: #0c4da2;\" ><\/i><p style=\"color:#333333;\">Interface utilisateur avec dur\u00e9es de m\u00e9lange programmables<\/p><\/div><div class=\"q_icon_list\"><i class=\"qode_icon_font_awesome fa fa-check qode-ili-icon-holder transparent\" style=\"font-size: 16px;color: #0c4da2;\" ><\/i><p style=\"color:#333333;\">Syst\u00e8me \u00e9lectrique simple, ROBUSTE et FIABLE (technologie Siemens)<\/p><\/div><div class=\"q_icon_list\"><i class=\"qode_icon_font_awesome fa fa-check qode-ili-icon-holder transparent\" style=\"font-size: 16px;color: #0c4da2;\" ><\/i><p style=\"color:#333333;\">Technologie de serrage unique \u00e0 pression variable selon les cas d\u2019usage<\/p><\/div><div class=\"q_icon_list\"><i class=\"qode_icon_font_awesome fa fa-check qode-ili-icon-holder transparent\" style=\"font-size: 16px;color: #0c4da2;\" ><\/i><p style=\"color:#333333;\">Vis m\u00e8re prot\u00e9g\u00e9es par un carter pour une dur\u00e9e de vie accrue<\/p><\/div><div class=\"q_icon_list\"><i class=\"qode_icon_font_awesome fa fa-check qode-ili-icon-holder transparent\" style=\"font-size: 16px;color: #0c4da2;\" ><\/i><p style=\"color:#333333;\">Acc\u00e8s ais\u00e9 \u00e0 l\u2019int\u00e9gralit\u00e9 du syst\u00e8me \u00e9lectrique depuis le devant de l\u2019appareil<\/p><\/div><div class=\"q_icon_list\"><i class=\"qode_icon_font_awesome fa fa-check qode-ili-icon-holder transparent\" style=\"font-size: 16px;color: #0c4da2;\" ><\/i><p style=\"color:#333333;\">Roues sous le socle pour une mise en place ais\u00e9e<\/p><\/div><div class=\"q_icon_list\"><i class=\"qode_icon_font_awesome fa fa-check qode-ili-icon-holder transparent\" style=\"font-size: 16px;color: #0c4da2;\" ><\/i><p style=\"color:#333333;\">Base inclin\u00e9e pour permettre l'insertion d'un transpalette et d\u00e9placer l\u2019appareil depuis et vers l\u2019entrep\u00f4t<\/p><\/div><div class=\"q_icon_list\"><i class=\"qode_icon_font_awesome fa fa-check qode-ili-icon-holder transparent\" style=\"font-size: 16px;color: #0c4da2;\" ><\/i><p style=\"color:#333333;\">Processus de m\u00e9lange efficace m\u00eame avec des composants lourds<\/p><\/div><div class=\"q_icon_list\"><i class=\"qode_icon_font_awesome fa fa-check qode-ili-icon-holder transparent\" style=\"font-size: 16px;color: #0c4da2;\" ><\/i><p style=\"color:#333333;\">Durabilit\u00e9 \u00e9lev\u00e9e et maintenance r\u00e9duite<\/p><\/div><div class=\"q_icon_list\"><i class=\"qode_icon_font_awesome fa fa-check qode-ili-icon-holder transparent\" style=\"font-size: 16px;color: #0c4da2;\" ><\/i><p style=\"color:#333333;\">M\u00e9canisme de verrouillage de la porte enti\u00e8rement s\u00e9curis\u00e9<\/p><\/div><div class=\"q_icon_list\"><i class=\"qode_icon_font_awesome fa fa-check qode-ili-icon-holder transparent\" style=\"font-size: 16px;color: #0c4da2;\" ><\/i><p style=\"color:#333333;\">Hauteur max. du produit : 40cm<\/p><\/div><div class=\"q_icon_list\"><i class=\"qode_icon_font_awesome fa fa-check qode-ili-icon-holder transparent\" style=\"font-size: 16px;color: #0c4da2;\" ><\/i><p style=\"color:#333333;\">Moteur \u00e0 variateur de vitesse disponible en option. Automix 400i<\/p><\/div><div class=\"q_icon_list\"><i class=\"qode_icon_font_awesome fa fa-check qode-ili-icon-holder transparent\" style=\"font-size: 16px;color: #0c4da2;\" ><\/i><p style=\"color:#333333;\">Largeur max. du produit : 38cm<\/p><\/div><div class=\"q_icon_list\"><i class=\"qode_icon_font_awesome fa fa-check qode-ili-icon-holder transparent\" style=\"font-size: 16px;color: #0c4da2;\" ><\/i><p style=\"color:#333333;\">Hauteur min. du produit : 6cm<\/p><\/div><div class=\"q_icon_list\"><i class=\"qode_icon_font_awesome fa fa-check qode-ili-icon-holder transparent\" style=\"font-size: 16px;color: #0c4da2;\" ><\/i><p style=\"color:#333333;\">Minuterie - 3 dur\u00e9es, r\u00e9glable par l'utilisateur<\/p><\/div><div class=\"q_icon_list\"><i class=\"qode_icon_font_awesome fa fa-check qode-ili-icon-holder transparent\" style=\"font-size: 16px;color: #0c4da2;\" ><\/i><p style=\"color:#333333;\">Moteur vibratoir 0,75kw, 1 HP<\/p><\/div>[vc_separator type=\u00a0\u00bbsmall\u00a0\u00bb position=\u00a0\u00bbleft\u00a0\u00bb color=\u00a0\u00bb#e0e0e0&Prime; thickness=\u00a0\u00bb1&Prime; width=\u00a0\u00bb100&Prime; width_in_percentages=\u00a0\u00bbyes\u00a0\u00bb up=\u00a0\u00bb50&Prime; down=\u00a0\u00bb50&Prime;][vc_column_text]<\/p>\n<h3>Fiche technique<\/h3>\n<p>[\/vc_column_text]<a  itemprop=\"url\" href=\"http:\/\/merris-international.com\/wp-content\/uploads\/2017\/04\/automix-400.pdf\" target=\"_self\"  class=\"qbutton  default\" style=\"margin: 8px 8px 8px 0px; \">Automix 400 Fiche technique<\/a>[vc_separator type=\u00a0\u00bbsmall\u00a0\u00bb position=\u00a0\u00bbleft\u00a0\u00bb color=\u00a0\u00bb#e0e0e0&Prime; thickness=\u00a0\u00bb1&Prime; width=\u00a0\u00bb100&Prime; width_in_percentages=\u00a0\u00bbyes\u00a0\u00bb up=\u00a0\u00bb50&Prime; down=\u00a0\u00bb50&Prime;][\/vc_column][vc_column width=\u00a0\u00bb1\/3&Prime; el_class=\u00a0\u00bbgrey-side\u00a0\u00bb][vc_gallery type=\u00a0\u00bbimage_grid\u00a0\u00bb images=\u00a0\u00bb218&Prime; img_size=\u00a0\u00bbfull\u00a0\u00bb column_number=\u00a0\u00bb0&Prime; grayscale=\u00a0\u00bbno\u00a0\u00bb images_space=\u00a0\u00bbgallery_with_space\u00a0\u00bb][vc_empty_space height=\u00a0\u00bb10px\u00a0\u00bb][vc_gallery type=\u00a0\u00bbimage_grid\u00a0\u00bb images=\u00a0\u00bb221,220,219&Prime; img_size=\u00a0\u00bb400&#215;400&Prime; column_number=\u00a0\u00bb2&Prime; grayscale=\u00a0\u00bbno\u00a0\u00bb images_space=\u00a0\u00bbgallery_with_space\u00a0\u00bb][\/vc_column][\/vc_row]<\/p>\n<\/section>","protected":false},"excerpt":{"rendered":"<p>[vc_row css_animation=\u00a0\u00bb\u00a0\u00bb row_type=\u00a0\u00bbrow\u00a0\u00bb use_row_as_full_screen_section=\u00a0\u00bbno\u00a0\u00bb type=\u00a0\u00bbgrid\u00a0\u00bb anchor=\u00a0\u00bbcontent\u00a0\u00bb angled_section=\u00a0\u00bbno\u00a0\u00bb text_align=\u00a0\u00bbcenter\u00a0\u00bb background_image_as_pattern=\u00a0\u00bbwithout_pattern\u00a0\u00bb padding_top=\u00a0\u00bb60&Prime; padding_bottom=\u00a0\u00bb40&Prime;][vc_column][vc_column_text] Automix 400 [\/vc_column_text][vc_separator type=\u00a0\u00bbsmall\u00a0\u00bb position=\u00a0\u00bbcenter\u00a0\u00bb color=\u00a0\u00bb#0c4da2&Prime; thickness=\u00a0\u00bb1&Prime; width=\u00a0\u00bb100&Prime; up=\u00a0\u00bb1&Prime; down=\u00a0\u00bb40&Prime;][\/vc_column][\/vc_row][vc_row css_animation=\u00a0\u00bb\u00a0\u00bb row_type=\u00a0\u00bbrow\u00a0\u00bb use_row_as_full_screen_section=\u00a0\u00bbno\u00a0\u00bb type=\u00a0\u00bbgrid\u00a0\u00bb angled_section=\u00a0\u00bbno\u00a0\u00bb text_align=\u00a0\u00bbleft\u00a0\u00bb background_image_as_pattern=\u00a0\u00bbwithout_pattern\u00a0\u00bb padding_bottom=\u00a0\u00bb50&Prime;][vc_column width=\u00a0\u00bb1\/3&Prime; css=\u00a0\u00bb.vc_custom_1492595011541{padding-right: 5% !important;}\u00a0\u00bb][vc_column_text] Dimensions [\/vc_column_text][vc_column_text]Largeur = 70cm \/ Profondeur = 72cm \/ Hauteur = 121,5cm[\/vc_column_text][vc_separator&#8230;<\/p>\n","protected":false},"author":1,"featured_media":0,"parent":8,"menu_order":0,"comment_status":"closed","ping_status":"closed","template":"full_width.php","meta":{"footnotes":""},"class_list":["post-213","page","type-page","status-publish","hentry"],"yoast_head":"<!-- This site is optimized with the Yoast SEO plugin v24.7 - https:\/\/yoast.com\/wordpress\/plugins\/seo\/ -->\n<title>(English) vibrational shaker, gyroscopic mixer, shear mixer, laboratory mixer<\/title>\n<meta name=\"description\" content=\"(English) Automix 400 is a vibrational shaker, gyroscopic mixer, shear mixer and is suitable as can paint shaker and even used as a laboratory mixer.\" \/>\n<meta name=\"robots\" content=\"index, follow, max-snippet:-1, max-image-preview:large, max-video-preview:-1\" \/>\n<link rel=\"canonical\" href=\"https:\/\/merris-international.com\/fr\/products\/automix-400\/\" \/>\n<meta property=\"og:locale\" content=\"fr_FR\" \/>\n<meta property=\"og:type\" content=\"article\" \/>\n<meta property=\"og:title\" content=\"(English) vibrational shaker, gyroscopic mixer, shear mixer, laboratory mixer\" \/>\n<meta property=\"og:description\" content=\"(English) Automix 400 is a vibrational shaker, gyroscopic mixer, shear mixer and is suitable as can paint shaker and even used as a laboratory mixer.\" \/>\n<meta property=\"og:url\" content=\"https:\/\/merris-international.com\/fr\/products\/automix-400\/\" \/>\n<meta property=\"og:site_name\" content=\"Merris\" \/>\n<meta property=\"article:modified_time\" content=\"2018-01-27T08:07:37+00:00\" \/>\n<meta name=\"twitter:card\" content=\"summary_large_image\" \/>\n<meta name=\"twitter:label1\" content=\"Dur\u00e9e de lecture estim\u00e9e\" \/>\n\t<meta name=\"twitter:data1\" content=\"6 minutes\" \/>\n<script type=\"application\/ld+json\" class=\"yoast-schema-graph\">{\"@context\":\"https:\/\/schema.org\",\"@graph\":[{\"@type\":\"WebPage\",\"@id\":\"https:\/\/merris-international.com\/fr\/products\/automix-400\/\",\"url\":\"https:\/\/merris-international.com\/fr\/products\/automix-400\/\",\"name\":\"(English) vibrational shaker, gyroscopic mixer, shear mixer, laboratory mixer\",\"isPartOf\":{\"@id\":\"https:\/\/merris-international.com\/fr\/#website\"},\"datePublished\":\"2017-04-19T09:17:22+00:00\",\"dateModified\":\"2018-01-27T08:07:37+00:00\",\"description\":\"(English) Automix 400 is a vibrational shaker, gyroscopic mixer, shear mixer and is suitable as can paint shaker and even used as a laboratory mixer.\",\"breadcrumb\":{\"@id\":\"https:\/\/merris-international.com\/fr\/products\/automix-400\/#breadcrumb\"},\"inLanguage\":\"fr-FR\",\"potentialAction\":[{\"@type\":\"ReadAction\",\"target\":[\"https:\/\/merris-international.com\/fr\/products\/automix-400\/\"]}]},{\"@type\":\"BreadcrumbList\",\"@id\":\"https:\/\/merris-international.com\/fr\/products\/automix-400\/#breadcrumb\",\"itemListElement\":[{\"@type\":\"ListItem\",\"position\":1,\"name\":\"Home\",\"item\":\"https:\/\/merris-international.com\/\"},{\"@type\":\"ListItem\",\"position\":2,\"name\":\"Products\",\"item\":\"https:\/\/merris-international.com\/fr\/products\/\"},{\"@type\":\"ListItem\",\"position\":3,\"name\":\"Automix 400\"}]},{\"@type\":\"WebSite\",\"@id\":\"https:\/\/merris-international.com\/fr\/#website\",\"url\":\"https:\/\/merris-international.com\/fr\/\",\"name\":\"Merris\",\"description\":\"Industrial Paint and Laboratory Mixing Equipment Manufacturer\",\"publisher\":{\"@id\":\"https:\/\/merris-international.com\/fr\/#organization\"},\"potentialAction\":[{\"@type\":\"SearchAction\",\"target\":{\"@type\":\"EntryPoint\",\"urlTemplate\":\"https:\/\/merris-international.com\/fr\/?s={search_term_string}\"},\"query-input\":{\"@type\":\"PropertyValueSpecification\",\"valueRequired\":true,\"valueName\":\"search_term_string\"}}],\"inLanguage\":\"fr-FR\"},{\"@type\":\"Organization\",\"@id\":\"https:\/\/merris-international.com\/fr\/#organization\",\"name\":\"Merris\",\"url\":\"https:\/\/merris-international.com\/fr\/\",\"logo\":{\"@type\":\"ImageObject\",\"inLanguage\":\"fr-FR\",\"@id\":\"https:\/\/merris-international.com\/fr\/#\/schema\/logo\/image\/\",\"url\":\"https:\/\/merris-international.com\/wp-content\/uploads\/2017\/03\/cog.png\",\"contentUrl\":\"https:\/\/merris-international.com\/wp-content\/uploads\/2017\/03\/cog.png\",\"width\":111,\"height\":111,\"caption\":\"Merris\"},\"image\":{\"@id\":\"https:\/\/merris-international.com\/fr\/#\/schema\/logo\/image\/\"}}]}<\/script>\n<!-- \/ Yoast SEO plugin. -->","yoast_head_json":{"title":"(English) vibrational shaker, gyroscopic mixer, shear mixer, laboratory mixer","description":"(English) Automix 400 is a vibrational shaker, gyroscopic mixer, shear mixer and is suitable as can paint shaker and even used as a laboratory mixer.","robots":{"index":"index","follow":"follow","max-snippet":"max-snippet:-1","max-image-preview":"max-image-preview:large","max-video-preview":"max-video-preview:-1"},"canonical":"https:\/\/merris-international.com\/fr\/products\/automix-400\/","og_locale":"fr_FR","og_type":"article","og_title":"(English) vibrational shaker, gyroscopic mixer, shear mixer, laboratory mixer","og_description":"(English) Automix 400 is a vibrational shaker, gyroscopic mixer, shear mixer and is suitable as can paint shaker and even used as a laboratory mixer.","og_url":"https:\/\/merris-international.com\/fr\/products\/automix-400\/","og_site_name":"Merris","article_modified_time":"2018-01-27T08:07:37+00:00","twitter_card":"summary_large_image","twitter_misc":{"Dur\u00e9e de lecture estim\u00e9e":"6 minutes"},"schema":{"@context":"https:\/\/schema.org","@graph":[{"@type":"WebPage","@id":"https:\/\/merris-international.com\/fr\/products\/automix-400\/","url":"https:\/\/merris-international.com\/fr\/products\/automix-400\/","name":"(English) vibrational shaker, gyroscopic mixer, shear mixer, laboratory mixer","isPartOf":{"@id":"https:\/\/merris-international.com\/fr\/#website"},"datePublished":"2017-04-19T09:17:22+00:00","dateModified":"2018-01-27T08:07:37+00:00","description":"(English) Automix 400 is a vibrational shaker, gyroscopic mixer, shear mixer and is suitable as can paint shaker and even used as a laboratory mixer.","breadcrumb":{"@id":"https:\/\/merris-international.com\/fr\/products\/automix-400\/#breadcrumb"},"inLanguage":"fr-FR","potentialAction":[{"@type":"ReadAction","target":["https:\/\/merris-international.com\/fr\/products\/automix-400\/"]}]},{"@type":"BreadcrumbList","@id":"https:\/\/merris-international.com\/fr\/products\/automix-400\/#breadcrumb","itemListElement":[{"@type":"ListItem","position":1,"name":"Home","item":"https:\/\/merris-international.com\/"},{"@type":"ListItem","position":2,"name":"Products","item":"https:\/\/merris-international.com\/fr\/products\/"},{"@type":"ListItem","position":3,"name":"Automix 400"}]},{"@type":"WebSite","@id":"https:\/\/merris-international.com\/fr\/#website","url":"https:\/\/merris-international.com\/fr\/","name":"Merris","description":"Industrial Paint and Laboratory Mixing Equipment Manufacturer","publisher":{"@id":"https:\/\/merris-international.com\/fr\/#organization"},"potentialAction":[{"@type":"SearchAction","target":{"@type":"EntryPoint","urlTemplate":"https:\/\/merris-international.com\/fr\/?s={search_term_string}"},"query-input":{"@type":"PropertyValueSpecification","valueRequired":true,"valueName":"search_term_string"}}],"inLanguage":"fr-FR"},{"@type":"Organization","@id":"https:\/\/merris-international.com\/fr\/#organization","name":"Merris","url":"https:\/\/merris-international.com\/fr\/","logo":{"@type":"ImageObject","inLanguage":"fr-FR","@id":"https:\/\/merris-international.com\/fr\/#\/schema\/logo\/image\/","url":"https:\/\/merris-international.com\/wp-content\/uploads\/2017\/03\/cog.png","contentUrl":"https:\/\/merris-international.com\/wp-content\/uploads\/2017\/03\/cog.png","width":111,"height":111,"caption":"Merris"},"image":{"@id":"https:\/\/merris-international.com\/fr\/#\/schema\/logo\/image\/"}}]}},"_links":{"self":[{"href":"https:\/\/merris-international.com\/fr\/wp-json\/wp\/v2\/pages\/213","targetHints":{"allow":["GET"]}}],"collection":[{"href":"https:\/\/merris-international.com\/fr\/wp-json\/wp\/v2\/pages"}],"about":[{"href":"https:\/\/merris-international.com\/fr\/wp-json\/wp\/v2\/types\/page"}],"author":[{"embeddable":true,"href":"https:\/\/merris-international.com\/fr\/wp-json\/wp\/v2\/users\/1"}],"replies":[{"embeddable":true,"href":"https:\/\/merris-international.com\/fr\/wp-json\/wp\/v2\/comments?post=213"}],"version-history":[{"count":16,"href":"https:\/\/merris-international.com\/fr\/wp-json\/wp\/v2\/pages\/213\/revisions"}],"predecessor-version":[{"id":645,"href":"https:\/\/merris-international.com\/fr\/wp-json\/wp\/v2\/pages\/213\/revisions\/645"}],"up":[{"embeddable":true,"href":"https:\/\/merris-international.com\/fr\/wp-json\/wp\/v2\/pages\/8"}],"wp:attachment":[{"href":"https:\/\/merris-international.com\/fr\/wp-json\/wp\/v2\/media?parent=213"}],"curies":[{"name":"wp","href":"https:\/\/api.w.org\/{rel}","templated":true}]}}