{"id":230,"date":"2017-04-19T11:58:46","date_gmt":"2017-04-19T11:58:46","guid":{"rendered":"http:\/\/merris-international.com\/?page_id=230"},"modified":"2018-01-28T08:35:42","modified_gmt":"2018-01-28T08:35:42","slug":"automix-480","status":"publish","type":"page","link":"https:\/\/merris-international.com\/fr\/products\/automix-480\/","title":{"rendered":"Automix 480"},"content":{"rendered":"<section class=\"wpb-content-wrapper\"><p>[vc_row css_animation=\u00a0\u00bb\u00a0\u00bb row_type=\u00a0\u00bbrow\u00a0\u00bb use_row_as_full_screen_section=\u00a0\u00bbno\u00a0\u00bb type=\u00a0\u00bbgrid\u00a0\u00bb anchor=\u00a0\u00bbcontent\u00a0\u00bb angled_section=\u00a0\u00bbno\u00a0\u00bb text_align=\u00a0\u00bbcenter\u00a0\u00bb background_image_as_pattern=\u00a0\u00bbwithout_pattern\u00a0\u00bb padding_top=\u00a0\u00bb60&Prime; padding_bottom=\u00a0\u00bb40&Prime;][vc_column][vc_column_text]<\/p>\n<h1>Automix 480<\/h1>\n<p>[\/vc_column_text][vc_separator type=\u00a0\u00bbsmall\u00a0\u00bb position=\u00a0\u00bbcenter\u00a0\u00bb color=\u00a0\u00bb#0c4da2&Prime; thickness=\u00a0\u00bb1&Prime; width=\u00a0\u00bb100&Prime; up=\u00a0\u00bb1&Prime; down=\u00a0\u00bb40&Prime;][\/vc_column][\/vc_row][vc_row css_animation=\u00a0\u00bb\u00a0\u00bb row_type=\u00a0\u00bbrow\u00a0\u00bb use_row_as_full_screen_section=\u00a0\u00bbno\u00a0\u00bb type=\u00a0\u00bbgrid\u00a0\u00bb angled_section=\u00a0\u00bbno\u00a0\u00bb text_align=\u00a0\u00bbleft\u00a0\u00bb background_image_as_pattern=\u00a0\u00bbwithout_pattern\u00a0\u00bb padding_bottom=\u00a0\u00bb50&Prime;][vc_column width=\u00a0\u00bb1\/3&Prime; css=\u00a0\u00bb.vc_custom_1492595011541{padding-right: 5% !important;}\u00a0\u00bb][vc_column_text]<\/p>\n<h3>Dimensions<\/h3>\n<p>[\/vc_column_text][vc_column_text]Largeur = 70cm \/ Profondeur = 72cm \/ Hauteur = 121,5cm<br \/>\nHauteur du plateau = 49cm<br \/>\nPossibilit\u00e9 de r\u00e9gler la hauteur du plateau jusqu\u2019\u00e0 68cm[\/vc_column_text][vc_separator type=\u00a0\u00bbsmall\u00a0\u00bb position=\u00a0\u00bbleft\u00a0\u00bb color=\u00a0\u00bb#e0e0e0&Prime; thickness=\u00a0\u00bb1&Prime; width=\u00a0\u00bb100&Prime; width_in_percentages=\u00a0\u00bbyes\u00a0\u00bb up=\u00a0\u00bb50&Prime; down=\u00a0\u00bb50&Prime;][vc_column_text]<\/p>\n<h3>Informations<\/h3>\n<p>[\/vc_column_text][vc_column_text]Dans la pure tradition de haute qualit\u00e9 et de fiabilit\u00e9 de Merris, l\u2019Automix 480 est le dernier-n\u00e9 de la gamme de m\u00e9langeurs. Le nouvel Automix 480 int\u00e8gre plusieurs fonctions novatrices qui permettent un fonctionnement efficace, silencieux et s\u00fbr. Parmi ces fonctions, la nouvelle porte rotative qui s&rsquo;escamote dans l\u2019habitacle de l\u2019appareil afin de minimiser l\u2019espace occup\u00e9 sur le lieu de travail. Mais aussi des vis m\u00e8re \u00e0 carter afin de les prot\u00e9ger contre les \u00e9claboussures et l\u2019encrassement et ainsi prolonger leur dur\u00e9e de vie en veillant \u00e0 ce qu\u2019elles soient immerg\u00e9es dans de la graisse et non dans de la peinture.<\/p>\n<p>Les nouvelles roues assurent un d\u00e9placement ais\u00e9 de l\u2019appareil, tandis que le nouveau socle permet l\u2019insertion d&rsquo;un transpalette pour les trajets plus longs. Acc\u00e8s frontal ais\u00e9 pour sortir et remettre l\u2019appareil en place lors des t\u00e2ches de maintenance. Acc\u00e8s simplifi\u00e9 \u00e0 l\u2019int\u00e9gralit\u00e9 du syst\u00e8me \u00e9lectrique, et commandes uniformis\u00e9es sur tous les shakers et agitateurs gyroscopiques afin de r\u00e9duire l\u2019inventaire en cas d\u2019utilisation des deux types d\u2019appareils Merris. Maintenance simplifi\u00e9e gr\u00e2ce \u00e0 un syst\u00e8me identique pour tous les appareils.[\/vc_column_text][vc_separator type=\u00a0\u00bbsmall\u00a0\u00bb position=\u00a0\u00bbleft\u00a0\u00bb color=\u00a0\u00bb#e0e0e0&Prime; thickness=\u00a0\u00bb1&Prime; width=\u00a0\u00bb100&Prime; width_in_percentages=\u00a0\u00bbyes\u00a0\u00bb up=\u00a0\u00bb50&Prime; down=\u00a0\u00bb50&Prime;][vc_column_text]<\/p>\n<h3>Fonctionnement<\/h3>\n<p>[\/vc_column_text][vc_column_text]L\u2019Automix est un appareil \u00e0 la fois puissant et simple d\u2019utilisation. Ouvrez la porte, placez votre bidon sur le plateau, refermez la porte et s\u00e9lectionn\u00e9e votre temps de m\u00e9lange. L\u2019affichage vous renseigne sur le processus, le serrage et le m\u00e9lange. Il indique \u00e9galement la dur\u00e9e et les fonctions tout au long du cycle. Une fois la porte ferm\u00e9e et la dur\u00e9e de m\u00e9lange s\u00e9lectionn\u00e9e, la porte se verrouille automatiquement et ne pourra plus \u00eatre ouverte avant la fin du cycle et l\u2019arr\u00eat complet de l\u2019appareil. Gr\u00e2ce \u00e0 des m\u00e9canismes de s\u00e9curit\u00e9 int\u00e9gr\u00e9s, l\u2019appareil s\u2019arr\u00eate automatiquement si le bidon venait \u00e0 se d\u00e9tacher.[\/vc_column_text][vc_separator type=\u00a0\u00bbsmall\u00a0\u00bb position=\u00a0\u00bbleft\u00a0\u00bb color=\u00a0\u00bb#e0e0e0&Prime; thickness=\u00a0\u00bb1&Prime; width=\u00a0\u00bb100&Prime; width_in_percentages=\u00a0\u00bbyes\u00a0\u00bb up=\u00a0\u00bb50&Prime; down=\u00a0\u00bb50&Prime;][\/vc_column][vc_column width=\u00a0\u00bb1\/3&Prime; css=\u00a0\u00bb.vc_custom_1490050840689{padding-right: 10% !important;}\u00a0\u00bb][vc_column_text]<\/p>\n<h3>Donn\u00e9es techniques<\/h3>\n<p>[\/vc_column_text]<div class=\"q_icon_list\"><i class=\"qode_icon_font_awesome fa fa-check qode-ili-icon-holder transparent\" style=\"font-size: 16px;color: #0c4da2;\" ><\/i><p style=\"color:#333333;\">La porte rotative s'escamote dans l\u2019habitacle lorsqu\u2019elle est ouverte (fonctionnement manuel).<\/p><\/div><div class=\"q_icon_list\"><i class=\"qode_icon_font_awesome fa fa-check qode-ili-icon-holder transparent\" style=\"font-size: 16px;color: #0c4da2;\" ><\/i><p style=\"color:#333333;\">Processus de serrage et de m\u00e9lange enti\u00e8rement automatis\u00e9<\/p><\/div><div class=\"q_icon_list\"><i class=\"qode_icon_font_awesome fa fa-check qode-ili-icon-holder transparent\" style=\"font-size: 16px;color: #0c4da2;\" ><\/i><p style=\"color:#333333;\">Interface utilisateur avec dur\u00e9es de m\u00e9lange programmables<\/p><\/div><div class=\"q_icon_list\"><i class=\"qode_icon_font_awesome fa fa-check qode-ili-icon-holder transparent\" style=\"font-size: 16px;color: #0c4da2;\" ><\/i><p style=\"color:#333333;\">Syst\u00e8me \u00e9lectrique simple et robuste \u00e0 technologie Siemens.<\/p><\/div><div class=\"q_icon_list\"><i class=\"qode_icon_font_awesome fa fa-check qode-ili-icon-holder transparent\" style=\"font-size: 16px;color: #0c4da2;\" ><\/i><p style=\"color:#333333;\">Base inclin\u00e9e pour permettre l'insertion d'un transpalette sous l\u2019appareil.<\/p><\/div><div class=\"q_icon_list\"><i class=\"qode_icon_font_awesome fa fa-check qode-ili-icon-holder transparent\" style=\"font-size: 16px;color: #0c4da2;\" ><\/i><p style=\"color:#333333;\">Minuterie : 3 dur\u00e9es, r\u00e9glable par l'utilisateur<\/p><\/div><div class=\"q_icon_list\"><i class=\"qode_icon_font_awesome fa fa-check qode-ili-icon-holder transparent\" style=\"font-size: 16px;color: #0c4da2;\" ><\/i><p style=\"color:#333333;\">Socle pourvu de roues pour des d\u00e9placements ais\u00e9s ; pieds avant uniquement pour la stabilisation.<\/p><\/div><div class=\"q_icon_list\"><i class=\"qode_icon_font_awesome fa fa-check qode-ili-icon-holder transparent\" style=\"font-size: 16px;color: #0c4da2;\" ><\/i><p style=\"color:#333333;\">Durabilit\u00e9 \u00e9lev\u00e9e et maintenance r\u00e9duite<\/p><\/div><div class=\"q_icon_list\"><i class=\"qode_icon_font_awesome fa fa-check qode-ili-icon-holder transparent\" style=\"font-size: 16px;color: #0c4da2;\" ><\/i><p style=\"color:#333333;\">Vis m\u00e8re \u00e0 carter pour les prot\u00e9ger contre les \u00e9claboussures de peinture (acc\u00e8s ais\u00e9 pour le graissage)<\/p><\/div><div class=\"q_icon_list\"><i class=\"qode_icon_font_awesome fa fa-check qode-ili-icon-holder transparent\" style=\"font-size: 16px;color: #0c4da2;\" ><\/i><p style=\"color:#333333;\">Technologie de serrage unique \u00e0 pression variable selon les cas d\u2019usage<\/p><\/div><div class=\"q_icon_list\"><i class=\"qode_icon_font_awesome fa fa-check qode-ili-icon-holder transparent\" style=\"font-size: 16px;color: #0c4da2;\" ><\/i><p style=\"color:#333333;\">Acc\u00e8s ais\u00e9 \u00e0 l\u2019int\u00e9gralit\u00e9 du syst\u00e8me \u00e9lectrique<\/p><\/div><div class=\"q_icon_list\"><i class=\"qode_icon_font_awesome fa fa-check qode-ili-icon-holder transparent\" style=\"font-size: 16px;color: #0c4da2;\" ><\/i><p style=\"color:#333333;\">M\u00e9canisme de verrouillage de la porte enti\u00e8rement s\u00e9curis\u00e9<\/p><\/div><div class=\"q_icon_list\"><i class=\"qode_icon_font_awesome fa fa-check qode-ili-icon-holder transparent\" style=\"font-size: 16px;color: #0c4da2;\" ><\/i><p style=\"color:#333333;\">Hauteur max. du produit : 48cm<\/p><\/div><div class=\"q_icon_list\"><i class=\"qode_icon_font_awesome fa fa-check qode-ili-icon-holder transparent\" style=\"font-size: 16px;color: #0c4da2;\" ><\/i><p style=\"color:#333333;\">Largeur max. du produit : 38cm<\/p><\/div><div class=\"q_icon_list\"><i class=\"qode_icon_font_awesome fa fa-check qode-ili-icon-holder transparent\" style=\"font-size: 16px;color: #0c4da2;\" ><\/i><p style=\"color:#333333;\">Puissance du moteur vibratoire 0,75kw 1hp<\/p><\/div><div class=\"q_icon_list\"><i class=\"qode_icon_font_awesome fa fa-check qode-ili-icon-holder transparent\" style=\"font-size: 16px;color: #0c4da2;\" ><\/i><p style=\"color:#333333;\">Hauteur min. du produit : 6cm<\/p><\/div><div class=\"q_icon_list\"><i class=\"qode_icon_font_awesome fa fa-check qode-ili-icon-holder transparent\" style=\"font-size: 16px;color: #0c4da2;\" ><\/i><p style=\"color:#333333;\">Minuterie - 3 dur\u00e9es, r\u00e9glable par l'utilisateur<\/p><\/div>[vc_separator type=\u00a0\u00bbsmall\u00a0\u00bb position=\u00a0\u00bbleft\u00a0\u00bb color=\u00a0\u00bb#e0e0e0&Prime; thickness=\u00a0\u00bb1&Prime; width=\u00a0\u00bb100&Prime; width_in_percentages=\u00a0\u00bbyes\u00a0\u00bb up=\u00a0\u00bb50&Prime; down=\u00a0\u00bb50&Prime;][vc_column_text]<\/p>\n<h3>Fiche technique<\/h3>\n<p>[\/vc_column_text]<a  itemprop=\"url\" href=\"http:\/\/merris-international.com\/wp-content\/uploads\/2017\/04\/automix-480.pdf\" target=\"_self\"  class=\"qbutton  default\" style=\"margin: 8px 8px 8px 0px; \">Automix 480 Fiche technique<\/a>[vc_separator type=\u00a0\u00bbsmall\u00a0\u00bb position=\u00a0\u00bbleft\u00a0\u00bb color=\u00a0\u00bb#e0e0e0&Prime; thickness=\u00a0\u00bb1&Prime; width=\u00a0\u00bb100&Prime; width_in_percentages=\u00a0\u00bbyes\u00a0\u00bb up=\u00a0\u00bb50&Prime; down=\u00a0\u00bb50&Prime;][\/vc_column][vc_column width=\u00a0\u00bb1\/3&Prime; el_class=\u00a0\u00bbgrey-side\u00a0\u00bb][vc_gallery type=\u00a0\u00bbimage_grid\u00a0\u00bb images=\u00a0\u00bb236&Prime; img_size=\u00a0\u00bbfull\u00a0\u00bb column_number=\u00a0\u00bb0&Prime; grayscale=\u00a0\u00bbno\u00a0\u00bb images_space=\u00a0\u00bbgallery_with_space\u00a0\u00bb][vc_empty_space height=\u00a0\u00bb20px\u00a0\u00bb][vc_gallery type=\u00a0\u00bbimage_grid\u00a0\u00bb images=\u00a0\u00bb237&Prime; img_size=\u00a0\u00bbfull\u00a0\u00bb column_number=\u00a0\u00bb0&Prime; grayscale=\u00a0\u00bbno\u00a0\u00bb images_space=\u00a0\u00bbgallery_with_space\u00a0\u00bb][\/vc_column][\/vc_row]<\/p>\n<\/section>","protected":false},"excerpt":{"rendered":"<p>[vc_row css_animation=\u00a0\u00bb\u00a0\u00bb row_type=\u00a0\u00bbrow\u00a0\u00bb use_row_as_full_screen_section=\u00a0\u00bbno\u00a0\u00bb type=\u00a0\u00bbgrid\u00a0\u00bb anchor=\u00a0\u00bbcontent\u00a0\u00bb angled_section=\u00a0\u00bbno\u00a0\u00bb text_align=\u00a0\u00bbcenter\u00a0\u00bb background_image_as_pattern=\u00a0\u00bbwithout_pattern\u00a0\u00bb padding_top=\u00a0\u00bb60&Prime; padding_bottom=\u00a0\u00bb40&Prime;][vc_column][vc_column_text] Automix 480 [\/vc_column_text][vc_separator type=\u00a0\u00bbsmall\u00a0\u00bb position=\u00a0\u00bbcenter\u00a0\u00bb color=\u00a0\u00bb#0c4da2&Prime; thickness=\u00a0\u00bb1&Prime; width=\u00a0\u00bb100&Prime; up=\u00a0\u00bb1&Prime; down=\u00a0\u00bb40&Prime;][\/vc_column][\/vc_row][vc_row css_animation=\u00a0\u00bb\u00a0\u00bb row_type=\u00a0\u00bbrow\u00a0\u00bb use_row_as_full_screen_section=\u00a0\u00bbno\u00a0\u00bb type=\u00a0\u00bbgrid\u00a0\u00bb angled_section=\u00a0\u00bbno\u00a0\u00bb text_align=\u00a0\u00bbleft\u00a0\u00bb background_image_as_pattern=\u00a0\u00bbwithout_pattern\u00a0\u00bb padding_bottom=\u00a0\u00bb50&Prime;][vc_column width=\u00a0\u00bb1\/3&Prime; css=\u00a0\u00bb.vc_custom_1492595011541{padding-right: 5% !important;}\u00a0\u00bb][vc_column_text] Dimensions [\/vc_column_text][vc_column_text]Largeur = 70cm \/ Profondeur = 72cm \/ Hauteur = 121,5cm&#8230;<\/p>\n","protected":false},"author":1,"featured_media":0,"parent":8,"menu_order":0,"comment_status":"closed","ping_status":"closed","template":"full_width.php","meta":{"footnotes":""},"class_list":["post-230","page","type-page","status-publish","hentry"],"yoast_head":"<!-- This site is optimized with the Yoast SEO plugin v24.7 - https:\/\/yoast.com\/wordpress\/plugins\/seo\/ -->\n<title>(English) vibrational shaker, gyroscopic mixer, shear mixer, laboratory mixer<\/title>\n<meta name=\"description\" content=\"(English) Automix 480 is a vibrational shaker, gyroscopic mixer, shear mixer and is suitable as can paint shaker and even used as a laboratory mixer.\" \/>\n<meta name=\"robots\" content=\"index, follow, max-snippet:-1, max-image-preview:large, max-video-preview:-1\" \/>\n<link rel=\"canonical\" href=\"https:\/\/merris-international.com\/fr\/products\/automix-480\/\" \/>\n<meta property=\"og:locale\" content=\"fr_FR\" \/>\n<meta property=\"og:type\" content=\"article\" \/>\n<meta property=\"og:title\" content=\"(English) vibrational shaker, gyroscopic mixer, shear mixer, laboratory mixer\" \/>\n<meta property=\"og:description\" content=\"(English) Automix 480 is a vibrational shaker, gyroscopic mixer, shear mixer and is suitable as can paint shaker and even used as a laboratory mixer.\" \/>\n<meta property=\"og:url\" content=\"https:\/\/merris-international.com\/fr\/products\/automix-480\/\" \/>\n<meta property=\"og:site_name\" content=\"Merris\" \/>\n<meta property=\"article:modified_time\" content=\"2018-01-28T08:35:42+00:00\" \/>\n<meta name=\"twitter:card\" content=\"summary_large_image\" \/>\n<meta name=\"twitter:label1\" content=\"Dur\u00e9e de lecture estim\u00e9e\" \/>\n\t<meta name=\"twitter:data1\" content=\"6 minutes\" \/>\n<script type=\"application\/ld+json\" class=\"yoast-schema-graph\">{\"@context\":\"https:\/\/schema.org\",\"@graph\":[{\"@type\":\"WebPage\",\"@id\":\"https:\/\/merris-international.com\/fr\/products\/automix-480\/\",\"url\":\"https:\/\/merris-international.com\/fr\/products\/automix-480\/\",\"name\":\"(English) vibrational shaker, gyroscopic mixer, shear mixer, laboratory mixer\",\"isPartOf\":{\"@id\":\"https:\/\/merris-international.com\/fr\/#website\"},\"datePublished\":\"2017-04-19T11:58:46+00:00\",\"dateModified\":\"2018-01-28T08:35:42+00:00\",\"description\":\"(English) Automix 480 is a vibrational shaker, gyroscopic mixer, shear mixer and is suitable as can paint shaker and even used as a laboratory mixer.\",\"breadcrumb\":{\"@id\":\"https:\/\/merris-international.com\/fr\/products\/automix-480\/#breadcrumb\"},\"inLanguage\":\"fr-FR\",\"potentialAction\":[{\"@type\":\"ReadAction\",\"target\":[\"https:\/\/merris-international.com\/fr\/products\/automix-480\/\"]}]},{\"@type\":\"BreadcrumbList\",\"@id\":\"https:\/\/merris-international.com\/fr\/products\/automix-480\/#breadcrumb\",\"itemListElement\":[{\"@type\":\"ListItem\",\"position\":1,\"name\":\"Home\",\"item\":\"https:\/\/merris-international.com\/\"},{\"@type\":\"ListItem\",\"position\":2,\"name\":\"Products\",\"item\":\"https:\/\/merris-international.com\/fr\/products\/\"},{\"@type\":\"ListItem\",\"position\":3,\"name\":\"Automix 480\"}]},{\"@type\":\"WebSite\",\"@id\":\"https:\/\/merris-international.com\/fr\/#website\",\"url\":\"https:\/\/merris-international.com\/fr\/\",\"name\":\"Merris\",\"description\":\"Industrial Paint and Laboratory Mixing Equipment Manufacturer\",\"publisher\":{\"@id\":\"https:\/\/merris-international.com\/fr\/#organization\"},\"potentialAction\":[{\"@type\":\"SearchAction\",\"target\":{\"@type\":\"EntryPoint\",\"urlTemplate\":\"https:\/\/merris-international.com\/fr\/?s={search_term_string}\"},\"query-input\":{\"@type\":\"PropertyValueSpecification\",\"valueRequired\":true,\"valueName\":\"search_term_string\"}}],\"inLanguage\":\"fr-FR\"},{\"@type\":\"Organization\",\"@id\":\"https:\/\/merris-international.com\/fr\/#organization\",\"name\":\"Merris\",\"url\":\"https:\/\/merris-international.com\/fr\/\",\"logo\":{\"@type\":\"ImageObject\",\"inLanguage\":\"fr-FR\",\"@id\":\"https:\/\/merris-international.com\/fr\/#\/schema\/logo\/image\/\",\"url\":\"https:\/\/merris-international.com\/wp-content\/uploads\/2017\/03\/cog.png\",\"contentUrl\":\"https:\/\/merris-international.com\/wp-content\/uploads\/2017\/03\/cog.png\",\"width\":111,\"height\":111,\"caption\":\"Merris\"},\"image\":{\"@id\":\"https:\/\/merris-international.com\/fr\/#\/schema\/logo\/image\/\"}}]}<\/script>\n<!-- \/ Yoast SEO plugin. -->","yoast_head_json":{"title":"(English) vibrational shaker, gyroscopic mixer, shear mixer, laboratory mixer","description":"(English) Automix 480 is a vibrational shaker, gyroscopic mixer, shear mixer and is suitable as can paint shaker and even used as a laboratory mixer.","robots":{"index":"index","follow":"follow","max-snippet":"max-snippet:-1","max-image-preview":"max-image-preview:large","max-video-preview":"max-video-preview:-1"},"canonical":"https:\/\/merris-international.com\/fr\/products\/automix-480\/","og_locale":"fr_FR","og_type":"article","og_title":"(English) vibrational shaker, gyroscopic mixer, shear mixer, laboratory mixer","og_description":"(English) Automix 480 is a vibrational shaker, gyroscopic mixer, shear mixer and is suitable as can paint shaker and even used as a laboratory mixer.","og_url":"https:\/\/merris-international.com\/fr\/products\/automix-480\/","og_site_name":"Merris","article_modified_time":"2018-01-28T08:35:42+00:00","twitter_card":"summary_large_image","twitter_misc":{"Dur\u00e9e de lecture estim\u00e9e":"6 minutes"},"schema":{"@context":"https:\/\/schema.org","@graph":[{"@type":"WebPage","@id":"https:\/\/merris-international.com\/fr\/products\/automix-480\/","url":"https:\/\/merris-international.com\/fr\/products\/automix-480\/","name":"(English) vibrational shaker, gyroscopic mixer, shear mixer, laboratory mixer","isPartOf":{"@id":"https:\/\/merris-international.com\/fr\/#website"},"datePublished":"2017-04-19T11:58:46+00:00","dateModified":"2018-01-28T08:35:42+00:00","description":"(English) Automix 480 is a vibrational shaker, gyroscopic mixer, shear mixer and is suitable as can paint shaker and even used as a laboratory mixer.","breadcrumb":{"@id":"https:\/\/merris-international.com\/fr\/products\/automix-480\/#breadcrumb"},"inLanguage":"fr-FR","potentialAction":[{"@type":"ReadAction","target":["https:\/\/merris-international.com\/fr\/products\/automix-480\/"]}]},{"@type":"BreadcrumbList","@id":"https:\/\/merris-international.com\/fr\/products\/automix-480\/#breadcrumb","itemListElement":[{"@type":"ListItem","position":1,"name":"Home","item":"https:\/\/merris-international.com\/"},{"@type":"ListItem","position":2,"name":"Products","item":"https:\/\/merris-international.com\/fr\/products\/"},{"@type":"ListItem","position":3,"name":"Automix 480"}]},{"@type":"WebSite","@id":"https:\/\/merris-international.com\/fr\/#website","url":"https:\/\/merris-international.com\/fr\/","name":"Merris","description":"Industrial Paint and Laboratory Mixing Equipment Manufacturer","publisher":{"@id":"https:\/\/merris-international.com\/fr\/#organization"},"potentialAction":[{"@type":"SearchAction","target":{"@type":"EntryPoint","urlTemplate":"https:\/\/merris-international.com\/fr\/?s={search_term_string}"},"query-input":{"@type":"PropertyValueSpecification","valueRequired":true,"valueName":"search_term_string"}}],"inLanguage":"fr-FR"},{"@type":"Organization","@id":"https:\/\/merris-international.com\/fr\/#organization","name":"Merris","url":"https:\/\/merris-international.com\/fr\/","logo":{"@type":"ImageObject","inLanguage":"fr-FR","@id":"https:\/\/merris-international.com\/fr\/#\/schema\/logo\/image\/","url":"https:\/\/merris-international.com\/wp-content\/uploads\/2017\/03\/cog.png","contentUrl":"https:\/\/merris-international.com\/wp-content\/uploads\/2017\/03\/cog.png","width":111,"height":111,"caption":"Merris"},"image":{"@id":"https:\/\/merris-international.com\/fr\/#\/schema\/logo\/image\/"}}]}},"_links":{"self":[{"href":"https:\/\/merris-international.com\/fr\/wp-json\/wp\/v2\/pages\/230","targetHints":{"allow":["GET"]}}],"collection":[{"href":"https:\/\/merris-international.com\/fr\/wp-json\/wp\/v2\/pages"}],"about":[{"href":"https:\/\/merris-international.com\/fr\/wp-json\/wp\/v2\/types\/page"}],"author":[{"embeddable":true,"href":"https:\/\/merris-international.com\/fr\/wp-json\/wp\/v2\/users\/1"}],"replies":[{"embeddable":true,"href":"https:\/\/merris-international.com\/fr\/wp-json\/wp\/v2\/comments?post=230"}],"version-history":[{"count":11,"href":"https:\/\/merris-international.com\/fr\/wp-json\/wp\/v2\/pages\/230\/revisions"}],"predecessor-version":[{"id":651,"href":"https:\/\/merris-international.com\/fr\/wp-json\/wp\/v2\/pages\/230\/revisions\/651"}],"up":[{"embeddable":true,"href":"https:\/\/merris-international.com\/fr\/wp-json\/wp\/v2\/pages\/8"}],"wp:attachment":[{"href":"https:\/\/merris-international.com\/fr\/wp-json\/wp\/v2\/media?parent=230"}],"curies":[{"name":"wp","href":"https:\/\/api.w.org\/{rel}","templated":true}]}}