{"id":328,"date":"2017-04-29T20:06:47","date_gmt":"2017-04-29T20:06:47","guid":{"rendered":"http:\/\/merris-international.com\/?page_id=328"},"modified":"2017-08-06T12:29:10","modified_gmt":"2017-08-06T12:29:10","slug":"pumps","status":"publish","type":"page","link":"https:\/\/merris-international.com\/fr\/accessories\/pumps\/","title":{"rendered":"Pumps"},"content":{"rendered":"<section class=\"wpb-content-wrapper\"><p>[vc_row css_animation=\u00a0\u00bb\u00a0\u00bb row_type=\u00a0\u00bbrow\u00a0\u00bb use_row_as_full_screen_section=\u00a0\u00bbno\u00a0\u00bb type=\u00a0\u00bbgrid\u00a0\u00bb anchor=\u00a0\u00bbcontent\u00a0\u00bb angled_section=\u00a0\u00bbno\u00a0\u00bb text_align=\u00a0\u00bbcenter\u00a0\u00bb background_image_as_pattern=\u00a0\u00bbwithout_pattern\u00a0\u00bb padding_top=\u00a0\u00bb60&Prime; padding_bottom=\u00a0\u00bb40&Prime;][vc_column][vc_column_text]<\/p>\n<h1>Pompes distributrices et pompes \u00e0 index<\/h1>\n<p>[\/vc_column_text][vc_separator type=\u00a0\u00bbsmall\u00a0\u00bb position=\u00a0\u00bbcenter\u00a0\u00bb color=\u00a0\u00bb#0c4da2&Prime; thickness=\u00a0\u00bb1&Prime; width=\u00a0\u00bb100&Prime; up=\u00a0\u00bb1&Prime; down=\u00a0\u00bb40&Prime;][\/vc_column][\/vc_row][vc_row css_animation=\u00a0\u00bb\u00a0\u00bb row_type=\u00a0\u00bbrow\u00a0\u00bb use_row_as_full_screen_section=\u00a0\u00bbno\u00a0\u00bb type=\u00a0\u00bbgrid\u00a0\u00bb angled_section=\u00a0\u00bbno\u00a0\u00bb text_align=\u00a0\u00bbleft\u00a0\u00bb background_image_as_pattern=\u00a0\u00bbwithout_pattern\u00a0\u00bb padding_bottom=\u00a0\u00bb10&Prime;][vc_column width=\u00a0\u00bb1\/2&Prime;][vc_column_text]<\/p>\n<h3>Pompe distributrice<\/h3>\n<p>[\/vc_column_text][vc_row_inner row_type=\u00a0\u00bbrow\u00a0\u00bb type=\u00a0\u00bbfull_width\u00a0\u00bb text_align=\u00a0\u00bbleft\u00a0\u00bb css_animation=\u00a0\u00bb\u00a0\u00bb][vc_column_inner width=\u00a0\u00bb1\/2&Prime;]<div class=\"q_icon_list\"><i class=\"qode_icon_font_awesome fa fa-check qode-ili-icon-holder transparent\" style=\"font-size: 16px;color: #0c4da2;\" ><\/i><p style=\"color:#333333;\">Cylindre en acier inoxydable d\u2019une capacit\u00e9 de 2,5 litres<\/p><\/div><div class=\"q_icon_list\"><i class=\"qode_icon_font_awesome fa fa-check qode-ili-icon-holder transparent\" style=\"font-size: 16px;color: #0c4da2;\" ><\/i><p style=\"color:#333333;\">Palette \u00e0 lame en acier inoxydable<\/p><\/div><div class=\"q_icon_list\"><i class=\"qode_icon_font_awesome fa fa-check qode-ili-icon-holder transparent\" style=\"font-size: 16px;color: #0c4da2;\" ><\/i><p style=\"color:#333333;\">Lunette et couvercle de cylindre en nylon<\/p><\/div><div class=\"q_icon_list\"><i class=\"qode_icon_font_awesome fa fa-check qode-ili-icon-holder transparent\" style=\"font-size: 16px;color: #0c4da2;\" ><\/i><p style=\"color:#333333;\">Tube haute pr\u00e9cision de 2 onces \u00e0 finition polie<\/p><\/div><div class=\"q_icon_list\"><i class=\"qode_icon_font_awesome fa fa-check qode-ili-icon-holder transparent\" style=\"font-size: 16px;color: #0c4da2;\" ><\/i><p style=\"color:#333333;\">Tige de piston, raccords et ressort en acier inoxydable<\/p><\/div><div class=\"q_icon_list\"><i class=\"qode_icon_font_awesome fa fa-check qode-ili-icon-holder transparent\" style=\"font-size: 16px;color: #0c4da2;\" ><\/i><p style=\"color:#333333;\">P.T.F.E. Joint d\u2019\u00e9tanch\u00e9it\u00e9 avant et arri\u00e8re \u00e0 ressort<\/p><\/div><div class=\"q_icon_list\"><i class=\"qode_icon_font_awesome fa fa-check qode-ili-icon-holder transparent\" style=\"font-size: 16px;color: #0c4da2;\" ><\/i><p style=\"color:#333333;\">Valve en acier inoxydable \u00e0 quatre joints toriques<\/p><\/div><div class=\"q_icon_list\"><i class=\"qode_icon_font_awesome fa fa-check qode-ili-icon-holder transparent\" style=\"font-size: 16px;color: #0c4da2;\" ><\/i><p style=\"color:#333333;\">Fermeture de buse automatique pour \u00e9viter le dess\u00e8chement des colorants<\/p><\/div><div class=\"q_icon_list\"><i class=\"qode_icon_font_awesome fa fa-check qode-ili-icon-holder transparent\" style=\"font-size: 16px;color: #0c4da2;\" ><\/i><p style=\"color:#333333;\">Mesures simples \u00e0 lire<\/p><\/div><div class=\"q_icon_list\"><i class=\"qode_icon_font_awesome fa fa-check qode-ili-icon-holder transparent\" style=\"font-size: 16px;color: #0c4da2;\" ><\/i><p style=\"color:#333333;\">Dispositif de mesure \u00e0 encoches rempla\u00e7able <\/p><\/div><div class=\"q_icon_list\"><i class=\"qode_icon_font_awesome fa fa-check qode-ili-icon-holder transparent\" style=\"font-size: 16px;color: #0c4da2;\" ><\/i><p style=\"color:#333333;\">Filtre pour cylindre disponible<\/p><\/div>[\/vc_column_inner][vc_column_inner width=\u00a0\u00bb1\/2&Prime;][vc_single_image image=\u00a0\u00bb296&Prime; img_size=\u00a0\u00bbfull\u00a0\u00bb alignment=\u00a0\u00bbcenter\u00a0\u00bb onclick=\u00a0\u00bblink_image\u00a0\u00bb qode_css_animation=\u00a0\u00bb\u00a0\u00bb qode_hover_animation=\u00a0\u00bbdarken\u00a0\u00bb][vc_empty_space height=\u00a0\u00bb20px\u00a0\u00bb][\/vc_column_inner][\/vc_row_inner][\/vc_column][vc_column width=\u00a0\u00bb1\/2&Prime; el_class=\u00a0\u00bbgrey-side\u00a0\u00bb][vc_column_text]<\/p>\n<h3>Pompe \u00e0 index<\/h3>\n<p>[\/vc_column_text][vc_row_inner row_type=\u00a0\u00bbrow\u00a0\u00bb type=\u00a0\u00bbfull_width\u00a0\u00bb text_align=\u00a0\u00bbleft\u00a0\u00bb css_animation=\u00a0\u00bb\u00a0\u00bb][vc_column_inner width=\u00a0\u00bb1\/2&Prime;]<div class=\"q_icon_list\"><i class=\"qode_icon_font_awesome fa fa-check qode-ili-icon-holder transparent\" style=\"font-size: 16px;color: #0c4da2;\" ><\/i><p style=\"color:#333333;\">Pompe haute pr\u00e9cision de 2 onces<\/p><\/div><div class=\"q_icon_list\"><i class=\"qode_icon_font_awesome fa fa-check qode-ili-icon-holder transparent\" style=\"font-size: 16px;color: #0c4da2;\" ><\/i><p style=\"color:#333333;\">Composant brevet\u00e9, dosage de 0,25, 0,5 et 0,75 d\u2019encoche<\/p><\/div><div class=\"q_icon_list\"><i class=\"qode_icon_font_awesome fa fa-check qode-ili-icon-holder transparent\" style=\"font-size: 16px;color: #0c4da2;\" ><\/i><p style=\"color:#333333;\">Encoche de 1\/48\u00e8me d'once liquide<\/p><\/div><div class=\"q_icon_list\"><i class=\"qode_icon_font_awesome fa fa-check qode-ili-icon-holder transparent\" style=\"font-size: 16px;color: #0c4da2;\" ><\/i><p style=\"color:#333333;\">Dose partielle et totale distribu\u00e9es simultan\u00e9ment<\/p><\/div><div class=\"q_icon_list\"><i class=\"qode_icon_font_awesome fa fa-check qode-ili-icon-holder transparent\" style=\"font-size: 16px;color: #0c4da2;\" ><\/i><p style=\"color:#333333;\">Tr\u00e8s haute pr\u00e9cision<\/p><\/div><div class=\"q_icon_list\"><i class=\"qode_icon_font_awesome fa fa-check qode-ili-icon-holder transparent\" style=\"font-size: 16px;color: #0c4da2;\" ><\/i><p style=\"color:#333333;\">Simple \u00e0 lire et \u00e0 utiliser<\/p><\/div><div class=\"q_icon_list\"><i class=\"qode_icon_font_awesome fa fa-check qode-ili-icon-holder transparent\" style=\"font-size: 16px;color: #0c4da2;\" ><\/i><p style=\"color:#333333;\">Diff\u00e9rentes unit\u00e9s de mesure disponibles<\/p><\/div><div class=\"q_icon_list\"><i class=\"qode_icon_font_awesome fa fa-check qode-ili-icon-holder transparent\" style=\"font-size: 16px;color: #0c4da2;\" ><\/i><p style=\"color:#333333;\">Cylindre en acier inoxydable de 2,5 litres<\/p><\/div><div class=\"q_icon_list\"><i class=\"qode_icon_font_awesome fa fa-check qode-ili-icon-holder transparent\" style=\"font-size: 16px;color: #0c4da2;\" ><\/i><p style=\"color:#333333;\">Excellente qualit\u00e9, construit pour durer<\/p><\/div><div class=\"q_icon_list\"><i class=\"qode_icon_font_awesome fa fa-check qode-ili-icon-holder transparent\" style=\"font-size: 16px;color: #0c4da2;\" ><\/i><p style=\"color:#333333;\">Kits d\u2019\u00e9tanch\u00e9it\u00e9 de rechange disponibles<\/p><\/div><div class=\"q_icon_list\"><i class=\"qode_icon_font_awesome fa fa-check qode-ili-icon-holder transparent\" style=\"font-size: 16px;color: #0c4da2;\" ><\/i><p style=\"color:#333333;\">Dose de 1\/8\u00e8me maintenant disponible<\/p><\/div>[\/vc_column_inner][vc_column_inner width=\u00a0\u00bb1\/2&Prime;][vc_single_image image=\u00a0\u00bb339&Prime; img_size=\u00a0\u00bbfull\u00a0\u00bb alignment=\u00a0\u00bbcenter\u00a0\u00bb onclick=\u00a0\u00bblink_image\u00a0\u00bb qode_css_animation=\u00a0\u00bb\u00a0\u00bb qode_hover_animation=\u00a0\u00bbdarken\u00a0\u00bb][\/vc_column_inner][\/vc_row_inner][\/vc_column][\/vc_row][vc_row css_animation=\u00a0\u00bb\u00a0\u00bb row_type=\u00a0\u00bbrow\u00a0\u00bb use_row_as_full_screen_section=\u00a0\u00bbno\u00a0\u00bb type=\u00a0\u00bbgrid\u00a0\u00bb angled_section=\u00a0\u00bbno\u00a0\u00bb text_align=\u00a0\u00bbcenter\u00a0\u00bb background_image_as_pattern=\u00a0\u00bbwithout_pattern\u00a0\u00bb padding_bottom=\u00a0\u00bb50&Prime;][vc_column][vc_separator type=\u00a0\u00bbsmall\u00a0\u00bb position=\u00a0\u00bbleft\u00a0\u00bb color=\u00a0\u00bb#e0e0e0&Prime; thickness=\u00a0\u00bb1&Prime; width=\u00a0\u00bb100&Prime; width_in_percentages=\u00a0\u00bbyes\u00a0\u00bb up=\u00a0\u00bb50&Prime; down=\u00a0\u00bb50&Prime;]<a  itemprop=\"url\" href=\"http:\/\/merris-international.com\/wp-content\/uploads\/2017\/04\/pumps.pdf\" target=\"_self\"  class=\"qbutton  default\" style=\"\">T\u00e9l\u00e9charger la fiche technique<\/a>[\/vc_column][\/vc_row]<\/p>\n<\/section>","protected":false},"excerpt":{"rendered":"<p>[vc_row css_animation=\u00a0\u00bb\u00a0\u00bb row_type=\u00a0\u00bbrow\u00a0\u00bb use_row_as_full_screen_section=\u00a0\u00bbno\u00a0\u00bb type=\u00a0\u00bbgrid\u00a0\u00bb anchor=\u00a0\u00bbcontent\u00a0\u00bb angled_section=\u00a0\u00bbno\u00a0\u00bb text_align=\u00a0\u00bbcenter\u00a0\u00bb background_image_as_pattern=\u00a0\u00bbwithout_pattern\u00a0\u00bb padding_top=\u00a0\u00bb60&Prime; padding_bottom=\u00a0\u00bb40&Prime;][vc_column][vc_column_text] Pompes distributrices et pompes \u00e0 index [\/vc_column_text][vc_separator type=\u00a0\u00bbsmall\u00a0\u00bb position=\u00a0\u00bbcenter\u00a0\u00bb color=\u00a0\u00bb#0c4da2&Prime; thickness=\u00a0\u00bb1&Prime; width=\u00a0\u00bb100&Prime; up=\u00a0\u00bb1&Prime; down=\u00a0\u00bb40&Prime;][\/vc_column][\/vc_row][vc_row css_animation=\u00a0\u00bb\u00a0\u00bb row_type=\u00a0\u00bbrow\u00a0\u00bb use_row_as_full_screen_section=\u00a0\u00bbno\u00a0\u00bb type=\u00a0\u00bbgrid\u00a0\u00bb angled_section=\u00a0\u00bbno\u00a0\u00bb text_align=\u00a0\u00bbleft\u00a0\u00bb background_image_as_pattern=\u00a0\u00bbwithout_pattern\u00a0\u00bb padding_bottom=\u00a0\u00bb10&Prime;][vc_column width=\u00a0\u00bb1\/2&Prime;][vc_column_text] Pompe distributrice [\/vc_column_text][vc_row_inner row_type=\u00a0\u00bbrow\u00a0\u00bb type=\u00a0\u00bbfull_width\u00a0\u00bb text_align=\u00a0\u00bbleft\u00a0\u00bb css_animation=\u00a0\u00bb\u00a0\u00bb][vc_column_inner width=\u00a0\u00bb1\/2&Prime;][\/vc_column_inner][vc_column_inner width=\u00a0\u00bb1\/2&Prime;][vc_single_image image=\u00a0\u00bb296&Prime; img_size=\u00a0\u00bbfull\u00a0\u00bb&#8230;<\/p>\n","protected":false},"author":1,"featured_media":0,"parent":10,"menu_order":0,"comment_status":"closed","ping_status":"closed","template":"full_width.php","meta":{"footnotes":""},"class_list":["post-328","page","type-page","status-publish","hentry"],"yoast_head":"<!-- This site is optimized with the Yoast SEO plugin v24.7 - https:\/\/yoast.com\/wordpress\/plugins\/seo\/ -->\n<title>Pumps - Merris<\/title>\n<meta name=\"robots\" content=\"index, follow, max-snippet:-1, max-image-preview:large, max-video-preview:-1\" \/>\n<link rel=\"canonical\" href=\"https:\/\/merris-international.com\/es\/accessories\/pumps\/\" \/>\n<meta property=\"og:locale\" content=\"fr_FR\" \/>\n<meta property=\"og:type\" content=\"article\" \/>\n<meta property=\"og:title\" content=\"Pumps - Merris\" \/>\n<meta property=\"og:description\" content=\"[vc_row css_animation=\u00a0\u00bb\u00a0\u00bb row_type=\u00a0\u00bbrow\u00a0\u00bb use_row_as_full_screen_section=\u00a0\u00bbno\u00a0\u00bb type=\u00a0\u00bbgrid\u00a0\u00bb anchor=\u00a0\u00bbcontent\u00a0\u00bb angled_section=\u00a0\u00bbno\u00a0\u00bb text_align=\u00a0\u00bbcenter\u00a0\u00bb background_image_as_pattern=\u00a0\u00bbwithout_pattern\u00a0\u00bb padding_top=\u00a0\u00bb60&Prime; padding_bottom=\u00a0\u00bb40&Prime;][vc_column][vc_column_text] Pompes distributrices et pompes \u00e0 index [\/vc_column_text][vc_separator type=\u00a0\u00bbsmall\u00a0\u00bb position=\u00a0\u00bbcenter\u00a0\u00bb color=\u00a0\u00bb#0c4da2&Prime; thickness=\u00a0\u00bb1&Prime; width=\u00a0\u00bb100&Prime; up=\u00a0\u00bb1&Prime; down=\u00a0\u00bb40&Prime;][\/vc_column][\/vc_row][vc_row css_animation=\u00a0\u00bb\u00a0\u00bb row_type=\u00a0\u00bbrow\u00a0\u00bb use_row_as_full_screen_section=\u00a0\u00bbno\u00a0\u00bb type=\u00a0\u00bbgrid\u00a0\u00bb angled_section=\u00a0\u00bbno\u00a0\u00bb text_align=\u00a0\u00bbleft\u00a0\u00bb background_image_as_pattern=\u00a0\u00bbwithout_pattern\u00a0\u00bb padding_bottom=\u00a0\u00bb10&Prime;][vc_column width=\u00a0\u00bb1\/2&Prime;][vc_column_text] Pompe distributrice [\/vc_column_text][vc_row_inner row_type=\u00a0\u00bbrow\u00a0\u00bb type=\u00a0\u00bbfull_width\u00a0\u00bb text_align=\u00a0\u00bbleft\u00a0\u00bb css_animation=\u00a0\u00bb\u00a0\u00bb][vc_column_inner width=\u00a0\u00bb1\/2&Prime;][\/vc_column_inner][vc_column_inner width=\u00a0\u00bb1\/2&Prime;][vc_single_image image=\u00a0\u00bb296&Prime; img_size=\u00a0\u00bbfull\u00a0\u00bb...\" \/>\n<meta property=\"og:url\" content=\"https:\/\/merris-international.com\/es\/accessories\/pumps\/\" \/>\n<meta property=\"og:site_name\" content=\"Merris\" \/>\n<meta property=\"article:modified_time\" content=\"2017-08-06T12:29:10+00:00\" \/>\n<meta name=\"twitter:card\" content=\"summary_large_image\" \/>\n<meta name=\"twitter:label1\" content=\"Dur\u00e9e de lecture estim\u00e9e\" \/>\n\t<meta name=\"twitter:data1\" content=\"4 minutes\" \/>\n<script type=\"application\/ld+json\" class=\"yoast-schema-graph\">{\"@context\":\"https:\/\/schema.org\",\"@graph\":[{\"@type\":\"WebPage\",\"@id\":\"https:\/\/merris-international.com\/es\/accessories\/pumps\/\",\"url\":\"https:\/\/merris-international.com\/es\/accessories\/pumps\/\",\"name\":\"Pumps - Merris\",\"isPartOf\":{\"@id\":\"https:\/\/merris-international.com\/fr\/#website\"},\"datePublished\":\"2017-04-29T20:06:47+00:00\",\"dateModified\":\"2017-08-06T12:29:10+00:00\",\"breadcrumb\":{\"@id\":\"https:\/\/merris-international.com\/es\/accessories\/pumps\/#breadcrumb\"},\"inLanguage\":\"fr-FR\",\"potentialAction\":[{\"@type\":\"ReadAction\",\"target\":[\"https:\/\/merris-international.com\/es\/accessories\/pumps\/\"]}]},{\"@type\":\"BreadcrumbList\",\"@id\":\"https:\/\/merris-international.com\/es\/accessories\/pumps\/#breadcrumb\",\"itemListElement\":[{\"@type\":\"ListItem\",\"position\":1,\"name\":\"Home\",\"item\":\"https:\/\/merris-international.com\/\"},{\"@type\":\"ListItem\",\"position\":2,\"name\":\"Accessories\",\"item\":\"https:\/\/merris-international.com\/es\/accessories\/\"},{\"@type\":\"ListItem\",\"position\":3,\"name\":\"Pumps\"}]},{\"@type\":\"WebSite\",\"@id\":\"https:\/\/merris-international.com\/fr\/#website\",\"url\":\"https:\/\/merris-international.com\/fr\/\",\"name\":\"Merris\",\"description\":\"Industrial Paint and Laboratory Mixing Equipment Manufacturer\",\"publisher\":{\"@id\":\"https:\/\/merris-international.com\/fr\/#organization\"},\"potentialAction\":[{\"@type\":\"SearchAction\",\"target\":{\"@type\":\"EntryPoint\",\"urlTemplate\":\"https:\/\/merris-international.com\/fr\/?s={search_term_string}\"},\"query-input\":{\"@type\":\"PropertyValueSpecification\",\"valueRequired\":true,\"valueName\":\"search_term_string\"}}],\"inLanguage\":\"fr-FR\"},{\"@type\":\"Organization\",\"@id\":\"https:\/\/merris-international.com\/fr\/#organization\",\"name\":\"Merris\",\"url\":\"https:\/\/merris-international.com\/fr\/\",\"logo\":{\"@type\":\"ImageObject\",\"inLanguage\":\"fr-FR\",\"@id\":\"https:\/\/merris-international.com\/fr\/#\/schema\/logo\/image\/\",\"url\":\"https:\/\/merris-international.com\/wp-content\/uploads\/2017\/03\/cog.png\",\"contentUrl\":\"https:\/\/merris-international.com\/wp-content\/uploads\/2017\/03\/cog.png\",\"width\":111,\"height\":111,\"caption\":\"Merris\"},\"image\":{\"@id\":\"https:\/\/merris-international.com\/fr\/#\/schema\/logo\/image\/\"}}]}<\/script>\n<!-- \/ Yoast SEO plugin. -->","yoast_head_json":{"title":"Pumps - Merris","robots":{"index":"index","follow":"follow","max-snippet":"max-snippet:-1","max-image-preview":"max-image-preview:large","max-video-preview":"max-video-preview:-1"},"canonical":"https:\/\/merris-international.com\/es\/accessories\/pumps\/","og_locale":"fr_FR","og_type":"article","og_title":"Pumps - Merris","og_description":"[vc_row css_animation=\u00a0\u00bb\u00a0\u00bb row_type=\u00a0\u00bbrow\u00a0\u00bb use_row_as_full_screen_section=\u00a0\u00bbno\u00a0\u00bb type=\u00a0\u00bbgrid\u00a0\u00bb anchor=\u00a0\u00bbcontent\u00a0\u00bb angled_section=\u00a0\u00bbno\u00a0\u00bb text_align=\u00a0\u00bbcenter\u00a0\u00bb background_image_as_pattern=\u00a0\u00bbwithout_pattern\u00a0\u00bb padding_top=\u00a0\u00bb60&Prime; padding_bottom=\u00a0\u00bb40&Prime;][vc_column][vc_column_text] Pompes distributrices et pompes \u00e0 index [\/vc_column_text][vc_separator type=\u00a0\u00bbsmall\u00a0\u00bb position=\u00a0\u00bbcenter\u00a0\u00bb color=\u00a0\u00bb#0c4da2&Prime; thickness=\u00a0\u00bb1&Prime; width=\u00a0\u00bb100&Prime; up=\u00a0\u00bb1&Prime; down=\u00a0\u00bb40&Prime;][\/vc_column][\/vc_row][vc_row css_animation=\u00a0\u00bb\u00a0\u00bb row_type=\u00a0\u00bbrow\u00a0\u00bb use_row_as_full_screen_section=\u00a0\u00bbno\u00a0\u00bb type=\u00a0\u00bbgrid\u00a0\u00bb angled_section=\u00a0\u00bbno\u00a0\u00bb text_align=\u00a0\u00bbleft\u00a0\u00bb background_image_as_pattern=\u00a0\u00bbwithout_pattern\u00a0\u00bb padding_bottom=\u00a0\u00bb10&Prime;][vc_column width=\u00a0\u00bb1\/2&Prime;][vc_column_text] Pompe distributrice [\/vc_column_text][vc_row_inner row_type=\u00a0\u00bbrow\u00a0\u00bb type=\u00a0\u00bbfull_width\u00a0\u00bb text_align=\u00a0\u00bbleft\u00a0\u00bb css_animation=\u00a0\u00bb\u00a0\u00bb][vc_column_inner width=\u00a0\u00bb1\/2&Prime;][\/vc_column_inner][vc_column_inner width=\u00a0\u00bb1\/2&Prime;][vc_single_image image=\u00a0\u00bb296&Prime; img_size=\u00a0\u00bbfull\u00a0\u00bb...","og_url":"https:\/\/merris-international.com\/es\/accessories\/pumps\/","og_site_name":"Merris","article_modified_time":"2017-08-06T12:29:10+00:00","twitter_card":"summary_large_image","twitter_misc":{"Dur\u00e9e de lecture estim\u00e9e":"4 minutes"},"schema":{"@context":"https:\/\/schema.org","@graph":[{"@type":"WebPage","@id":"https:\/\/merris-international.com\/es\/accessories\/pumps\/","url":"https:\/\/merris-international.com\/es\/accessories\/pumps\/","name":"Pumps - Merris","isPartOf":{"@id":"https:\/\/merris-international.com\/fr\/#website"},"datePublished":"2017-04-29T20:06:47+00:00","dateModified":"2017-08-06T12:29:10+00:00","breadcrumb":{"@id":"https:\/\/merris-international.com\/es\/accessories\/pumps\/#breadcrumb"},"inLanguage":"fr-FR","potentialAction":[{"@type":"ReadAction","target":["https:\/\/merris-international.com\/es\/accessories\/pumps\/"]}]},{"@type":"BreadcrumbList","@id":"https:\/\/merris-international.com\/es\/accessories\/pumps\/#breadcrumb","itemListElement":[{"@type":"ListItem","position":1,"name":"Home","item":"https:\/\/merris-international.com\/"},{"@type":"ListItem","position":2,"name":"Accessories","item":"https:\/\/merris-international.com\/es\/accessories\/"},{"@type":"ListItem","position":3,"name":"Pumps"}]},{"@type":"WebSite","@id":"https:\/\/merris-international.com\/fr\/#website","url":"https:\/\/merris-international.com\/fr\/","name":"Merris","description":"Industrial Paint and Laboratory Mixing Equipment Manufacturer","publisher":{"@id":"https:\/\/merris-international.com\/fr\/#organization"},"potentialAction":[{"@type":"SearchAction","target":{"@type":"EntryPoint","urlTemplate":"https:\/\/merris-international.com\/fr\/?s={search_term_string}"},"query-input":{"@type":"PropertyValueSpecification","valueRequired":true,"valueName":"search_term_string"}}],"inLanguage":"fr-FR"},{"@type":"Organization","@id":"https:\/\/merris-international.com\/fr\/#organization","name":"Merris","url":"https:\/\/merris-international.com\/fr\/","logo":{"@type":"ImageObject","inLanguage":"fr-FR","@id":"https:\/\/merris-international.com\/fr\/#\/schema\/logo\/image\/","url":"https:\/\/merris-international.com\/wp-content\/uploads\/2017\/03\/cog.png","contentUrl":"https:\/\/merris-international.com\/wp-content\/uploads\/2017\/03\/cog.png","width":111,"height":111,"caption":"Merris"},"image":{"@id":"https:\/\/merris-international.com\/fr\/#\/schema\/logo\/image\/"}}]}},"_links":{"self":[{"href":"https:\/\/merris-international.com\/fr\/wp-json\/wp\/v2\/pages\/328","targetHints":{"allow":["GET"]}}],"collection":[{"href":"https:\/\/merris-international.com\/fr\/wp-json\/wp\/v2\/pages"}],"about":[{"href":"https:\/\/merris-international.com\/fr\/wp-json\/wp\/v2\/types\/page"}],"author":[{"embeddable":true,"href":"https:\/\/merris-international.com\/fr\/wp-json\/wp\/v2\/users\/1"}],"replies":[{"embeddable":true,"href":"https:\/\/merris-international.com\/fr\/wp-json\/wp\/v2\/comments?post=328"}],"version-history":[{"count":16,"href":"https:\/\/merris-international.com\/fr\/wp-json\/wp\/v2\/pages\/328\/revisions"}],"predecessor-version":[{"id":547,"href":"https:\/\/merris-international.com\/fr\/wp-json\/wp\/v2\/pages\/328\/revisions\/547"}],"up":[{"embeddable":true,"href":"https:\/\/merris-international.com\/fr\/wp-json\/wp\/v2\/pages\/10"}],"wp:attachment":[{"href":"https:\/\/merris-international.com\/fr\/wp-json\/wp\/v2\/media?parent=328"}],"curies":[{"name":"wp","href":"https:\/\/api.w.org\/{rel}","templated":true}]}}