{"id":435,"date":"2017-05-23T10:15:53","date_gmt":"2017-05-23T10:15:53","guid":{"rendered":"http:\/\/merris-international.com\/?page_id=435"},"modified":"2017-08-06T17:48:44","modified_gmt":"2017-08-06T17:48:44","slug":"about","status":"publish","type":"page","link":"https:\/\/merris-international.com\/fr\/about\/","title":{"rendered":"About"},"content":{"rendered":"<section class=\"wpb-content-wrapper\"><p>[vc_row css_animation=\u00a0\u00bb\u00a0\u00bb row_type=\u00a0\u00bbrow\u00a0\u00bb use_row_as_full_screen_section=\u00a0\u00bbno\u00a0\u00bb type=\u00a0\u00bbgrid\u00a0\u00bb anchor=\u00a0\u00bbcontent\u00a0\u00bb angled_section=\u00a0\u00bbno\u00a0\u00bb text_align=\u00a0\u00bbcenter\u00a0\u00bb background_image_as_pattern=\u00a0\u00bbwithout_pattern\u00a0\u00bb padding_top=\u00a0\u00bb60&Prime; padding_bottom=\u00a0\u00bb50&Prime;][vc_column][vc_column_text]<\/p>\n<h1>L\u2019historique de Merris<\/h1>\n<p>[\/vc_column_text][vc_row_inner row_type=\u00a0\u00bbrow\u00a0\u00bb type=\u00a0\u00bbgrid\u00a0\u00bb text_align=\u00a0\u00bbleft\u00a0\u00bb padding_top=\u00a0\u00bb50&Prime; padding_bottom=\u00a0\u00bb20&Prime; css_animation=\u00a0\u00bb\u00a0\u00bb][vc_column_inner width=\u00a0\u00bb2\/3&Prime; css=\u00a0\u00bb.vc_custom_1495534878734{padding-right: 8% !important;}\u00a0\u00bb][vc_column_text]<\/p>\n<h4>Aujourd\u2019hui, Merris compte pr\u00e8s de 5 d\u00e9cennies d\u2019exp\u00e9rience dans la conception de produits qui m\u00e9langent et qui agitent &#8211; des bidons de peinture aux tubes \u00e0 essai, du secteur a\u00e9rospatial aux h\u00f4pitaux et tout ce qui se trouve entre les deux !<\/h4>\n<p>[\/vc_column_text][vc_column_text]Nous sommes fiers de concevoir des produit robustes et fiables qui vous donneront enti\u00e8re satisfaction pendant longtemps. Nous d\u00e9veloppons et fabriquons nos \u00e9quipements pour s\u2019adapter \u00e0 vos applications sp\u00e9cifiques, et c\u2019est pour cela que nous pouvons vous offrir une gamme unique de produits destin\u00e9s aussi bien aux laboratoires qu\u2019aux points de vente, aux entrep\u00f4ts industriels, aux magasins de peinture et \u00e0 bien d\u2019autres partout dans le monde.<\/p>\n<p>Notre gamme de produits continue d\u2019\u00e9voluer au fil des ans pour trouver des solutions innovantes et relever de nouveaux d\u00e9fis. Quelle que soit la t\u00e2che, nous nous effor\u00e7ons de trouver le syst\u00e8me le plus adapt\u00e9 aussi bien pour nos nouveaux clients que pour ceux de longue date. Que vous recherchiez un produit traditionnel ou du mat\u00e9riel unique, je suis persuad\u00e9 que nous pouvons vous aider gr\u00e2ce aux douzaines de variations de produits actuellement disponibles, ou en cr\u00e9ant une solution personnalis\u00e9e.<\/p>\n<p>Simultan\u00e9ment, nous continuons d&rsquo;investir dans de nouvelles installations afin de r\u00e9pondre \u00e0 l\u2019augmentation des ventes internationales, comme en 2015 o\u00f9 nous avons achet\u00e9 de nouveaux b\u00e2timents pour disposer de 3900m2 d\u2019espace suppl\u00e9mentaire.<\/p>\n<p>Nos produits sont certifi\u00e9s UL pour les ventes aux USA, et nous poss\u00e9dons une certification ATEX pour les sites de zone 1.[\/vc_column_text][vc_separator type=\u00a0\u00bbsmall\u00a0\u00bb position=\u00a0\u00bbleft\u00a0\u00bb color=\u00a0\u00bb#e0e0e0&Prime; thickness=\u00a0\u00bb1&Prime; width=\u00a0\u00bb80&Prime; width_in_percentages=\u00a0\u00bbyes\u00a0\u00bb up=\u00a0\u00bb45&Prime; down=\u00a0\u00bb45&Prime;][vc_column_text]<\/p>\n<h4>Appelez-nous pour obtenir un devis ou des id\u00e9es de produits, ou pour nous faire part de vos besoins.<\/h4>\n<p>[\/vc_column_text]<a  itemprop=\"url\" href=\"\/contact\/\" target=\"_self\"  class=\"qbutton  default\" style=\"margin: 8px 8px 8px 0px; \">Contactez-nous<\/a>[vc_empty_space height=\u00a0\u00bb30px\u00a0\u00bb][\/vc_column_inner][vc_column_inner el_class=\u00a0\u00bbgrey-side\u00a0\u00bb width=\u00a0\u00bb1\/3&Prime;][vc_single_image image=\u00a0\u00bb439&Prime; img_size=\u00a0\u00bbfull\u00a0\u00bb qode_css_animation=\u00a0\u00bbelement_from_fade\u00a0\u00bb transition_delay=\u00a0\u00bb0.3&Prime; qode_hover_animation=\u00a0\u00bbzoom_in\u00a0\u00bb][vc_empty_space height=\u00a0\u00bb16px\u00a0\u00bb][vc_single_image image=\u00a0\u00bb453&Prime; img_size=\u00a0\u00bbfull\u00a0\u00bb qode_css_animation=\u00a0\u00bbelement_from_fade\u00a0\u00bb transition_delay=\u00a0\u00bb0.6&Prime; qode_hover_animation=\u00a0\u00bbzoom_in\u00a0\u00bb][\/vc_column_inner][\/vc_row_inner][\/vc_column][\/vc_row]<\/p>\n<\/section>","protected":false},"excerpt":{"rendered":"<p>[vc_row css_animation=\u00a0\u00bb\u00a0\u00bb row_type=\u00a0\u00bbrow\u00a0\u00bb use_row_as_full_screen_section=\u00a0\u00bbno\u00a0\u00bb type=\u00a0\u00bbgrid\u00a0\u00bb anchor=\u00a0\u00bbcontent\u00a0\u00bb angled_section=\u00a0\u00bbno\u00a0\u00bb text_align=\u00a0\u00bbcenter\u00a0\u00bb background_image_as_pattern=\u00a0\u00bbwithout_pattern\u00a0\u00bb padding_top=\u00a0\u00bb60&Prime; padding_bottom=\u00a0\u00bb50&Prime;][vc_column][vc_column_text] L\u2019historique de Merris [\/vc_column_text][vc_row_inner row_type=\u00a0\u00bbrow\u00a0\u00bb type=\u00a0\u00bbgrid\u00a0\u00bb text_align=\u00a0\u00bbleft\u00a0\u00bb padding_top=\u00a0\u00bb50&Prime; padding_bottom=\u00a0\u00bb20&Prime; css_animation=\u00a0\u00bb\u00a0\u00bb][vc_column_inner width=\u00a0\u00bb2\/3&Prime; css=\u00a0\u00bb.vc_custom_1495534878734{padding-right: 8% !important;}\u00a0\u00bb][vc_column_text] Aujourd\u2019hui, Merris compte pr\u00e8s de 5 d\u00e9cennies d\u2019exp\u00e9rience dans la conception de produits qui m\u00e9langent et qui agitent &#8211; des&#8230;<\/p>\n","protected":false},"author":1,"featured_media":0,"parent":0,"menu_order":0,"comment_status":"closed","ping_status":"closed","template":"","meta":{"footnotes":""},"class_list":["post-435","page","type-page","status-publish","hentry"],"yoast_head":"<!-- This site is optimized with the Yoast SEO plugin v24.7 - https:\/\/yoast.com\/wordpress\/plugins\/seo\/ -->\n<title>About - Merris<\/title>\n<meta name=\"robots\" content=\"index, follow, max-snippet:-1, max-image-preview:large, max-video-preview:-1\" \/>\n<link rel=\"canonical\" href=\"https:\/\/merris-international.com\/about\/\" \/>\n<meta property=\"og:locale\" content=\"fr_FR\" \/>\n<meta property=\"og:type\" content=\"article\" \/>\n<meta property=\"og:title\" content=\"About - Merris\" \/>\n<meta property=\"og:description\" content=\"[vc_row css_animation=\u00a0\u00bb\u00a0\u00bb row_type=\u00a0\u00bbrow\u00a0\u00bb use_row_as_full_screen_section=\u00a0\u00bbno\u00a0\u00bb type=\u00a0\u00bbgrid\u00a0\u00bb anchor=\u00a0\u00bbcontent\u00a0\u00bb angled_section=\u00a0\u00bbno\u00a0\u00bb text_align=\u00a0\u00bbcenter\u00a0\u00bb background_image_as_pattern=\u00a0\u00bbwithout_pattern\u00a0\u00bb padding_top=\u00a0\u00bb60&Prime; padding_bottom=\u00a0\u00bb50&Prime;][vc_column][vc_column_text] L\u2019historique de Merris [\/vc_column_text][vc_row_inner row_type=\u00a0\u00bbrow\u00a0\u00bb type=\u00a0\u00bbgrid\u00a0\u00bb text_align=\u00a0\u00bbleft\u00a0\u00bb padding_top=\u00a0\u00bb50&Prime; padding_bottom=\u00a0\u00bb20&Prime; css_animation=\u00a0\u00bb\u00a0\u00bb][vc_column_inner width=\u00a0\u00bb2\/3&Prime; css=\u00a0\u00bb.vc_custom_1495534878734{padding-right: 8% !important;}\u00a0\u00bb][vc_column_text] Aujourd\u2019hui, Merris compte pr\u00e8s de 5 d\u00e9cennies d\u2019exp\u00e9rience dans la conception de produits qui m\u00e9langent et qui agitent &#8211; des...\" \/>\n<meta property=\"og:url\" content=\"https:\/\/merris-international.com\/about\/\" \/>\n<meta property=\"og:site_name\" content=\"Merris\" \/>\n<meta property=\"article:modified_time\" content=\"2017-08-06T17:48:44+00:00\" \/>\n<meta name=\"twitter:card\" content=\"summary_large_image\" \/>\n<meta name=\"twitter:label1\" content=\"Dur\u00e9e de lecture estim\u00e9e\" \/>\n\t<meta name=\"twitter:data1\" content=\"2 minutes\" \/>\n<script type=\"application\/ld+json\" class=\"yoast-schema-graph\">{\"@context\":\"https:\/\/schema.org\",\"@graph\":[{\"@type\":\"WebPage\",\"@id\":\"https:\/\/merris-international.com\/about\/\",\"url\":\"https:\/\/merris-international.com\/about\/\",\"name\":\"About - Merris\",\"isPartOf\":{\"@id\":\"https:\/\/merris-international.com\/fr\/#website\"},\"datePublished\":\"2017-05-23T10:15:53+00:00\",\"dateModified\":\"2017-08-06T17:48:44+00:00\",\"breadcrumb\":{\"@id\":\"https:\/\/merris-international.com\/about\/#breadcrumb\"},\"inLanguage\":\"fr-FR\",\"potentialAction\":[{\"@type\":\"ReadAction\",\"target\":[\"https:\/\/merris-international.com\/about\/\"]}]},{\"@type\":\"BreadcrumbList\",\"@id\":\"https:\/\/merris-international.com\/about\/#breadcrumb\",\"itemListElement\":[{\"@type\":\"ListItem\",\"position\":1,\"name\":\"Home\",\"item\":\"https:\/\/merris-international.com\/\"},{\"@type\":\"ListItem\",\"position\":2,\"name\":\"About\"}]},{\"@type\":\"WebSite\",\"@id\":\"https:\/\/merris-international.com\/fr\/#website\",\"url\":\"https:\/\/merris-international.com\/fr\/\",\"name\":\"Merris\",\"description\":\"Industrial Paint and Laboratory Mixing Equipment Manufacturer\",\"publisher\":{\"@id\":\"https:\/\/merris-international.com\/fr\/#organization\"},\"potentialAction\":[{\"@type\":\"SearchAction\",\"target\":{\"@type\":\"EntryPoint\",\"urlTemplate\":\"https:\/\/merris-international.com\/fr\/?s={search_term_string}\"},\"query-input\":{\"@type\":\"PropertyValueSpecification\",\"valueRequired\":true,\"valueName\":\"search_term_string\"}}],\"inLanguage\":\"fr-FR\"},{\"@type\":\"Organization\",\"@id\":\"https:\/\/merris-international.com\/fr\/#organization\",\"name\":\"Merris\",\"url\":\"https:\/\/merris-international.com\/fr\/\",\"logo\":{\"@type\":\"ImageObject\",\"inLanguage\":\"fr-FR\",\"@id\":\"https:\/\/merris-international.com\/fr\/#\/schema\/logo\/image\/\",\"url\":\"https:\/\/merris-international.com\/wp-content\/uploads\/2017\/03\/cog.png\",\"contentUrl\":\"https:\/\/merris-international.com\/wp-content\/uploads\/2017\/03\/cog.png\",\"width\":111,\"height\":111,\"caption\":\"Merris\"},\"image\":{\"@id\":\"https:\/\/merris-international.com\/fr\/#\/schema\/logo\/image\/\"}}]}<\/script>\n<!-- \/ Yoast SEO plugin. -->","yoast_head_json":{"title":"About - Merris","robots":{"index":"index","follow":"follow","max-snippet":"max-snippet:-1","max-image-preview":"max-image-preview:large","max-video-preview":"max-video-preview:-1"},"canonical":"https:\/\/merris-international.com\/about\/","og_locale":"fr_FR","og_type":"article","og_title":"About - Merris","og_description":"[vc_row css_animation=\u00a0\u00bb\u00a0\u00bb row_type=\u00a0\u00bbrow\u00a0\u00bb use_row_as_full_screen_section=\u00a0\u00bbno\u00a0\u00bb type=\u00a0\u00bbgrid\u00a0\u00bb anchor=\u00a0\u00bbcontent\u00a0\u00bb angled_section=\u00a0\u00bbno\u00a0\u00bb text_align=\u00a0\u00bbcenter\u00a0\u00bb background_image_as_pattern=\u00a0\u00bbwithout_pattern\u00a0\u00bb padding_top=\u00a0\u00bb60&Prime; padding_bottom=\u00a0\u00bb50&Prime;][vc_column][vc_column_text] L\u2019historique de Merris [\/vc_column_text][vc_row_inner row_type=\u00a0\u00bbrow\u00a0\u00bb type=\u00a0\u00bbgrid\u00a0\u00bb text_align=\u00a0\u00bbleft\u00a0\u00bb padding_top=\u00a0\u00bb50&Prime; padding_bottom=\u00a0\u00bb20&Prime; css_animation=\u00a0\u00bb\u00a0\u00bb][vc_column_inner width=\u00a0\u00bb2\/3&Prime; css=\u00a0\u00bb.vc_custom_1495534878734{padding-right: 8% !important;}\u00a0\u00bb][vc_column_text] Aujourd\u2019hui, Merris compte pr\u00e8s de 5 d\u00e9cennies d\u2019exp\u00e9rience dans la conception de produits qui m\u00e9langent et qui agitent &#8211; des...","og_url":"https:\/\/merris-international.com\/about\/","og_site_name":"Merris","article_modified_time":"2017-08-06T17:48:44+00:00","twitter_card":"summary_large_image","twitter_misc":{"Dur\u00e9e de lecture estim\u00e9e":"2 minutes"},"schema":{"@context":"https:\/\/schema.org","@graph":[{"@type":"WebPage","@id":"https:\/\/merris-international.com\/about\/","url":"https:\/\/merris-international.com\/about\/","name":"About - Merris","isPartOf":{"@id":"https:\/\/merris-international.com\/fr\/#website"},"datePublished":"2017-05-23T10:15:53+00:00","dateModified":"2017-08-06T17:48:44+00:00","breadcrumb":{"@id":"https:\/\/merris-international.com\/about\/#breadcrumb"},"inLanguage":"fr-FR","potentialAction":[{"@type":"ReadAction","target":["https:\/\/merris-international.com\/about\/"]}]},{"@type":"BreadcrumbList","@id":"https:\/\/merris-international.com\/about\/#breadcrumb","itemListElement":[{"@type":"ListItem","position":1,"name":"Home","item":"https:\/\/merris-international.com\/"},{"@type":"ListItem","position":2,"name":"About"}]},{"@type":"WebSite","@id":"https:\/\/merris-international.com\/fr\/#website","url":"https:\/\/merris-international.com\/fr\/","name":"Merris","description":"Industrial Paint and Laboratory Mixing Equipment Manufacturer","publisher":{"@id":"https:\/\/merris-international.com\/fr\/#organization"},"potentialAction":[{"@type":"SearchAction","target":{"@type":"EntryPoint","urlTemplate":"https:\/\/merris-international.com\/fr\/?s={search_term_string}"},"query-input":{"@type":"PropertyValueSpecification","valueRequired":true,"valueName":"search_term_string"}}],"inLanguage":"fr-FR"},{"@type":"Organization","@id":"https:\/\/merris-international.com\/fr\/#organization","name":"Merris","url":"https:\/\/merris-international.com\/fr\/","logo":{"@type":"ImageObject","inLanguage":"fr-FR","@id":"https:\/\/merris-international.com\/fr\/#\/schema\/logo\/image\/","url":"https:\/\/merris-international.com\/wp-content\/uploads\/2017\/03\/cog.png","contentUrl":"https:\/\/merris-international.com\/wp-content\/uploads\/2017\/03\/cog.png","width":111,"height":111,"caption":"Merris"},"image":{"@id":"https:\/\/merris-international.com\/fr\/#\/schema\/logo\/image\/"}}]}},"_links":{"self":[{"href":"https:\/\/merris-international.com\/fr\/wp-json\/wp\/v2\/pages\/435","targetHints":{"allow":["GET"]}}],"collection":[{"href":"https:\/\/merris-international.com\/fr\/wp-json\/wp\/v2\/pages"}],"about":[{"href":"https:\/\/merris-international.com\/fr\/wp-json\/wp\/v2\/types\/page"}],"author":[{"embeddable":true,"href":"https:\/\/merris-international.com\/fr\/wp-json\/wp\/v2\/users\/1"}],"replies":[{"embeddable":true,"href":"https:\/\/merris-international.com\/fr\/wp-json\/wp\/v2\/comments?post=435"}],"version-history":[{"count":13,"href":"https:\/\/merris-international.com\/fr\/wp-json\/wp\/v2\/pages\/435\/revisions"}],"predecessor-version":[{"id":556,"href":"https:\/\/merris-international.com\/fr\/wp-json\/wp\/v2\/pages\/435\/revisions\/556"}],"wp:attachment":[{"href":"https:\/\/merris-international.com\/fr\/wp-json\/wp\/v2\/media?parent=435"}],"curies":[{"name":"wp","href":"https:\/\/api.w.org\/{rel}","templated":true}]}}