{"id":483,"date":"2017-07-28T09:17:08","date_gmt":"2017-07-28T09:17:08","guid":{"rendered":"http:\/\/merris-international.com\/?page_id=483"},"modified":"2017-11-24T22:38:06","modified_gmt":"2017-11-24T22:38:06","slug":"spinmix-800","status":"publish","type":"page","link":"https:\/\/merris-international.com\/fr\/products\/spinmix-800\/","title":{"rendered":"Spinmix 800"},"content":{"rendered":"<section class=\"wpb-content-wrapper\"><p>[vc_row css_animation=\u00a0\u00bb\u00a0\u00bb row_type=\u00a0\u00bbrow\u00a0\u00bb use_row_as_full_screen_section=\u00a0\u00bbno\u00a0\u00bb type=\u00a0\u00bbgrid\u00a0\u00bb anchor=\u00a0\u00bbcontent\u00a0\u00bb angled_section=\u00a0\u00bbno\u00a0\u00bb text_align=\u00a0\u00bbcenter\u00a0\u00bb background_image_as_pattern=\u00a0\u00bbwithout_pattern\u00a0\u00bb padding_top=\u00a0\u00bb60&Prime; padding_bottom=\u00a0\u00bb40&Prime;][vc_column][vc_column_text]<\/p>\n<h1>Spinmix 800<\/h1>\n<p>[\/vc_column_text][vc_separator type=\u00a0\u00bbsmall\u00a0\u00bb position=\u00a0\u00bbcenter\u00a0\u00bb color=\u00a0\u00bb#0c4da2&Prime; thickness=\u00a0\u00bb1&Prime; width=\u00a0\u00bb100&Prime; up=\u00a0\u00bb1&Prime; down=\u00a0\u00bb40&Prime;][\/vc_column][\/vc_row][vc_row css_animation=\u00a0\u00bb\u00a0\u00bb row_type=\u00a0\u00bbrow\u00a0\u00bb use_row_as_full_screen_section=\u00a0\u00bbno\u00a0\u00bb type=\u00a0\u00bbgrid\u00a0\u00bb angled_section=\u00a0\u00bbno\u00a0\u00bb text_align=\u00a0\u00bbleft\u00a0\u00bb background_image_as_pattern=\u00a0\u00bbwithout_pattern\u00a0\u00bb padding_bottom=\u00a0\u00bb50&Prime;][vc_column width=\u00a0\u00bb1\/3&Prime; css=\u00a0\u00bb.vc_custom_1490050149886{padding-right: 10% !important;}\u00a0\u00bb][vc_column_text]<\/p>\n<h3>Abmessungen<\/h3>\n<p>[\/vc_column_text][vc_column_text]Largeur = 80cm \/ Profondeur = 80cm \/ Hauteur = 111cm[\/vc_column_text][vc_separator type=\u00a0\u00bbsmall\u00a0\u00bb position=\u00a0\u00bbleft\u00a0\u00bb color=\u00a0\u00bb#e0e0e0&Prime; thickness=\u00a0\u00bb1&Prime; width=\u00a0\u00bb100&Prime; width_in_percentages=\u00a0\u00bbyes\u00a0\u00bb up=\u00a0\u00bb50&Prime; down=\u00a0\u00bb50&Prime;][vc_column_text]<\/p>\n<h3>Informationen<\/h3>\n<p>[\/vc_column_text][vc_column_text]Avec nouveau logiciel con\u00e7u pour une flexibilit\u00e9 optimale des commandes manuelles et automatiques. R\u00e9glages et fonctionnements manuels permettant aux utilisateurs de manipuler des produits tr\u00e8s sp\u00e9cifiques tels que les \u00e9changeurs thermiques ayant besoin d\u2019\u00eatre nettoy\u00e9s ; une solution peut \u00eatre inject\u00e9e en d\u00e9but de cycle, m\u00e9lang\u00e9e pendant plusieurs minutes puis verrouill\u00e9e en position basse pour permettre l\u2019\u00e9vacuation. La nouvelle conception du logiciel offre un contr\u00f4le total tout en int\u00e9grant une gamme compl\u00e8te de m\u00e9canismes de s\u00e9curit\u00e9.<\/p>\n<p><strong>Param\u00e8tres op\u00e9rationnels<\/strong>[\/vc_column_text]<div class=\"q_icon_list\"><i class=\"qode_icon_font_awesome fa fa-check qode-ili-icon-holder transparent\" style=\"font-size: 16px;color: #0c4da2;\" ><\/i><p style=\"color:#333333;\">Position initiale<\/p><\/div><div class=\"q_icon_list\"><i class=\"qode_icon_font_awesome fa fa-check qode-ili-icon-holder transparent\" style=\"font-size: 16px;color: #0c4da2;\" ><\/i><p style=\"color:#333333;\">Remplissez l\u2019\u00e9changeur avec la solution<\/p><\/div><div class=\"q_icon_list\"><i class=\"qode_icon_font_awesome fa fa-check qode-ili-icon-holder transparent\" style=\"font-size: 16px;color: #0c4da2;\" ><\/i><p style=\"color:#333333;\">D\u00e9marrez le cycle - laissez tourner plusieurs minutes \u00e0 la vitesse souhait\u00e9e<\/p><\/div><div class=\"q_icon_list\"><i class=\"qode_icon_font_awesome fa fa-check qode-ili-icon-holder transparent\" style=\"font-size: 16px;color: #0c4da2;\" ><\/i><p style=\"color:#333333;\">Arr\u00eatez l\u2019appareil en position oppos\u00e9e \u00e0 la position initiale (basse), plateau verrouill\u00e9 ; videz l\u2019\u00e9changeur<\/p><\/div><div class=\"q_icon_list\"><i class=\"qode_icon_font_awesome fa fa-check qode-ili-icon-holder transparent\" style=\"font-size: 16px;color: #0c4da2;\" ><\/i><p style=\"color:#333333;\">Revenez \u00e0 la position initiale - remplissez de liquide propre et red\u00e9marrez le cycle.<\/p><\/div>[vc_column_text]Nous utilisons les m\u00eames circuits \u00e9lectriques sur tous nos appareils afin de garantir l&rsquo;interchangeabilit\u00e9 des pi\u00e8ces ; meilleure fiabilit\u00e9 sur le march\u00e9 ; flexibilit\u00e9 extr\u00eame de la programmation ; meilleur fournisseur de solution du march\u00e9.[\/vc_column_text][vc_separator type=\u00a0\u00bbsmall\u00a0\u00bb position=\u00a0\u00bbleft\u00a0\u00bb color=\u00a0\u00bb#e0e0e0&Prime; thickness=\u00a0\u00bb1&Prime; width=\u00a0\u00bb100&Prime; width_in_percentages=\u00a0\u00bbyes\u00a0\u00bb up=\u00a0\u00bb50&Prime; down=\u00a0\u00bb50&Prime;][\/vc_column][vc_column width=\u00a0\u00bb1\/3&Prime; css=\u00a0\u00bb.vc_custom_1490050840689{padding-right: 10% !important;}\u00a0\u00bb][vc_column_text]<\/p>\n<h3>Technische Daten<\/h3>\n<p>[\/vc_column_text]<div class=\"q_icon_list\"><i class=\"qode_icon_font_awesome fa fa-check qode-ili-icon-holder transparent\" style=\"font-size: 16px;color: #0c4da2;\" ><\/i><p style=\"color:#333333;\">Ouverture de 550mm. Hauteur optimale \u00ab MEILLEURE DU MARCH\u00c9 \u00bb<\/p><\/div><div class=\"q_icon_list\"><i class=\"qode_icon_font_awesome fa fa-check qode-ili-icon-holder transparent\" style=\"font-size: 16px;color: #0c4da2;\" ><\/i><p style=\"color:#333333;\">Nouveau logiciel de commande manuel \/ automatique<\/p><\/div><div class=\"q_icon_list\"><i class=\"qode_icon_font_awesome fa fa-check qode-ili-icon-holder transparent\" style=\"font-size: 16px;color: #0c4da2;\" ><\/i><p style=\"color:#333333;\">Nouveau syst\u00e8me de verrouillage au d\u00e9but et \u00e0 la fin du cycle - FONCTION SP\u00c9CIALE<\/p><\/div><div class=\"q_icon_list\"><i class=\"qode_icon_font_awesome fa fa-check qode-ili-icon-holder transparent\" style=\"font-size: 16px;color: #0c4da2;\" ><\/i><p style=\"color:#333333;\">Dur\u00e9es enti\u00e8rement programmables - vitesses-pressions<\/p><\/div><div class=\"q_icon_list\"><i class=\"qode_icon_font_awesome fa fa-check qode-ili-icon-holder transparent\" style=\"font-size: 16px;color: #0c4da2;\" ><\/i><p style=\"color:#333333;\">Largeur de bidon standard : 34cm ; jusqu\u2019\u00e0 39cm en option<\/p><\/div><div class=\"q_icon_list\"><i class=\"qode_icon_font_awesome fa fa-check qode-ili-icon-holder transparent\" style=\"font-size: 16px;color: #0c4da2;\" ><\/i><p style=\"color:#333333;\">Poids maximal du produit : 50kgs - MEILLEUR DU MARCH\u00c9<\/p><\/div><div class=\"q_icon_list\"><i class=\"qode_icon_font_awesome fa fa-check qode-ili-icon-holder transparent\" style=\"font-size: 16px;color: #0c4da2;\" ><\/i><p style=\"color:#333333;\">Alimentation 230v 50Hz ou 110v 60Hz<\/p><\/div><div class=\"q_icon_list\"><i class=\"qode_icon_font_awesome fa fa-check qode-ili-icon-holder transparent\" style=\"font-size: 16px;color: #0c4da2;\" ><\/i><p style=\"color:#333333;\">Composants en acier moul\u00e9 pour une durabilit\u00e9 et une fiabilit\u00e9 maximales<\/p><\/div><div class=\"q_icon_list\"><i class=\"qode_icon_font_awesome fa fa-check qode-ili-icon-holder transparent\" style=\"font-size: 16px;color: #0c4da2;\" ><\/i><p style=\"color:#333333;\">R\u00e9volutions de 10TPM \u00e0380TPM \u2013 PROGRAMME UNIQUE <\/p><\/div><div class=\"q_icon_list\"><i class=\"qode_icon_font_awesome fa fa-check qode-ili-icon-holder transparent\" style=\"font-size: 16px;color: #0c4da2;\" ><\/i><p style=\"color:#333333;\">Coffrage en acier inoxydable<\/p><\/div>[vc_separator type=\u00a0\u00bbsmall\u00a0\u00bb position=\u00a0\u00bbleft\u00a0\u00bb color=\u00a0\u00bb#e0e0e0&Prime; thickness=\u00a0\u00bb1&Prime; width=\u00a0\u00bb100&Prime; width_in_percentages=\u00a0\u00bbyes\u00a0\u00bb up=\u00a0\u00bb50&Prime; down=\u00a0\u00bb50&Prime;][\/vc_column][vc_column width=\u00a0\u00bb1\/3&Prime; el_class=\u00a0\u00bbgrey-side\u00a0\u00bb][vc_single_image image=\u00a0\u00bb486&Prime; img_size=\u00a0\u00bbfull\u00a0\u00bb alignment=\u00a0\u00bbcenter\u00a0\u00bb onclick=\u00a0\u00bblink_image\u00a0\u00bb qode_css_animation=\u00a0\u00bb\u00a0\u00bb qode_hover_animation=\u00a0\u00bbdarken\u00a0\u00bb][vc_empty_space height=\u00a0\u00bb25px\u00a0\u00bb][vc_gallery type=\u00a0\u00bbimage_grid\u00a0\u00bb images=\u00a0\u00bb492,494,495,493&Prime; img_size=\u00a0\u00bb300&#215;300&Prime; column_number=\u00a0\u00bb2&Prime; grayscale=\u00a0\u00bbno\u00a0\u00bb images_space=\u00a0\u00bbgallery_with_space\u00a0\u00bb][\/vc_column][\/vc_row]<\/p>\n<\/section>","protected":false},"excerpt":{"rendered":"<p>[vc_row css_animation=\u00a0\u00bb\u00a0\u00bb row_type=\u00a0\u00bbrow\u00a0\u00bb use_row_as_full_screen_section=\u00a0\u00bbno\u00a0\u00bb type=\u00a0\u00bbgrid\u00a0\u00bb anchor=\u00a0\u00bbcontent\u00a0\u00bb angled_section=\u00a0\u00bbno\u00a0\u00bb text_align=\u00a0\u00bbcenter\u00a0\u00bb background_image_as_pattern=\u00a0\u00bbwithout_pattern\u00a0\u00bb padding_top=\u00a0\u00bb60&Prime; padding_bottom=\u00a0\u00bb40&Prime;][vc_column][vc_column_text] Spinmix 800 [\/vc_column_text][vc_separator type=\u00a0\u00bbsmall\u00a0\u00bb position=\u00a0\u00bbcenter\u00a0\u00bb color=\u00a0\u00bb#0c4da2&Prime; thickness=\u00a0\u00bb1&Prime; width=\u00a0\u00bb100&Prime; up=\u00a0\u00bb1&Prime; down=\u00a0\u00bb40&Prime;][\/vc_column][\/vc_row][vc_row css_animation=\u00a0\u00bb\u00a0\u00bb row_type=\u00a0\u00bbrow\u00a0\u00bb use_row_as_full_screen_section=\u00a0\u00bbno\u00a0\u00bb type=\u00a0\u00bbgrid\u00a0\u00bb angled_section=\u00a0\u00bbno\u00a0\u00bb text_align=\u00a0\u00bbleft\u00a0\u00bb background_image_as_pattern=\u00a0\u00bbwithout_pattern\u00a0\u00bb padding_bottom=\u00a0\u00bb50&Prime;][vc_column width=\u00a0\u00bb1\/3&Prime; css=\u00a0\u00bb.vc_custom_1490050149886{padding-right: 10% !important;}\u00a0\u00bb][vc_column_text] Abmessungen [\/vc_column_text][vc_column_text]Largeur = 80cm \/ Profondeur = 80cm \/ Hauteur = 111cm[\/vc_column_text][vc_separator&#8230;<\/p>\n","protected":false},"author":1,"featured_media":0,"parent":8,"menu_order":0,"comment_status":"closed","ping_status":"closed","template":"full_width.php","meta":{"footnotes":""},"class_list":["post-483","page","type-page","status-publish","hentry"],"yoast_head":"<!-- This site is optimized with the Yoast SEO plugin v24.7 - https:\/\/yoast.com\/wordpress\/plugins\/seo\/ -->\n<title>Spinmix 800 - Merris<\/title>\n<meta name=\"robots\" content=\"index, follow, max-snippet:-1, max-image-preview:large, max-video-preview:-1\" \/>\n<link rel=\"canonical\" href=\"https:\/\/merris-international.com\/fr\/products\/spinmix-800\/\" \/>\n<meta property=\"og:locale\" content=\"fr_FR\" \/>\n<meta property=\"og:type\" content=\"article\" \/>\n<meta property=\"og:title\" content=\"Spinmix 800 - Merris\" \/>\n<meta property=\"og:description\" content=\"[vc_row css_animation=\u00a0\u00bb\u00a0\u00bb row_type=\u00a0\u00bbrow\u00a0\u00bb use_row_as_full_screen_section=\u00a0\u00bbno\u00a0\u00bb type=\u00a0\u00bbgrid\u00a0\u00bb anchor=\u00a0\u00bbcontent\u00a0\u00bb angled_section=\u00a0\u00bbno\u00a0\u00bb text_align=\u00a0\u00bbcenter\u00a0\u00bb background_image_as_pattern=\u00a0\u00bbwithout_pattern\u00a0\u00bb padding_top=\u00a0\u00bb60&Prime; padding_bottom=\u00a0\u00bb40&Prime;][vc_column][vc_column_text] Spinmix 800 [\/vc_column_text][vc_separator type=\u00a0\u00bbsmall\u00a0\u00bb position=\u00a0\u00bbcenter\u00a0\u00bb color=\u00a0\u00bb#0c4da2&Prime; thickness=\u00a0\u00bb1&Prime; width=\u00a0\u00bb100&Prime; up=\u00a0\u00bb1&Prime; down=\u00a0\u00bb40&Prime;][\/vc_column][\/vc_row][vc_row css_animation=\u00a0\u00bb\u00a0\u00bb row_type=\u00a0\u00bbrow\u00a0\u00bb use_row_as_full_screen_section=\u00a0\u00bbno\u00a0\u00bb type=\u00a0\u00bbgrid\u00a0\u00bb angled_section=\u00a0\u00bbno\u00a0\u00bb text_align=\u00a0\u00bbleft\u00a0\u00bb background_image_as_pattern=\u00a0\u00bbwithout_pattern\u00a0\u00bb padding_bottom=\u00a0\u00bb50&Prime;][vc_column width=\u00a0\u00bb1\/3&Prime; css=\u00a0\u00bb.vc_custom_1490050149886{padding-right: 10% !important;}\u00a0\u00bb][vc_column_text] Abmessungen [\/vc_column_text][vc_column_text]Largeur = 80cm \/ Profondeur = 80cm \/ Hauteur = 111cm[\/vc_column_text][vc_separator...\" \/>\n<meta property=\"og:url\" content=\"https:\/\/merris-international.com\/fr\/products\/spinmix-800\/\" \/>\n<meta property=\"og:site_name\" content=\"Merris\" \/>\n<meta property=\"article:modified_time\" content=\"2017-11-24T22:38:06+00:00\" \/>\n<meta name=\"twitter:card\" content=\"summary_large_image\" \/>\n<meta name=\"twitter:label1\" content=\"Dur\u00e9e de lecture estim\u00e9e\" \/>\n\t<meta name=\"twitter:data1\" content=\"4 minutes\" \/>\n<script type=\"application\/ld+json\" class=\"yoast-schema-graph\">{\"@context\":\"https:\/\/schema.org\",\"@graph\":[{\"@type\":\"WebPage\",\"@id\":\"https:\/\/merris-international.com\/fr\/products\/spinmix-800\/\",\"url\":\"https:\/\/merris-international.com\/fr\/products\/spinmix-800\/\",\"name\":\"Spinmix 800 - Merris\",\"isPartOf\":{\"@id\":\"https:\/\/merris-international.com\/fr\/#website\"},\"datePublished\":\"2017-07-28T09:17:08+00:00\",\"dateModified\":\"2017-11-24T22:38:06+00:00\",\"breadcrumb\":{\"@id\":\"https:\/\/merris-international.com\/fr\/products\/spinmix-800\/#breadcrumb\"},\"inLanguage\":\"fr-FR\",\"potentialAction\":[{\"@type\":\"ReadAction\",\"target\":[\"https:\/\/merris-international.com\/fr\/products\/spinmix-800\/\"]}]},{\"@type\":\"BreadcrumbList\",\"@id\":\"https:\/\/merris-international.com\/fr\/products\/spinmix-800\/#breadcrumb\",\"itemListElement\":[{\"@type\":\"ListItem\",\"position\":1,\"name\":\"Home\",\"item\":\"https:\/\/merris-international.com\/\"},{\"@type\":\"ListItem\",\"position\":2,\"name\":\"Products\",\"item\":\"https:\/\/merris-international.com\/fr\/products\/\"},{\"@type\":\"ListItem\",\"position\":3,\"name\":\"Spinmix 800\"}]},{\"@type\":\"WebSite\",\"@id\":\"https:\/\/merris-international.com\/fr\/#website\",\"url\":\"https:\/\/merris-international.com\/fr\/\",\"name\":\"Merris\",\"description\":\"Industrial Paint and Laboratory Mixing Equipment Manufacturer\",\"publisher\":{\"@id\":\"https:\/\/merris-international.com\/fr\/#organization\"},\"potentialAction\":[{\"@type\":\"SearchAction\",\"target\":{\"@type\":\"EntryPoint\",\"urlTemplate\":\"https:\/\/merris-international.com\/fr\/?s={search_term_string}\"},\"query-input\":{\"@type\":\"PropertyValueSpecification\",\"valueRequired\":true,\"valueName\":\"search_term_string\"}}],\"inLanguage\":\"fr-FR\"},{\"@type\":\"Organization\",\"@id\":\"https:\/\/merris-international.com\/fr\/#organization\",\"name\":\"Merris\",\"url\":\"https:\/\/merris-international.com\/fr\/\",\"logo\":{\"@type\":\"ImageObject\",\"inLanguage\":\"fr-FR\",\"@id\":\"https:\/\/merris-international.com\/fr\/#\/schema\/logo\/image\/\",\"url\":\"https:\/\/merris-international.com\/wp-content\/uploads\/2017\/03\/cog.png\",\"contentUrl\":\"https:\/\/merris-international.com\/wp-content\/uploads\/2017\/03\/cog.png\",\"width\":111,\"height\":111,\"caption\":\"Merris\"},\"image\":{\"@id\":\"https:\/\/merris-international.com\/fr\/#\/schema\/logo\/image\/\"}}]}<\/script>\n<!-- \/ Yoast SEO plugin. -->","yoast_head_json":{"title":"Spinmix 800 - Merris","robots":{"index":"index","follow":"follow","max-snippet":"max-snippet:-1","max-image-preview":"max-image-preview:large","max-video-preview":"max-video-preview:-1"},"canonical":"https:\/\/merris-international.com\/fr\/products\/spinmix-800\/","og_locale":"fr_FR","og_type":"article","og_title":"Spinmix 800 - Merris","og_description":"[vc_row css_animation=\u00a0\u00bb\u00a0\u00bb row_type=\u00a0\u00bbrow\u00a0\u00bb use_row_as_full_screen_section=\u00a0\u00bbno\u00a0\u00bb type=\u00a0\u00bbgrid\u00a0\u00bb anchor=\u00a0\u00bbcontent\u00a0\u00bb angled_section=\u00a0\u00bbno\u00a0\u00bb text_align=\u00a0\u00bbcenter\u00a0\u00bb background_image_as_pattern=\u00a0\u00bbwithout_pattern\u00a0\u00bb padding_top=\u00a0\u00bb60&Prime; padding_bottom=\u00a0\u00bb40&Prime;][vc_column][vc_column_text] Spinmix 800 [\/vc_column_text][vc_separator type=\u00a0\u00bbsmall\u00a0\u00bb position=\u00a0\u00bbcenter\u00a0\u00bb color=\u00a0\u00bb#0c4da2&Prime; thickness=\u00a0\u00bb1&Prime; width=\u00a0\u00bb100&Prime; up=\u00a0\u00bb1&Prime; down=\u00a0\u00bb40&Prime;][\/vc_column][\/vc_row][vc_row css_animation=\u00a0\u00bb\u00a0\u00bb row_type=\u00a0\u00bbrow\u00a0\u00bb use_row_as_full_screen_section=\u00a0\u00bbno\u00a0\u00bb type=\u00a0\u00bbgrid\u00a0\u00bb angled_section=\u00a0\u00bbno\u00a0\u00bb text_align=\u00a0\u00bbleft\u00a0\u00bb background_image_as_pattern=\u00a0\u00bbwithout_pattern\u00a0\u00bb padding_bottom=\u00a0\u00bb50&Prime;][vc_column width=\u00a0\u00bb1\/3&Prime; css=\u00a0\u00bb.vc_custom_1490050149886{padding-right: 10% !important;}\u00a0\u00bb][vc_column_text] Abmessungen [\/vc_column_text][vc_column_text]Largeur = 80cm \/ Profondeur = 80cm \/ Hauteur = 111cm[\/vc_column_text][vc_separator...","og_url":"https:\/\/merris-international.com\/fr\/products\/spinmix-800\/","og_site_name":"Merris","article_modified_time":"2017-11-24T22:38:06+00:00","twitter_card":"summary_large_image","twitter_misc":{"Dur\u00e9e de lecture estim\u00e9e":"4 minutes"},"schema":{"@context":"https:\/\/schema.org","@graph":[{"@type":"WebPage","@id":"https:\/\/merris-international.com\/fr\/products\/spinmix-800\/","url":"https:\/\/merris-international.com\/fr\/products\/spinmix-800\/","name":"Spinmix 800 - Merris","isPartOf":{"@id":"https:\/\/merris-international.com\/fr\/#website"},"datePublished":"2017-07-28T09:17:08+00:00","dateModified":"2017-11-24T22:38:06+00:00","breadcrumb":{"@id":"https:\/\/merris-international.com\/fr\/products\/spinmix-800\/#breadcrumb"},"inLanguage":"fr-FR","potentialAction":[{"@type":"ReadAction","target":["https:\/\/merris-international.com\/fr\/products\/spinmix-800\/"]}]},{"@type":"BreadcrumbList","@id":"https:\/\/merris-international.com\/fr\/products\/spinmix-800\/#breadcrumb","itemListElement":[{"@type":"ListItem","position":1,"name":"Home","item":"https:\/\/merris-international.com\/"},{"@type":"ListItem","position":2,"name":"Products","item":"https:\/\/merris-international.com\/fr\/products\/"},{"@type":"ListItem","position":3,"name":"Spinmix 800"}]},{"@type":"WebSite","@id":"https:\/\/merris-international.com\/fr\/#website","url":"https:\/\/merris-international.com\/fr\/","name":"Merris","description":"Industrial Paint and Laboratory Mixing Equipment Manufacturer","publisher":{"@id":"https:\/\/merris-international.com\/fr\/#organization"},"potentialAction":[{"@type":"SearchAction","target":{"@type":"EntryPoint","urlTemplate":"https:\/\/merris-international.com\/fr\/?s={search_term_string}"},"query-input":{"@type":"PropertyValueSpecification","valueRequired":true,"valueName":"search_term_string"}}],"inLanguage":"fr-FR"},{"@type":"Organization","@id":"https:\/\/merris-international.com\/fr\/#organization","name":"Merris","url":"https:\/\/merris-international.com\/fr\/","logo":{"@type":"ImageObject","inLanguage":"fr-FR","@id":"https:\/\/merris-international.com\/fr\/#\/schema\/logo\/image\/","url":"https:\/\/merris-international.com\/wp-content\/uploads\/2017\/03\/cog.png","contentUrl":"https:\/\/merris-international.com\/wp-content\/uploads\/2017\/03\/cog.png","width":111,"height":111,"caption":"Merris"},"image":{"@id":"https:\/\/merris-international.com\/fr\/#\/schema\/logo\/image\/"}}]}},"_links":{"self":[{"href":"https:\/\/merris-international.com\/fr\/wp-json\/wp\/v2\/pages\/483","targetHints":{"allow":["GET"]}}],"collection":[{"href":"https:\/\/merris-international.com\/fr\/wp-json\/wp\/v2\/pages"}],"about":[{"href":"https:\/\/merris-international.com\/fr\/wp-json\/wp\/v2\/types\/page"}],"author":[{"embeddable":true,"href":"https:\/\/merris-international.com\/fr\/wp-json\/wp\/v2\/users\/1"}],"replies":[{"embeddable":true,"href":"https:\/\/merris-international.com\/fr\/wp-json\/wp\/v2\/comments?post=483"}],"version-history":[{"count":10,"href":"https:\/\/merris-international.com\/fr\/wp-json\/wp\/v2\/pages\/483\/revisions"}],"predecessor-version":[{"id":629,"href":"https:\/\/merris-international.com\/fr\/wp-json\/wp\/v2\/pages\/483\/revisions\/629"}],"up":[{"embeddable":true,"href":"https:\/\/merris-international.com\/fr\/wp-json\/wp\/v2\/pages\/8"}],"wp:attachment":[{"href":"https:\/\/merris-international.com\/fr\/wp-json\/wp\/v2\/media?parent=483"}],"curies":[{"name":"wp","href":"https:\/\/api.w.org\/{rel}","templated":true}]}}