{"id":861,"date":"2024-11-09T08:19:21","date_gmt":"2024-11-09T08:19:21","guid":{"rendered":"https:\/\/merris-international.com\/?page_id=861"},"modified":"2025-03-25T10:15:36","modified_gmt":"2025-03-25T10:15:36","slug":"recycling","status":"publish","type":"page","link":"https:\/\/merris-international.com\/fr\/recycling\/","title":{"rendered":"Recyclage"},"content":{"rendered":"<section class=\"wpb-content-wrapper\"><p>[vc_row css_animation=\u00a0\u00bb\u00a0\u00bb row_type=\u00a0\u00bbrow\u00a0\u00bb use_row_as_full_screen_section=\u00a0\u00bbno\u00a0\u00bb type=\u00a0\u00bbfull_width\u00a0\u00bb angled_section=\u00a0\u00bbno\u00a0\u00bb text_align=\u00a0\u00bbleft\u00a0\u00bb background_image_as_pattern=\u00a0\u00bbwithout_pattern\u00a0\u00bb unlock_row=\u00a0\u00bb\u00a0\u00bb row_height_percent=\u00a0\u00bb0&Prime; overlay_alpha=\u00a0\u00bb50&Prime; gutter_size=\u00a0\u00bb3&Prime; column_width_percent=\u00a0\u00bb100&Prime; shift_y=\u00a0\u00bb0&Prime; z_index=\u00a0\u00bb0&Prime; css=\u00a0\u00bb.vc_custom_1731141973446{margin-top: 50px !important;}\u00a0\u00bb][vc_column width=\u00a0\u00bb1\/2&Prime; column_width_percent=\u00a0\u00bb100&Prime; align_horizontal=\u00a0\u00bbalign_center\u00a0\u00bb gutter_size=\u00a0\u00bb3&Prime; overlay_alpha=\u00a0\u00bb50&Prime; shift_x=\u00a0\u00bb0&Prime; shift_y=\u00a0\u00bb0&Prime; shift_y_down=\u00a0\u00bb0&Prime; z_index=\u00a0\u00bb0&Prime; medium_width=\u00a0\u00bb0&Prime; mobile_width=\u00a0\u00bb0&Prime;][vc_column_text]<\/p>\n<h1>Br\u00fbleur \u00e0 bois usag\u00e9<\/h1>\n<p>[\/vc_column_text][vc_single_image image=\u00a0\u00bb864&Prime; img_size=\u00a0\u00bbfull\u00a0\u00bb qode_css_animation=\u00a0\u00bb\u00a0\u00bb]<a  itemprop=\"url\" href=\"https:\/\/merris-international.com\/wp-content\/uploads\/2024\/11\/ADD-AirBurner.pdf\" target=\"_self\"  class=\"qbutton  default\" style=\"margin: 20px 0 0 0; \">Download Specs Sheet<\/a>[\/vc_column][vc_column width=\u00a0\u00bb1\/2&Prime; column_width_percent=\u00a0\u00bb100&Prime; align_horizontal=\u00a0\u00bbalign_center\u00a0\u00bb gutter_size=\u00a0\u00bb3&Prime; overlay_alpha=\u00a0\u00bb50&Prime; shift_x=\u00a0\u00bb0&Prime; shift_y=\u00a0\u00bb0&Prime; shift_y_down=\u00a0\u00bb0&Prime; z_index=\u00a0\u00bb0&Prime; medium_width=\u00a0\u00bb0&Prime; mobile_width=\u00a0\u00bb0&Prime;][vc_single_image image=\u00a0\u00bb869&Prime; img_size=\u00a0\u00bbfull\u00a0\u00bb qode_css_animation=\u00a0\u00bb\u00a0\u00bb media=\u00a0\u00bb82381&Prime; media_width_percent=\u00a0\u00bb100&Prime;][\/vc_column][\/vc_row][vc_row css_animation=\u00a0\u00bb\u00a0\u00bb row_type=\u00a0\u00bbrow\u00a0\u00bb use_row_as_full_screen_section=\u00a0\u00bbno\u00a0\u00bb type=\u00a0\u00bbfull_width\u00a0\u00bb angled_section=\u00a0\u00bbno\u00a0\u00bb text_align=\u00a0\u00bbleft\u00a0\u00bb background_image_as_pattern=\u00a0\u00bbwithout_pattern\u00a0\u00bb row_height_percent=\u00a0\u00bb0&Prime; override_padding=\u00a0\u00bbyes\u00a0\u00bb h_padding=\u00a0\u00bb2&Prime; top_padding=\u00a0\u00bb4&Prime; bottom_padding=\u00a0\u00bb3&Prime; overlay_alpha=\u00a0\u00bb50&Prime; gutter_size=\u00a0\u00bb3&Prime; column_width_percent=\u00a0\u00bb100&Prime; shift_y=\u00a0\u00bb0&Prime; z_index=\u00a0\u00bb0&Prime; desktop_visibility=\u00a0\u00bbyes\u00a0\u00bb medium_visibility=\u00a0\u00bbyes\u00a0\u00bb mobile_visibility=\u00a0\u00bbyes\u00a0\u00bb padding_top=\u00a0\u00bb80&Prime;][vc_column width=\u00a0\u00bb1\/2&Prime; column_width_percent=\u00a0\u00bb100&Prime; align_horizontal=\u00a0\u00bbalign_center\u00a0\u00bb gutter_size=\u00a0\u00bb3&Prime; overlay_alpha=\u00a0\u00bb50&Prime; shift_x=\u00a0\u00bb0&Prime; shift_y=\u00a0\u00bb0&Prime; shift_y_down=\u00a0\u00bb0&Prime; z_index=\u00a0\u00bb0&Prime; medium_width=\u00a0\u00bb0&Prime; mobile_width=\u00a0\u00bb0&Prime;][vc_single_image image=\u00a0\u00bb871&Prime; img_size=\u00a0\u00bbfull\u00a0\u00bb alignment=\u00a0\u00bbright\u00a0\u00bb qode_css_animation=\u00a0\u00bb\u00a0\u00bb media=\u00a0\u00bb81539&Prime; media_width_percent=\u00a0\u00bb100&Prime;][vc_gallery type=\u00a0\u00bbimage_grid\u00a0\u00bb images=\u00a0\u00bb872,873,871&Prime; img_size=\u00a0\u00bbfull\u00a0\u00bb column_number=\u00a0\u00bb3&Prime; grayscale=\u00a0\u00bbno\u00a0\u00bb images_space=\u00a0\u00bbgallery_with_space\u00a0\u00bb css=\u00a0\u00bb.vc_custom_1731141951300{margin-top: 36px !important;}\u00a0\u00bb][\/vc_column][vc_column width=\u00a0\u00bb1\/2&Prime;][vc_single_image image=\u00a0\u00bb878&Prime; img_size=\u00a0\u00bbfull\u00a0\u00bb alignment=\u00a0\u00bbright\u00a0\u00bb qode_css_animation=\u00a0\u00bb\u00a0\u00bb media=\u00a0\u00bb81539&Prime; media_width_percent=\u00a0\u00bb100&Prime;][vc_gallery type=\u00a0\u00bbimage_grid\u00a0\u00bb images=\u00a0\u00bb872,873,871&Prime; img_size=\u00a0\u00bbfull\u00a0\u00bb column_number=\u00a0\u00bb3&Prime; grayscale=\u00a0\u00bbno\u00a0\u00bb images_space=\u00a0\u00bbgallery_with_space\u00a0\u00bb css=\u00a0\u00bb.vc_custom_1731141951300{margin-top: 36px !important;}\u00a0\u00bb][\/vc_column][\/vc_row][vc_row css_animation=\u00a0\u00bb\u00a0\u00bb row_type=\u00a0\u00bbrow\u00a0\u00bb use_row_as_full_screen_section=\u00a0\u00bbno\u00a0\u00bb type=\u00a0\u00bbfull_width\u00a0\u00bb angled_section=\u00a0\u00bbno\u00a0\u00bb text_align=\u00a0\u00bbleft\u00a0\u00bb background_image_as_pattern=\u00a0\u00bbwithout_pattern\u00a0\u00bb row_height_percent=\u00a0\u00bb0&Prime; overlay_alpha=\u00a0\u00bb50&Prime; gutter_size=\u00a0\u00bb3&Prime; column_width_percent=\u00a0\u00bb100&Prime; shift_y=\u00a0\u00bb0&Prime; z_index=\u00a0\u00bb0&Prime; enable_top_divider=\u00a0\u00bbcustom\u00a0\u00bb shape_top_h_use_pixel=\u00a0\u00bb\u00a0\u00bb shape_top_height=\u00a0\u00bb150&Prime; shape_top_color=\u00a0\u00bbcolor-628602&Prime; shape_top_opacity=\u00a0\u00bb100&Prime; shape_top_index=\u00a0\u00bb0&Prime; enable_bottom_divider=\u00a0\u00bbdefault\u00a0\u00bb bottom_divider=\u00a0\u00bbstep_1_2&Prime; shape_bottom_h_use_pixel=\u00a0\u00bbtrue\u00a0\u00bb shape_bottom_height_percent=\u00a0\u00bb100&Prime; shape_bottom_color=\u00a0\u00bbcolor-628602&Prime; shape_bottom_opacity=\u00a0\u00bb100&Prime; shape_bottom_index=\u00a0\u00bb0&Prime; css=\u00a0\u00bb.vc_custom_1731142491835{margin-top: 50px !important;padding-top: 40px !important;}\u00a0\u00bb][vc_column][vc_gallery type=\u00a0\u00bbimage_grid\u00a0\u00bb images=\u00a0\u00bb887,884,886,889,888,885,883&Prime; img_size=\u00a0\u00bbfull\u00a0\u00bb column_number=\u00a0\u00bb3&Prime; grayscale=\u00a0\u00bbno\u00a0\u00bb images_space=\u00a0\u00bbgallery_with_space\u00a0\u00bb el_id=\u00a0\u00bbgallery-189525&Prime; isotope_mode=\u00a0\u00bbfitRows\u00a0\u00bb medias=\u00a0\u00bb82427,82406,82421,82436,82430,82412,82403&Prime; gutter_size=\u00a0\u00bb3&Prime; screen_lg=\u00a0\u00bb1000&Prime; screen_md=\u00a0\u00bb600&Prime; screen_sm=\u00a0\u00bb480&Prime; single_overlay_opacity=\u00a0\u00bb50&Prime; single_padding=\u00a0\u00bb2&Prime; single_shadow=\u00a0\u00bbyes\u00a0\u00bb shadow_weight=\u00a0\u00bbstd\u00a0\u00bb shadow_darker=\u00a0\u00bbyes\u00a0\u00bb single_css_animation=\u00a0\u00bbzoom-in\u00a0\u00bb css=\u00a0\u00bb.vc_custom_1731142551494{margin-top: 50px !important;}\u00a0\u00bb]<div class=\"qode_vertical_separator\" style=\"height: 500pxpx;width: 500pxpx;background-color: #1e73be\">\n<\/div>[vc_raw_html]JTNDZGl2JTIwY2xhc3MlM0QlMjJ1bmNvZGUtZGl2aWRlci13cmFwJTIwdW5jb2RlLWRpdmlkZXItd3JhcC1ib3R0b20lMjB6X2luZGV4XzAlMjIlMjBzdHlsZSUzRCUyMnBvc2l0aW9uJTNBcmVsYXRpdmUlMjIlM0UlM0NzdmclMjB2ZXJzaW9uJTNEJTIyMS4xJTIyJTIwY2xhc3MlM0QlMjJ1bmNvZGUtcm93LWRpdmlkZXIlMjB1bmNvZGUtcm93LWRpdmlkZXItc3RlcF8xXzIlMjIlMjB4JTNEJTIyMHB4JTIyJTIweSUzRCUyMjBweCUyMiUyMHdpZHRoJTNEJTIyMjQwcHglMjIlMjBoZWlnaHQlM0QlMjIyNHB4JTIyJTIwdmlld0JveCUzRCUyMjAlMjAwJTIwMjQwJTIwMjQlMjIlMjBlbmFibGUtYmFja2dyb3VuZCUzRCUyMm5ldyUyMDAlMjAwJTIwMjQwJTIwMjQlMjIlMjB4bWwlM0FzcGFjZSUzRCUyMnByZXNlcnZlJTIyJTIwcHJlc2VydmVBc3BlY3RSYXRpbyUzRCUyMm5vbmUlMjIlM0UlMEElMDklMDklM0NwYXRoJTIwZmlsbCUzRCUyMiUyMzBjNGRhMiUyMiUyMGQlM0QlMjJNMTIwJTJDMHYyNEgwVjBIMTIweiUyMiUzRSUzQyUyRnBhdGglM0UlMEElMDklMDklM0MlMkZzdmclM0UlM0MlMkZkaXYlM0UlMEElMEElM0NzdHlsZSUzRSUwQS51bmNvZGUtZGl2aWRlci13cmFwJTIwc3ZnJTJDJTIwLnVuY29kZS1kaXZpZGVyLXdyYXAlMjBpbWclMjAlN0IlMEElMjAlMjAlMjAlMjAlMjAlMjAlMjAlMjBoZWlnaHQlM0ElMjAxMDAwcHglM0IlMEElMjAlMjAlMjAlMjBsZWZ0JTNBJTIwNDglMjUlM0IlMEElMjAlMjAlMjAlMjB0b3AlM0ElMjAtMTAwN3B4JTNCJTBBJTIwJTIwJTIwJTIwei1pbmRleCUzQSUyMC0xJTNCJTBBJTIwJTIwJTIwJTIwcG9zaXRpb24lM0ElMjBhYnNvbHV0ZSUzQiUwQSUyMCUyMCUyMCUyMHRyYW5zZm9ybSUzQSUyMHRyYW5zbGF0ZXglMjgtNTAlMjUlMjklM0IlMEElN0QlMEElMEEudW5jb2RlLWRpdmlkZXItd3JhcCUzQW5vdCUyOC51bmNvZGUtZGl2aWRlci1wcmVzZXJ2ZS1yYXRpbyUyOSUyMHN2ZyUyQyUyMC51bmNvZGUtZGl2aWRlci13cmFwJTNBbm90JTI4LnVuY29kZS1kaXZpZGVyLXByZXNlcnZlLXJhdGlvJTI5JTIwaW1nJTIwJTdCJTBBJTIwJTIwJTIwJTIwd2lkdGglM0ElMjAxMDAlMjUlM0IlMEElN0QlMEElMEElNDBtZWRpYSUyMG9ubHklMjBzY3JlZW4lMjBhbmQlMjAlMjhtYXgtd2lkdGglM0ExMzAwcHglMjklMjAlN0IlMEEudW5jb2RlLWRpdmlkZXItd3JhcCUyMHN2ZyUyQyUyMC51bmNvZGUtZGl2aWRlci13cmFwJTIwaW1nJTIwJTdCJTBBJTIwJTIwJTIwJTIwJTIwJTIwJTIwJTIwaGVpZ2h0JTNBJTIwODAwcHglM0IlMEElMjAlMjAlMjAlMjBsZWZ0JTNBJTIwNDglMjUlM0IlMEElMjAlMjAlMjAlMjB0b3AlM0ElMjAtODAwcHglM0IlMEElMjAlMjAlMjAlMjB6LWluZGV4JTNBJTIwLTElM0IlMEElMjAlMjAlMjAlMjBwb3NpdGlvbiUzQSUyMGFic29sdXRlJTNCJTBBJTIwJTIwJTIwJTIwdHJhbnNmb3JtJTNBJTIwdHJhbnNsYXRleCUyOC01MCUyNSUyOSUzQiUwQSU3RCUwQSU3RCUwQSUwQSU0MG1lZGlhJTIwb25seSUyMHNjcmVlbiUyMGFuZCUyMCUyOG1heC13aWR0aCUzQTEwMDBweCUyOSUyMCU3QiUwQS51bmNvZGUtZGl2aWRlci13cmFwJTIwc3ZnJTJDJTIwLnVuY29kZS1kaXZpZGVyLXdyYXAlMjBpbWclMjAlN0IlMEElMjAlMjAlMjAlMjAlMjAlMjAlMjAlMjBoZWlnaHQlM0ElMjA2NTBweCUzQiUwQSUyMCUyMCUyMCUyMGxlZnQlM0ElMjA0OCUyNSUzQiUwQSUyMCUyMCUyMCUyMHRvcCUzQSUyMC02NTBweCUzQiUwQSUyMCUyMCUyMCUyMHotaW5kZXglM0ElMjAtMSUzQiUwQSUyMCUyMCUyMCUyMHBvc2l0aW9uJTNBJTIwYWJzb2x1dGUlM0IlMEElMjAlMjAlMjAlMjB0cmFuc2Zvcm0lM0ElMjB0cmFuc2xhdGV4JTI4LTUwJTI1JTI5JTNCJTBBJTdEJTBBJTdEJTBBJTBBJTQwbWVkaWElMjBvbmx5JTIwc2NyZWVuJTIwYW5kJTIwJTI4bWF4LXdpZHRoJTNBNzY4cHglMjklMjAlN0IlMEEudW5jb2RlLWRpdmlkZXItd3JhcCUyMHN2ZyUyQyUyMC51bmNvZGUtZGl2aWRlci13cmFwJTIwaW1nJTIwJTdCJTBBJTIwJTIwJTIwJTIwJTIwJTIwJTIwJTIwaGVpZ2h0JTNBJTIwNTAwcHglM0IlMEElMjAlMjAlMjAlMjBsZWZ0JTNBJTIwNDglMjUlM0IlMEElMjAlMjAlMjAlMjB0b3AlM0ElMjAtNTE1cHglM0IlMEElMjAlMjAlMjAlMjB6LWluZGV4JTNBJTIwLTElM0IlMEElMjAlMjAlMjAlMjBwb3NpdGlvbiUzQSUyMGFic29sdXRlJTNCJTBBJTIwJTIwJTIwJTIwdHJhbnNmb3JtJTNBJTIwdHJhbnNsYXRleCUyOC01MCUyNSUyOSUzQiUwQSU3RCUwQSUwQSUwQSUzQyUyRnN0eWxlJTNF[\/vc_raw_html][\/vc_column][\/vc_row][vc_row css_animation=\u00a0\u00bb\u00a0\u00bb row_type=\u00a0\u00bbrow\u00a0\u00bb use_row_as_full_screen_section=\u00a0\u00bbno\u00a0\u00bb type=\u00a0\u00bbfull_width\u00a0\u00bb angled_section=\u00a0\u00bbno\u00a0\u00bb text_align=\u00a0\u00bbleft\u00a0\u00bb background_image_as_pattern=\u00a0\u00bbwithout_pattern\u00a0\u00bb css=\u00a0\u00bb.vc_custom_1731143463238{margin-top: 50px !important;margin-bottom: 50px !important;}\u00a0\u00bb z_index=\u00a0\u00bb\u00a0\u00bb][vc_column width=\u00a0\u00bb1\/2&Prime;][vc_single_image image=\u00a0\u00bb902&Prime; img_size=\u00a0\u00bbmedium\u00a0\u00bb alignment=\u00a0\u00bbright\u00a0\u00bb qode_css_animation=\u00a0\u00bb\u00a0\u00bb][\/vc_column][vc_column width=\u00a0\u00bb1\/2&Prime;][vc_column_text]<\/p>\n<h4>Toutes les zones d&rsquo;impact sont \u00e9quip\u00e9es de plaques d&rsquo;usure Hardox\u00ae de 10 mm hautement r\u00e9sistantes<\/h4>\n<p>[\/vc_column_text][\/vc_column][\/vc_row]<\/p>\n<\/section>","protected":false},"excerpt":{"rendered":"<p>[vc_row css_animation=\u00a0\u00bb\u00a0\u00bb row_type=\u00a0\u00bbrow\u00a0\u00bb use_row_as_full_screen_section=\u00a0\u00bbno\u00a0\u00bb type=\u00a0\u00bbfull_width\u00a0\u00bb angled_section=\u00a0\u00bbno\u00a0\u00bb text_align=\u00a0\u00bbleft\u00a0\u00bb background_image_as_pattern=\u00a0\u00bbwithout_pattern\u00a0\u00bb unlock_row=\u00a0\u00bb\u00a0\u00bb row_height_percent=\u00a0\u00bb0&Prime; overlay_alpha=\u00a0\u00bb50&Prime; gutter_size=\u00a0\u00bb3&Prime; column_width_percent=\u00a0\u00bb100&Prime; shift_y=\u00a0\u00bb0&Prime; z_index=\u00a0\u00bb0&Prime; css=\u00a0\u00bb.vc_custom_1731141973446{margin-top: 50px !important;}\u00a0\u00bb][vc_column width=\u00a0\u00bb1\/2&Prime; column_width_percent=\u00a0\u00bb100&Prime; align_horizontal=\u00a0\u00bbalign_center\u00a0\u00bb gutter_size=\u00a0\u00bb3&Prime; overlay_alpha=\u00a0\u00bb50&Prime; shift_x=\u00a0\u00bb0&Prime; shift_y=\u00a0\u00bb0&Prime; shift_y_down=\u00a0\u00bb0&Prime; z_index=\u00a0\u00bb0&Prime; medium_width=\u00a0\u00bb0&Prime; mobile_width=\u00a0\u00bb0&Prime;][vc_column_text] Br\u00fbleur \u00e0 bois usag\u00e9 [\/vc_column_text][vc_single_image image=\u00a0\u00bb864&Prime; img_size=\u00a0\u00bbfull\u00a0\u00bb qode_css_animation=\u00a0\u00bb\u00a0\u00bb][\/vc_column][vc_column width=\u00a0\u00bb1\/2&Prime; column_width_percent=\u00a0\u00bb100&Prime; align_horizontal=\u00a0\u00bbalign_center\u00a0\u00bb gutter_size=\u00a0\u00bb3&Prime; overlay_alpha=\u00a0\u00bb50&Prime; shift_x=\u00a0\u00bb0&Prime; shift_y=\u00a0\u00bb0&Prime; shift_y_down=\u00a0\u00bb0&Prime;&#8230;<\/p>\n","protected":false},"author":1,"featured_media":0,"parent":0,"menu_order":0,"comment_status":"closed","ping_status":"closed","template":"","meta":{"footnotes":""},"class_list":["post-861","page","type-page","status-publish","hentry"],"yoast_head":"<!-- This site is optimized with the Yoast SEO plugin v24.7 - https:\/\/yoast.com\/wordpress\/plugins\/seo\/ -->\n<title>Recyclage - Merris<\/title>\n<meta name=\"robots\" content=\"index, follow, max-snippet:-1, max-image-preview:large, max-video-preview:-1\" \/>\n<link rel=\"canonical\" href=\"https:\/\/merris-international.com\/recycling\/\" \/>\n<meta property=\"og:locale\" content=\"fr_FR\" \/>\n<meta property=\"og:type\" content=\"article\" \/>\n<meta property=\"og:title\" content=\"Recyclage - Merris\" \/>\n<meta property=\"og:description\" content=\"[vc_row css_animation=\u00a0\u00bb\u00a0\u00bb row_type=\u00a0\u00bbrow\u00a0\u00bb use_row_as_full_screen_section=\u00a0\u00bbno\u00a0\u00bb type=\u00a0\u00bbfull_width\u00a0\u00bb angled_section=\u00a0\u00bbno\u00a0\u00bb text_align=\u00a0\u00bbleft\u00a0\u00bb background_image_as_pattern=\u00a0\u00bbwithout_pattern\u00a0\u00bb unlock_row=\u00a0\u00bb\u00a0\u00bb row_height_percent=\u00a0\u00bb0&Prime; overlay_alpha=\u00a0\u00bb50&Prime; gutter_size=\u00a0\u00bb3&Prime; column_width_percent=\u00a0\u00bb100&Prime; shift_y=\u00a0\u00bb0&Prime; z_index=\u00a0\u00bb0&Prime; css=\u00a0\u00bb.vc_custom_1731141973446{margin-top: 50px !important;}\u00a0\u00bb][vc_column width=\u00a0\u00bb1\/2&Prime; column_width_percent=\u00a0\u00bb100&Prime; align_horizontal=\u00a0\u00bbalign_center\u00a0\u00bb gutter_size=\u00a0\u00bb3&Prime; overlay_alpha=\u00a0\u00bb50&Prime; shift_x=\u00a0\u00bb0&Prime; shift_y=\u00a0\u00bb0&Prime; shift_y_down=\u00a0\u00bb0&Prime; z_index=\u00a0\u00bb0&Prime; medium_width=\u00a0\u00bb0&Prime; mobile_width=\u00a0\u00bb0&Prime;][vc_column_text] Br\u00fbleur \u00e0 bois usag\u00e9 [\/vc_column_text][vc_single_image image=\u00a0\u00bb864&Prime; img_size=\u00a0\u00bbfull\u00a0\u00bb qode_css_animation=\u00a0\u00bb\u00a0\u00bb][\/vc_column][vc_column width=\u00a0\u00bb1\/2&Prime; column_width_percent=\u00a0\u00bb100&Prime; align_horizontal=\u00a0\u00bbalign_center\u00a0\u00bb gutter_size=\u00a0\u00bb3&Prime; overlay_alpha=\u00a0\u00bb50&Prime; shift_x=\u00a0\u00bb0&Prime; shift_y=\u00a0\u00bb0&Prime; shift_y_down=\u00a0\u00bb0&Prime;...\" \/>\n<meta property=\"og:url\" content=\"https:\/\/merris-international.com\/recycling\/\" \/>\n<meta property=\"og:site_name\" content=\"Merris\" \/>\n<meta property=\"article:modified_time\" content=\"2025-03-25T10:15:36+00:00\" \/>\n<meta name=\"twitter:card\" content=\"summary_large_image\" \/>\n<meta name=\"twitter:label1\" content=\"Dur\u00e9e de lecture estim\u00e9e\" \/>\n\t<meta name=\"twitter:data1\" content=\"5 minutes\" \/>\n<script type=\"application\/ld+json\" class=\"yoast-schema-graph\">{\"@context\":\"https:\/\/schema.org\",\"@graph\":[{\"@type\":\"WebPage\",\"@id\":\"https:\/\/merris-international.com\/recycling\/\",\"url\":\"https:\/\/merris-international.com\/recycling\/\",\"name\":\"Recyclage - Merris\",\"isPartOf\":{\"@id\":\"https:\/\/merris-international.com\/fr\/#website\"},\"datePublished\":\"2024-11-09T08:19:21+00:00\",\"dateModified\":\"2025-03-25T10:15:36+00:00\",\"breadcrumb\":{\"@id\":\"https:\/\/merris-international.com\/recycling\/#breadcrumb\"},\"inLanguage\":\"fr-FR\",\"potentialAction\":[{\"@type\":\"ReadAction\",\"target\":[\"https:\/\/merris-international.com\/recycling\/\"]}]},{\"@type\":\"BreadcrumbList\",\"@id\":\"https:\/\/merris-international.com\/recycling\/#breadcrumb\",\"itemListElement\":[{\"@type\":\"ListItem\",\"position\":1,\"name\":\"Home\",\"item\":\"https:\/\/merris-international.com\/\"},{\"@type\":\"ListItem\",\"position\":2,\"name\":\"RECYCLING\"}]},{\"@type\":\"WebSite\",\"@id\":\"https:\/\/merris-international.com\/fr\/#website\",\"url\":\"https:\/\/merris-international.com\/fr\/\",\"name\":\"Merris\",\"description\":\"Industrial Paint and Laboratory Mixing Equipment Manufacturer\",\"publisher\":{\"@id\":\"https:\/\/merris-international.com\/fr\/#organization\"},\"potentialAction\":[{\"@type\":\"SearchAction\",\"target\":{\"@type\":\"EntryPoint\",\"urlTemplate\":\"https:\/\/merris-international.com\/fr\/?s={search_term_string}\"},\"query-input\":{\"@type\":\"PropertyValueSpecification\",\"valueRequired\":true,\"valueName\":\"search_term_string\"}}],\"inLanguage\":\"fr-FR\"},{\"@type\":\"Organization\",\"@id\":\"https:\/\/merris-international.com\/fr\/#organization\",\"name\":\"Merris\",\"url\":\"https:\/\/merris-international.com\/fr\/\",\"logo\":{\"@type\":\"ImageObject\",\"inLanguage\":\"fr-FR\",\"@id\":\"https:\/\/merris-international.com\/fr\/#\/schema\/logo\/image\/\",\"url\":\"https:\/\/merris-international.com\/wp-content\/uploads\/2017\/03\/cog.png\",\"contentUrl\":\"https:\/\/merris-international.com\/wp-content\/uploads\/2017\/03\/cog.png\",\"width\":111,\"height\":111,\"caption\":\"Merris\"},\"image\":{\"@id\":\"https:\/\/merris-international.com\/fr\/#\/schema\/logo\/image\/\"}}]}<\/script>\n<!-- \/ Yoast SEO plugin. -->","yoast_head_json":{"title":"Recyclage - Merris","robots":{"index":"index","follow":"follow","max-snippet":"max-snippet:-1","max-image-preview":"max-image-preview:large","max-video-preview":"max-video-preview:-1"},"canonical":"https:\/\/merris-international.com\/recycling\/","og_locale":"fr_FR","og_type":"article","og_title":"Recyclage - Merris","og_description":"[vc_row css_animation=\u00a0\u00bb\u00a0\u00bb row_type=\u00a0\u00bbrow\u00a0\u00bb use_row_as_full_screen_section=\u00a0\u00bbno\u00a0\u00bb type=\u00a0\u00bbfull_width\u00a0\u00bb angled_section=\u00a0\u00bbno\u00a0\u00bb text_align=\u00a0\u00bbleft\u00a0\u00bb background_image_as_pattern=\u00a0\u00bbwithout_pattern\u00a0\u00bb unlock_row=\u00a0\u00bb\u00a0\u00bb row_height_percent=\u00a0\u00bb0&Prime; overlay_alpha=\u00a0\u00bb50&Prime; gutter_size=\u00a0\u00bb3&Prime; column_width_percent=\u00a0\u00bb100&Prime; shift_y=\u00a0\u00bb0&Prime; z_index=\u00a0\u00bb0&Prime; css=\u00a0\u00bb.vc_custom_1731141973446{margin-top: 50px !important;}\u00a0\u00bb][vc_column width=\u00a0\u00bb1\/2&Prime; column_width_percent=\u00a0\u00bb100&Prime; align_horizontal=\u00a0\u00bbalign_center\u00a0\u00bb gutter_size=\u00a0\u00bb3&Prime; overlay_alpha=\u00a0\u00bb50&Prime; shift_x=\u00a0\u00bb0&Prime; shift_y=\u00a0\u00bb0&Prime; shift_y_down=\u00a0\u00bb0&Prime; z_index=\u00a0\u00bb0&Prime; medium_width=\u00a0\u00bb0&Prime; mobile_width=\u00a0\u00bb0&Prime;][vc_column_text] Br\u00fbleur \u00e0 bois usag\u00e9 [\/vc_column_text][vc_single_image image=\u00a0\u00bb864&Prime; img_size=\u00a0\u00bbfull\u00a0\u00bb qode_css_animation=\u00a0\u00bb\u00a0\u00bb][\/vc_column][vc_column width=\u00a0\u00bb1\/2&Prime; column_width_percent=\u00a0\u00bb100&Prime; align_horizontal=\u00a0\u00bbalign_center\u00a0\u00bb gutter_size=\u00a0\u00bb3&Prime; overlay_alpha=\u00a0\u00bb50&Prime; shift_x=\u00a0\u00bb0&Prime; shift_y=\u00a0\u00bb0&Prime; shift_y_down=\u00a0\u00bb0&Prime;...","og_url":"https:\/\/merris-international.com\/recycling\/","og_site_name":"Merris","article_modified_time":"2025-03-25T10:15:36+00:00","twitter_card":"summary_large_image","twitter_misc":{"Dur\u00e9e de lecture estim\u00e9e":"5 minutes"},"schema":{"@context":"https:\/\/schema.org","@graph":[{"@type":"WebPage","@id":"https:\/\/merris-international.com\/recycling\/","url":"https:\/\/merris-international.com\/recycling\/","name":"Recyclage - Merris","isPartOf":{"@id":"https:\/\/merris-international.com\/fr\/#website"},"datePublished":"2024-11-09T08:19:21+00:00","dateModified":"2025-03-25T10:15:36+00:00","breadcrumb":{"@id":"https:\/\/merris-international.com\/recycling\/#breadcrumb"},"inLanguage":"fr-FR","potentialAction":[{"@type":"ReadAction","target":["https:\/\/merris-international.com\/recycling\/"]}]},{"@type":"BreadcrumbList","@id":"https:\/\/merris-international.com\/recycling\/#breadcrumb","itemListElement":[{"@type":"ListItem","position":1,"name":"Home","item":"https:\/\/merris-international.com\/"},{"@type":"ListItem","position":2,"name":"RECYCLING"}]},{"@type":"WebSite","@id":"https:\/\/merris-international.com\/fr\/#website","url":"https:\/\/merris-international.com\/fr\/","name":"Merris","description":"Industrial Paint and Laboratory Mixing Equipment Manufacturer","publisher":{"@id":"https:\/\/merris-international.com\/fr\/#organization"},"potentialAction":[{"@type":"SearchAction","target":{"@type":"EntryPoint","urlTemplate":"https:\/\/merris-international.com\/fr\/?s={search_term_string}"},"query-input":{"@type":"PropertyValueSpecification","valueRequired":true,"valueName":"search_term_string"}}],"inLanguage":"fr-FR"},{"@type":"Organization","@id":"https:\/\/merris-international.com\/fr\/#organization","name":"Merris","url":"https:\/\/merris-international.com\/fr\/","logo":{"@type":"ImageObject","inLanguage":"fr-FR","@id":"https:\/\/merris-international.com\/fr\/#\/schema\/logo\/image\/","url":"https:\/\/merris-international.com\/wp-content\/uploads\/2017\/03\/cog.png","contentUrl":"https:\/\/merris-international.com\/wp-content\/uploads\/2017\/03\/cog.png","width":111,"height":111,"caption":"Merris"},"image":{"@id":"https:\/\/merris-international.com\/fr\/#\/schema\/logo\/image\/"}}]}},"_links":{"self":[{"href":"https:\/\/merris-international.com\/fr\/wp-json\/wp\/v2\/pages\/861","targetHints":{"allow":["GET"]}}],"collection":[{"href":"https:\/\/merris-international.com\/fr\/wp-json\/wp\/v2\/pages"}],"about":[{"href":"https:\/\/merris-international.com\/fr\/wp-json\/wp\/v2\/types\/page"}],"author":[{"embeddable":true,"href":"https:\/\/merris-international.com\/fr\/wp-json\/wp\/v2\/users\/1"}],"replies":[{"embeddable":true,"href":"https:\/\/merris-international.com\/fr\/wp-json\/wp\/v2\/comments?post=861"}],"version-history":[{"count":31,"href":"https:\/\/merris-international.com\/fr\/wp-json\/wp\/v2\/pages\/861\/revisions"}],"predecessor-version":[{"id":911,"href":"https:\/\/merris-international.com\/fr\/wp-json\/wp\/v2\/pages\/861\/revisions\/911"}],"wp:attachment":[{"href":"https:\/\/merris-international.com\/fr\/wp-json\/wp\/v2\/media?parent=861"}],"curies":[{"name":"wp","href":"https:\/\/api.w.org\/{rel}","templated":true}]}}