{"id":179,"date":"2017-04-19T07:37:06","date_gmt":"2017-04-19T07:37:06","guid":{"rendered":"http:\/\/merris-international.com\/?page_id=179"},"modified":"2022-11-09T15:47:13","modified_gmt":"2022-11-09T15:47:13","slug":"minimix","status":"publish","type":"page","link":"https:\/\/merris-international.com\/it\/products\/minimix\/","title":{"rendered":"Minimix Auto"},"content":{"rendered":"<section class=\"wpb-content-wrapper\"><p>[vc_row css_animation=&#8221;&#8221; row_type=&#8221;row&#8221; use_row_as_full_screen_section=&#8221;no&#8221; type=&#8221;grid&#8221; anchor=&#8221;content&#8221; angled_section=&#8221;no&#8221; text_align=&#8221;center&#8221; background_image_as_pattern=&#8221;without_pattern&#8221; padding_top=&#8221;60&#8243; padding_bottom=&#8221;40&#8243;][vc_column][vc_column_text]<\/p>\n<h1>Minimix Auto<\/h1>\n<p>[\/vc_column_text][vc_separator type=&#8221;small&#8221; position=&#8221;center&#8221; color=&#8221;#0c4da2&#8243; thickness=&#8221;1&#8243; width=&#8221;100&#8243; up=&#8221;1&#8243; down=&#8221;40&#8243;][\/vc_column][\/vc_row][vc_row css_animation=&#8221;&#8221; row_type=&#8221;row&#8221; use_row_as_full_screen_section=&#8221;no&#8221; type=&#8221;grid&#8221; angled_section=&#8221;no&#8221; text_align=&#8221;left&#8221; background_image_as_pattern=&#8221;without_pattern&#8221; padding_bottom=&#8221;50&#8243;][vc_column width=&#8221;2\/3&#8243; css=&#8221;.vc_custom_1490050149886{padding-right: 10% !important;}&#8221;][vc_column_text]<\/p>\n<h3>Dimensioni<\/h3>\n<p>[\/vc_column_text][vc_column_text]Larghezza = 53cm \/ Profondit\u00e0 = 58cm<br \/>\nAltezza = 77cm (altezza standard)\u00a0 \u00a0\/ \u00a0Altezza = 110cm (altezza elevata)<br \/>\nAltezza di carico = 26cm (altezza standard)\u00a0 \u00a0\/ \u00a0Altezza di carico = 62cm (altezza elevata)<br \/>\n[\/vc_column_text][vc_separator type=&#8221;small&#8221; position=&#8221;left&#8221; color=&#8221;#e0e0e0&#8243; thickness=&#8221;1&#8243; width=&#8221;100&#8243; width_in_percentages=&#8221;yes&#8221; up=&#8221;50&#8243; down=&#8221;50&#8243;][vc_column_text]<\/p>\n<h3>Specifiche tecniche<\/h3>\n<p>[\/vc_column_text][vc_row_inner row_type=&#8221;row&#8221; type=&#8221;full_width&#8221; text_align=&#8221;left&#8221; css_animation=&#8221;&#8221;][vc_column_inner width=&#8221;1\/2&#8243;]<div class=\"q_icon_list\"><i class=\"qode_icon_font_awesome fa fa-check qode-ili-icon-holder transparent\" style=\"font-size: 16px;color: #0c4da2;\" ><\/i><p style=\"color:#333333;\">Peso massimo del prodotto. 12 kg<\/p><\/div><div class=\"q_icon_list\"><i class=\"qode_icon_font_awesome fa fa-check qode-ili-icon-holder transparent\" style=\"font-size: 16px;color: #0c4da2;\" ><\/i><p style=\"color:#333333;\">Dimensioni massime del prodotto: 24 cm (l) x 26 cm (a)<\/p><\/div><div class=\"q_icon_list\"><i class=\"qode_icon_font_awesome fa fa-check qode-ili-icon-holder transparent\" style=\"font-size: 16px;color: #0c4da2;\" ><\/i><p style=\"color:#333333;\">Altezza minima del prodotto: 6 cm<\/p><\/div><div class=\"q_icon_list\"><i class=\"qode_icon_font_awesome fa fa-check qode-ili-icon-holder transparent\" style=\"font-size: 16px;color: #0c4da2;\" ><\/i><p style=\"color:#333333;\">Blocco e sblocco automatico<\/p><\/div><div class=\"q_icon_list\"><i class=\"qode_icon_font_awesome fa fa-check qode-ili-icon-holder transparent\" style=\"font-size: 16px;color: #0c4da2;\" ><\/i><p style=\"color:#333333;\">Pressione di blocco: programmabile<\/p><\/div>[\/vc_column_inner][vc_column_inner width=&#8221;1\/2&#8243;]<div class=\"q_icon_list\"><i class=\"qode_icon_font_awesome fa fa-check qode-ili-icon-holder transparent\" style=\"font-size: 16px;color: #0c4da2;\" ><\/i><p style=\"color:#333333;\">Impostazione del timer: 3 tempi, programmabili dall'utente<\/p><\/div><div class=\"q_icon_list\"><i class=\"qode_icon_font_awesome fa fa-check qode-ili-icon-holder transparent\" style=\"font-size: 16px;color: #0c4da2;\" ><\/i><p style=\"color:#333333;\">Peso dell'unit\u00e0: 86 kg<\/p><\/div><div class=\"q_icon_list\"><i class=\"qode_icon_font_awesome fa fa-check qode-ili-icon-holder transparent\" style=\"font-size: 16px;color: #0c4da2;\" ><\/i><p style=\"color:#333333;\">Potenza del motore: 0,37 kw \u2013 1\/2 HP<\/p><\/div><div class=\"q_icon_list\"><i class=\"qode_icon_font_awesome fa fa-check qode-ili-icon-holder transparent\" style=\"font-size: 16px;color: #0c4da2;\" ><\/i><p style=\"color:#333333;\">Alimentazione: 230 v \u2013 50\/60 hz (110 v \u2013 60 Hz disponibile)<\/p><\/div>[\/vc_column_inner][\/vc_row_inner][vc_separator type=&#8221;small&#8221; position=&#8221;left&#8221; color=&#8221;#e0e0e0&#8243; thickness=&#8221;1&#8243; width=&#8221;100&#8243; width_in_percentages=&#8221;yes&#8221; up=&#8221;50&#8243; down=&#8221;50&#8243;][vc_column_text]<\/p>\n<h3>Informazioni<\/h3>\n<p>[\/vc_column_text][vc_column_text]Minimix Auto \u00e8 un agitatore superiore da 5 litri, efficiente, sicuro e silenzioso. Disponibile in due modelli, con altezza elevata e altezza standard. Queste unit\u00e0 interamente automatiche offrono tempi di agitazione e pressioni di blocco variabili. La funzionalit\u00e0 interamente automatica \u00e8 studiata per ridurre al minimo l&#8217;intervento dell&#8217;operatore.<\/p>\n<p>Baster\u00e0 collocare il contenitore sulla piattaforma, chiudere e bloccare lo sportello e selezionare il tempo di agitazione desiderato tramite il pannello di controllo. La piastra di blocco si sposta verso il basso bloccando il contenitore e fermandosi al raggiungimento della pressione di blocco. L&#8217;agitazione si avvia automaticamente, e al termine del ciclo la piastra di blocco rilascia automaticamente il contenitore.<\/p>\n<p>Perla massima sicurezza, lo sportello non pu\u00f2 essere aperto prima del termine del ciclo di funzionamento, ed \u00e8 presente un pulsante di arresto di emergenza per interrompere le operazioni in qualsiasi momento durante il ciclo. Il blocco dello sportello mantiene lo sportello chiuso fino all&#8217;arresto del movimento. Minimix Auto interrompe l&#8217;agitazione immediatamente nel caso in cui il contenitore si muova.<\/p>\n<p>Il sistema di controllo dell&#8217;unit\u00e0 \u00e8 basato su un affidabile rete di plc e rel\u00e9.<\/p>\n<p>L&#8217;integrit\u00e0 strutturale \u00e8 la stessa della gamma Minimix standard, sul mercato da oltre 40 anni.[\/vc_column_text][vc_separator type=&#8221;small&#8221; position=&#8221;left&#8221; color=&#8221;#e0e0e0&#8243; thickness=&#8221;1&#8243; width=&#8221;100&#8243; width_in_percentages=&#8221;yes&#8221; up=&#8221;50&#8243; down=&#8221;50&#8243;][vc_column_text]<\/p>\n<h3>Scheda tecnica<\/h3>\n<p>[\/vc_column_text]<a  itemprop=\"url\" href=\"http:\/\/merris-international.com\/wp-content\/uploads\/2020\/02\/Minimix-Shaker.pdf\" target=\"_self\"  class=\"qbutton  default\" style=\"margin: 8px 8px 8px 0px; \">Minimix Auto Scheda tecnica<\/a>[vc_separator type=&#8221;small&#8221; position=&#8221;left&#8221; color=&#8221;#e0e0e0&#8243; thickness=&#8221;1&#8243; width=&#8221;100&#8243; width_in_percentages=&#8221;yes&#8221; up=&#8221;50&#8243; down=&#8221;50&#8243;][\/vc_column][vc_column width=&#8221;1\/3&#8243; el_class=&#8221;grey-side&#8221;][vc_gallery type=&#8221;image_grid&#8221; images=&#8221;192&#8243; img_size=&#8221;full&#8221; column_number=&#8221;0&#8243; grayscale=&#8221;no&#8221; images_space=&#8221;gallery_with_space&#8221;][vc_empty_space height=&#8221;10px&#8221;]<div class=\"qode_video_box\">\n\t<a itemprop=\"image\" class=\"qode_video_image\" href=\"https:\/\/youtu.be\/u7uB4RbgsDg?rel=0\" data-rel=\"prettyPhoto\">\n\t\t\t\n\t\t\t<img decoding=\"async\" src=\"https:\/\/merris-international.com\/wp-content\/uploads\/2017\/04\/snapshot.jpg\" \/>\n\t\t\t<span class=\"qode_video_box_button_holder\">\n\t\t\t\t<span class=\"qode_video_box_button\">\n\t\t\t\t\t<span class=\"qode_video_box_button_arrow\">\n\t\t\t\t\t<\/span>\n\t\t\t\t<\/span>\n\t\t\t<\/span>\n\t\t\t<\/a>\n<\/div>[vc_empty_space height=&#8221;10px&#8221;][vc_gallery type=&#8221;image_grid&#8221; images=&#8221;186,187,188,189&#8243; img_size=&#8221;300&#215;300&#8243; column_number=&#8221;2&#8243; grayscale=&#8221;no&#8221; images_space=&#8221;gallery_with_space&#8221;][\/vc_column][\/vc_row]<\/p>\n<\/section>","protected":false},"excerpt":{"rendered":"<p>[vc_row css_animation=&#8221;&#8221; row_type=&#8221;row&#8221; use_row_as_full_screen_section=&#8221;no&#8221; type=&#8221;grid&#8221; anchor=&#8221;content&#8221; angled_section=&#8221;no&#8221; text_align=&#8221;center&#8221; background_image_as_pattern=&#8221;without_pattern&#8221; padding_top=&#8221;60&#8243; padding_bottom=&#8221;40&#8243;][vc_column][vc_column_text] Minimix Auto [\/vc_column_text][vc_separator type=&#8221;small&#8221; position=&#8221;center&#8221; color=&#8221;#0c4da2&#8243; thickness=&#8221;1&#8243; width=&#8221;100&#8243; up=&#8221;1&#8243; down=&#8221;40&#8243;][\/vc_column][\/vc_row][vc_row css_animation=&#8221;&#8221; row_type=&#8221;row&#8221; use_row_as_full_screen_section=&#8221;no&#8221; type=&#8221;grid&#8221; angled_section=&#8221;no&#8221; text_align=&#8221;left&#8221; background_image_as_pattern=&#8221;without_pattern&#8221; padding_bottom=&#8221;50&#8243;][vc_column width=&#8221;2\/3&#8243; css=&#8221;.vc_custom_1490050149886{padding-right: 10% !important;}&#8221;][vc_column_text] Dimensioni [\/vc_column_text][vc_column_text]Larghezza = 53cm \/ Profondit\u00e0 = 58cm Altezza = 77cm (altezza&#8230;<\/p>\n","protected":false},"author":1,"featured_media":0,"parent":8,"menu_order":0,"comment_status":"closed","ping_status":"closed","template":"full_width.php","meta":{"footnotes":""},"class_list":["post-179","page","type-page","status-publish","hentry"],"yoast_head":"<!-- This site is optimized with the Yoast SEO plugin v24.7 - https:\/\/yoast.com\/wordpress\/plugins\/seo\/ -->\n<title>(English) vibrational shaker, gyroscopic mixer, shear mixer, laboratory mixer<\/title>\n<meta name=\"description\" content=\"(English) Minimix Auto is a vibrational shaker, gyroscopic mixer, shear mixer is suitable as can paint shaker and even used as a laboratory mixer.\" \/>\n<meta name=\"robots\" content=\"index, follow, max-snippet:-1, max-image-preview:large, max-video-preview:-1\" \/>\n<link rel=\"canonical\" href=\"https:\/\/merris-international.com\/products\/minimix\/\" \/>\n<meta property=\"og:locale\" content=\"it_IT\" \/>\n<meta property=\"og:type\" content=\"article\" \/>\n<meta property=\"og:title\" content=\"[:en]vibrational shaker, gyroscopic mixer, shear mixer, laboratory mixer[:]\" \/>\n<meta property=\"og:description\" content=\"{:en}Minimix Auto is a vibrational shaker, gyroscopic mixer, shear mixer is suitable as can paint shaker and even used as a laboratory mixer.{:}\" \/>\n<meta property=\"og:url\" content=\"https:\/\/merris-international.com\/products\/minimix\/\" \/>\n<meta property=\"og:site_name\" content=\"Merris\" \/>\n<meta property=\"article:modified_time\" content=\"2022-11-09T15:47:13+00:00\" \/>\n<meta name=\"twitter:card\" content=\"summary_large_image\" \/>\n<meta name=\"twitter:label1\" content=\"Tempo di lettura stimato\" \/>\n\t<meta name=\"twitter:data1\" content=\"2 minuti\" \/>\n<script type=\"application\/ld+json\" class=\"yoast-schema-graph\">{\"@context\":\"https:\/\/schema.org\",\"@graph\":[{\"@type\":\"WebPage\",\"@id\":\"https:\/\/merris-international.com\/products\/minimix\/\",\"url\":\"https:\/\/merris-international.com\/products\/minimix\/\",\"name\":\"[:en]vibrational shaker, gyroscopic mixer, shear mixer, laboratory mixer[:]\",\"isPartOf\":{\"@id\":\"https:\/\/merris-international.com\/fr\/#website\"},\"datePublished\":\"2017-04-19T07:37:06+00:00\",\"dateModified\":\"2022-11-09T15:47:13+00:00\",\"description\":\"{:en}Minimix Auto is a vibrational shaker, gyroscopic mixer, shear mixer is suitable as can paint shaker and even used as a laboratory mixer.{:}\",\"breadcrumb\":{\"@id\":\"https:\/\/merris-international.com\/products\/minimix\/#breadcrumb\"},\"inLanguage\":\"it-IT\",\"potentialAction\":[{\"@type\":\"ReadAction\",\"target\":[\"https:\/\/merris-international.com\/products\/minimix\/\"]}]},{\"@type\":\"BreadcrumbList\",\"@id\":\"https:\/\/merris-international.com\/products\/minimix\/#breadcrumb\",\"itemListElement\":[{\"@type\":\"ListItem\",\"position\":1,\"name\":\"Home\",\"item\":\"https:\/\/merris-international.com\/\"},{\"@type\":\"ListItem\",\"position\":2,\"name\":\"Products\",\"item\":\"https:\/\/merris-international.com\/fr\/products\/\"},{\"@type\":\"ListItem\",\"position\":3,\"name\":\"Minimix\"}]},{\"@type\":\"WebSite\",\"@id\":\"https:\/\/merris-international.com\/fr\/#website\",\"url\":\"https:\/\/merris-international.com\/fr\/\",\"name\":\"Merris\",\"description\":\"Industrial Paint and Laboratory Mixing Equipment Manufacturer\",\"publisher\":{\"@id\":\"https:\/\/merris-international.com\/fr\/#organization\"},\"potentialAction\":[{\"@type\":\"SearchAction\",\"target\":{\"@type\":\"EntryPoint\",\"urlTemplate\":\"https:\/\/merris-international.com\/fr\/?s={search_term_string}\"},\"query-input\":{\"@type\":\"PropertyValueSpecification\",\"valueRequired\":true,\"valueName\":\"search_term_string\"}}],\"inLanguage\":\"it-IT\"},{\"@type\":\"Organization\",\"@id\":\"https:\/\/merris-international.com\/fr\/#organization\",\"name\":\"Merris\",\"url\":\"https:\/\/merris-international.com\/fr\/\",\"logo\":{\"@type\":\"ImageObject\",\"inLanguage\":\"it-IT\",\"@id\":\"https:\/\/merris-international.com\/fr\/#\/schema\/logo\/image\/\",\"url\":\"https:\/\/merris-international.com\/wp-content\/uploads\/2017\/03\/cog.png\",\"contentUrl\":\"https:\/\/merris-international.com\/wp-content\/uploads\/2017\/03\/cog.png\",\"width\":111,\"height\":111,\"caption\":\"Merris\"},\"image\":{\"@id\":\"https:\/\/merris-international.com\/fr\/#\/schema\/logo\/image\/\"}}]}<\/script>\n<!-- \/ Yoast SEO plugin. -->","yoast_head_json":{"title":"(English) vibrational shaker, gyroscopic mixer, shear mixer, laboratory mixer","description":"(English) Minimix Auto is a vibrational shaker, gyroscopic mixer, shear mixer is suitable as can paint shaker and even used as a laboratory mixer.","robots":{"index":"index","follow":"follow","max-snippet":"max-snippet:-1","max-image-preview":"max-image-preview:large","max-video-preview":"max-video-preview:-1"},"canonical":"https:\/\/merris-international.com\/products\/minimix\/","og_locale":"it_IT","og_type":"article","og_title":"[:en]vibrational shaker, gyroscopic mixer, shear mixer, laboratory mixer[:]","og_description":"{:en}Minimix Auto is a vibrational shaker, gyroscopic mixer, shear mixer is suitable as can paint shaker and even used as a laboratory mixer.{:}","og_url":"https:\/\/merris-international.com\/products\/minimix\/","og_site_name":"Merris","article_modified_time":"2022-11-09T15:47:13+00:00","twitter_card":"summary_large_image","twitter_misc":{"Tempo di lettura stimato":"2 minuti"},"schema":{"@context":"https:\/\/schema.org","@graph":[{"@type":"WebPage","@id":"https:\/\/merris-international.com\/products\/minimix\/","url":"https:\/\/merris-international.com\/products\/minimix\/","name":"[:en]vibrational shaker, gyroscopic mixer, shear mixer, laboratory mixer[:]","isPartOf":{"@id":"https:\/\/merris-international.com\/fr\/#website"},"datePublished":"2017-04-19T07:37:06+00:00","dateModified":"2022-11-09T15:47:13+00:00","description":"{:en}Minimix Auto is a vibrational shaker, gyroscopic mixer, shear mixer is suitable as can paint shaker and even used as a laboratory mixer.{:}","breadcrumb":{"@id":"https:\/\/merris-international.com\/products\/minimix\/#breadcrumb"},"inLanguage":"it-IT","potentialAction":[{"@type":"ReadAction","target":["https:\/\/merris-international.com\/products\/minimix\/"]}]},{"@type":"BreadcrumbList","@id":"https:\/\/merris-international.com\/products\/minimix\/#breadcrumb","itemListElement":[{"@type":"ListItem","position":1,"name":"Home","item":"https:\/\/merris-international.com\/"},{"@type":"ListItem","position":2,"name":"Products","item":"https:\/\/merris-international.com\/fr\/products\/"},{"@type":"ListItem","position":3,"name":"Minimix"}]},{"@type":"WebSite","@id":"https:\/\/merris-international.com\/fr\/#website","url":"https:\/\/merris-international.com\/fr\/","name":"Merris","description":"Industrial Paint and Laboratory Mixing Equipment Manufacturer","publisher":{"@id":"https:\/\/merris-international.com\/fr\/#organization"},"potentialAction":[{"@type":"SearchAction","target":{"@type":"EntryPoint","urlTemplate":"https:\/\/merris-international.com\/fr\/?s={search_term_string}"},"query-input":{"@type":"PropertyValueSpecification","valueRequired":true,"valueName":"search_term_string"}}],"inLanguage":"it-IT"},{"@type":"Organization","@id":"https:\/\/merris-international.com\/fr\/#organization","name":"Merris","url":"https:\/\/merris-international.com\/fr\/","logo":{"@type":"ImageObject","inLanguage":"it-IT","@id":"https:\/\/merris-international.com\/fr\/#\/schema\/logo\/image\/","url":"https:\/\/merris-international.com\/wp-content\/uploads\/2017\/03\/cog.png","contentUrl":"https:\/\/merris-international.com\/wp-content\/uploads\/2017\/03\/cog.png","width":111,"height":111,"caption":"Merris"},"image":{"@id":"https:\/\/merris-international.com\/fr\/#\/schema\/logo\/image\/"}}]}},"_links":{"self":[{"href":"https:\/\/merris-international.com\/it\/wp-json\/wp\/v2\/pages\/179","targetHints":{"allow":["GET"]}}],"collection":[{"href":"https:\/\/merris-international.com\/it\/wp-json\/wp\/v2\/pages"}],"about":[{"href":"https:\/\/merris-international.com\/it\/wp-json\/wp\/v2\/types\/page"}],"author":[{"embeddable":true,"href":"https:\/\/merris-international.com\/it\/wp-json\/wp\/v2\/users\/1"}],"replies":[{"embeddable":true,"href":"https:\/\/merris-international.com\/it\/wp-json\/wp\/v2\/comments?post=179"}],"version-history":[{"count":26,"href":"https:\/\/merris-international.com\/it\/wp-json\/wp\/v2\/pages\/179\/revisions"}],"predecessor-version":[{"id":859,"href":"https:\/\/merris-international.com\/it\/wp-json\/wp\/v2\/pages\/179\/revisions\/859"}],"up":[{"embeddable":true,"href":"https:\/\/merris-international.com\/it\/wp-json\/wp\/v2\/pages\/8"}],"wp:attachment":[{"href":"https:\/\/merris-international.com\/it\/wp-json\/wp\/v2\/media?parent=179"}],"curies":[{"name":"wp","href":"https:\/\/api.w.org\/{rel}","templated":true}]}}